{"id":120513,"date":"2022-02-04T11:18:16","date_gmt":"2022-02-04T10:18:16","guid":{"rendered":"https:\/\/www.creaearredanegozi.it\/centro-privacy\/crediti-multimediali\/"},"modified":"2023-10-13T19:55:24","modified_gmt":"2023-10-13T17:55:24","slug":"multimedia-nachweise","status":"publish","type":"page","link":"https:\/\/www.creaearredanegozi.it\/de\/datenschutzzentrum\/multimedia-nachweise\/","title":{"rendered":"Multimedia-Kredite"},"content":{"rendered":"<p style=\"text-align: justify;\">Copyright-Hinweis<br><br>\nAllgemeine Richtlinien zum Schutz der Rechte an geistigem und gewerblichem Eigentum auf der Website.<br><br>\nDer gesamte Inhalt von www.creaearredanegozi.it (im Folgenden \"Website\") ist ausschlie\u00dfliches und vorbehaltenes Eigentum des Eigent\u00fcmers und\/oder seiner Rechtsnachfolger und\/oder Dritter, sofern angegeben, und ist durch die geltenden nationalen und internationalen Vorschriften zum Schutz der Rechte an geistigem und\/oder gewerblichem Eigentum gesch\u00fctzt.<br><br>\nUnter \"Website\" verstehen wir alle inhaltlichen und informationstechnischen Elemente, die der Website selbst zugrunde liegen, darunter beispielsweise, aber nicht ausschlie\u00dflich, die Software, die ihren Betrieb erm\u00f6glicht, und die damit verbundenen Codes, elektronische Datenbanken, Texte, Fotos, Animationen, Audio- und Videodateien, unabh\u00e4ngig von ihrem Format, Reproduktionen von Marken, Logos usw., die angewandten technischen L\u00f6sungen, die grafischen Entw\u00fcrfe, die Struktur und alle anderen bereits erstellten oder noch zu erstellenden Teile.<br><br>\nUnter \"geistigen und gewerblichen Eigentumsrechten\" im Zusammenhang mit der Website sind alle Rechte zu verstehen, die durch die geltenden nationalen und internationalen Gesetze anerkannt und gesch\u00fctzt sind, darunter - beispielhaft, aber nicht beschr\u00e4nkt auf in Bezug auf alle L\u00e4nder der Welt und ohne Einschr\u00e4nkung - alle Rechte, die sich aus Patenten (einschlie\u00dflich des Rechts, die entsprechende Anmeldung einzureichen), gegenw\u00e4rtigen oder zuk\u00fcnftigen Urheberrechten, Firmen- und\/oder Dienstleistungsmarken (unabh\u00e4ngig davon, ob sie eingetragen sind oder vom Eigent\u00fcmer de facto verwendet werden), Marken, Handelsnamen, Unternehmen, Know-how, Domainnamen, Datenbanken und allen entsprechenden Anwendungen ergeben.<br><br>\nUnter \"Materialien\" verstehen wir alle Inhalte der Website, die - beispielhaft und nicht ersch\u00f6pfend - aus Texten, Bildern, Grafiken, Dateien, Software jeglicher Art, Audio- und Videomaterialien, virtuellen Animationen, multimedialen und\/oder hypertextuellen Elementen bestehen, unabh\u00e4ngig von den Formaten, den Datentr\u00e4gern, die sie enthalten, der Erweiterung (beispielhaft und nicht ersch\u00f6pfend: mp3, wav, jpg, mpeg, gif, doc usw.), der Gr\u00f6\u00dfe, den verwendeten Versionen und den f\u00fcr ihre Verbreitung und\/oder \u00dcbertragung verwendeten Techniken.<br><br>\nDie auf der Website ver\u00f6ffentlichten Materialien d\u00fcrfen nur mit vorheriger schriftlicher Genehmigung des Eigent\u00fcmers und\/oder der Anspruchsberechtigten verwendet werden, die sich ausdr\u00fccklich alle Formen der Vervielf\u00e4ltigung und Nutzung vorbehalten und - sofern eine solche Genehmigung nicht in unangemessener Weise schriftlich verweigert wird - in jedem Fall verpflichtet sind:<br><\/p>\n\n\n\n<ul>\n<li>bleiben in ihrem urspr\u00fcnglichen Format und m\u00fcssen, wenn sie vervielf\u00e4ltigt werden, stets den Eigentums- oder Urheberrechtsvermerk oder den Vermerk der Autoren tragen;<\/li>\n<\/ul>\n\n\n\n<li>in keiner Eigenschaft und zu keinem Zweck zu Gewinnzwecken verwendet werden;\n<\/li>\n\n\n\n<li>die Quelle, den Autor und\/oder den Rechteinhaber der Materialien sowie die Internetadresse, von der sie stammen, angeben;<\/li>\n\n\n\n<ul>\n<li>Die Verwendung von Materialien in Form von Rechtstexten (z.B.: Bekanntmachungen, Vertragsbedingungen usw.), die online auf der Website ver\u00f6ffentlicht werden, ist in jeglicher Form und aus jeglichem Grund streng verboten. Jede Zuwiderhandlung wird gem\u00e4\u00df den gesetzlichen Bestimmungen geahndet. F\u00fcr die Aufnahme der auf der Website ver\u00f6ffentlichten Materialien in Sammlungen und\/oder Sammelb\u00e4nde - auch in digitaler Form - muss eine schriftliche Genehmigung des Eigent\u00fcmers eingeholt werden.<\/li>\n<\/ul>\n\n\n\n<p style=\"text-align: justify;\">\nVervielf\u00e4ltigung von Artikeln, Nachrichten und Pressespiegeln<br><br>\nDie Vervielf\u00e4ltigung und Verwendung der im Abschnitt \"Nachrichten\" der Website enthaltenen Artikel muss den Bestimmungen der Artikel 65 und 101 des Gesetzes Nr. 633 vom 22. April 1941 in seiner ge\u00e4nderten und erg\u00e4nzten Fassung entsprechen, die wie folgt lauten: (Art. 65) \"Nachrichten wirtschaftlicher, politischer oder religi\u00f6ser Art, die in Zeitschriften oder Zeitungen ver\u00f6ffentlicht oder durch Rundfunk oder Fernsehen ausgestrahlt oder der \u00d6ffentlichkeit zug\u00e4nglich gemacht werden, sowie andere Materialien gleicher Art d\u00fcrfen in anderen Zeitschriften oder Zeitungen, einschlie\u00dflich Rundfunk und Fernsehen, frei vervielf\u00e4ltigt oder \u00f6ffentlich wiedergegeben werden, wenn die Vervielf\u00e4ltigung oder Verwendung nicht ausdr\u00fccklich vorbehalten ist, vorausgesetzt, dass die Quelle, der sie entnommen wurden, das Datum und der Name des Verfassers, falls angegeben, angegeben werden\"; (Art. 101) \"Die Wiedergabe von Informationen und Nachrichten ist rechtm\u00e4\u00dfig, sofern sie nicht unter Verwendung von Mitteln erfolgt, die den anst\u00e4ndigen journalistischen Gepflogenheiten zuwiderlaufen, und sofern die Quelle angegeben wird. \"<br><br>\nElektronische Datenbanken.<br><br>\nAlle Rechte an den elektronischen Datenbanken, die auf der Website vorhanden und konsultiert werden k\u00f6nnen, sind vorbehalten. Sofern nicht anders vorgesehen, ist die Entnahme, Vervielf\u00e4ltigung und jede andere Nutzung im Rahmen der Bestimmungen der Artikel 64-quinquies und 64-sexies des Gesetzes Nr. 633 vom 22. April 1941 mit seinen \u00c4nderungen und Erg\u00e4nzungen verboten. In diesem Zusammenhang wird darauf hingewiesen, dass gem\u00e4\u00df Artikel 102-ter des genannten Gesetzes der rechtm\u00e4\u00dfige Nutzer einer der \u00d6ffentlichkeit zur Verf\u00fcgung gestellten elektronischen Datenbank dem Inhaber des Urheberrechts oder anderer verwandter Schutzrechte an den in dieser Datenbank enthaltenen Werken oder Leistungen keinen Schaden zuf\u00fcgen darf. Dar\u00fcber hinaus darf der rechtm\u00e4\u00dfige Benutzer einer der \u00d6ffentlichkeit zur Verf\u00fcgung gestellten Datenbank keine Handlungen vornehmen, die dem normalen Betrieb der Datenbank zuwiderlaufen oder dem Hersteller der Datenbank ungeb\u00fchrlichen Schaden zuf\u00fcgen. Die Entnahme oder Weiterverwendung von qualitativ und quantitativ unwesentlichen Teilen des Inhalts der Datenbank durch den rechtm\u00e4\u00dfigen Benutzer zu welchem Zweck auch immer bedarf nicht der Genehmigung des Herstellers der der \u00d6ffentlichkeit zur Verf\u00fcgung gestellten Datenbank, aus welchem Grund auch immer.<br><br>\nMarken, Dom\u00e4nennamen und andere unterscheidungskr\u00e4ftige Zeichen.<br><br>\nDie Marken, Handelsnamen, Logos, Dom\u00e4nennamen und alle anderen Unterscheidungszeichen sowie alle Inhalte, Texte, Bilder, Software auf dieser Website, Farbkombinationen, Auswahl der Struktur, Verwaltung und Pr\u00e4sentation der Inhalte sind ausschlie\u00dfliches Eigentum des Eigent\u00fcmers und\/oder seiner Partner oder Rechtsnachfolger.<br><br>\n Sie d\u00fcrfen ohne vorherige schriftliche Zustimmung nicht - zu welchem Zweck auch immer - verwendet werden. Die hier ver\u00f6ffentlichten Kennzeichen d\u00fcrfen ohne vorherige schriftliche Zustimmung nicht als Internetadressen und\/oder Domainnamen f\u00fcr andere Websites oder als Teile solcher Adressen und Domainnamen verwendet werden.<br><br>\n Alle Rechte an geistigem und gewerblichem Eigentum, wie sie in den nationalen und internationalen Branchenvorschriften vorgesehen sind, sind ausdr\u00fccklich den Eigent\u00fcmern vorbehalten. Bei Zuwiderhandlung werden die Urheber in vollem Umfang strafrechtlich verfolgt.<br><br>\nVerschiedene<br><br>\nWenn Sie Fragen zur Nutzung der auf der Website verf\u00fcgbaren Materialien und\/oder zur Regelung der geistigen und gewerblichen Eigentumsrechte haben, wenden Sie sich bitte \u00fcber das Anfrageformular an den Datenschutzbeauftragten.<br>\nDie auf der Website ver\u00f6ffentlichten Materialien wurden sorgf\u00e4ltig gepr\u00fcft und analysiert und mit gr\u00f6\u00dftm\u00f6glicher Sorgfalt erstellt. Dennoch sind Fehler, Ungenauigkeiten und Auslassungen m\u00f6glich. Mit Ausnahme von professionellen Rechtsdienstleistungen, die online erbracht werden, kann der Eigent\u00fcmer - in Bezug auf die auf der Website frei zug\u00e4nglichen Materialien - weder f\u00fcr Fehler und Auslassungen noch f\u00fcr das Vertrauen, das der Nutzer in die Materialien setzt, verantwortlich gemacht werden.<br><br>\nSofern nicht anders vorgesehen, dienen die in den Materialien enthaltenen Informationen nur zu Informations- und Aktualisierungszwecken und sind weder ersch\u00f6pfend noch als Meinungs\u00e4u\u00dferung oder Hinweis oder Annahme zum Zwecke der Entscheidungsfindung zu verstehen. Der Eigent\u00fcmer kann nicht f\u00fcr Handlungen oder Unterlassungen haftbar gemacht werden, die von den Nutzern infolge der Verwendung der in den Materialien enthaltenen Informationen vorgenommen werden, ohne dass sie zuvor eine spezifische Untersuchung oder Stellungnahme des Eigent\u00fcmers zu dieser Frage angefordert haben.<br><br>\nDer Nutzer verpflichtet sich, die Nutzungsbedingungen f\u00fcr die auf der Website verf\u00fcgbaren Materialien gewissenhaft einzuhalten und alle damit verbundenen geistigen und gewerblichen Eigentumsrechte zu respektieren. Der Nutzer haftet auf eigene Rechnung f\u00fcr alle ihm zuzuschreibenden unerlaubten oder sch\u00e4digenden Handlungen, wobei er dem Eigent\u00fcmer auch die weitestgehende Entsch\u00e4digung gew\u00e4hrt, falls sein Verhalten unter Verletzung der nationalen und\/oder internationalen Vorschriften zum Schutz des geistigen und\/oder gewerblichen Eigentums - auf die hier in vollem Umfang Bezug genommen wird und die, soweit nicht ausdr\u00fccklich vorgesehen, anwendbar sind - die Rechte Dritter im Allgemeinen verletzt.<br><br>\n\u00a9 2023 ELLECI Costruzioni srls - C.F. 09092061218 - Alle Rechte vorbehalten<\/p>","protected":false},"excerpt":{"rendered":"<p>Disclaimer Copyright Linee Guida Generali sulla tutela dei diritti di propriet\u00e0 intellettuale e industriale sul Sito. Tutti i contenuti di www.creaearredanegozi.it (di seguito, il \u201cSito\u201d) sono propriet\u00e0 esclusiva e riservata del titolare e\/o dei suoi aventi causa e\/o di terzi soggetti ove indicati, e sono protetti dalle vigenti norme nazionali ed internazionali in materia di [&#8230;]","protected":false},"author":3739,"featured_media":0,"parent":120505,"menu_order":0,"comment_status":"closed","ping_status":"closed","template":"page-blank-title-center.php","meta":{"_monsterinsights_skip_tracking":false,"_monsterinsights_sitenote_active":false,"_monsterinsights_sitenote_note":"","_monsterinsights_sitenote_category":0,"footnotes":""},"class_list":["post-120513","page","type-page","status-publish","hentry"],"_links":{"self":[{"href":"https:\/\/www.creaearredanegozi.it\/de\/wp-json\/wp\/v2\/pages\/120513","targetHints":{"allow":["GET"]}}],"collection":[{"href":"https:\/\/www.creaearredanegozi.it\/de\/wp-json\/wp\/v2\/pages"}],"about":[{"href":"https:\/\/www.creaearredanegozi.it\/de\/wp-json\/wp\/v2\/types\/page"}],"author":[{"embeddable":true,"href":"https:\/\/www.creaearredanegozi.it\/de\/wp-json\/wp\/v2\/users\/3739"}],"replies":[{"embeddable":true,"href":"https:\/\/www.creaearredanegozi.it\/de\/wp-json\/wp\/v2\/comments?post=120513"}],"version-history":[{"count":0,"href":"https:\/\/www.creaearredanegozi.it\/de\/wp-json\/wp\/v2\/pages\/120513\/revisions"}],"up":[{"embeddable":true,"href":"https:\/\/www.creaearredanegozi.it\/de\/wp-json\/wp\/v2\/pages\/120505"}],"wp:attachment":[{"href":"https:\/\/www.creaearredanegozi.it\/de\/wp-json\/wp\/v2\/media?parent=120513"}],"curies":[{"name":"wp","href":"https:\/\/api.w.org\/{rel}","templated":true}]}}