{"id":125049,"date":"2023-06-30T21:27:25","date_gmt":"2023-06-30T19:27:25","guid":{"rendered":"https:\/\/www.creaearredanegozi.it\/?page_id=125049"},"modified":"2025-05-27T12:53:32","modified_gmt":"2025-05-27T10:53:32","slug":"kontaktieren-sie-uns","status":"publish","type":"page","link":"https:\/\/www.creaearredanegozi.it\/de\/kontaktieren-sie-uns\/","title":{"rendered":"Kontakt"},"content":{"rendered":"<div class=\"row row-collapse row-full-width\"  id=\"row-473871089\">\n\n\n\t<div id=\"col-1095117714\" class=\"col small-12 large-12\"  data-animate=\"blurIn\">\n\t\t\t\t<div class=\"col-inner\"  >\n\t\t\t\n\t\t\t\n\n\n\t<section class=\"section has-parallax has-scroll-for-more\" id=\"section_575282548\">\n\t\t<div class=\"section-bg fill\" data-parallax-container=\".section\" data-parallax-background data-parallax=\"-2\">\n\t\t\t<img decoding=\"async\" width=\"1500\" height=\"937\" src=\"https:\/\/www.creaearredanegozi.it\/wp-content\/uploads\/2022\/03\/robert-haverly-_kmr5wKVW7E-unsplash.jpg\" class=\"bg attachment- size-\" alt=\"\" title=\"\">\t\t\t\t\t\t<div class=\"section-bg-overlay absolute fill\"><\/div><button class=\"scroll-for-more z-5 icon absolute bottom h-center\" aria-label=\"Scrollen f\u00fcr mehr\"><i class=\"icon-angle-down\" aria-hidden=\"true\" style=\"font-size:42px;\"><\/i><\/button>\n\t\t\t\n\n\t\t<\/div>\n\n\t\t\n\n\t\t<div class=\"section-content relative\">\n\t\t\t\n\n<div class=\"row row-collapse align-center\"  id=\"row-1828798124\">\n\n\n\t<div id=\"col-134406531\" class=\"col small-12 large-12\"  >\n\t\t\t\t<div class=\"col-inner text-center dark\"  >\n\t\t\t\n\t\t\t\n\n<h1><span style=\"font-size: 250%;\">Kontakt<\/span><\/h1>\n\n\t\t<\/div>\n\t\t\t\t\n<style>\n#col-134406531 > .col-inner {\n  padding: 100px 20px 200px 0px;\n}\n@media (min-width:550px) {\n  #col-134406531 > .col-inner {\n    padding: 100px 0px 200px 0px;\n  }\n}\n<\/style>\n\t<\/div>\n\n\t\n\n<\/div>\n\n\t\t<\/div>\n\n\t\t\n<style>\n#section_575282548 {\n  padding-top: 0px;\n  padding-bottom: 0px;\n  min-height: 0px;\n}\n#section_575282548 .section-bg-overlay {\n  background-color: rgba(0, 0, 0, 0.12);\n}\n#section_575282548 .section-bg img {\n  object-position: 55% 100%;\n}\n@media (min-width:550px) {\n  #section_575282548 .section-bg-overlay {\n    background-color: rgba(0, 0, 0, 0.21);\n  }\n}\n@media (min-width:850px) {\n  #section_575282548 {\n    padding-top: 10px;\n    padding-bottom: 10px;\n  }\n  #section_575282548 .section-bg-overlay {\n    background-color: rgba(0, 0, 0, 0.12);\n  }\n}\n<\/style>\n\t<\/section>\n\t\n\n\t\t<\/div>\n\t\t\t\t\n<style>\n#col-1095117714 > .col-inner {\n  padding: 0px 0px 0px 0px;\n}\n@media (min-width:550px) {\n  #col-1095117714 > .col-inner {\n    padding: 0px 30px 0px 30px;\n  }\n}\n<\/style>\n\t<\/div>\n\n\t\n\n<\/div>\n<div class=\"row row-large\" style=\"max-width:1400px\" id=\"row-409232322\">\n\n\n\t<div id=\"col-2074533738\" class=\"col small-12 large-12\"  >\n\t\t\t\t<div class=\"col-inner\" style=\"background-color:rgb(255, 255, 255);\" >\n\t\t\t\n\t\t\t\n\n<div class=\"row row-collapse row-full-width\"  id=\"row-90299602\">\n\n\n\t<div id=\"col-2039978148\" class=\"col medium-12 small-12 large-6\"  >\n\t\t\t\t<div class=\"col-inner\"  >\n\t\t\t\n\t\t\t\n\n\t<div id=\"text-2362405381\" class=\"text\">\n\t\t\n\n<h2><span style=\"font-size: 120%; text-align: center;\">Kontakt<\/span><\/h2>\n<p>Wenn Sie spezielle Anforderungen, Angebotsanfragen oder technische Fragen haben, z\u00f6gern Sie bitte nicht, uns unverbindlich zu kontaktieren, indem Sie die nachstehenden Kontakte nutzen oder das Formular ausf\u00fcllen&nbsp;<\/p>\n\t\t\n<style>\n#text-2362405381 {\n  text-align: left;\n}\n<\/style>\n\t<\/div>\n\t\n\t<div id=\"gap-1965012613\" class=\"gap-element clearfix\" style=\"display:block; height:auto;\">\n\t\t\n<style>\n#gap-1965012613 {\n  padding-top: 20px;\n}\n@media (min-width:550px) {\n  #gap-1965012613 {\n    padding-top: 20px;\n  }\n}\n@media (min-width:850px) {\n  #gap-1965012613 {\n    padding-top: 30px;\n  }\n}\n<\/style>\n\t<\/div>\n\t\n\n<div class=\"row\"  id=\"row-460139720\">\n\n\n\t<div id=\"col-1553478911\" class=\"col medium-6 small-6 large-6\"  >\n\t\t\t\t<div class=\"col-inner text-center\"  >\n\t\t\t\n\t\t\t\n\n\t<div class=\"img has-hover x md-x lg-x y md-y lg-y\" id=\"image_387933129\">\n\t\t<a class=\"\" href=\"https:\/\/www.google.com\/maps?q=Crea+e+Arreda+Negozi\" target=\"_blank\" rel=\"noopener\">\t\t\t\t\t\t<div class=\"img-inner dark\" >\n\t\t\t<img decoding=\"async\" width=\"240\" height=\"240\" src=\"https:\/\/www.creaearredanegozi.it\/wp-content\/uploads\/2023\/06\/map-pin-2-fill-2.png\" class=\"attachment-large size-large\" alt=\"\" srcset=\"https:\/\/www.creaearredanegozi.it\/wp-content\/uploads\/2023\/06\/map-pin-2-fill-2.png 240w, https:\/\/www.creaearredanegozi.it\/wp-content\/uploads\/2023\/06\/map-pin-2-fill-2-100x100.png 100w, https:\/\/www.creaearredanegozi.it\/wp-content\/uploads\/2023\/06\/map-pin-2-fill-2-64x64.png 64w\" sizes=\"(max-width: 240px) 100vw, 240px\" title=\"\">\t\t\t\t\t\t\n\t\t\t\t\t<\/div>\n\t\t\t\t\t\t<\/a>\t\t\n<style>\n#image_387933129 {\n  width: 50%;\n}\n@media (min-width:550px) {\n  #image_387933129 {\n    width: 20%;\n  }\n}\n<\/style>\n\t<\/div>\n\t\n\n\t<div id=\"text-177299880\" class=\"text\">\n\t\t\n\n<h3 class=\"uppercase\">Adresse<\/h3>\n<p>Via Nuova Sant'Antonio, 20 <br \/>80014 Giugliano in Campania (NA)<\/p>\n\t\t\n<style>\n#text-177299880 {\n  font-size: 0.9rem;\n  text-align: center;\n}\n<\/style>\n\t<\/div>\n\t\n\n\t\t<\/div>\n\t\t\t\t\t<\/div>\n\n\t\n\n\t<div id=\"col-140798293\" class=\"col medium-5 small-6 large-6\"  >\n\t\t\t\t<div class=\"col-inner text-center\"  >\n\t\t\t\n\t\t\t\n\n\t<div class=\"img has-hover x md-x lg-x y md-y lg-y\" id=\"image_1015668980\">\n\t\t\t\t\t\t\t\t<div class=\"img-inner dark\" >\n\t\t\t<img decoding=\"async\" width=\"240\" height=\"240\" src=\"https:\/\/www.creaearredanegozi.it\/wp-content\/uploads\/2023\/06\/time-fill.png\" class=\"attachment-large size-large\" alt=\"\" srcset=\"https:\/\/www.creaearredanegozi.it\/wp-content\/uploads\/2023\/06\/time-fill.png 240w, https:\/\/www.creaearredanegozi.it\/wp-content\/uploads\/2023\/06\/time-fill-100x100.png 100w, https:\/\/www.creaearredanegozi.it\/wp-content\/uploads\/2023\/06\/time-fill-64x64.png 64w\" sizes=\"(max-width: 240px) 100vw, 240px\" title=\"\">\t\t\t\t\t\t\n\t\t\t\t\t<\/div>\n\t\t\t\t\t\t\t\t\n<style>\n#image_1015668980 {\n  width: 50%;\n}\n@media (min-width:550px) {\n  #image_1015668980 {\n    width: 20%;\n  }\n}\n<\/style>\n\t<\/div>\n\t\n\n\t<div id=\"text-829090759\" class=\"text\">\n\t\t\n\n<h3 class=\"uppercase\">Dienststunden<\/h3>\n<p>Mo \/ Fr: 9:00 - 20:00<br \/>Samstag: 9:30 - 13:30 Uhr<br \/>Sonntag: Geschlossen<\/p>\n\t\t\n<style>\n#text-829090759 {\n  font-size: 0.85rem;\n  text-align: center;\n}\n<\/style>\n\t<\/div>\n\t\n\n\t\t<\/div>\n\t\t\t\t\t<\/div>\n\n\t\n\n<\/div>\n<div class=\"row\"  id=\"row-1014895024\">\n\n\n\t<div id=\"col-1431445954\" class=\"col medium-6 small-6 large-6\"  >\n\t\t\t\t<div class=\"col-inner text-center\"  >\n\t\t\t\n\t\t\t\n\n\t<div class=\"img has-hover x md-x lg-x y md-y lg-y\" id=\"image_543653085\">\n\t\t\t\t\t\t\t\t<div class=\"img-inner dark\" >\n\t\t\t<img decoding=\"async\" width=\"240\" height=\"240\" src=\"https:\/\/www.creaearredanegozi.it\/wp-content\/uploads\/2023\/06\/mail-open-fill.png\" class=\"attachment-large size-large\" alt=\"\" srcset=\"https:\/\/www.creaearredanegozi.it\/wp-content\/uploads\/2023\/06\/mail-open-fill.png 240w, https:\/\/www.creaearredanegozi.it\/wp-content\/uploads\/2023\/06\/mail-open-fill-100x100.png 100w, https:\/\/www.creaearredanegozi.it\/wp-content\/uploads\/2023\/06\/mail-open-fill-64x64.png 64w\" sizes=\"(max-width: 240px) 100vw, 240px\" title=\"\">\t\t\t\t\t\t\n\t\t\t\t\t<\/div>\n\t\t\t\t\t\t\t\t\n<style>\n#image_543653085 {\n  width: 50%;\n}\n@media (min-width:550px) {\n  #image_543653085 {\n    width: 20%;\n  }\n}\n<\/style>\n\t<\/div>\n\t\n\n\t<div id=\"text-2419740135\" class=\"text\">\n\t\t\n\n<h3 class=\"uppercase\">E-Mail<\/h3>\n<p style=\"text-align: center;\">info@creaearredanegozi.it<\/p>\n\t\t\n<style>\n#text-2419740135 {\n  font-size: 0.85rem;\n  text-align: center;\n}\n@media (min-width:550px) {\n  #text-2419740135 {\n    text-align: center;\n  }\n}\n<\/style>\n\t<\/div>\n\t\n\n\t\t<\/div>\n\t\t\t\t\t<\/div>\n\n\t\n\n\t<div id=\"col-550208441\" class=\"col medium-6 small-6 large-6\"  >\n\t\t\t\t<div class=\"col-inner text-center\"  >\n\t\t\t\n\t\t\t\n\n\t<div class=\"img has-hover x md-x lg-x y md-y lg-y\" id=\"image_1848844832\">\n\t\t<a class=\"\" href=\"tel:0813997521\" >\t\t\t\t\t\t<div class=\"img-inner dark\" >\n\t\t\t<img decoding=\"async\" width=\"240\" height=\"240\" src=\"https:\/\/www.creaearredanegozi.it\/wp-content\/uploads\/2023\/06\/phone-fill.png\" class=\"attachment-large size-large\" alt=\"\" srcset=\"https:\/\/www.creaearredanegozi.it\/wp-content\/uploads\/2023\/06\/phone-fill.png 240w, https:\/\/www.creaearredanegozi.it\/wp-content\/uploads\/2023\/06\/phone-fill-100x100.png 100w, https:\/\/www.creaearredanegozi.it\/wp-content\/uploads\/2023\/06\/phone-fill-64x64.png 64w\" sizes=\"(max-width: 240px) 100vw, 240px\" title=\"\">\t\t\t\t\t\t\n\t\t\t\t\t<\/div>\n\t\t\t\t\t\t<\/a>\t\t\n<style>\n#image_1848844832 {\n  width: 50%;\n}\n@media (min-width:550px) {\n  #image_1848844832 {\n    width: 20%;\n  }\n}\n<\/style>\n\t<\/div>\n\t\n\n\t<div id=\"text-458374474\" class=\"text\">\n\t\t\n\n<p><a href=\"tel:0813997521\"><\/a><\/p>\n<h3 class=\"uppercase\">Telefon<\/h3>\n<p>081\/3997521<\/p>\n<p><\/p>\n<p><a href=\"https:\/\/wa.me\/390813997521\" target=\"_blank\" rel=\"noopener\">Verwenden Sie es auch f\u00fcr Whatsapp<\/a><\/p>\n\t\t\n<style>\n#text-458374474 {\n  font-size: 0.85rem;\n  text-align: center;\n}\n<\/style>\n\t<\/div>\n\t\n\n\t\t<\/div>\n\t\t\t\t\t<\/div>\n\n\t\n\n<\/div>\n\n\t\t<\/div>\n\t\t\t\t\n<style>\n#col-2039978148 > .col-inner {\n  padding: 0px 0px 0px 20px;\n}\n<\/style>\n\t<\/div>\n\n\t\n\n\t<div id=\"col-864643307\" class=\"col medium-12 small-12 large-6\"  >\n\t\t\t\t<div class=\"col-inner\"  >\n\t\t\t\n\t\t\t\n\n\t<div id=\"text-3601984213\" class=\"text\">\n\t\t\n\n<h2><span style=\"font-size: 120%;\">Senden Sie uns eine Anfrage<\/span><\/h2>\n\t\t\n<style>\n#text-3601984213 {\n  text-align: center;\n}\n<\/style>\n\t<\/div>\n\t\n\t<div id=\"gap-1631095636\" class=\"gap-element clearfix\" style=\"display:block; height:auto;\">\n\t\t\n<style>\n#gap-1631095636 {\n  padding-top: 20px;\n}\n@media (min-width:550px) {\n  #gap-1631095636 {\n    padding-top: 20px;\n  }\n}\n@media (min-width:850px) {\n  #gap-1631095636 {\n    padding-top: 30px;\n  }\n}\n<\/style>\n\t<\/div>\n\t\n\n<div class=\"wpforms-container wpforms-container-full\" id=\"wpforms-126073\"><form id=\"wpforms-form-126073\" class=\"wpforms-validate wpforms-form\" data-formid=\"126073\" method=\"post\" enctype=\"multipart\/form-data\" action=\"\/de\/wp-json\/wp\/v2\/pages\/125049\" data-token=\"141b1d69d03605c6ed96a84bf4adcdd1\" data-token-time=\"1776536562\" data-trp-original-action=\"\/de\/wp-json\/wp\/v2\/pages\/125049\"><noscript class=\"wpforms-error-noscript\">Bitte aktivieren Sie JavaScript in Ihrem Browser, um dieses Formular fertigzustellen.<\/noscript><div class=\"wpforms-field-container\"><div id=\"wpforms-126073-field_0-container\" class=\"wpforms-field wpforms-field-name\" data-field-id=\"0\"><label class=\"wpforms-field-label\">Name <span class=\"wpforms-required-label\">*<\/span><\/label><div class=\"wpforms-field-row wpforms-field-large\"><div class=\"wpforms-field-row-block wpforms-first wpforms-one-half\"><input type=\"text\" id=\"wpforms-126073-field_0\" class=\"wpforms-field-name-first wpforms-field-required\" name=\"wpforms[fields][0][first]\" required><label for=\"wpforms-126073-field_0\" class=\"wpforms-field-sublabel after\">Vorname<\/label><\/div><div class=\"wpforms-field-row-block wpforms-one-half\"><input type=\"text\" id=\"wpforms-126073-field_0-last\" class=\"wpforms-field-name-last wpforms-field-required\" name=\"wpforms[fields][0][last]\" required><label for=\"wpforms-126073-field_0-last\" class=\"wpforms-field-sublabel after\">Nachname<\/label><\/div><\/div><\/div><div id=\"wpforms-126073-field_1-container\" class=\"wpforms-field wpforms-field-email wpforms-one-half wpforms-first\" data-field-id=\"1\"><label class=\"wpforms-field-label\" for=\"wpforms-126073-field_1\">E-Mail <span class=\"wpforms-required-label\">*<\/span><\/label><input type=\"email\" id=\"wpforms-126073-field_1\" class=\"wpforms-field-large wpforms-field-required\" name=\"wpforms[fields][1]\" spellcheck=\"false\" required><\/div><div id=\"wpforms-126073-field_4-container\" class=\"wpforms-field wpforms-field-phone wpforms-one-half\" data-field-id=\"4\"><label class=\"wpforms-field-label\" for=\"wpforms-126073-field_4\">Telefon<\/label><input type=\"tel\" id=\"wpforms-126073-field_4\" class=\"wpforms-field-large wpforms-smart-phone-field\" data-rule-smart-phone-field=\"true\" name=\"wpforms[fields][4]\" aria-label=\"Telefon\" ><\/div><div id=\"wpforms-126073-field_2-container\" class=\"wpforms-field wpforms-field-textarea\" data-field-id=\"2\"><label class=\"wpforms-field-label\" for=\"wpforms-126073-field_2\">Anfrage<\/label><textarea id=\"wpforms-126073-field_2\" class=\"wpforms-field-large\" name=\"wpforms[fields][2]\" ><\/textarea><\/div><div id=\"wpforms-126073-field_3-container\" class=\"wpforms-field wpforms-field-gdpr-checkbox\" data-field-id=\"3\"><label class=\"wpforms-field-label\">GDPR-Akzeptanz <span class=\"wpforms-required-label\">*<\/span><\/label><ul id=\"wpforms-126073-field_3\" class=\"wpforms-field-required\"><li class=\"choice-1\"><input type=\"checkbox\" id=\"wpforms-126073-field_3_1\" name=\"wpforms[fields][3][]\" value=\"Acconsento a che questo sito conservi le informazioni inviate cos\u00ec che possano rispondere alla mia richiesta in ottemperanza alle politiche sulla privacy\" required><label class=\"wpforms-field-label-inline\" for=\"wpforms-126073-field_3_1\">Ich bin damit einverstanden, dass diese Website die \u00fcbermittelten Daten speichert, um meine Anfrage gem\u00e4\u00df der Datenschutzrichtlinie zu beantworten.<\/label><\/li><\/ul><\/div><\/div><!-- .wpforms-field-container --><div class=\"wpforms-submit-container\" ><input type=\"hidden\" name=\"wpforms[id]\" value=\"126073\"><input type=\"hidden\" name=\"page_title\" value=\"\"><input type=\"hidden\" name=\"page_url\" value=\"https:\/\/www.creaearredanegozi.it\/de\/wp-json\/wp\/v2\/pages\/125049\"><input type=\"hidden\" name=\"url_referer\" value=\"\"><button type=\"submit\" name=\"wpforms[submit]\" id=\"wpforms-submit-126073\" class=\"wpforms-submit\" aria-live=\"assertive\" value=\"wpforms-submit\">Senden Sie<\/button><\/div><input type=\"hidden\" name=\"trp-form-language\" value=\"de\"\/><\/form><\/div>  <!-- .wpforms-container -->\n\n\t\t<\/div>\n\t\t\t\t\t<\/div>\n\n\t\n\n\n<style>\n#row-90299602 > .col > .col-inner {\n  padding: 0px 15px 0px 15px;\n}\n<\/style>\n<\/div>\n\n\t\t<\/div>\n\t\t\t\t\n<style>\n#col-2074533738 > .col-inner {\n  padding: 30px 10px 0px 0px;\n  margin: -0 0px 0px 0px;\n}\n@media (min-width:550px) {\n  #col-2074533738 > .col-inner {\n    padding: 50px 20px 30px 20px;\n    margin: 0 0px 0px 0px;\n  }\n}\n@media (min-width:850px) {\n  #col-2074533738 > .col-inner {\n    padding: 66px 5% 16px 5%;\n    margin: -135px 0px 0px 0px;\n  }\n}\n<\/style>\n\t<\/div>\n\n\t\n\n<\/div>\n<span class=\"scroll-to\" data-label=\"Scroll to: #map\" data-bullet=\"false\" data-link=\"#map\" data-title=\"map\"><a name=\"map\"><\/a><\/span>\n\n<div class=\"row row-full-width align-center\"  id=\"row-457880347\">\n\n\n\t<div id=\"col-1640829732\" class=\"col small-12 large-12\"  >\n\t\t\t\t<div class=\"col-inner\"  >\n\t\t\t\n\t\t\t\n\n\n\n<iframe src=\"https:\/\/www.google.com\/maps\/embed?pb=!1m18!1m12!1m3!1d3013.912460306525!2d14.183069811099267!3d40.93958571822554!2m3!1f0!2f0!3f0!3m2!1i1024!2i768!4f13.1!3m3!1m2!1s0x133b0530baa779b3%3A0xa8f1a1962caf3169!2sCrea%20e%20Arreda%20Negozi!5e0!3m2!1sit!2sit!4v1688153206382!5m2!1sit!2sit\" width=\"100%\" height=\"450\" style=\"border:0;\" allowfullscreen=\"\" loading=\"lazy\" referrerpolicy=\"no-referrer-when-downgrade\"><\/iframe>\n\n\n\t\t<\/div>\n\t\t\t\t\t<\/div>\n\n\t\n\n<\/div>","protected":false},"excerpt":{"rendered":"","protected":false},"author":3739,"featured_media":0,"parent":0,"menu_order":0,"comment_status":"closed","ping_status":"closed","template":"","meta":{"_monsterinsights_skip_tracking":false,"_monsterinsights_sitenote_active":false,"_monsterinsights_sitenote_note":"","_monsterinsights_sitenote_category":0,"footnotes":""},"class_list":["post-125049","page","type-page","status-publish","hentry"],"_links":{"self":[{"href":"https:\/\/www.creaearredanegozi.it\/de\/wp-json\/wp\/v2\/pages\/125049","targetHints":{"allow":["GET"]}}],"collection":[{"href":"https:\/\/www.creaearredanegozi.it\/de\/wp-json\/wp\/v2\/pages"}],"about":[{"href":"https:\/\/www.creaearredanegozi.it\/de\/wp-json\/wp\/v2\/types\/page"}],"author":[{"embeddable":true,"href":"https:\/\/www.creaearredanegozi.it\/de\/wp-json\/wp\/v2\/users\/3739"}],"replies":[{"embeddable":true,"href":"https:\/\/www.creaearredanegozi.it\/de\/wp-json\/wp\/v2\/comments?post=125049"}],"version-history":[{"count":0,"href":"https:\/\/www.creaearredanegozi.it\/de\/wp-json\/wp\/v2\/pages\/125049\/revisions"}],"wp:attachment":[{"href":"https:\/\/www.creaearredanegozi.it\/de\/wp-json\/wp\/v2\/media?parent=125049"}],"curies":[{"name":"wp","href":"https:\/\/api.w.org\/{rel}","templated":true}]}}