{"id":13,"date":"2015-03-14T09:15:49","date_gmt":"2015-03-14T08:15:49","guid":{"rendered":"http:\/\/52.11.64.91\/?page_id=13"},"modified":"2024-04-04T14:01:57","modified_gmt":"2024-04-04T12:01:57","slug":"schlusselfertige-formel","status":"publish","type":"page","link":"https:\/\/www.creaearredanegozi.it\/de\/schlusselfertige-formel\/","title":{"rendered":"Schl\u00fcsselfertige Formel"},"content":{"rendered":"<div class=\"row\"  id=\"row-500115362\">\n\n\n\t<div id=\"col-1638945393\" class=\"col small-12 large-12\"  >\n\t\t\t\t<div class=\"col-inner\"  >\n\t\t\t\n\t\t\t\n\n\t<div id=\"text-1797920340\" class=\"text\">\n\t\t\n\n<h2>Wir tun alles<\/h2>\n\t\t\n<style>\n#text-1797920340 {\n  font-size: 1.5rem;\n  text-align: center;\n}\n<\/style>\n\t<\/div>\n\t\n\n\t\t<\/div>\n\t\t\t\t\t<\/div>\n\n\t\n\n<\/div>\n\n\t<section class=\"section\" id=\"section_1053624339\">\n\t\t<div class=\"section-bg fill\" >\n\t\t\t\t\t\t\t\t\t\n\t\t\t\n\n\t\t<\/div>\n\n\t\t\n\n\t\t<div class=\"section-content relative\">\n\t\t\t\n\n<div class=\"row row-collapse row-full-width align-middle\"  id=\"row-659108704\">\n\n\n\t<div id=\"col-957699882\" class=\"col medium-12 small-12 large-7 col-divided\"  >\n\t\t\t\t<div class=\"col-inner\"  >\n\t\t\t\n\t\t\t\n\n<p>Wenn man ein neues Unternehmen gr\u00fcndet, gibt es immer tausend Dinge zu tun, angefangen bei der B\u00fcrokratie bis hin zur Ausstattung.<\/p>\n<p>Man muss planen, Elektriker, Maurer, Klempner, Maler und all jene Personen kontaktieren, die ben\u00f6tigt werden, um den gew\u00fcnschten Standort zu realisieren. Sobald dieser erste Schritt abgeschlossen ist, muss ein Ausr\u00fcstungslieferant kontaktiert werden und beide m\u00fcssen f\u00fcr den Erfolg des Projekts koordiniert werden.<\/p>\n<p>Wenn alles gut geht, werden Sie nicht so viele Kopfschmerzen haben, aber Probleme gibt es immer: Der Lieferant der Ger\u00e4te kennt den Fortschritt der Arbeiten nicht und verwechselt die Zeitpl\u00e4ne, er ber\u00fccksichtigt die Installationen nicht, um die besten Produkte zu empfehlen, die Renovierungsarbeiten gehen nicht Hand in Hand mit den Lieferungen, der Bauunternehmer kennt die Produkte nicht, die Sie gekauft haben, und wei\u00df nicht, wie er ihre Platzierung erleichtern kann, es ist schwierig, eine Leistungsberechnung zu machen, um einen richtigen Kostenvoranschlag von den Elektrikern zu bekommen, usw.<\/p>\n<p>Um diese Probleme zu l\u00f6sen, kamen wir auf die Idee der schl\u00fcsselfertigen L\u00f6sung, d. h. wir machen alles selbst, den Innenausbau der R\u00e4umlichkeiten, die Lieferung von allem, was ben\u00f6tigt wird (T\u00fcren, Armaturen, Bodenbel\u00e4ge usw.), und die Lieferung der notwendigen Ausr\u00fcstung.<\/p>\n\n\t\t<\/div>\n\t\t\t\t\n<style>\n#col-957699882 > .col-inner {\n  padding: 30px 30px 30px 30px;\n}\n@media (min-width:850px) {\n  #col-957699882 > .col-inner {\n    padding: 0px 0px 0px 15%;\n  }\n}\n<\/style>\n\t<\/div>\n\n\t\n\n\t<div id=\"col-73367312\" class=\"col medium-12 small-12 large-5 medium-col-first\"  >\n\t\t\t\t<div class=\"col-inner\"  >\n\t\t\t\n\t\t\t\n\n\n  <div class=\"banner has-hover\" id=\"banner-2122462438\">\n          <div class=\"banner-inner fill\">\n        <div class=\"banner-bg fill\" >\n            <img decoding=\"async\" width=\"600\" height=\"400\" src=\"https:\/\/www.creaearredanegozi.it\/wp-content\/uploads\/2022\/03\/The-Test-Kitchen-Cape-Town-e1470233775863.jpg\" class=\"bg attachment-large size-large\" alt=\"\" title=\"\">                                    \n                    <\/div>\n\t\t\n        <div class=\"banner-layers container\">\n            <div class=\"fill banner-link\"><\/div>            \n\n\t<div class=\"img has-hover hide-for-small x50 md-x50 lg-x50 y50 md-y50 lg-y50\" id=\"image_1209505811\">\n\t\t<a class=\"image-lightbox lightbox-gallery\" title=\"\" href=\"https:\/\/www.creaearredanegozi.it\/wp-content\/uploads\/2022\/10\/arredamento-inox-1400x701.jpg\">\t\t\t\t<div data-animate=\"fadeInLeft\">\t\t<div class=\"img-inner image-overlay-add-50 image-overlay-add-50 image-cover dark\" style=\"padding-top:200%;\">\n\t\t\t<img decoding=\"async\" width=\"1020\" height=\"511\" src=\"https:\/\/www.creaearredanegozi.it\/wp-content\/uploads\/2022\/10\/arredamento-inox-1400x701.jpg\" class=\"attachment-large size-large\" alt=\"\" srcset=\"https:\/\/www.creaearredanegozi.it\/wp-content\/uploads\/2022\/10\/arredamento-inox-1400x701.jpg 1400w, https:\/\/www.creaearredanegozi.it\/wp-content\/uploads\/2022\/10\/arredamento-inox-516x258.jpg 516w, https:\/\/www.creaearredanegozi.it\/wp-content\/uploads\/2022\/10\/arredamento-inox-64x32.jpg 64w, https:\/\/www.creaearredanegozi.it\/wp-content\/uploads\/2022\/10\/arredamento-inox-800x400.jpg 800w, https:\/\/www.creaearredanegozi.it\/wp-content\/uploads\/2022\/10\/arredamento-inox-768x384.jpg 768w, https:\/\/www.creaearredanegozi.it\/wp-content\/uploads\/2022\/10\/arredamento-inox-1536x769.jpg 1536w, https:\/\/www.creaearredanegozi.it\/wp-content\/uploads\/2022\/10\/arredamento-inox.jpg 1920w\" sizes=\"(max-width: 1020px) 100vw, 1020px\" title=\"\">\t\t\t\t\t\t\n\t\t\t\t\t<\/div>\n\t\t<\/div>\t\t\t\t<\/a>\t\t\n<style>\n#image_1209505811 {\n  width: 59%;\n}\n<\/style>\n\t<\/div>\n\t\n\n\n        <\/div>\n      <\/div>\n\n            \n<style>\n#banner-2122462438 {\n  padding-top: 99.99%;\n  background-color: rgba(255, 255, 255, 0);\n}\n#banner-2122462438 .banner-bg img {\n  object-position: 55% 42%;\n}\n@media (min-width:550px) {\n  #banner-2122462438 {\n    padding-top: 400px;\n  }\n}\n@media (min-width:850px) {\n  #banner-2122462438 {\n    padding-top: 99.99%;\n  }\n}\n<\/style>\n  <\/div>\n\n\n\n\t\t<\/div>\n\t\t\t\t\t<\/div>\n\n\t\n\n<\/div>\n<div class=\"container section-title-container\" ><h3 class=\"section-title section-title-center\"><b aria-hidden=\"true\"><\/b><span class=\"section-title-main\" style=\"color:rgba(44, 146, 32, 0.936);\"><i class=\"icon-checkmark\" aria-hidden=\"true\"><\/i>Vorteile<\/span><b aria-hidden=\"true\"><\/b><\/h3><\/div>\n\n<div class=\"row\"  id=\"row-1571548080\">\n\n\n\t<div id=\"col-225113811\" class=\"col medium-6 small-12 large-6\"  >\n\t\t\t\t<div class=\"col-inner\"  >\n\t\t\t\n\t\t\t\n\n\n\t\t<div class=\"icon-box featured-box icon-box-center text-center\"  >\n\t\t\t\t\t<div class=\"icon-box-img\" style=\"width: 40px\">\n\t\t\t\t<div class=\"icon\">\n\t\t\t\t\t<div class=\"icon-inner\" >\n\t\t\t\t\t\t<img decoding=\"async\" width=\"96\" height=\"96\" src=\"https:\/\/www.creaearredanegozi.it\/wp-content\/uploads\/2022\/03\/group-line-1.png\" class=\"attachment-medium size-medium\" alt=\"\" srcset=\"https:\/\/www.creaearredanegozi.it\/wp-content\/uploads\/2022\/03\/group-line-1.png 96w, https:\/\/www.creaearredanegozi.it\/wp-content\/uploads\/2022\/03\/group-line-1-64x64.png 64w\" sizes=\"(max-width: 96px) 100vw, 96px\" title=\"\">\t\t\t\t\t<\/div>\n\t\t\t\t<\/div>\n\t\t\t<\/div>\n\t\t\t\t<div class=\"icon-box-text last-reset\">\n\t\t\t\t\t\t\t\t\t\n\n<h3>Einziger Gespr\u00e4chspartner<\/h3>\n<p>Sie haben nur eine Schnittstelle mit uns f\u00fcr die Renovierung und Lieferung, Sie m\u00fcssen nirgendwo anders hingehen, nur ein B\u00fcro, nur eine Person, die Ihr gesamtes Projekt kennt.<\/p>\n\n\n\t\t<\/div>\n\t<\/div>\n\t\n\t\n\n\t\t<\/div>\n\t\t\t\t\t<\/div>\n\n\t\n\n\t<div id=\"col-2074920371\" class=\"col medium-6 small-12 large-6\"  >\n\t\t\t\t<div class=\"col-inner\"  >\n\t\t\t\n\t\t\t\n\n\n\t\t<div class=\"icon-box featured-box icon-box-center text-center\"  >\n\t\t\t\t\t<div class=\"icon-box-img\" style=\"width: 40px\">\n\t\t\t\t<div class=\"icon\">\n\t\t\t\t\t<div class=\"icon-inner\" >\n\t\t\t\t\t\t<img decoding=\"async\" width=\"120\" height=\"120\" src=\"https:\/\/www.creaearredanegozi.it\/wp-content\/uploads\/2022\/03\/stack-line-1.png\" class=\"attachment-medium size-medium\" alt=\"\" srcset=\"https:\/\/www.creaearredanegozi.it\/wp-content\/uploads\/2022\/03\/stack-line-1.png 120w, https:\/\/www.creaearredanegozi.it\/wp-content\/uploads\/2022\/03\/stack-line-1-100x100.png 100w, https:\/\/www.creaearredanegozi.it\/wp-content\/uploads\/2022\/03\/stack-line-1-64x64.png 64w\" sizes=\"(max-width: 120px) 100vw, 120px\" title=\"\">\t\t\t\t\t<\/div>\n\t\t\t\t<\/div>\n\t\t\t<\/div>\n\t\t\t\t<div class=\"icon-box-text last-reset\">\n\t\t\t\t\t\t\t\t\t\n\n<h3>Koordinierte Arbeitsschritte<\/h3>\n<p style=\"text-align: justify;\">Alle Bearbeitungsschritte werden von einem einzigen Ansprechpartner verfolgt, der die Arbeiten und Lieferungen koordiniert.<\/p>\n\n\t\t<\/div>\n\t<\/div>\n\t\n\t\n\n\t\t<\/div>\n\t\t\t\t\t<\/div>\n\n\t\n\n<\/div>\n<div class=\"row\"  id=\"row-1723502454\">\n\n\n\t<div id=\"col-1683635435\" class=\"col medium-6 small-12 large-6\"  >\n\t\t\t\t<div class=\"col-inner\"  >\n\t\t\t\n\t\t\t\n\n\n\t\t<div class=\"icon-box featured-box icon-box-center text-center\"  >\n\t\t\t\t\t<div class=\"icon-box-img\" style=\"width: 40px\">\n\t\t\t\t<div class=\"icon\">\n\t\t\t\t\t<div class=\"icon-inner\" >\n\t\t\t\t\t\t<img decoding=\"async\" width=\"200\" height=\"194\" src=\"https:\/\/www.creaearredanegozi.it\/wp-content\/uploads\/2022\/04\/euro.png\" class=\"attachment-medium size-medium\" alt=\"\" srcset=\"https:\/\/www.creaearredanegozi.it\/wp-content\/uploads\/2022\/04\/euro.png 200w, https:\/\/www.creaearredanegozi.it\/wp-content\/uploads\/2022\/04\/euro-64x62.png 64w\" sizes=\"(max-width: 200px) 100vw, 200px\" title=\"\">\t\t\t\t\t<\/div>\n\t\t\t\t<\/div>\n\t\t\t<\/div>\n\t\t\t\t<div class=\"icon-box-text last-reset\">\n\t\t\t\t\t\t\t\t\t\n\n<h3>Bester Preis<\/h3>\n<p style=\"text-align: justify;\">Mit der schl\u00fcsselfertigen Formel haben Sie Zugang zu einem besseren Preis, da diese Formel es uns erm\u00f6glicht, die Margen f\u00fcr Lieferung und Renovierung zu senken.<\/p>\n\n\t\t<\/div>\n\t<\/div>\n\t\n\t\n\n\t\t<\/div>\n\t\t\t\t\t<\/div>\n\n\t\n\n\t<div id=\"col-43944959\" class=\"col medium-6 small-12 large-6\"  >\n\t\t\t\t<div class=\"col-inner\"  >\n\t\t\t\n\t\t\t\n\n\n\t\t<div class=\"icon-box featured-box icon-box-center text-center\"  >\n\t\t\t\t\t<div class=\"icon-box-img\" style=\"width: 40px\">\n\t\t\t\t<div class=\"icon\">\n\t\t\t\t\t<div class=\"icon-inner\" >\n\t\t\t\t\t\t<img decoding=\"async\" width=\"256\" height=\"256\" src=\"https:\/\/www.creaearredanegozi.it\/wp-content\/uploads\/2023\/01\/OK_f_256.jpg\" class=\"attachment-medium size-medium\" alt=\"\" srcset=\"https:\/\/www.creaearredanegozi.it\/wp-content\/uploads\/2023\/01\/OK_f_256.jpg 256w, https:\/\/www.creaearredanegozi.it\/wp-content\/uploads\/2023\/01\/OK_f_256-250x250.jpg 250w, https:\/\/www.creaearredanegozi.it\/wp-content\/uploads\/2023\/01\/OK_f_256-100x100.jpg 100w, https:\/\/www.creaearredanegozi.it\/wp-content\/uploads\/2023\/01\/OK_f_256-64x64.jpg 64w\" sizes=\"(max-width: 256px) 100vw, 256px\" title=\"\">\t\t\t\t\t<\/div>\n\t\t\t\t<\/div>\n\t\t\t<\/div>\n\t\t\t\t<div class=\"icon-box-text last-reset\">\n\t\t\t\t\t\t\t\t\t\n\n<h3>Schl\u00fcsselfertig<\/h3>\n<p style=\"text-align: justify;\">Alles, was Sie tun m\u00fcssen, ist, uns die Schl\u00fcssel f\u00fcr das Haus zu geben, auf das Ende von allem zu warten und zur Arbeit zu gehen, sonst nichts.<\/p>\n\n\t\t<\/div>\n\t<\/div>\n\t\n\t\n\n\t\t<\/div>\n\t\t\t\t\t<\/div>\n\n\t\n\n<\/div>\n<div class=\"row row-large align-equal align-center\"  id=\"row-1032477271\">\n\n\n\t<div id=\"col-1827169751\" class=\"col small-12 large-12 col-divided\"  >\n\t\t\t\t<div class=\"col-inner text-left\"  >\n\t\t\t\n\t\t\t\n\n<div class=\"container section-title-container\" ><h3 class=\"section-title section-title-bold-center\"><b aria-hidden=\"true\"><\/b><span class=\"section-title-main\" >Mehr Informationen anfordern<\/span><b aria-hidden=\"true\"><\/b><\/h3><\/div>\n\n\n\n<div class=\"wpforms-container wpforms-container-full\" id=\"wpforms-120647\"><form id=\"wpforms-form-120647\" class=\"wpforms-validate wpforms-form wpforms-ajax-form\" data-formid=\"120647\" method=\"post\" enctype=\"multipart\/form-data\" action=\"\/de\/wp-json\/wp\/v2\/pages\/13\" data-token=\"4e29ddf42048cb2a209dc25687c5f303\" data-token-time=\"1776672635\" data-trp-original-action=\"\/de\/wp-json\/wp\/v2\/pages\/13\"><noscript class=\"wpforms-error-noscript\">Bitte aktivieren Sie JavaScript in Ihrem Browser, um dieses Formular fertigzustellen.<\/noscript><div class=\"wpforms-field-container\"><div id=\"wpforms-120647-field_1-container\" class=\"wpforms-field wpforms-field-name\" data-field-id=\"1\"><label class=\"wpforms-field-label\">Name <span class=\"wpforms-required-label\">*<\/span><\/label><div class=\"wpforms-field-row wpforms-field-large\"><div class=\"wpforms-field-row-block wpforms-first wpforms-one-half\"><input type=\"text\" id=\"wpforms-120647-field_1\" class=\"wpforms-field-name-first wpforms-field-required\" name=\"wpforms[fields][1][first]\" required><label for=\"wpforms-120647-field_1\" class=\"wpforms-field-sublabel after\">Vorname<\/label><\/div><div class=\"wpforms-field-row-block wpforms-one-half\"><input type=\"text\" id=\"wpforms-120647-field_1-last\" class=\"wpforms-field-name-last wpforms-field-required\" name=\"wpforms[fields][1][last]\" required><label for=\"wpforms-120647-field_1-last\" class=\"wpforms-field-sublabel after\">Nachname<\/label><\/div><\/div><\/div><div id=\"wpforms-120647-field_2-container\" class=\"wpforms-field wpforms-field-email\" data-field-id=\"2\"><label class=\"wpforms-field-label\" for=\"wpforms-120647-field_2\">E-Mail <span class=\"wpforms-required-label\">*<\/span><\/label><input type=\"email\" id=\"wpforms-120647-field_2\" class=\"wpforms-field-large wpforms-field-required\" name=\"wpforms[fields][2]\" spellcheck=\"false\" required><\/div><div id=\"wpforms-120647-field_4-container\" class=\"wpforms-field wpforms-field-phone\" data-field-id=\"4\"><label class=\"wpforms-field-label\" for=\"wpforms-120647-field_4\">Telefon<\/label><input type=\"tel\" id=\"wpforms-120647-field_4\" class=\"wpforms-field-large wpforms-smart-phone-field\" data-rule-smart-phone-field=\"true\" name=\"wpforms[fields][4]\" aria-label=\"Telefon\" ><\/div><div id=\"wpforms-120647-field_5-container\" class=\"wpforms-field wpforms-field-textarea\" data-field-id=\"5\"><label class=\"wpforms-field-label\" for=\"wpforms-120647-field_5\">Nachricht<\/label><textarea id=\"wpforms-120647-field_5\" class=\"wpforms-field-large\" name=\"wpforms[fields][5]\" ><\/textarea><\/div><div id=\"wpforms-120647-field_6-container\" class=\"wpforms-field wpforms-field-gdpr-checkbox\" data-field-id=\"6\"><label class=\"wpforms-field-label\">GDPR-Akzeptanz <span class=\"wpforms-required-label\">*<\/span><\/label><ul id=\"wpforms-120647-field_6\" class=\"wpforms-field-required\"><li class=\"choice-1\"><input type=\"checkbox\" id=\"wpforms-120647-field_6_1\" name=\"wpforms[fields][6][]\" value=\"Acconsento a che questo sito conservi le informazioni inviate cos\u00ec che possano rispondere alla mia richiesta.\" required><label class=\"wpforms-field-label-inline\" for=\"wpforms-120647-field_6_1\">Ich bin damit einverstanden, dass diese Website die \u00fcbermittelten Informationen speichert, um meine Anfrage zu beantworten.<\/label><\/li><\/ul><\/div><\/div><!-- .wpforms-field-container --><div class=\"wpforms-recaptcha-container wpforms-is-recaptcha wpforms-is-recaptcha-type-v3\" ><input type=\"hidden\" name=\"wpforms[recaptcha]\" value=\"\"><\/div><div class=\"wpforms-submit-container\" ><input type=\"hidden\" name=\"wpforms[id]\" value=\"120647\"><input type=\"hidden\" name=\"page_title\" value=\"\"><input type=\"hidden\" name=\"page_url\" value=\"https:\/\/www.creaearredanegozi.it\/de\/wp-json\/wp\/v2\/pages\/13\"><input type=\"hidden\" name=\"url_referer\" value=\"\"><button type=\"submit\" name=\"wpforms[submit]\" id=\"wpforms-submit-120647\" class=\"wpforms-submit\" aria-live=\"assertive\" value=\"wpforms-submit\">Senden Sie<\/button><img decoding=\"async\" src=\"https:\/\/www.creaearredanegozi.it\/wp-content\/plugins\/wpforms\/assets\/images\/submit-spin.svg\" class=\"wpforms-submit-spinner\" style=\"display: none;\" width=\"26\" height=\"26\" alt=\"Wird geladen\" title=\"\"><\/div><input type=\"hidden\" name=\"trp-form-language\" value=\"de\"\/><\/form><\/div>  <!-- .wpforms-container -->\n\n\n\t\t<\/div>\n\t\t\t\t\t<\/div>\n\n\t\n\n<\/div>\n\n\t\t<\/div>\n\n\t\t\n<style>\n#section_1053624339 {\n  padding-top: 0px;\n  padding-bottom: 0px;\n}\n<\/style>\n\t<\/section>","protected":false},"excerpt":{"rendered":"","protected":false},"author":3739,"featured_media":0,"parent":0,"menu_order":0,"comment_status":"closed","ping_status":"closed","template":"","meta":{"_monsterinsights_skip_tracking":false,"_monsterinsights_sitenote_active":false,"_monsterinsights_sitenote_note":"","_monsterinsights_sitenote_category":0,"footnotes":""},"class_list":["post-13","page","type-page","status-publish","hentry"],"_links":{"self":[{"href":"https:\/\/www.creaearredanegozi.it\/de\/wp-json\/wp\/v2\/pages\/13","targetHints":{"allow":["GET"]}}],"collection":[{"href":"https:\/\/www.creaearredanegozi.it\/de\/wp-json\/wp\/v2\/pages"}],"about":[{"href":"https:\/\/www.creaearredanegozi.it\/de\/wp-json\/wp\/v2\/types\/page"}],"author":[{"embeddable":true,"href":"https:\/\/www.creaearredanegozi.it\/de\/wp-json\/wp\/v2\/users\/3739"}],"replies":[{"embeddable":true,"href":"https:\/\/www.creaearredanegozi.it\/de\/wp-json\/wp\/v2\/comments?post=13"}],"version-history":[{"count":0,"href":"https:\/\/www.creaearredanegozi.it\/de\/wp-json\/wp\/v2\/pages\/13\/revisions"}],"wp:attachment":[{"href":"https:\/\/www.creaearredanegozi.it\/de\/wp-json\/wp\/v2\/media?parent=13"}],"curies":[{"name":"wp","href":"https:\/\/api.w.org\/{rel}","templated":true}]}}