{"id":4989,"date":"2015-10-01T20:26:19","date_gmt":"2015-10-01T18:26:19","guid":{"rendered":"https:\/\/www.creaearredanegozi.it\/?page_id=4989"},"modified":"2022-02-04T11:45:29","modified_gmt":"2022-02-04T10:45:29","slug":"cookie-politik","status":"publish","type":"page","link":"https:\/\/www.creaearredanegozi.it\/de\/startseite\/cookie-politik\/","title":{"rendered":"CookiePolicy"},"content":{"rendered":"<h1>Datenschutz und Cookies<\/h1>\n<strong>Informationen<\/strong>\n\nBei der Entwicklung dieser Website oder von Tools Dritter, die mit ihr verbunden sind, wurden Programmiermethoden angewandt, die die Verwendung von Cookies vorsehen, die f\u00fcr den Betrieb und die Zwecke n\u00fctzlich sind, die in der Cookie-Richtlinie beschrieben sind, die Sie konsultieren k\u00f6nnen, um mehr dar\u00fcber zu erfahren oder um die Zustimmung zu allen oder nur einigen Cookies zu verweigern. Wenn Sie weiter surfen (indem Sie dieses Banner schlie\u00dfen, auf einen Link auf der Seite klicken, auf der Seite nach unten scrollen oder auf andere Weise), stimmen Sie der Verwendung von Cookies zu.\n<strong>Erweiterte Cookie-Richtlinie und ihre Verwendung<\/strong>\n\nCookies sind Teile des Programmiercodes, die im Browser platziert werden und dem Inhaber der Website helfen, den Dienst zu den beschriebenen Zwecken bereitzustellen. Es k\u00f6nnen Cookies vorhanden sein, f\u00fcr deren Verwendung die Zustimmung des Nutzers erforderlich ist.\n<strong>Technische und funktionale Cookies f\u00fcr Statistiken<\/strong>\n\n- <strong>F\u00fcr den Betrieb erforderliche Aktivit\u00e4ten<\/strong>\nDiese Website verwendet Cookies, um die Sitzung des Benutzers aufzuzeichnen und f\u00fcr andere Aktivit\u00e4ten, die f\u00fcr den Betrieb der Website n\u00fctzlich sind, wie zum Beispiel die Speicherung von Verkehrsdaten.\n- <strong>Pr\u00e4ferenzerfassung, Optimierung und Statistik<\/strong>\nDiese Website verwendet Cookies, um Ihre Browsereinstellungen zu speichern und Ihr Surferlebnis zu verbessern. Zum Beispiel werden Sprach- und W\u00e4hrungseinstellungen oder die Verwaltung von Statistiken durch Cookies geregelt.\n\n<strong>Andere Cookies oder Tools von Dritten, die Cookies verwenden k\u00f6nnen<\/strong>\nNachfolgend sind einige Dienste aufgef\u00fchrt, die durch die Erfassung aggregierter statistischer Daten keine ausdr\u00fcckliche Zustimmung des Surfers erfordern oder vom Eigent\u00fcmer der Website ohne Hilfe Dritter verwaltet werden k\u00f6nnen.\n<strong>- Kommerzielle Zugeh\u00f6rigkeit<\/strong>\nKommerzielle Partnerdienste erm\u00f6glichen es dieser Website, Werbung f\u00fcr Produkte oder Dienstleistungen Dritter anzuzeigen. Die Anzeigen k\u00f6nnen entweder als Werbelinks oder als Banner oder andere Display-Werbefl\u00e4chen erscheinen. Alle Klicks auf diese Links werden von den unten aufgef\u00fchrten Drittanbietern verfolgt und an diese Website weitergegeben.\nUm herauszufinden, welche Daten gesammelt werden, lesen Sie bitte die Datenschutzerkl\u00e4rungen der einzelnen Dienste.\n\n<strong>- Interaktion mit sozialen Netzwerken und anderen externen Plattformen<\/strong>\nDiese Dienste erm\u00f6glichen es, direkt von den Seiten dieser Website aus mit sozialen Netzwerken oder anderen externen Plattformen zu interagieren, was in jedem Fall den Datenschutzeinstellungen des Nutzers in Bezug auf jedes soziale Netzwerk unterliegt. Wenn ein Dienst f\u00fcr die Interaktion mit sozialen Netzwerken installiert ist, ist es m\u00f6glich, dass die Website Verkehrsdaten \u00fcber die Seiten sammelt, auch wenn die Nutzer den Dienst nicht nutzen.\n\n<strong>Facebook <\/strong>Like-Schaltfl\u00e4che und soziale Widgets (Facebook, Inc.)\nDie Facebook-Schaltfl\u00e4che \"Gef\u00e4llt mir\"\/\"Like\" und die sozialen Widgets sind Dienste f\u00fcr die Interaktion mit dem sozialen Netzwerk Facebook, die von der Facebook, Inc.\nErfasste personenbezogene Daten: Cookies und Nutzungsdaten.\nOrt der Verarbeitung: USA - <a href=\"https:\/\/www.facebook.com\/privacy\/explanation\" target=\"_blank\" rel=\"noopener\">Datenschutzbestimmungen<\/a>\n\n<strong>- Werbung Dienstleistungen<\/strong>\nDie Werbedienste erm\u00f6glichen es, die Daten des Nutzers zum Zwecke von Vorschl\u00e4gen und kommerziellen Informationen durch verschiedene Formen der Werbung, auch in Bezug auf die Interessen des Nutzers, zu verwenden.\nNicht alle personenbezogenen Daten werden zu diesem Zweck verwendet. Siehe unten f\u00fcr Daten und Nutzungsbedingungen.\nEinige der unten genannten Dienste k\u00f6nnen Cookies verwenden, um den Nutzer zu identifizieren oder um verhaltensbezogene Retargeting-Aktionen zu initiieren, d. h. um dem Nutzer Werbung anzuzeigen, die auf seine Interessen und sein Surfverhalten zugeschnitten ist. Diese Interessen und Verhaltensweisen k\u00f6nnen auch au\u00dferhalb dieser Website erkannt werden. F\u00fcr weitere Informationen empfehlen wir Ihnen, die Datenschutzrichtlinien der jeweiligen Dienste zu pr\u00fcfen.\n\n<strong>- Statistische Dienste<\/strong>\nStatistische Dienste erm\u00f6glichen es dem f\u00fcr die Datenverarbeitung Verantwortlichen, Verkehrsdaten zu \u00fcberwachen und zu analysieren und das Verhalten der Nutzer nachzuvollziehen.\nGoogle Analytics (Google Inc.)\nGoogle Analytics ist ein Webanalysedienst, der von Google Inc. (\"Google\") bereitgestellt wird. Google verwendet die gesammelten personenbezogenen Daten, um die Nutzung dieser Website zu verfolgen und zu untersuchen, Berichte zu erstellen und diese mit anderen Google-Diensten zu teilen.\nGoogle kann personenbezogene Daten zur Personalisierung und Kontextualisierung von Anzeigen in seinem Werbenetzwerk verwenden.\nErfasste personenbezogene Daten: Cookies und Nutzungsdaten.\nOrt der Verarbeitung: USA - <a href=\"http:\/\/www.google.com\/intl\/it\/policies\/privacy\" target=\"_blank\" rel=\"noopener\">Datenschutzbestimmungen<\/a> - <a href=\"https:\/\/tools.google.com\/dlpage\/gaoptout?hl=it\" target=\"_blank\" rel=\"noopener\">Abmelden<\/a>\n\n\n<strong>- Inhalte von externen Plattformen<\/strong>\nDiese Dienste erm\u00f6glichen es, direkt von den Seiten dieser Website aus Inhalte auf externen Plattformen anzusehen und mit ihnen zu interagieren.\nIn diesem Fall ist es m\u00f6glich, dass Verkehrsdaten zu den Seiten, auf denen der Dienst installiert ist, gesammelt werden, auch wenn die Nutzer ihn nicht nutzen.\nGoogle Fonts (Google Inc.)\nGoogle Fonts ist ein von Google Inc. betriebener Dienst zur Anzeige von Schriftarten, der es dieser Website erm\u00f6glicht, die verschiedenen Schriftarten auf ihren Seiten korrekt anzuzeigen.\nErfasste personenbezogene Daten: Cookies und Nutzungsdaten.\nOrt der Verarbeitung: USA - <a href=\"http:\/\/www.google.it\/intl\/en\/policies\/privacy\" target=\"_blank\" rel=\"noopener\">Datenschutzbestimmungen<\/a>\n\n<strong>Verwaltung von Cookies innerhalb des Browsers<\/strong>\nSie k\u00f6nnen Ihre Cookie-Einstellungen direkt in Ihrem Browser verwalten und nicht nur die Installation von Cookies durch Dritte verbieten, sondern auch bereits installierte Cookies l\u00f6schen, einschlie\u00dflich derjenigen, in denen Ihre Zustimmung zur Installation von Cookies durch die Website gespeichert ist. Wenn Sie alle Cookies deaktivieren, kann die Funktion dieser Website beeintr\u00e4chtigt sein. Informationen dar\u00fcber, wie Sie Cookies in Ihrem Browser verwalten k\u00f6nnen, finden Sie unter den folgenden Adressen: <a href=\"https:\/\/support.google.com\/chrome\/answer\/95647?hl=en&amp;p=cpn_cookies\" target=\"_blank\" rel=\"noopener\">Google Chrome<\/a>, <a href=\"https:\/\/support.mozilla.org\/it\/kb\/Attivare%20e%20disattivare%20i%20cookie?redirectlocale=en-US&amp;redirectslug=Enabling+and+disabling+cookies\" target=\"_blank\" rel=\"noopener\">Mozilla Firefox<\/a>, <a href=\"https:\/\/support.apple.com\/kb\/PH19214?viewlocale=it_IT&amp;locale=en_US\" target=\"_blank\" rel=\"noopener\">Apple Safari <\/a>und <a href=\"http:\/\/windows.microsoft.com\/it-it\/windows-vista\/block-or-allow-cookies\" target=\"_blank\" rel=\"noopener\">Microsoft Windows Explorer<\/a>.\n\n\n<strong>Datenschutzbeauftragter<\/strong>\n<h2><span id=\"dtlview_Nome Azienda\">ELLECI Bauwesen srls<\/span><\/h2>\nDie Installation von Cookies und anderen Tracking-Systemen durch Dritte \u00fcber die internen Dienste dieser Website kann vom Eigent\u00fcmer technisch nicht kontrolliert werden, so dass jeder Hinweis auf von Dritten installierte Cookies und Tracking-Systeme rein indikativ ist. Es ist notwendig, die Datenschutzrichtlinien der in diesem Dokument aufgef\u00fchrten Drittanbieterdienste zu konsultieren, um umfassende Informationen zu erhalten.\nDer Nutzer kann sich an den f\u00fcr die Verarbeitung Verantwortlichen wenden, um weitere Informationen \u00fcber die Verwendung von Cookies, auch durch Dritte, auf dieser Website zu erhalten.\n\n\n<strong>Glossar mit Definitionen und rechtlichen Hinweisen<\/strong>\n<strong>Personenbezogene Daten (oder Daten)<\/strong>\nPersonenbezogene Daten sind alle Informationen, die sich auf eine nat\u00fcrliche Person beziehen, die identifiziert oder identifizierbar ist, auch indirekt durch Bezugnahme auf andere Informationen, einschlie\u00dflich einer pers\u00f6nlichen Identifikationsnummer.\n<strong>Verwendungsdaten<\/strong>\nAls personenbezogene Daten werden die Informationen bezeichnet, die automatisch von der Website (oder von mit ihr verbundenen Anwendungen Dritter) erfasst werden, darunter: IP-Adressen oder Dom\u00e4nennamen der Computer, die vom Benutzer, der sich mit der Website verbindet, verwendet werden, Adressen mit URI-Notation (Uniform Resource Identifier), die Uhrzeit der Anfrage, die Methode, mit der die Anfrage an den Server \u00fcbermittelt wird, die Gr\u00f6\u00dfe der Antwortdatei, der Zahlencode, der sich auf den Status der Serverantwort bezieht (Fehler, erfolgreich usw.), das Herkunftsland, die Merkmale des vom Besucher verwendeten Browsers und Betriebssystems, die verschiedenen zeitlichen Informationen des Besuchs (z. B. die auf den Seiten verbrachte Zeit) und die Einzelheiten des Navigationspfads, dem die Website folgt.) das Herkunftsland, die Merkmale des vom Besucher verwendeten Browsers und Betriebssystems, die verschiedenen zeitlichen Informationen des Besuchs (z. B. die auf den Seiten verbrachte Zeit) und die Einzelheiten des Navigationspfads innerhalb der Website: Reihenfolge der angesehenen Seiten, Betriebssystem und Computerumgebung des Nutzers.\n<strong>Benutzer<\/strong>\nDie Person, die die Website nutzt, muss mit der betroffenen Person \u00fcbereinstimmen oder von ihr bevollm\u00e4chtigt sein und deren personenbezogene Daten verarbeitet werden.\n<strong>Interessiert<\/strong>\nDie nat\u00fcrliche oder juristische Person, auf die sich die personenbezogenen Daten beziehen.\n<strong>Datenverarbeiter (oder f\u00fcr die Verarbeitung Verantwortlicher)<\/strong>\nDie nat\u00fcrliche oder juristische Person, die \u00f6ffentliche Verwaltung und jede andere Einrichtung, Vereinigung oder Organisation, die von dem f\u00fcr die Verarbeitung Verantwortlichen mit der Verarbeitung personenbezogener Daten gem\u00e4\u00df den Bestimmungen dieser Datenschutzrichtlinie betraut wurde.\n<strong>F\u00fcr die Datenverarbeitung Verantwortlicher (oder Eigent\u00fcmer)<\/strong>\nDie nat\u00fcrliche oder juristische Person, die \u00f6ffentliche Verwaltung und jede andere Einrichtung, Vereinigung oder Organisation, die - auch gemeinsam mit einem anderen f\u00fcr die Datenverarbeitung Verantwortlichen - f\u00fcr die Entscheidung \u00fcber die Zwecke und Methoden der Verarbeitung personenbezogener Daten und die verwendeten Instrumente, einschlie\u00dflich des Sicherheitsprofils, im Zusammenhang mit dem Betrieb und der Nutzung der Website verantwortlich ist. Der f\u00fcr die Datenverarbeitung Verantwortliche ist, sofern nicht anders angegeben, der Eigent\u00fcmer der Website.\n<strong>Standort (Anwendung)<\/strong>\nDas Software-Tool (und die dazugeh\u00f6rige Hardware), mit dem die personenbezogenen Daten der Nutzer erfasst werden.\n<strong>Cookies<\/strong>\nKleiner Teil der im Ger\u00e4t des Nutzers gespeicherten Daten.\n\n<strong>Rechtliche Hinweise<\/strong>\nHinweis f\u00fcr europ\u00e4ische Nutzer: Diese Datenschutzrichtlinie wurde in \u00dcbereinstimmung mit den Verpflichtungen aus Art. 10 der Richtlinie 95\/46\/EG sowie mit den Bestimmungen der Richtlinie 2002\/58\/EG, aktualisiert durch die Richtlinie 2009\/136\/EG, \u00fcber Cookies erstellt.\nDiese Datenschutzrichtlinie bezieht sich ausschlie\u00dflich auf diese Website.","protected":false},"excerpt":{"rendered":"<p>Privacy e Cookie Informativa Nella realizzazione di questo sito o degli strumenti terzi ad esso collegati sono state adottate modalit\u00e0 di programmazione che prevedono l\u2019utilizzo dei cookie utili al funzionamento e alle finalit\u00e0 descritte nella cookie policy che ti invitiamo a consultare per saperne di pi\u00f9 o per negare il consenso a tutti o solo [&#8230;]","protected":false},"author":0,"featured_media":0,"parent":7,"menu_order":0,"comment_status":"open","ping_status":"closed","template":"","meta":{"_monsterinsights_skip_tracking":false,"_monsterinsights_sitenote_active":false,"_monsterinsights_sitenote_note":"","_monsterinsights_sitenote_category":0,"footnotes":""},"class_list":["post-4989","page","type-page","status-publish","hentry"],"_links":{"self":[{"href":"https:\/\/www.creaearredanegozi.it\/de\/wp-json\/wp\/v2\/pages\/4989","targetHints":{"allow":["GET"]}}],"collection":[{"href":"https:\/\/www.creaearredanegozi.it\/de\/wp-json\/wp\/v2\/pages"}],"about":[{"href":"https:\/\/www.creaearredanegozi.it\/de\/wp-json\/wp\/v2\/types\/page"}],"replies":[{"embeddable":true,"href":"https:\/\/www.creaearredanegozi.it\/de\/wp-json\/wp\/v2\/comments?post=4989"}],"version-history":[{"count":0,"href":"https:\/\/www.creaearredanegozi.it\/de\/wp-json\/wp\/v2\/pages\/4989\/revisions"}],"up":[{"embeddable":true,"href":"https:\/\/www.creaearredanegozi.it\/de\/wp-json\/wp\/v2\/pages\/7"}],"wp:attachment":[{"href":"https:\/\/www.creaearredanegozi.it\/de\/wp-json\/wp\/v2\/media?parent=4989"}],"curies":[{"name":"wp","href":"https:\/\/api.w.org\/{rel}","templated":true}]}}