{"id":5000,"date":"2015-10-05T20:13:25","date_gmt":"2015-10-05T18:13:25","guid":{"rendered":"https:\/\/www.creaearredanegozi.it\/?page_id=5000"},"modified":"2025-04-03T12:26:42","modified_gmt":"2025-04-03T10:26:42","slug":"kontakte","status":"publish","type":"page","link":"https:\/\/www.creaearredanegozi.it\/de\/kontakte\/","title":{"rendered":"Unternehmen"},"content":{"rendered":"<div id=\"page-header-1396056969\" class=\"page-header-wrapper\">\n  <div class=\"page-title dark featured-title has-parallax\">\n\n    \n    <div class=\"page-title-inner container align-center text-center flex-row-col medium-flex-wrap\" data-parallax-fade=\"true\" data-parallax=\"-2\">\n              <div class=\"title-wrapper flex-col\">\n          <h1 class=\"entry-title mb-0\">\n            Das Unternehmen          <\/h1>\n        <\/div>\n                    <div class=\"title-content flex-col\">\n        <ul class=\"nav sm-touch-scroll nav-line nav-uppercase text-center nav-center\"><li class=\"nav-single-page hidden\"><\/li><\/ul>      <\/div>\n    <\/div>\n\n     \n<style>\n#page-header-1396056969 .page-title-inner {\n  min-height: 200px;\n}\n#page-header-1396056969 .title-bg {\n  background-position: 40% 39%;\n}\n<\/style>\n  <\/div>\n    <\/div>\n  \n\n\n\t<section class=\"section\" id=\"section_780805582\">\n\t\t<div class=\"section-bg fill\" >\n\t\t\t\t\t\t\t\t\t\n\t\t\t\n\n\t\t<\/div>\n\n\t\t\n\n\t\t<div class=\"section-content relative\">\n\t\t\t\n\n<div class=\"row\"  id=\"row-930719389\">\n\n\n\t<div id=\"col-593711808\" class=\"col small-12 large-12\"  >\n\t\t\t\t<div class=\"col-inner\" style=\"background-color:rgb(255,255,255);\" >\n\t\t\t\n\t\t\t\n\n<div class=\"text-center\"><div class=\"is-divider divider clearfix\" style=\"margin-top:10px;margin-bottom:10px;background-color:rgba(0, 0, 0, 0.16);\"><\/div><\/div>\n\n<div class=\"row align-center\"  id=\"row-1832149438\">\n\n\n\t<div id=\"col-1235230347\" class=\"col medium-9 small-10 large-12\"  >\n\t\t\t\t<div class=\"col-inner text-left\"  >\n\t\t\t\n\t\t\t\n\n<h2>Wer wir sind.<\/h2>\n<p>Crea E Arreda Negozi ist eine Abteilung von ELLECI Costruzioni srls. ELLECI wurde 2018 gegr\u00fcndet, als zwei Br\u00fcder beschlossen, ihre Kr\u00e4fte zu b\u00fcndeln und ihre jeweiligen Kompetenzen in einem Unternehmen zu vereinen. Die beiden Br\u00fcder sind seit mehr als 20 Jahren im Baugewerbe t\u00e4tig, denn sie arbeiteten bereits nach ihrem Studium zusammen mit ihrem Vater in diesem Sektor.<\/p>\n<p>Im Jahr 2022 kam ein weiterer Bruder ins Spiel, der ihm aufgrund seiner Kenntnisse, die er in der Gastronomie erworben hatte, das Projekt vorschlug <span style=\"color: #000080;\">Gestalten und dekorieren.<\/span><\/p>\n<p>Die Idee dahinter ist einfach: alle Kompetenzen zu b\u00fcndeln, um dem Markt eine komplette Dienstleistung anzubieten, die billiger ist, ohne dass die Qualit\u00e4t darunter leidet. Dies ist m\u00f6glich, weil wir die Gewinnspannen senken k\u00f6nnen, ohne die Gewinne zu sehr zu schm\u00e4lern.<\/p>\n\n\t\t<\/div>\n\t\t\t\t\n<style>\n#col-1235230347 > .col-inner {\n  margin: 20px 0px 20px 0px;\n}\n<\/style>\n\t<\/div>\n\n\t\n\n<\/div>\n<div class=\"row align-center\"  id=\"row-601615663\">\n\n\n\t<div id=\"col-1409753920\" class=\"col medium-11 small-12 large-12\"  >\n\t\t\t\t<div class=\"col-inner\"  >\n\t\t\t\n\t\t\t\n\n\n  <div class=\"banner has-hover has-parallax\" id=\"banner-938173077\">\n          <div class=\"banner-inner fill\">\n        <div class=\"banner-bg fill\" data-parallax=\"-6\" data-parallax-container=\".banner\" data-parallax-background>\n            <img decoding=\"async\" width=\"1020\" height=\"680\" src=\"https:\/\/www.creaearredanegozi.it\/wp-content\/uploads\/2022\/10\/sven-mieke-fteR0e2BzKo-unsplash-1200x800.jpg\" class=\"bg attachment-large size-large\" alt=\"\" title=\"\">                                    \n                    <\/div>\n\t\t\n        <div class=\"banner-layers container\">\n            <div class=\"fill banner-link\"><\/div>            \n\n\n        <\/div>\n      <\/div>\n\n            \n<style>\n#banner-938173077 {\n  padding-top: 300px;\n}\n@media (min-width:850px) {\n  #banner-938173077 {\n    padding-top: 350px;\n  }\n}\n<\/style>\n  <\/div>\n\n\n\n\t\t<\/div>\n\t\t\t\t\n<style>\n#col-1409753920 > .col-inner {\n  margin: 0px 0px -160px 0px;\n}\n<\/style>\n\t<\/div>\n\n\t\n\n<\/div>\n\n\t\t<\/div>\n\t\t\t\t\n<style>\n#col-593711808 > .col-inner {\n  padding: 50px 0px 0px 0px;\n  margin: -70px 0px 0px 0px;\n}\n<\/style>\n\t<\/div>\n\n\t\n\n<\/div>\n\n\t\t<\/div>\n\n\t\t\n<style>\n#section_780805582 {\n  padding-top: 30px;\n  padding-bottom: 30px;\n}\n<\/style>\n\t<\/section>\n\t\n\n\t<section class=\"section\" id=\"section_1344367373\">\n\t\t<div class=\"section-bg fill\" >\n\t\t\t\t\t\t\t\t\t\n\t\t\t\n\n\t\t<\/div>\n\n\t\t\n\n\t\t<div class=\"section-content relative\">\n\t\t\t\n\n<div class=\"row align-center\"  id=\"row-2132613839\">\n\n\n\t<div id=\"col-1303445495\" class=\"col medium-11 small-12 large-10\"  >\n\t\t\t\t<div class=\"col-inner\"  >\n\t\t\t\n\t\t\t\n\n<h2>WARUM SIE UNS W\u00c4HLEN<\/h2>\n<p>F\u00fcr Kompetenz, jahrzehntelange Erfahrung, die Zuverl\u00e4ssigkeit der Menschen und die damit verbundenen Einsparungen. Dies sind die wichtigsten Punkte bei der Auswahl eines m\u00f6glichen Lieferanten, aber wir halten es f\u00fcr wichtiger, dem potenziellen Kunden einen umfassenden Service bieten zu k\u00f6nnen, der die Er\u00f6ffnung eines neuen Unternehmens vereinfachen soll.<\/p>\n<p>\u00a0<\/p>\n\n\t\t<\/div>\n\t\t\t\t\t<\/div>\n\n\t\n\n\n<style>\n#row-2132613839 > .col > .col-inner {\n  padding: 50px 0px 20px 0px;\n}\n@media (min-width:550px) {\n  #row-2132613839 > .col > .col-inner {\n    padding: 100px 0px 50px 0px;\n  }\n}\n<\/style>\n<\/div>\n<div class=\"row align-center\"  id=\"row-1717087199\">\n\n\n\t<div id=\"col-395875250\" class=\"col medium-11 small-12 large-10\"  >\n\t\t\t\t<div class=\"col-inner\"  >\n\t\t\t\n\t\t\t\n\n<div class=\"row row-large align-middle\"  id=\"row-1738832176\">\n\n\n\t<div id=\"col-702934578\" class=\"col medium-4 small-12 large-6\"  >\n\t\t\t\t<div class=\"col-inner\"  >\n\t\t\t\n\t\t\t\n\n\n  <div class=\"banner has-hover\" id=\"banner-1809260598\">\n          <div class=\"banner-inner fill\">\n        <div class=\"banner-bg fill\" >\n            <img decoding=\"async\" width=\"400\" height=\"400\" src=\"https:\/\/www.creaearredanegozi.it\/wp-content\/uploads\/2022\/11\/Team-400x400.png\" class=\"bg attachment-medium size-medium\" alt=\"\" title=\"\">                                    \n                    <\/div>\n\t\t\n        <div class=\"banner-layers container\">\n            <div class=\"fill banner-link\"><\/div>            \n\n\n        <\/div>\n      <\/div>\n\n            \n<style>\n#banner-1809260598 {\n  padding-top: 300px;\n}\n#banner-1809260598 .banner-bg img {\n  object-position: 48% 49%;\n}\n@media (min-width:550px) {\n  #banner-1809260598 {\n    padding-top: 99.99%;\n  }\n}\n<\/style>\n  <\/div>\n\n\n\n\t\t<\/div>\n\t\t\t\t\t<\/div>\n\n\t\n\n\t<div id=\"col-1694514360\" class=\"col medium-8 small-12 large-6\"  >\n\t\t\t\t<div class=\"col-inner\"  >\n\t\t\t\n\t\t\t\n\n<h3>ALLES AN EINEM ORT, M\u00d6GLICH?<\/h3>\n<p>Ja, denn bei uns finden Sie alle Fachleute, die Sie f\u00fcr die Durchf\u00fchrung eines Projekts ben\u00f6tigen.<\/p>\n<p>Berater, Ingenieure, Elektriker, Maurer, Klempner, Fliesenleger, Maler, Sachverst\u00e4ndige, Architekten...<\/p>\n<a href=\"https:\/\/www.creaearredanegozi.it\/de\/was-wir-tun\/\" class=\"button primary is-underline\" >\n\t\t<span>Was wir tun<\/span>\n\t<\/a>\n\n\n\n\t\t<\/div>\n\t\t\t\t\t<\/div>\n\n\t\n\n<\/div>\n<div class=\"row row-large align-middle\"  id=\"row-391486878\">\n\n\n\t<div id=\"col-1182357350\" class=\"col medium-8 small-12 large-6\"  >\n\t\t\t\t<div class=\"col-inner\"  >\n\t\t\t\n\t\t\t\n\n<h3>Ihre Leidenschaft. Unsere Leidenschaft<\/h3>\n<p>Was uns auszeichnet, ist, dass wir alle drei mit Leidenschaft an jedem Projekt arbeiten und es zu unserem eigenen machen, damit es uns und den Kunden zufrieden stellt. Wir wissen, wie man ber\u00e4t, wir teilen unsere Ansichten, aber wir \u00fcberlassen keine Entscheidung dem Zufall. Alles, was wir tun, tun wir auf die bestm\u00f6gliche Art und Weise, die mit den Bed\u00fcrfnissen des Kunden vereinbar ist.<\/p>\n<a href=\"https:\/\/www.creaearredanegozi.it\/de\/barmobel-neapel-caserta\/\" class=\"button primary is-underline\" >\n\t\t<span>Abgedeckte Aktivit\u00e4ten<\/span>\n\t<\/a>\n\n\n\n\t\t<\/div>\n\t\t\t\t\t<\/div>\n\n\t\n\n\t<div id=\"col-488681537\" class=\"col medium-4 small-12 large-6 medium-col-first\"  >\n\t\t\t\t<div class=\"col-inner\"  >\n\t\t\t\n\t\t\t\n\n\n  <div class=\"banner has-hover\" id=\"banner-1005090872\">\n          <div class=\"banner-inner fill\">\n        <div class=\"banner-bg fill\" >\n            <img decoding=\"async\" width=\"536\" height=\"800\" src=\"https:\/\/www.creaearredanegozi.it\/wp-content\/uploads\/2022\/10\/block-2-info-page-company-about-536x800.jpg\" class=\"bg attachment-large size-large\" alt=\"\" title=\"\">                                    \n                    <\/div>\n\t\t\n        <div class=\"banner-layers container\">\n            <div class=\"fill banner-link\"><\/div>            \n\n\n        <\/div>\n      <\/div>\n\n            \n<style>\n#banner-1005090872 {\n  padding-top: 300px;\n}\n@media (min-width:550px) {\n  #banner-1005090872 {\n    padding-top: 99.99%;\n  }\n}\n<\/style>\n  <\/div>\n\n\n\n\t\t<\/div>\n\t\t\t\t\t<\/div>\n\n\t\n\n<\/div>\n\n\t\t<\/div>\n\t\t\t\t\t<\/div>\n\n\t\n\n<\/div>\n\n\t\t<\/div>\n\n\t\t\n<style>\n#section_1344367373 {\n  padding-top: 80px;\n  padding-bottom: 80px;\n  background-color: rgb(244, 244, 244);\n}\n<\/style>\n\t<\/section>","protected":false},"excerpt":{"rendered":"","protected":false},"author":3739,"featured_media":0,"parent":0,"menu_order":0,"comment_status":"closed","ping_status":"closed","template":"","meta":{"_monsterinsights_skip_tracking":false,"_monsterinsights_sitenote_active":false,"_monsterinsights_sitenote_note":"","_monsterinsights_sitenote_category":0,"footnotes":""},"class_list":["post-5000","page","type-page","status-publish","hentry"],"_links":{"self":[{"href":"https:\/\/www.creaearredanegozi.it\/de\/wp-json\/wp\/v2\/pages\/5000","targetHints":{"allow":["GET"]}}],"collection":[{"href":"https:\/\/www.creaearredanegozi.it\/de\/wp-json\/wp\/v2\/pages"}],"about":[{"href":"https:\/\/www.creaearredanegozi.it\/de\/wp-json\/wp\/v2\/types\/page"}],"author":[{"embeddable":true,"href":"https:\/\/www.creaearredanegozi.it\/de\/wp-json\/wp\/v2\/users\/3739"}],"replies":[{"embeddable":true,"href":"https:\/\/www.creaearredanegozi.it\/de\/wp-json\/wp\/v2\/comments?post=5000"}],"version-history":[{"count":0,"href":"https:\/\/www.creaearredanegozi.it\/de\/wp-json\/wp\/v2\/pages\/5000\/revisions"}],"wp:attachment":[{"href":"https:\/\/www.creaearredanegozi.it\/de\/wp-json\/wp\/v2\/media?parent=5000"}],"curies":[{"name":"wp","href":"https:\/\/api.w.org\/{rel}","templated":true}]}}