{"id":8664,"date":"2017-05-04T11:42:15","date_gmt":"2017-05-04T09:42:15","guid":{"rendered":"https:\/\/www.creaearredanegozi.it\/?page_id=8664"},"modified":"2026-03-26T11:51:59","modified_gmt":"2026-03-26T10:51:59","slug":"datenschutzbestimmungen","status":"publish","type":"page","link":"https:\/\/www.creaearredanegozi.it\/de\/datenschutzbestimmungen\/","title":{"rendered":"Datenschutzbestimmungen"},"content":{"rendered":"<section class=\"section\" id=\"section_479192913\">\n\t\t<div class=\"section-bg fill\" >\n\t\t\t\t\t\t\t\t\t\n\t\t\t\n\n\t\t<\/div>\n\n\t\t\n\n\t\t<div class=\"section-content relative\">\n\t\t\t\n\n<div class=\"row\"  id=\"row-1361907039\">\n\n\n\t<div id=\"col-974215045\" class=\"col small-12 large-12\"  >\n\t\t\t\t<div class=\"col-inner\"  >\n\t\t\t\n\t\t\t\n\n<h2>Datenschutzbestimmungen<\/h2>\n<div><strong><b>1. Datenkontrolleur<\/b><\/strong><br \/>ELLECI Costruzioni srls, mit Sitz in Via Salvator Rosa, 80014 Giugliano in c. (NA) (im Folgenden die \"Gesellschaft\", \"Crea e Arreda\" oder der \"Inhaber der Datenverarbeitung\") garantiert die Einhaltung der Vorschriften \u00fcber den Schutz personenbezogener Daten, indem sie die folgenden Informationen \u00fcber die Verarbeitung der Daten, die w\u00e4hrend der Navigation auf dieser Website mitgeteilt oder auf jeden Fall gesammelt werden, zur Verf\u00fcgung stellt.\n<p><strong><b>2. Verarbeitete Daten, Zweck und Rechtsgrundlage der Verarbeitung<\/b><\/strong><br \/><em>Durch den Zugriff auf die Website generierte Daten<\/em><br \/>Die f\u00fcr den Betrieb dieser Website verwendeten Computersysteme und Softwareverfahren erfassen im Rahmen ihres normalen Betriebs bestimmte Daten, deren \u00dcbermittlung durch die Verwendung von Internet-Kommunikationsprotokollen implizit ist.<br \/>Diese Daten (z. B. Dom\u00e4nennamen, IP-Adressen, verwendetes Betriebssystem, Art des Browsers, mit dem die Verbindung hergestellt wurde) werden nicht mit zus\u00e4tzlichen personenbezogenen Daten verkn\u00fcpft und f\u00fcr die folgenden Zwecke verwendet:<\/p>\n<ul>\n<li>I) anonyme statistische Informationen \u00fcber die Nutzung der Website zu erhalten;<\/li>\n<li>II) die Anforderungen an die Kontrolle seiner Verwendung zu erf\u00fcllen;<\/li>\n<li>III) die Feststellung der Haftung bei hypothetischen Computerstraftaten;<\/li>\n<\/ul>\n<p>Die Rechtsgrundlage, die die Verarbeitung dieser Daten rechtfertigt, ist die Notwendigkeit, die Funktionalit\u00e4ten der Website nach dem Zugriff der Nutzer nutzbar zu machen.<\/p>\n<p><b>Freiwillig vom Nutzer bereitgestellte Daten<\/b><br \/>I dati personali forniti dall\u2019utente tramite i moduli sono raccolti e trattati per le seguenti finalit\u00e0:<\/p>\n<ul>\n<li><strong>a.<\/strong> f\u00fcr die Durchf\u00fchrung von Kundenbeziehungsaktivit\u00e4ten. Insbesondere das Anmeldeformular der Website creaearredanegozi.it sammelt die pers\u00f6nlichen Daten des Benutzers, um in der Lage sein, das Konto zu aktivieren und damit den Zugang zur Website;<\/li>\n<li><strong>b.<\/strong> f\u00fcr Verwaltungszwecke und zur Erf\u00fcllung gesetzlicher Verpflichtungen wie Buchhaltung, Steuern, Rechnungsstellung oder zur Beantwortung von Anfragen von Justizbeh\u00f6rden;<\/li>\n<li><strong>c.<\/strong> bei Vorliegen einer ausdr\u00fccklichen Zustimmung f\u00fcr die regelm\u00e4\u00dfige Zusendung von Newslettern und Werbematerial per E-Mail;<\/li>\n<li><strong>d.<\/strong> in presenza di specifico consenso, per ricevere aggiornamenti sulle nostre attivit\u00e0 e segnalazioni sulla pubblicazione di post e prodotti del nostro negozio;<\/li>\n<li><strong>e.<\/strong> bei Vorliegen einer ausdr\u00fccklichen Einwilligung, um Werbemitteilungen und Einladungen zu Veranstaltungen, Schulungen, Webinaren, Sonderangeboten zu erhalten oder um an Analysen und Marktforschungen teilzunehmen;<\/li>\n<li><strong>f. Specificatamente per la funzione di contatto <\/strong><b><span style=\"color: #00a859;\">WhatsApp<\/span>,<\/b> Die angegebene Nummer wird weder f\u00fcr k\u00fcnftige Kontakte erfasst noch in irgendeiner Weise gespeichert oder an Dritte weitergegeben. Sie werden nur auf Ihre konkrete Anfrage hin oder f\u00fcr Folgeanfragen kontaktiert.<\/li>\n<\/ul>\n<p>Die Rechtsgrundlage f\u00fcr die Verarbeitung ist die Erf\u00fcllung eines Vertrags, an dem die betroffene Person beteiligt ist, oder die Durchf\u00fchrung vorvertraglicher Ma\u00dfnahmen, die auf Antrag der betroffenen Person erfolgen. In den ausdr\u00fccklich genannten F\u00e4llen ist die Rechtsgrundlage die von der betroffenen Person freiwillig erteilte Einwilligung.<\/p>\n<p><strong><b>3. Art der Verleihung<\/b><\/strong><br \/>Abgesehen von den Angaben zu den Navigationsdaten und den \u00fcber die Website von Crea e Arreda erhobenen Daten ist die Bereitstellung von Daten:<\/p>\n<ul>\n<li>rispetto alle finalit\u00e0 di cui alle lettere a. e b. \u00e8 facoltativo ma l\u2019eventuale rifiuto comporter\u00e0 l\u2019impossibilit\u00e0 per il Titolare di poter operare commercialmente verso l&#8217;utente.<\/li>\n<li>rispetto alle finalit\u00e0 di cui alla lettera c., d. ed e. \u00e8 anche esso facoltativo e il loro utilizzo \u00e8 condizionato al rilascio di un esplicito consenso. L\u2019eventuale rifiuto comporter\u00e0 l\u2019impossibilit\u00e0 per la Societ\u00e0 di inviare newsletter e materiale pubblicitario o inviti a eventi e iniziative di Crea e Arreda.<\/li>\n<\/ul>\n<p><strong><b>4. Verarbeitungsmethoden und Aufbewahrungsfristen f\u00fcr Daten<\/b><\/strong><br \/>Die gesammelten Daten werden mittels elektronischer oder auf jeden Fall automatisierter, informatischer und telematischer Instrumente oder mittels manueller Verarbeitung mit einer Logik verarbeitet, die streng mit den Zwecken zusammenh\u00e4ngt, f\u00fcr die die pers\u00f6nlichen Daten gesammelt wurden, und auf jeden Fall so, dass ihre Sicherheit gew\u00e4hrleistet ist. Die Daten werden so lange aufbewahrt, wie es f\u00fcr die Erf\u00fcllung der Zwecke, f\u00fcr die sie erhoben wurden, unter Einhaltung der geltenden Vorschriften und gesetzlichen Verpflichtungen unbedingt erforderlich ist.<\/p>\n<p>In jedem Fall praktiziert Crea e Arreda Regeln, die die Speicherung von Daten auf unbestimmte Zeit verhindern, und begrenzt daher die Speicherdauer gem\u00e4\u00df dem Grundsatz der Minimierung der Datenverarbeitung.<\/p>\n<p><strong><b>5. Bearbeitungsberechtigte, Verantwortliche und \u00dcbermittlung der Daten<\/b><\/strong><br \/>Die Verarbeitung der gesammelten Daten erfolgt durch das interne Personal von Crea e Arreda, das zu diesem Zweck gem\u00e4\u00df den spezifischen Anweisungen, die in \u00dcbereinstimmung mit den geltenden Rechtsvorschriften erteilt werden, identifiziert und autorisiert wurde.<\/p>\n<p>Die erhobenen Daten k\u00f6nnen, sofern sie f\u00fcr die Erf\u00fcllung der oben genannten Zwecke erforderlich oder hilfreich sind, von Dritten verarbeitet werden, die als externe Datenverarbeiter benannt werden oder denen sie gegebenenfalls als eigenst\u00e4ndige Inhaber der Datenverarbeitung mitgeteilt werden, und zwar<\/p>\n<ol type=\"i\">\n<li>Unternehmen, die f\u00fcr die unter 1. a) und b) genannten Zwecke zu unserer Unternehmensgruppe geh\u00f6ren;<\/li>\n<li>Personen, Gesellschaften, Vereinigungen oder Berufsverb\u00e4nde, die unser Unternehmen zu den in Punkt 1 Buchstabe b) genannten Zwecken unterst\u00fctzen und beraten;<\/li>\n<li>Unternehmen, Einrichtungen, Verb\u00e4nde, die Dienstleistungen erbringen, die mit der Erf\u00fcllung der oben genannten Zwecke zusammenh\u00e4ngen und dazu beitragen (Marktanalyse und Marktforschung, Verwaltung von Kreditkartenzahlungen, Wartung von Computersystemen).<\/li>\n<\/ol>\n<p>Die gesammelten Daten k\u00f6nnen auch ins Ausland, an Unternehmen, die zu unserer Unternehmensgruppe geh\u00f6ren oder nicht, auch au\u00dferhalb der Europ\u00e4ischen Union, in der Form und auf die Art und Weise \u00fcbermittelt werden, die von der geltenden Gesetzgebung vorgesehen ist, wobei ein angemessenes Schutzniveau gew\u00e4hrleistet wird.<\/p>\n<p>In jedem Fall werden personenbezogene Daten niemals weitergegeben.<\/p>\n<p><strong><b>6. Rechte der betroffenen Person<\/b><\/strong><br \/>Sie k\u00f6nnen jederzeit auf Ihre Daten zugreifen, der Verarbeitung widersprechen oder die L\u00f6schung, \u00c4nderung oder Aktualisierung der von Crea e Arreda erfassten personenbezogenen Daten verlangen und dabei Ihr Recht auf Einschr\u00e4nkung der Verarbeitung und Ihr Recht auf Daten\u00fcbertragbarkeit wahrnehmen, indem Sie eine E-Mail an\u00a0<b>info@creaearredanegozi.it<\/b><\/p>\n<p><strong><b>7. Datenschutzbeauftragter<\/b><\/strong><br \/>Der Eigent\u00fcmer hat einen Datenschutzbeauftragten ernannt, der unter folgender E-Mail-Adresse zu erreichen ist\u00a0<b>info@creaearredanegozi.it<\/b><\/p>\n<p><strong><b>Zuletzt aktualisiert:\u00a0<\/b><\/strong>31. M\u00e4rz 2023<\/p>\n<\/div>\n<hr \/>\n\n        <p class=\"form-row\">\n            <label class=\"checkbox\">\n                <input type=\"checkbox\" class=\"input-checkbox\" name=\"wordpress_gdpr_privacy_policy_accepted\"  id=\"accept-privacy-policy-checkbox\" required><span>Ich habe die Datenschutzbestimmungen gelesen und akzeptiere sie. <\/span><span class=\"required\">*<\/span>\n            <\/label><br>\n        <\/p>\n<hr \/>\n<p><strong>Cookie-Einstellungen<\/strong><\/p>\n<p>Wenn Sie Ihre Zustimmung \u00fcberpr\u00fcfen oder \u00e4ndern m\u00f6chten, klicken Sie auf <a href=\"https:\/\/www.creaearredanegozi.it\/de\/datenschutzzentrum\/\">Datenschutzzentrum<\/a><\/p>\n\n\t\t<\/div>\n\t\t\t\t\n<style>\n#col-974215045 > .col-inner {\n  padding: 20px 10px 10px 10px;\n}\n@media (min-width:550px) {\n  #col-974215045 > .col-inner {\n    padding: 20px 20px 20px 20px;\n  }\n}\n<\/style>\n\t<\/div>\n\n\t\n\n<\/div>\n\n\t\t<\/div>\n\n\t\t\n<style>\n#section_479192913 {\n  padding-top: 30px;\n  padding-bottom: 30px;\n}\n<\/style>\n\t<\/section>","protected":false},"excerpt":{"rendered":"","protected":false},"author":3739,"featured_media":0,"parent":0,"menu_order":0,"comment_status":"closed","ping_status":"closed","template":"","meta":{"_monsterinsights_skip_tracking":false,"_monsterinsights_sitenote_active":false,"_monsterinsights_sitenote_note":"","_monsterinsights_sitenote_category":0,"footnotes":""},"class_list":["post-8664","page","type-page","status-publish","hentry"],"_links":{"self":[{"href":"https:\/\/www.creaearredanegozi.it\/de\/wp-json\/wp\/v2\/pages\/8664","targetHints":{"allow":["GET"]}}],"collection":[{"href":"https:\/\/www.creaearredanegozi.it\/de\/wp-json\/wp\/v2\/pages"}],"about":[{"href":"https:\/\/www.creaearredanegozi.it\/de\/wp-json\/wp\/v2\/types\/page"}],"author":[{"embeddable":true,"href":"https:\/\/www.creaearredanegozi.it\/de\/wp-json\/wp\/v2\/users\/3739"}],"replies":[{"embeddable":true,"href":"https:\/\/www.creaearredanegozi.it\/de\/wp-json\/wp\/v2\/comments?post=8664"}],"version-history":[{"count":0,"href":"https:\/\/www.creaearredanegozi.it\/de\/wp-json\/wp\/v2\/pages\/8664\/revisions"}],"wp:attachment":[{"href":"https:\/\/www.creaearredanegozi.it\/de\/wp-json\/wp\/v2\/media?parent=8664"}],"curies":[{"name":"wp","href":"https:\/\/api.w.org\/{rel}","templated":true}]}}