{"id":10087,"date":"2018-02-27T17:07:30","date_gmt":"2018-02-27T16:07:30","guid":{"rendered":"https:\/\/www.creaearredanegozi.it\/?post_type=product&#038;p=10087"},"modified":"2024-07-18T13:12:09","modified_gmt":"2024-07-18T11:12:09","slug":"beheizte-buffetplatte-aus-edelstahl-mit-infrarotlampen-3x1-1-gn-103x53-1750-w","status":"publish","type":"product","link":"https:\/\/www.creaearredanegozi.it\/de\/beheizte-buffetplatte-aus-edelstahl-mit-infrarotlampen-3x1-1-gn-103x53-1750-w\/","title":{"rendered":"Beheizte Buffetplatte aus Edelstahl mit Infrarotstrahlern 3xGN1\/1 103\u00d753 1750W"},"content":{"rendered":"<p><strong>Beheizte Buffetplatte<\/strong> Edelstahl mit N.3-Infrarotlampen +30 +90 1750 W<\/p>\n<ul>\n<li><span class=\"descrizione_testo\">AISI 304 Edelstahlplatte oben<br \/>\n<\/span><\/li>\n<li><span class=\"descrizione_testo\">Oberer Rahmen aus rostfreiem Stahlrohr und -blech, integriert in die Oberseite, damit<br \/>\n<\/span><\/li>\n<li><span class=\"descrizione_testo\">einfaches Nebeneinanderstellen von anderen Einheiten<br \/>\n<\/span><\/li>\n<li><span class=\"descrizione_testo\">Gebogener Plexiglas-Atemschutz<br \/>\n<\/span><\/li>\n<li><span class=\"descrizione_testo\">Infrarotlampen, Leistung 250 W, rot<br \/>\n<\/span><\/li>\n<li><span class=\"descrizione_testo\">Heizung mit elektrischem Widerstand<br \/>\n<\/span><\/li>\n<li><span class=\"descrizione_testo\">Separate Netzschalter f\u00fcr Kochplatte und Lampen, mit Kontrollleuchte<br \/>\n<\/span><\/li>\n<li><span class=\"descrizione_testo\">Tischthermostat einstellbar von + 30\u00b0C bis + 90\u00b0C<br \/>\n<\/span><\/li>\n<li><span class=\"descrizione_testo\">Netzspannung 230 Volt einphasig-50\/60 Hz<br \/>\n<\/span><\/li>\n<li><span class=\"descrizione_testo\">Gummist\u00fctzf\u00fc\u00dfe<br \/>\n<\/span><\/li>\n<li><span class=\"descrizione_testo\">Leistung 1650 W<br \/>\n<\/span><\/li>\n<li><span class=\"descrizione_testo\">Gesamtabmessungen - cm 103x53x70<\/span><\/li>\n<li>Geeignet f\u00fcr die Aufnahme von 3 GN1\/1 Tabletts<\/li>\n<\/ul>","protected":false},"excerpt":{"rendered":"<p>Piano Riscaldato Piastra Buffet in acciaio inox con N.3 lampade infrarossi +30 +90 1750 W Piano in lamiera di acciaio inox AISI 304 Telaio superiore in tubo e lamiera di acciaio inox, integrato nel piano per consentire un facile accostamento di altre unit\u00e0 Parafiato in plexiglass curvo Lampade a infrarossi, potenza 250 W, di colore [&#8230;]","protected":false},"featured_media":128363,"comment_status":"open","ping_status":"closed","template":"","meta":{"_monsterinsights_skip_tracking":false,"_monsterinsights_sitenote_active":false,"_monsterinsights_sitenote_note":"","_monsterinsights_sitenote_category":0},"product_brand":[],"product_cat":[341,66,335],"product_tag":[],"class_list":{"0":"post-10087","1":"product","2":"type-product","3":"status-publish","4":"has-post-thumbnail","6":"product_cat-accessori-self-service","7":"product_cat-piani-caldi-lampade-infrarosso","8":"product_cat-self-service","9":"product_shipping_class-32","10":"pa_marca-metalcarrelli","12":"first","13":"instock","14":"taxable","15":"shipping-taxable","16":"purchasable","17":"product-type-simple"},"_links":{"self":[{"href":"https:\/\/www.creaearredanegozi.it\/de\/wp-json\/wp\/v2\/product\/10087","targetHints":{"allow":["GET"]}}],"collection":[{"href":"https:\/\/www.creaearredanegozi.it\/de\/wp-json\/wp\/v2\/product"}],"about":[{"href":"https:\/\/www.creaearredanegozi.it\/de\/wp-json\/wp\/v2\/types\/product"}],"replies":[{"embeddable":true,"href":"https:\/\/www.creaearredanegozi.it\/de\/wp-json\/wp\/v2\/comments?post=10087"}],"wp:featuredmedia":[{"embeddable":true,"href":"https:\/\/www.creaearredanegozi.it\/de\/wp-json\/wp\/v2\/media\/128363"}],"wp:attachment":[{"href":"https:\/\/www.creaearredanegozi.it\/de\/wp-json\/wp\/v2\/media?parent=10087"}],"wp:term":[{"taxonomy":"product_brand","embeddable":true,"href":"https:\/\/www.creaearredanegozi.it\/de\/wp-json\/wp\/v2\/product_brand?post=10087"},{"taxonomy":"product_cat","embeddable":true,"href":"https:\/\/www.creaearredanegozi.it\/de\/wp-json\/wp\/v2\/product_cat?post=10087"},{"taxonomy":"product_tag","embeddable":true,"href":"https:\/\/www.creaearredanegozi.it\/de\/wp-json\/wp\/v2\/product_tag?post=10087"}],"curies":[{"name":"wp","href":"https:\/\/api.w.org\/{rel}","templated":true}]}}