{"id":10092,"date":"2018-02-27T17:31:51","date_gmt":"2018-02-27T16:31:51","guid":{"rendered":"https:\/\/www.creaearredanegozi.it\/?post_type=product&#038;p=10092"},"modified":"2024-07-18T12:57:35","modified_gmt":"2024-07-18T10:57:35","slug":"edelstahlrahmen-mit-infrarotlampen-1x1-1-gn-38x53-250-w","status":"publish","type":"product","link":"https:\/\/www.creaearredanegozi.it\/de\/edelstahlrahmen-mit-infrarotlampen-1x1-1-gn-38x53-250-w\/","title":{"rendered":"Edelstahlrahmen mit Infrarotlampe 1xGN 1\/1 38\u00d753 250W"},"content":{"rendered":"<p><strong>Rahmen mit Infrarotlampe<\/strong> Edelstahl 250 W<\/p>\n<ul>\n<li><span class=\"descrizione_testo\">Rahmen aus Stahlrohr und Stahlblech<br \/>\n<\/span><\/li>\n<li><span class=\"descrizione_testo\">Gebogener Plexiglas-Atemschutz<br \/>\n<\/span><\/li>\n<li><span class=\"descrizione_testo\">Infrarotlampen, Leistung 250 W, rot<br \/>\n<\/span><\/li>\n<li><span class=\"descrizione_testo\">Netzschalter mit Kontrollleuchte<br \/>\n<\/span><\/li>\n<li><span class=\"descrizione_testo\">Netzspannung 230 Volt einphasig-50\/60 Hz<br \/>\n<\/span><\/li>\n<li><span class=\"descrizione_testo\">Gummist\u00fctzf\u00fc\u00dfe<br \/>\n<\/span><\/li>\n<li><span class=\"descrizione_testo\">Leistung 250 W<br \/>\n<\/span><\/li>\n<li><span class=\"descrizione_testo\">Gesamtabmessungen - 38x53x70 cm<\/span><\/li>\n<li>Geeignet zur Abdeckung von 1 GN 1\/1 Tablett<\/li>\n<\/ul>","protected":false},"excerpt":{"rendered":"<p>Telaio con lampada infrarossi in acciaio inox 250 W Telaio in tubo e lamiera di acciaio inox Parafiato in plexiglass curvo Lampade a infrarossi, potenza 250 W, di colore rosso Interruttore di accensione con spia luminosa Tensione rete 230 Volt monofase-50\/60 Hz Piedini di appoggio in gomma Potenza 250 W Dimensioni ingombro &#8211; cm 38x53x70 [&#8230;]","protected":false},"featured_media":10093,"comment_status":"open","ping_status":"closed","template":"","meta":{"_monsterinsights_skip_tracking":false,"_monsterinsights_sitenote_active":false,"_monsterinsights_sitenote_note":"","_monsterinsights_sitenote_category":0},"product_brand":[],"product_cat":[341,66,335],"product_tag":[],"class_list":{"0":"post-10092","1":"product","2":"type-product","3":"status-publish","4":"has-post-thumbnail","6":"product_cat-accessori-self-service","7":"product_cat-piani-caldi-lampade-infrarosso","8":"product_cat-self-service","9":"product_shipping_class-38","10":"pa_marca-metalcarrelli","12":"first","13":"instock","14":"taxable","15":"shipping-taxable","16":"purchasable","17":"product-type-simple"},"_links":{"self":[{"href":"https:\/\/www.creaearredanegozi.it\/de\/wp-json\/wp\/v2\/product\/10092","targetHints":{"allow":["GET"]}}],"collection":[{"href":"https:\/\/www.creaearredanegozi.it\/de\/wp-json\/wp\/v2\/product"}],"about":[{"href":"https:\/\/www.creaearredanegozi.it\/de\/wp-json\/wp\/v2\/types\/product"}],"replies":[{"embeddable":true,"href":"https:\/\/www.creaearredanegozi.it\/de\/wp-json\/wp\/v2\/comments?post=10092"}],"wp:featuredmedia":[{"embeddable":true,"href":"https:\/\/www.creaearredanegozi.it\/de\/wp-json\/wp\/v2\/media\/10093"}],"wp:attachment":[{"href":"https:\/\/www.creaearredanegozi.it\/de\/wp-json\/wp\/v2\/media?parent=10092"}],"wp:term":[{"taxonomy":"product_brand","embeddable":true,"href":"https:\/\/www.creaearredanegozi.it\/de\/wp-json\/wp\/v2\/product_brand?post=10092"},{"taxonomy":"product_cat","embeddable":true,"href":"https:\/\/www.creaearredanegozi.it\/de\/wp-json\/wp\/v2\/product_cat?post=10092"},{"taxonomy":"product_tag","embeddable":true,"href":"https:\/\/www.creaearredanegozi.it\/de\/wp-json\/wp\/v2\/product_tag?post=10092"}],"curies":[{"name":"wp","href":"https:\/\/api.w.org\/{rel}","templated":true}]}}