{"id":10097,"date":"2018-02-27T17:50:31","date_gmt":"2018-02-27T16:50:31","guid":{"rendered":"https:\/\/www.creaearredanegozi.it\/?post_type=product&#038;p=10097"},"modified":"2024-07-18T12:54:21","modified_gmt":"2024-07-18T10:54:21","slug":"telaio-in-acciaio-inox-con-lampade-ad-infrarossi-3x1-1-gn-103x53-750-w","status":"publish","type":"product","link":"https:\/\/www.creaearredanegozi.it\/de\/telaio-in-acciaio-inox-con-lampade-ad-infrarossi-3x1-1-gn-103x53-750-w\/","title":{"rendered":"Edelstahlrahmen mit Infrarotlampen 3xGN 1\/1 - 103\u00d753 750W"},"content":{"rendered":"<p><strong>Telaio con N.3 lampade infrarossi<\/strong> in acciaio inox 750 W<\/p>\n<ul>\n<li><span class=\"descrizione_testo\">Rahmen aus Stahlrohr und Stahlblech<br \/>\n<\/span><\/li>\n<li><span class=\"descrizione_testo\">Gebogener Plexiglas-Atemschutz<br \/>\n<\/span><\/li>\n<li><span class=\"descrizione_testo\">Infrarotlampen, Leistung je 250 W, rot<br \/>\n<\/span><\/li>\n<li><span class=\"descrizione_testo\">Netzschalter mit Kontrollleuchte<br \/>\n<\/span><\/li>\n<li><span class=\"descrizione_testo\">Netzspannung 230 Volt einphasig-50\/60 Hz<br \/>\n<\/span><\/li>\n<li><span class=\"descrizione_testo\">Gummist\u00fctzf\u00fc\u00dfe<br \/>\n<\/span><\/li>\n<li><span class=\"descrizione_testo\">Potenza massima assorbita: 750 W<br \/>\n<\/span><\/li>\n<li><span class=\"descrizione_testo\">Gesamtabmessungen - cm 103x53x70<br \/>\n<\/span><\/li>\n<\/ul>","protected":false},"excerpt":{"rendered":"<p>Telaio con N.3 lampade infrarossi in acciaio inox 750 W Telaio in tubo e lamiera di acciaio inox Parafiato in plexiglass curvo Lampade a infrarossi, potenza cad. 250 W, di colore rosso Interruttore di accensione con spia luminosa Tensione rete 230 Volt monofase-50\/60 Hz Piedini di appoggio in gomma Potenza massima assorbita: 750 W Dimensioni [&#8230;]","protected":false},"featured_media":10098,"comment_status":"open","ping_status":"closed","template":"","meta":{"_monsterinsights_skip_tracking":false,"_monsterinsights_sitenote_active":false,"_monsterinsights_sitenote_note":"","_monsterinsights_sitenote_category":0},"product_brand":[],"product_cat":[341,66,335],"product_tag":[],"class_list":{"0":"post-10097","1":"product","2":"type-product","3":"status-publish","4":"has-post-thumbnail","6":"product_cat-accessori-self-service","7":"product_cat-piani-caldi-lampade-infrarosso","8":"product_cat-self-service","9":"product_shipping_class-681","10":"pa_marca-metalcarrelli","12":"first","13":"instock","14":"taxable","15":"shipping-taxable","16":"purchasable","17":"product-type-simple"},"_links":{"self":[{"href":"https:\/\/www.creaearredanegozi.it\/de\/wp-json\/wp\/v2\/product\/10097","targetHints":{"allow":["GET"]}}],"collection":[{"href":"https:\/\/www.creaearredanegozi.it\/de\/wp-json\/wp\/v2\/product"}],"about":[{"href":"https:\/\/www.creaearredanegozi.it\/de\/wp-json\/wp\/v2\/types\/product"}],"replies":[{"embeddable":true,"href":"https:\/\/www.creaearredanegozi.it\/de\/wp-json\/wp\/v2\/comments?post=10097"}],"wp:featuredmedia":[{"embeddable":true,"href":"https:\/\/www.creaearredanegozi.it\/de\/wp-json\/wp\/v2\/media\/10098"}],"wp:attachment":[{"href":"https:\/\/www.creaearredanegozi.it\/de\/wp-json\/wp\/v2\/media?parent=10097"}],"wp:term":[{"taxonomy":"product_brand","embeddable":true,"href":"https:\/\/www.creaearredanegozi.it\/de\/wp-json\/wp\/v2\/product_brand?post=10097"},{"taxonomy":"product_cat","embeddable":true,"href":"https:\/\/www.creaearredanegozi.it\/de\/wp-json\/wp\/v2\/product_cat?post=10097"},{"taxonomy":"product_tag","embeddable":true,"href":"https:\/\/www.creaearredanegozi.it\/de\/wp-json\/wp\/v2\/product_tag?post=10097"}],"curies":[{"name":"wp","href":"https:\/\/api.w.org\/{rel}","templated":true}]}}