{"id":10426,"date":"2018-03-07T10:57:32","date_gmt":"2018-03-07T09:57:32","guid":{"rendered":"https:\/\/www.creaearredanegozi.it\/?post_type=product&#038;p=10426"},"modified":"2023-07-03T20:05:29","modified_gmt":"2023-07-03T18:05:29","slug":"5-50-kg-1300-1800-w-br-serie-teigkneter-mit-tauchenden-armen","status":"publish","type":"product","link":"https:\/\/www.creaearredanegozi.it\/de\/5-50-kg-1300-1800-w-br-serie-teigkneter-mit-tauchenden-armen\/","title":{"rendered":"5\/50 kg Kolbenmischer 1300\/1800 W Serie BR"},"content":{"rendered":"<h3><strong>Kneter mit tauchenden Armen<\/strong> 5\/50 kg.<\/h3>\n<p>Der Teigkneter mit Taucharmen ist die ideale Maschine f\u00fcr den professionellen Einsatz in Konditoreien, B\u00e4ckereien und Pizzerien. Die Verwendung des Taucharmsystems erm\u00f6glicht eine hervorragende Sauerstoffzufuhr zum Teig.<\/p>\n<div>\n<div>\n<p><strong>Technische Daten<\/strong><\/p>\n<ul>\n<li>Bewegliche Teile auf Kugellagern montiert.<\/li>\n<li>Die Bewegung des Arms erfolgt \u00fcber selbstschmierende Nylonzahnr\u00e4der.<\/li>\n<li>\u00c4u\u00dferst ger\u00e4uscharmer Betrieb.<\/li>\n<li>Knetarme und Sch\u00fcssel aus rostfreiem Stahl AISI 304.<\/li>\n<li>Zeitschaltuhr als Standard.<\/li>\n<li>Geschlossener Tankdeckel gegen das Auslaufen von Mehl, aus hochstabilem, transparentem Kunststoff.<\/li>\n<li>Erh\u00e4ltlich in dreiphasigen Versionen mit 1 und 2 Geschwindigkeiten und in einphasigen Versionen mit variabler Geschwindigkeit.<\/li>\n<li>Ausgestattet mit R\u00e4dern f\u00fcr den Transport und zwei Stabilisierungsf\u00fc\u00dfen.<\/li>\n<li>Teigkapazit\u00e4t 5\/50.<\/li>\n<li>Fassungsverm\u00f6gen des Mehls 3\/33.<\/li>\n<li>Doppelte Armgeschwindigkeit 40\/60 min.<\/li>\n<li>Drehstromarme mit variabler Geschwindigkeit von 40 bis 60 Minuten.<\/li>\n<li>Wannengr\u00f6\u00dfe 550 x 340.<\/li>\n<li>Motorleistung Dual Speed 1300\/1800 W.<\/li>\n<li>Dreiphasige Motorleistung mit variabler Drehzahl 2200 W.<\/li>\n<li>Gewicht 280 kg.<\/li>\n<\/ul>\n<p><img decoding=\"async\" class=\"wp-image-10423 aligncenter\" src=\"https:\/\/www.creaearredanegozi.it\/wp-content\/uploads\/2018\/03\/BR40D-1.png\" alt=\"\" width=\"288\" height=\"288\" title=\"\" srcset=\"https:\/\/www.creaearredanegozi.it\/wp-content\/uploads\/2018\/03\/BR40D-1.png 400w, https:\/\/www.creaearredanegozi.it\/wp-content\/uploads\/2018\/03\/BR40D-1-250x250.png 250w, https:\/\/www.creaearredanegozi.it\/wp-content\/uploads\/2018\/03\/BR40D-1-100x100.png 100w, https:\/\/www.creaearredanegozi.it\/wp-content\/uploads\/2018\/03\/BR40D-1-64x64.png 64w, https:\/\/www.creaearredanegozi.it\/wp-content\/uploads\/2018\/03\/BR40D-1-200x200.png 200w\" sizes=\"(max-width: 288px) 100vw, 288px\" \/> <img decoding=\"async\" class=\"wp-image-10424 aligncenter\" src=\"https:\/\/www.creaearredanegozi.it\/wp-content\/uploads\/2018\/03\/BR40D-2.jpg\" alt=\"\" width=\"282\" height=\"282\" title=\"\" srcset=\"https:\/\/www.creaearredanegozi.it\/wp-content\/uploads\/2018\/03\/BR40D-2.jpg 400w, https:\/\/www.creaearredanegozi.it\/wp-content\/uploads\/2018\/03\/BR40D-2-250x250.jpg 250w, https:\/\/www.creaearredanegozi.it\/wp-content\/uploads\/2018\/03\/BR40D-2-100x100.jpg 100w, https:\/\/www.creaearredanegozi.it\/wp-content\/uploads\/2018\/03\/BR40D-2-64x64.jpg 64w, https:\/\/www.creaearredanegozi.it\/wp-content\/uploads\/2018\/03\/BR40D-2-200x200.jpg 200w\" sizes=\"(max-width: 282px) 100vw, 282px\" \/><\/p>\n<\/div>\n<\/div>","protected":false},"excerpt":{"rendered":"<p>Impastatrice a bracci tuffanti da 5\/50 kg. L\u2019impastatrice a bracci tuffanti \u00e8 la macchina ideale per un utilizzo professionale in pasticceria, panificazione e pizzeria. L\u2019utilizzo del sistema a bracci tuffanti consente un eccellente ossigenazione degli impasti. Caratteristiche Tecniche Parti in movimento montate su cuscinetti a sfera. Movimento dei bracci realizzato con ingranaggi in nylon autolubrificante. [&#8230;]","protected":false},"featured_media":10425,"comment_status":"closed","ping_status":"closed","template":"","meta":{"_monsterinsights_skip_tracking":false,"_monsterinsights_sitenote_active":false,"_monsterinsights_sitenote_note":"","_monsterinsights_sitenote_category":0},"product_brand":[],"product_cat":[296,299,17,169,188],"product_tag":[],"class_list":{"0":"post-10426","1":"product","2":"type-product","3":"status-publish","4":"has-post-thumbnail","6":"product_cat-a-bracci","7":"product_cat-a-bracci-impastatrici","8":"product_cat-impastatrici","9":"product_cat-impastatrici-ristorazione","10":"product_cat-impastatrici-attrezzature-per-pizzeria","11":"product_shipping_class-i","13":"first","14":"instock","15":"taxable","16":"shipping-taxable","17":"purchasable","18":"product-type-variable"},"_links":{"self":[{"href":"https:\/\/www.creaearredanegozi.it\/de\/wp-json\/wp\/v2\/product\/10426","targetHints":{"allow":["GET"]}}],"collection":[{"href":"https:\/\/www.creaearredanegozi.it\/de\/wp-json\/wp\/v2\/product"}],"about":[{"href":"https:\/\/www.creaearredanegozi.it\/de\/wp-json\/wp\/v2\/types\/product"}],"replies":[{"embeddable":true,"href":"https:\/\/www.creaearredanegozi.it\/de\/wp-json\/wp\/v2\/comments?post=10426"}],"wp:featuredmedia":[{"embeddable":true,"href":"https:\/\/www.creaearredanegozi.it\/de\/wp-json\/wp\/v2\/media\/10425"}],"wp:attachment":[{"href":"https:\/\/www.creaearredanegozi.it\/de\/wp-json\/wp\/v2\/media?parent=10426"}],"wp:term":[{"taxonomy":"product_brand","embeddable":true,"href":"https:\/\/www.creaearredanegozi.it\/de\/wp-json\/wp\/v2\/product_brand?post=10426"},{"taxonomy":"product_cat","embeddable":true,"href":"https:\/\/www.creaearredanegozi.it\/de\/wp-json\/wp\/v2\/product_cat?post=10426"},{"taxonomy":"product_tag","embeddable":true,"href":"https:\/\/www.creaearredanegozi.it\/de\/wp-json\/wp\/v2\/product_tag?post=10426"}],"curies":[{"name":"wp","href":"https:\/\/api.w.org\/{rel}","templated":true}]}}