{"id":11055,"date":"2018-03-30T15:37:58","date_gmt":"2018-03-30T13:37:58","guid":{"rendered":"https:\/\/www.creaearredanegozi.it\/?post_type=product&#038;p=11055"},"modified":"2023-11-27T19:55:35","modified_gmt":"2023-11-27T18:55:35","slug":"3500-watt-induktionskochfeld-aus-edelstahl-und-glaskeramik-mit-zeitschaltuhr","status":"publish","type":"product","link":"https:\/\/www.creaearredanegozi.it\/de\/3500-watt-induktionskochfeld-aus-edelstahl-und-glaskeramik-mit-zeitschaltuhr\/","title":{"rendered":"Induktionskochfeld mit 3500-Watt-Timer aus Edelstahl und Glaskeramik"},"content":{"rendered":"<h3>Induktionskochfeld mit 3500-Watt-Timer aus Edelstahl und Glaskeramik.<\/h3>\n<p>Rahmen aus rostfreiem Stahl. Schott Ceran-Glaskeramik. Individuell einstellbare Zeitschaltuhr, Leistungsstufe und Temperatur. Topf-Anwesenheitssensor. Mit 10 Leistungsstufen. Timer von 1 bis 180 Minuten einstellbar in 1-Minuten-Schritten. Temperaturwahl von 60 \u00b0C bis 240 \u00b0C. W\u00e4rmeschutz, doppeltes K\u00fchlgebl\u00e4se mit Filter. Digitales Display und Touch-Bedienung.<\/p>\n<table class=\"table table-striped\">\n<tbody>\n<tr>\n<td colspan=\"2\">\n<h4>Technische Daten<\/h4>\n<\/td>\n<\/tr>\n<tr>\n<td>Leistung in Watt<\/td>\n<td>3500<\/td>\n<\/tr>\n<tr>\n<td>Stromversorgung<\/td>\n<td>230\/1N\/50<\/td>\n<\/tr>\n<tr>\n<td>Induktive Oberfl\u00e4che<\/td>\n<td><span class=\"st\"> \u2300<\/span>175<span class=\"Y0NH2b CLPzrc\">\u00f7260<\/span><\/td>\n<\/tr>\n<tr>\n<td>\u00c4u\u00dfere Abmessungen (mm)<\/td>\n<td>355 x 440 x 120h<\/td>\n<\/tr>\n<tr>\n<td>Nettogewicht Kg<\/td>\n<td>6,8<\/td>\n<\/tr>\n<tr>\n<td>Bruttogewicht kg<\/td>\n<td>8,5<\/td>\n<\/tr>\n<\/tbody>\n<\/table>","protected":false},"excerpt":{"rendered":"<p>Piastra ad induzione con Timer 3500 Watt in acciaio inox e vetroceramica. Struttura in acciaio inox. Vetroceramica Schott Ceran. Timer, livello di potenza e temperatura regolabili individualmente. Sensore presenza pentola. Con 10 livelli di potenza. Timer da 1 a 180 minuti regolabile ad intervalli di 1 minuto. Selezione temperatura da 60 \u00b0C a 240 \u00b0C. [&#8230;]","protected":false},"featured_media":11057,"comment_status":"closed","ping_status":"closed","template":"","meta":{"_monsterinsights_skip_tracking":false,"_monsterinsights_sitenote_active":false,"_monsterinsights_sitenote_note":"","_monsterinsights_sitenote_category":0},"product_brand":[],"product_cat":[88],"product_tag":[],"class_list":{"0":"post-11055","1":"product","2":"type-product","3":"status-publish","4":"has-post-thumbnail","6":"product_cat-a-induzione","7":"product_shipping_class-48","9":"first","10":"outofstock","11":"taxable","12":"shipping-taxable","13":"purchasable","14":"product-type-simple"},"_links":{"self":[{"href":"https:\/\/www.creaearredanegozi.it\/de\/wp-json\/wp\/v2\/product\/11055","targetHints":{"allow":["GET"]}}],"collection":[{"href":"https:\/\/www.creaearredanegozi.it\/de\/wp-json\/wp\/v2\/product"}],"about":[{"href":"https:\/\/www.creaearredanegozi.it\/de\/wp-json\/wp\/v2\/types\/product"}],"replies":[{"embeddable":true,"href":"https:\/\/www.creaearredanegozi.it\/de\/wp-json\/wp\/v2\/comments?post=11055"}],"wp:featuredmedia":[{"embeddable":true,"href":"https:\/\/www.creaearredanegozi.it\/de\/wp-json\/wp\/v2\/media\/11057"}],"wp:attachment":[{"href":"https:\/\/www.creaearredanegozi.it\/de\/wp-json\/wp\/v2\/media?parent=11055"}],"wp:term":[{"taxonomy":"product_brand","embeddable":true,"href":"https:\/\/www.creaearredanegozi.it\/de\/wp-json\/wp\/v2\/product_brand?post=11055"},{"taxonomy":"product_cat","embeddable":true,"href":"https:\/\/www.creaearredanegozi.it\/de\/wp-json\/wp\/v2\/product_cat?post=11055"},{"taxonomy":"product_tag","embeddable":true,"href":"https:\/\/www.creaearredanegozi.it\/de\/wp-json\/wp\/v2\/product_tag?post=11055"}],"curies":[{"name":"wp","href":"https:\/\/api.w.org\/{rel}","templated":true}]}}