{"id":11142,"date":"2018-03-31T12:10:27","date_gmt":"2018-03-31T10:10:27","guid":{"rendered":"https:\/\/www.creaearredanegozi.it\/?post_type=product&#038;p=11142"},"modified":"2023-07-03T19:50:59","modified_gmt":"2023-07-03T17:50:59","slug":"impastatrice-a-spirale-10-kg-370w","status":"publish","type":"product","link":"https:\/\/www.creaearredanegozi.it\/de\/impastatrice-a-spirale-10-kg-370w\/","title":{"rendered":"Impastatrice a spirale 10 Kg 370W"},"content":{"rendered":"<h3>Impastatrice a spirale 10 Kg 370W.<\/h3>\n<p>Spiralkneter f\u00fcr Brot- und Pizzateig. Sch\u00fcssel, Spirale und Teigspalterstab aus Edelstahl. Rostschutzabdeckung aus Edelstahl serienm\u00e4\u00dfig bei allen Modellen. <strong>Fester Kopf und Tank<\/strong>.<\/p>\n<table class=\"table table-striped\">\n<tbody>\n<tr>\n<td colspan=\"2\">\n<h4>Technische Daten<\/h4>\n<\/td>\n<\/tr>\n<tr>\n<td>Leistung in Watt<\/td>\n<td>370<\/td>\n<\/tr>\n<tr>\n<td>Stromversorgung<\/td>\n<td>230\/1N\/50<\/td>\n<\/tr>\n<tr>\n<td>Kapazit\u00e4t des Teigs Kg<\/td>\n<td>10<\/td>\n<\/tr>\n<tr>\n<td>Tankinhalt Kg<\/td>\n<td>15<\/td>\n<\/tr>\n<tr>\n<td>Abmessungen des Tanks cm<\/td>\n<td><span class=\"st\">\u2300<\/span> 30x21h<\/td>\n<\/tr>\n<tr>\n<td>Produktion pro Stunde Kg\/h<\/td>\n<td><span class=\"st\">40<\/span><\/td>\n<\/tr>\n<tr>\n<td>\u00c4u\u00dfere Abmessungen (mm)<\/td>\n<td>320 x 590 x 570h<\/td>\n<\/tr>\n<tr>\n<td>Nettogewicht Kg<\/td>\n<td>50<\/td>\n<\/tr>\n<tr>\n<td>Bruttogewicht kg<\/td>\n<td>64<\/td>\n<\/tr>\n<\/tbody>\n<\/table>","protected":false},"excerpt":{"rendered":"<p>Impastatrice a spirale 10 Kg 370W. Impastatrici a spirale per impasti per pane e pizza. Vasca, spirale e asta spaccapasta in acciaio inox. Coperchio di protezione grigliato in acciaio inox standard su tutti i modelli. Testa e vasca fissi. Caratteristiche Tecniche Potenza Watt 370 Alimentazione 230\/1N\/50 Capacit\u00e0 impasto Kg 10 Capacit\u00e0 Vasca Kg 15 Dimensioni [&#8230;]","protected":false},"featured_media":11141,"comment_status":"closed","ping_status":"closed","template":"","meta":{"_monsterinsights_skip_tracking":false,"_monsterinsights_sitenote_active":false,"_monsterinsights_sitenote_note":"","_monsterinsights_sitenote_category":0},"product_brand":[],"product_cat":[295,297,17,169,188],"product_tag":[],"class_list":{"0":"post-11142","1":"product","2":"type-product","3":"status-publish","4":"has-post-thumbnail","6":"product_cat-a-spirale","7":"product_cat-a-spirale-impastatrici","8":"product_cat-impastatrici","9":"product_cat-impastatrici-ristorazione","10":"product_cat-impastatrici-attrezzature-per-pizzeria","11":"product_shipping_class-f","13":"first","14":"instock","15":"taxable","16":"shipping-taxable","17":"purchasable","18":"product-type-simple"},"_links":{"self":[{"href":"https:\/\/www.creaearredanegozi.it\/de\/wp-json\/wp\/v2\/product\/11142","targetHints":{"allow":["GET"]}}],"collection":[{"href":"https:\/\/www.creaearredanegozi.it\/de\/wp-json\/wp\/v2\/product"}],"about":[{"href":"https:\/\/www.creaearredanegozi.it\/de\/wp-json\/wp\/v2\/types\/product"}],"replies":[{"embeddable":true,"href":"https:\/\/www.creaearredanegozi.it\/de\/wp-json\/wp\/v2\/comments?post=11142"}],"wp:featuredmedia":[{"embeddable":true,"href":"https:\/\/www.creaearredanegozi.it\/de\/wp-json\/wp\/v2\/media\/11141"}],"wp:attachment":[{"href":"https:\/\/www.creaearredanegozi.it\/de\/wp-json\/wp\/v2\/media?parent=11142"}],"wp:term":[{"taxonomy":"product_brand","embeddable":true,"href":"https:\/\/www.creaearredanegozi.it\/de\/wp-json\/wp\/v2\/product_brand?post=11142"},{"taxonomy":"product_cat","embeddable":true,"href":"https:\/\/www.creaearredanegozi.it\/de\/wp-json\/wp\/v2\/product_cat?post=11142"},{"taxonomy":"product_tag","embeddable":true,"href":"https:\/\/www.creaearredanegozi.it\/de\/wp-json\/wp\/v2\/product_tag?post=11142"}],"curies":[{"name":"wp","href":"https:\/\/api.w.org\/{rel}","templated":true}]}}