{"id":11152,"date":"2018-03-31T13:01:26","date_gmt":"2018-03-31T11:01:26","guid":{"rendered":"https:\/\/www.creaearredanegozi.it\/?post_type=product&#038;p=11152"},"modified":"2023-07-03T19:50:59","modified_gmt":"2023-07-03T17:50:59","slug":"planetenknetmaschine-planetenkopf-300w","status":"publish","type":"product","link":"https:\/\/www.creaearredanegozi.it\/de\/planetenknetmaschine-planetenkopf-300w\/","title":{"rendered":"Benchtop-Planetenkneter Hebekopf 5 Liter"},"content":{"rendered":"<h3>Tisch-Planetenkneter mit anhebbarem Kopf 300 W.<\/h3>\n<p>Kratzfest lackierte Struktur. Sch\u00fcssel, Haken, Spatel und Schneebesen aus rostfreiem Stahl AISI 304. Anhebbarer Kopf. Deckel der geriebenen Sch\u00fcssel aus rostfreiem Stahl. Schnellverschl\u00fcsse f\u00fcr Ger\u00e4te und Sch\u00fcssel. Elektronischer Geschwindigkeitsregler mit Riemen- und Zahnrad\u00fcbersetzung.<\/p>\n<p><strong>Mitgeliefert: Sch\u00fcssel, Haken, Spatel und Schneebesen<\/strong>.<\/p>\n<table class=\"table table-striped\">\n<tbody>\n<tr>\n<td colspan=\"2\">\n<h4>Technische Daten<\/h4>\n<\/td>\n<\/tr>\n<tr>\n<td>Leistung in Watt<\/td>\n<td>300<\/td>\n<\/tr>\n<tr>\n<td>Stromversorgung<\/td>\n<td>230\/1N\/50-60<\/td>\n<\/tr>\n<tr>\n<td>Abmessungen des Tanks Lt<\/td>\n<td>4,9<\/td>\n<\/tr>\n<tr>\n<td>Abmessungen des Tanks mm<\/td>\n<td><span class=\"st\">\u2300<\/span> 205x170h<\/td>\n<\/tr>\n<tr>\n<td>Geschwindigkeit<\/td>\n<td><span class=\"st\">40<span class=\"Y0NH2b CLPzrc\">\u00f7<\/span>250<\/span><\/td>\n<\/tr>\n<tr>\n<td>\u00c4u\u00dfere Abmessungen (mm)<\/td>\n<td>350 x 230 x 400h<\/td>\n<\/tr>\n<tr>\n<td>Nettogewicht Kg<\/td>\n<td>13<\/td>\n<\/tr>\n<tr>\n<td>Bruttogewicht kg<\/td>\n<td>15,50<\/td>\n<\/tr>\n<\/tbody>\n<\/table>","protected":false},"excerpt":{"rendered":"<p>Impastatrice Planetaria da banco Testa Sollevabile 300W. Struttura verniciata antigraffio. Vasca, uncino, spatola e frusta in acciaio inox AISI 304. Testa sollevabile. Coperchio vasca grigliato inox. Utensili e vasca a sgancio rapido. Variatore elettronico di velocit\u00e0 con trasmissione a cinghia ed ingranaggi. In dotazione: Vasca, uncino, spatola e frusta. Caratteristiche Tecniche Potenza Watt 300 Alimentazione [&#8230;]","protected":false},"featured_media":11153,"comment_status":"closed","ping_status":"closed","template":"","meta":{"_monsterinsights_skip_tracking":false,"_monsterinsights_sitenote_active":false,"_monsterinsights_sitenote_note":"","_monsterinsights_sitenote_category":0},"product_brand":[],"product_cat":[17,169,188,300],"product_tag":[],"class_list":{"0":"post-11152","1":"product","2":"type-product","3":"status-publish","4":"has-post-thumbnail","6":"product_cat-impastatrici","7":"product_cat-impastatrici-ristorazione","8":"product_cat-impastatrici-attrezzature-per-pizzeria","9":"product_cat-planetarie","10":"product_shipping_class-48","12":"first","13":"instock","14":"taxable","15":"shipping-taxable","16":"purchasable","17":"product-type-simple"},"_links":{"self":[{"href":"https:\/\/www.creaearredanegozi.it\/de\/wp-json\/wp\/v2\/product\/11152","targetHints":{"allow":["GET"]}}],"collection":[{"href":"https:\/\/www.creaearredanegozi.it\/de\/wp-json\/wp\/v2\/product"}],"about":[{"href":"https:\/\/www.creaearredanegozi.it\/de\/wp-json\/wp\/v2\/types\/product"}],"replies":[{"embeddable":true,"href":"https:\/\/www.creaearredanegozi.it\/de\/wp-json\/wp\/v2\/comments?post=11152"}],"wp:featuredmedia":[{"embeddable":true,"href":"https:\/\/www.creaearredanegozi.it\/de\/wp-json\/wp\/v2\/media\/11153"}],"wp:attachment":[{"href":"https:\/\/www.creaearredanegozi.it\/de\/wp-json\/wp\/v2\/media?parent=11152"}],"wp:term":[{"taxonomy":"product_brand","embeddable":true,"href":"https:\/\/www.creaearredanegozi.it\/de\/wp-json\/wp\/v2\/product_brand?post=11152"},{"taxonomy":"product_cat","embeddable":true,"href":"https:\/\/www.creaearredanegozi.it\/de\/wp-json\/wp\/v2\/product_cat?post=11152"},{"taxonomy":"product_tag","embeddable":true,"href":"https:\/\/www.creaearredanegozi.it\/de\/wp-json\/wp\/v2\/product_tag?post=11152"}],"curies":[{"name":"wp","href":"https:\/\/api.w.org\/{rel}","templated":true}]}}