{"id":118104,"date":"2020-11-09T22:06:06","date_gmt":"2020-11-09T21:06:06","guid":{"rendered":"https:\/\/www.creaearredanegozi.it\/?post_type=product&#038;p=118104"},"modified":"2023-11-30T10:36:58","modified_gmt":"2023-11-30T09:36:58","slug":"raumdesinfektionsmittel-hc-h202","status":"publish","type":"product","link":"https:\/\/www.creaearredanegozi.it\/de\/raumdesinfektionsmittel-hc-h202\/","title":{"rendered":"UVC-Ultraviolett-Keimt\u00f6tungslampe HC-WXK-ST-A"},"content":{"rendered":"<h3>Fimar HC-WXK-ST-A<\/h3>\n<p>Lampe, die UVC-Ultraviolettlicht erzeugt. Die keimt\u00f6tende Wirkung ist auf die zerst\u00f6rerische Wirkung der UVC-Strahlung auf die DNA von Bakterien, Viren, Sporen, Pilzen, Schimmelpilzen und Milben zur\u00fcckzuf\u00fchren.<\/p>\n<p>Ultraviolett-Entkeimungslampe aus Quarz, CE-zertifiziert, 38 W - 220 V, kann in R\u00e4umen bis zu 40 m\u00b2 verwendet werden, ausgestattet mit Fernbedienung f\u00fcr die Fernsteuerung. Die Verwendung in der Gegenwart von Menschen oder Tieren ist verboten.<\/p>\n<p>&nbsp;<\/p>\n<p>Abmessungen: \u00f8190 x 470 mm<\/p>\n<p>Nettogewicht: 1,5 kg<\/p>\n<p>Bruttogewicht:2 kg<\/p>\n<p>Abmessungen der Verpackung: 500 x 240 x 240(h) mm<\/p>\n<p><img decoding=\"async\" class=\"alignnone wp-image-118108 aligncenter\" src=\"https:\/\/www.creaearredanegozi.it\/wp-content\/uploads\/2020\/11\/HC-WXK-ST-A.2-500x432.jpg\" alt=\"\" width=\"417\" height=\"360\" title=\"\" srcset=\"https:\/\/www.creaearredanegozi.it\/wp-content\/uploads\/2020\/11\/HC-WXK-ST-A.2-500x432.jpg 500w, https:\/\/www.creaearredanegozi.it\/wp-content\/uploads\/2020\/11\/HC-WXK-ST-A.2-516x446.jpg 516w, https:\/\/www.creaearredanegozi.it\/wp-content\/uploads\/2020\/11\/HC-WXK-ST-A.2-64x55.jpg 64w, https:\/\/www.creaearredanegozi.it\/wp-content\/uploads\/2020\/11\/HC-WXK-ST-A.2-200x173.jpg 200w, https:\/\/www.creaearredanegozi.it\/wp-content\/uploads\/2020\/11\/HC-WXK-ST-A.2-768x663.jpg 768w, https:\/\/www.creaearredanegozi.it\/wp-content\/uploads\/2020\/11\/HC-WXK-ST-A.2-645x557.jpg 645w, https:\/\/www.creaearredanegozi.it\/wp-content\/uploads\/2020\/11\/HC-WXK-ST-A.2-560x484.jpg 560w, https:\/\/www.creaearredanegozi.it\/wp-content\/uploads\/2020\/11\/HC-WXK-ST-A.2-750x648.jpg 750w, https:\/\/www.creaearredanegozi.it\/wp-content\/uploads\/2020\/11\/HC-WXK-ST-A.2-400x345.jpg 400w, https:\/\/www.creaearredanegozi.it\/wp-content\/uploads\/2020\/11\/HC-WXK-ST-A.2-510x440.jpg 510w, https:\/\/www.creaearredanegozi.it\/wp-content\/uploads\/2020\/11\/HC-WXK-ST-A.2.jpg 887w\" sizes=\"(max-width: 417px) 100vw, 417px\" \/><\/p>\n<p>&nbsp;<\/p>\n<p>&nbsp;<\/p>","protected":false},"excerpt":{"rendered":"<p>Fimar HC-WXK-ST-A Lampada che produce luce a raggi ultravioletti UVC. L\u2019effetto germicida \u00e8 dovuto all\u2019effetto distruttivo esercitato dalle radiazioni UVC sul DNA di batteri, virus, spore, funghi, muffe e acari. Lampada germicida ad ultravioletti realizzata in quarzo, certificata CE, 38 W &#8211; 220 V, utilizzabile in ambienti fino a 40m\u00b2, dotata di telecomando per controllo [&#8230;]","protected":false},"featured_media":118107,"comment_status":"closed","ping_status":"closed","template":"","meta":{"_monsterinsights_skip_tracking":false,"_monsterinsights_sitenote_active":false,"_monsterinsights_sitenote_note":"","_monsterinsights_sitenote_category":0},"product_brand":[628],"product_cat":[180,531],"product_tag":[529,528,530],"class_list":{"0":"post-118104","1":"product","2":"type-product","3":"status-publish","4":"has-post-thumbnail","6":"product_brand-fimar","7":"product_cat-sterilizzatori","8":"product_cat-sanificazione","9":"product_tag-anticovid","10":"product_tag-sanificatore","11":"product_tag-sanificazione","12":"product_shipping_class-215","13":"pa_marca-fimar","15":"first","16":"outofstock","17":"taxable","18":"shipping-taxable","19":"purchasable","20":"product-type-simple"},"_links":{"self":[{"href":"https:\/\/www.creaearredanegozi.it\/de\/wp-json\/wp\/v2\/product\/118104","targetHints":{"allow":["GET"]}}],"collection":[{"href":"https:\/\/www.creaearredanegozi.it\/de\/wp-json\/wp\/v2\/product"}],"about":[{"href":"https:\/\/www.creaearredanegozi.it\/de\/wp-json\/wp\/v2\/types\/product"}],"replies":[{"embeddable":true,"href":"https:\/\/www.creaearredanegozi.it\/de\/wp-json\/wp\/v2\/comments?post=118104"}],"wp:featuredmedia":[{"embeddable":true,"href":"https:\/\/www.creaearredanegozi.it\/de\/wp-json\/wp\/v2\/media\/118107"}],"wp:attachment":[{"href":"https:\/\/www.creaearredanegozi.it\/de\/wp-json\/wp\/v2\/media?parent=118104"}],"wp:term":[{"taxonomy":"product_brand","embeddable":true,"href":"https:\/\/www.creaearredanegozi.it\/de\/wp-json\/wp\/v2\/product_brand?post=118104"},{"taxonomy":"product_cat","embeddable":true,"href":"https:\/\/www.creaearredanegozi.it\/de\/wp-json\/wp\/v2\/product_cat?post=118104"},{"taxonomy":"product_tag","embeddable":true,"href":"https:\/\/www.creaearredanegozi.it\/de\/wp-json\/wp\/v2\/product_tag?post=118104"}],"curies":[{"name":"wp","href":"https:\/\/api.w.org\/{rel}","templated":true}]}}