{"id":118112,"date":"2020-11-09T22:42:49","date_gmt":"2020-11-09T21:42:49","guid":{"rendered":"https:\/\/www.creaearredanegozi.it\/?post_type=product&#038;p=118112"},"modified":"2023-11-30T10:35:59","modified_gmt":"2023-11-30T09:35:59","slug":"abstandssperren-hc-bar80-100","status":"publish","type":"product","link":"https:\/\/www.creaearredanegozi.it\/de\/abstandssperren-hc-bar80-100\/","title":{"rendered":"Abstandshalter HC-BAR80\/100"},"content":{"rendered":"<h3>Fimar HC-BAR80\/100<\/h3>\n<p>Abstandshalter zur Verwendung auf Schreibtischen, Empfangstheken, Bartresen und mehr. Schranken aus 3 mm starkem, transparentem, kompaktem Polycarbonat mit Klebef\u00fc\u00dfen. Gew\u00f6lbte Durchgangs\u00f6ffnung von 700 mm Breite.<\/p>\n<p>&nbsp;<\/p>\n<p><strong>80 CM:<\/strong><\/p>\n<p>Abmessungen: 800\u00d7600(h) mm<\/p>\n<p>Nettogewicht: 2 kg.<\/p>\n<p>Bruttogewicht: 3 kg.<\/p>\n<p>Abmessungen der Verpackung: 900 x 100 x 650(h) mm.<\/p>\n<p>&nbsp;<\/p>\n<p><strong>100 CM:<\/strong><\/p>\n<p>Abmessungen: 1000\u00d7600(h) mm<\/p>\n<p>Nettogewicht: 2,5 kg.<\/p>\n<p>Bruttogewicht: 3,5 kg.<\/p>\n<p>Abmessungen der Verpackung: 1100 x 100 x 650(h) mm.<\/p>\n<p>&nbsp;<\/p>\n<p>&nbsp;<\/p>","protected":false},"excerpt":{"rendered":"<p>Fimar HC-BAR80\/100 Barriere di distanziamento da applicare su scrivanie, reception, banchi bar e tanto altro. Barriere realizzate in policarbonato compatto trasparente di spessore 3 mm con piedini adesivi. Apertura passacarte ad arco di larghezza 700 mm. &nbsp; 80 CM: Dimensioni: 800&#215;600(h) mm Peso netto: 2 Kg. Peso lordo: 3 Kg. Dimensioni imballo: 900 x 100 [&#8230;]","protected":false},"featured_media":118113,"comment_status":"closed","ping_status":"closed","template":"","meta":{"_monsterinsights_skip_tracking":false,"_monsterinsights_sitenote_active":false,"_monsterinsights_sitenote_note":"","_monsterinsights_sitenote_category":0},"product_brand":[628],"product_cat":[180,341,531,335],"product_tag":[529,528,530],"class_list":{"0":"post-118112","1":"product","2":"type-product","3":"status-publish","4":"has-post-thumbnail","6":"product_brand-fimar","7":"product_cat-sterilizzatori","8":"product_cat-accessori-self-service","9":"product_cat-sanificazione","10":"product_cat-self-service","11":"product_tag-anticovid","12":"product_tag-sanificatore","13":"product_tag-sanificazione","14":"product_shipping_class-f","15":"pa_marca-fimar","17":"first","18":"outofstock","19":"taxable","20":"shipping-taxable","21":"purchasable","22":"product-type-variable"},"_links":{"self":[{"href":"https:\/\/www.creaearredanegozi.it\/de\/wp-json\/wp\/v2\/product\/118112","targetHints":{"allow":["GET"]}}],"collection":[{"href":"https:\/\/www.creaearredanegozi.it\/de\/wp-json\/wp\/v2\/product"}],"about":[{"href":"https:\/\/www.creaearredanegozi.it\/de\/wp-json\/wp\/v2\/types\/product"}],"replies":[{"embeddable":true,"href":"https:\/\/www.creaearredanegozi.it\/de\/wp-json\/wp\/v2\/comments?post=118112"}],"wp:featuredmedia":[{"embeddable":true,"href":"https:\/\/www.creaearredanegozi.it\/de\/wp-json\/wp\/v2\/media\/118113"}],"wp:attachment":[{"href":"https:\/\/www.creaearredanegozi.it\/de\/wp-json\/wp\/v2\/media?parent=118112"}],"wp:term":[{"taxonomy":"product_brand","embeddable":true,"href":"https:\/\/www.creaearredanegozi.it\/de\/wp-json\/wp\/v2\/product_brand?post=118112"},{"taxonomy":"product_cat","embeddable":true,"href":"https:\/\/www.creaearredanegozi.it\/de\/wp-json\/wp\/v2\/product_cat?post=118112"},{"taxonomy":"product_tag","embeddable":true,"href":"https:\/\/www.creaearredanegozi.it\/de\/wp-json\/wp\/v2\/product_tag?post=118112"}],"curies":[{"name":"wp","href":"https:\/\/api.w.org\/{rel}","templated":true}]}}