{"id":118421,"date":"2021-01-05T18:16:37","date_gmt":"2021-01-05T17:16:37","guid":{"rendered":"https:\/\/www.creaearredanegozi.it\/?post_type=product&#038;p=118421"},"modified":"2023-11-06T19:38:39","modified_gmt":"2023-11-06T18:38:39","slug":"gekuhltes-thekengetrankedisplay-65-lt-2-10-cx-68","status":"publish","type":"product","link":"https:\/\/www.creaearredanegozi.it\/de\/gekuhltes-thekengetrankedisplay-65-lt-2-10-cx-68\/","title":{"rendered":"K\u00fchltheke Display-Getr\u00e4nke 65 Lt +2\/+10 \u00b0C CX 68"},"content":{"rendered":"<h2 style=\"text-align: center;\">Gek\u00fchltes Theken-Getr\u00e4nkedisplay +2\/+10 \u00b0C CX 68+<\/h2>\n<table style=\"width: 100%;\" class=\"mtr-one-row-table mtr-tr-td\">\n<tbody>\n<tr>\n<td style=\"text-align: center;\" class=\"mtr-td-tag\"><img decoding=\"async\" src=\"https:\/\/ucinque.it\/wp-content\/themes\/ne-5\/assets\/vectors\/33.svg\" width=\"100px\" alt=\"\" title=\"\">\n<p>73x 33cl<\/p><\/td>\n<td style=\"text-align: center;\" class=\"mtr-td-tag\"><img decoding=\"async\" src=\"https:\/\/ucinque.it\/wp-content\/themes\/ne-5\/assets\/vectors\/66.svg\" width=\"100px\" alt=\"\" title=\"\">\n<p>25 x 66cl<\/p><\/td>\n<\/tr>\n<\/tbody>\n<\/table>\n<p>Thekenaufsatz, der die attraktive Form seines kleineren Bruders CX50 aufgreift und eine gr\u00f6\u00dfere Ladekapazit\u00e4t aufweist. Empfohlen f\u00fcr den Einsatz auf der Theke oder hinter der Theke. Interne LED-Beleuchtung. CX68 verwendet Gase, die als umweltfreundlich gelten.<\/p>\n<table class=\"table table-striped\">\n<tbody>\n<tr>\n<td>Temperatur Min<\/td>\n<td>2\u00b0<\/td>\n<\/tr>\n<tr>\n<td>Max. Temperatur<\/td>\n<td>10\u00b0<\/td>\n<\/tr>\n<tr>\n<td>Breite<\/td>\n<td>495 mm<\/td>\n<\/tr>\n<tr>\n<td>Tiefe<\/td>\n<td>450 mm<\/td>\n<\/tr>\n<tr>\n<td>H\u00f6he<\/td>\n<td>670 mm<\/td>\n<\/tr>\n<tr>\n<td>Sichtbarer Bereich<\/td>\n<td>0.20 m2<\/td>\n<\/tr>\n<tr>\n<td>Klima-Klasse<\/td>\n<td>4<\/td>\n<\/tr>\n<tr>\n<td>Energieverbrauch<\/td>\n<td>1.0 KW<\/td>\n<\/tr>\n<tr>\n<td>Watts<\/td>\n<td>85 W<\/td>\n<\/tr>\n<tr>\n<td>K\u00e4ltetechnik<\/td>\n<td>Statik<\/td>\n<\/tr>\n<tr>\n<td>Bruttokapazit\u00e4t<\/td>\n<td>76 Liter<\/td>\n<\/tr>\n<tr>\n<td>Netto-Kapazit\u00e4t<\/td>\n<td>65 Liter<\/td>\n<\/tr>\n<tr>\n<td>Thermostat<\/td>\n<td>Mechaniker<\/td>\n<\/tr>\n<tr>\n<td>Entfrosten<\/td>\n<td>Handbuch<\/td>\n<\/tr>\n<tr>\n<td>Thermometer<\/td>\n<td>Mechaniker<\/td>\n<\/tr>\n<tr>\n<td>Gas<\/td>\n<td>R600a<\/td>\n<\/tr>\n<tr>\n<td>Beleuchtung<\/td>\n<td>LED-Licht mit Schalter<\/td>\n<\/tr>\n<tr>\n<td>Mobilit\u00e4t<\/td>\n<td>4 verstellbare F\u00fc\u00dfe<\/td>\n<\/tr>\n<tr>\n<td>\u00c4u\u00dfere Farbe<\/td>\n<td>Silbergrau<\/td>\n<\/tr>\n<tr>\n<td>Mitgeliefert<\/td>\n<td>1 Gitter (410 x 176 mm)<\/p>\n<p>1 Gitter (410 x 250 mm)<\/td>\n<\/tr>\n<tr>\n<td>Optional<\/td>\n<td>Grafiken auf Schrank und\/oder Glasfront<\/td>\n<\/tr>\n<\/tbody>\n<\/table>","protected":false},"excerpt":{"rendered":"<p>Espositore Refrigerato bibite da banco +2\/+10 \u00b0C CX 68+ 73x 33cl 25 x 66cl Counter top che, replicando le forme accattivanti del fratello minore CX50, si propone con una maggiore capacit\u00e0 di carico. Consigliato per utilizzo su banco o retrobanco. Illuminazione interna a LED. CX68 utilizza gas ritenuti non dannosi per l\u2019ambiente. Temperatura Min 2\u00b0 [&#8230;]","protected":false},"featured_media":118422,"comment_status":"closed","ping_status":"closed","template":"","meta":{"_monsterinsights_skip_tracking":false,"_monsterinsights_sitenote_active":false,"_monsterinsights_sitenote_note":"","_monsterinsights_sitenote_category":0},"product_brand":[726],"product_cat":[256,28],"product_tag":[],"class_list":{"0":"post-118421","1":"product","2":"type-product","3":"status-publish","4":"has-post-thumbnail","6":"product_brand-u5","7":"product_cat-fredde","8":"product_cat-vetrine","9":"product_shipping_class-38","11":"first","12":"instock","13":"taxable","14":"shipping-taxable","15":"purchasable","16":"product-type-simple"},"_links":{"self":[{"href":"https:\/\/www.creaearredanegozi.it\/de\/wp-json\/wp\/v2\/product\/118421","targetHints":{"allow":["GET"]}}],"collection":[{"href":"https:\/\/www.creaearredanegozi.it\/de\/wp-json\/wp\/v2\/product"}],"about":[{"href":"https:\/\/www.creaearredanegozi.it\/de\/wp-json\/wp\/v2\/types\/product"}],"replies":[{"embeddable":true,"href":"https:\/\/www.creaearredanegozi.it\/de\/wp-json\/wp\/v2\/comments?post=118421"}],"wp:featuredmedia":[{"embeddable":true,"href":"https:\/\/www.creaearredanegozi.it\/de\/wp-json\/wp\/v2\/media\/118422"}],"wp:attachment":[{"href":"https:\/\/www.creaearredanegozi.it\/de\/wp-json\/wp\/v2\/media?parent=118421"}],"wp:term":[{"taxonomy":"product_brand","embeddable":true,"href":"https:\/\/www.creaearredanegozi.it\/de\/wp-json\/wp\/v2\/product_brand?post=118421"},{"taxonomy":"product_cat","embeddable":true,"href":"https:\/\/www.creaearredanegozi.it\/de\/wp-json\/wp\/v2\/product_cat?post=118421"},{"taxonomy":"product_tag","embeddable":true,"href":"https:\/\/www.creaearredanegozi.it\/de\/wp-json\/wp\/v2\/product_tag?post=118421"}],"curies":[{"name":"wp","href":"https:\/\/api.w.org\/{rel}","templated":true}]}}