{"id":119511,"date":"2021-05-22T10:51:14","date_gmt":"2021-05-22T08:51:14","guid":{"rendered":"https:\/\/www.creaearredanegozi.it\/?post_type=product&#038;p=119511"},"modified":"2025-04-16T17:08:19","modified_gmt":"2025-04-16T15:08:19","slug":"65-liter-stand-getrankekuhlschrank-auf-radern-0-7c-can-65-y","status":"publish","type":"product","link":"https:\/\/www.creaearredanegozi.it\/de\/65-liter-stand-getrankekuhlschrank-auf-radern-0-7c-can-65-y\/","title":{"rendered":"Standvitrine 65 Lt auf Rollen 0\u00b0\/+7\u00b0C CAN 65 Y"},"content":{"rendered":"<h2 style=\"text-align: center;\">Standk\u00fchlschrank 65 Lt auf R\u00e4dern +2\u00b0\/+10\u00b0C CAN 65<\/h2>\n<p>Mittelgro\u00dfer K\u00fchlschrank mit der typischen Form einer Getr\u00e4nkedose. Statische K\u00fchlung und transparenter monolithischer Deckel, Merkmale, die die Produktpr\u00e4sentation deutlich verbessern. CAN 65 Y verwendet Gase, die als umweltfreundlich gelten.<\/p>\n<table class=\"table table-striped\" style=\"font-size: 14.4px;\">\n<tbody>\n<tr>\n<td>Temperatur Min<\/td>\n<td>0\u00b0<\/td>\n<\/tr>\n<tr>\n<td>Max. Temperatur<\/td>\n<td>7\u00b0<\/td>\n<\/tr>\n<tr>\n<td>Durchmesser<\/td>\n<td>Durchmesser 548 mm.<\/td>\n<\/tr>\n<tr>\n<td>H\u00f6he<\/td>\n<td>960 mm<\/td>\n<\/tr>\n<tr>\n<td>Sichtbarer Bereich<\/td>\n<td>0.124 m2<\/td>\n<\/tr>\n<tr>\n<td>Klima-Klasse<\/td>\n<td>4<\/td>\n<\/tr>\n<tr>\n<td>Energieverbrauch<\/td>\n<td>1,7 KW<\/td>\n<\/tr>\n<tr>\n<td>Watts<\/td>\n<td>150 W<\/td>\n<\/tr>\n<tr>\n<td>Bruttokapazit\u00e4t<\/td>\n<td>76 Liter<\/td>\n<\/tr>\n<tr>\n<td>Netto-Kapazit\u00e4t<\/td>\n<td>61 Liter<\/td>\n<\/tr>\n<tr>\n<td>Thermostat<\/td>\n<td>Mechaniker<\/td>\n<\/tr>\n<tr>\n<td>Entfrosten<\/td>\n<td>Automatisch<\/td>\n<\/tr>\n<tr>\n<td>K\u00e4ltetechnik<\/td>\n<td>Bel\u00fcftet<\/td>\n<\/tr>\n<tr>\n<td>Gas<\/td>\n<td>R600a<\/td>\n<\/tr>\n<tr>\n<td>Mobilit\u00e4t<\/td>\n<td>2 schwenkbare R\u00e4der + 2 schwenkbare R\u00e4der mit Bremse<\/td>\n<\/tr>\n<tr>\n<td>\u00c4u\u00dfere Farbe<\/td>\n<td>Wei\u00df<\/td>\n<\/tr>\n<\/tbody>\n<\/table>\n<p>&nbsp;<\/p>","protected":false},"excerpt":{"rendered":"<p>Frigo da pavimento 65 Lt su ruote +2\u00b0\/+10\u00b0C CAN 65 Frigo di medie dimensioni con la tipica forma di una lattina per bevande. Refrigerazione statica e coperchio monolitico trasparente, caratteristiche che migliorano sensibilmente il display dei prodotti. CAN 65 Y utilizza gas ritenuti non dannosi per l\u2019ambiente. Temperatura Min 0\u00b0 Temperatura Max 7\u00b0 Diametro \u00d8 [&#8230;]","protected":false},"featured_media":122749,"comment_status":"closed","ping_status":"closed","template":"","meta":{"_monsterinsights_skip_tracking":false,"_monsterinsights_sitenote_active":false,"_monsterinsights_sitenote_note":"","_monsterinsights_sitenote_category":0},"product_brand":[726],"product_cat":[256,28],"product_tag":[],"class_list":{"0":"post-119511","1":"product","2":"type-product","3":"status-publish","4":"has-post-thumbnail","6":"product_brand-u5","7":"product_cat-fredde","8":"product_cat-vetrine","9":"product_shipping_class-32","11":"first","12":"instock","13":"taxable","14":"shipping-taxable","15":"purchasable","16":"product-type-simple"},"_links":{"self":[{"href":"https:\/\/www.creaearredanegozi.it\/de\/wp-json\/wp\/v2\/product\/119511","targetHints":{"allow":["GET"]}}],"collection":[{"href":"https:\/\/www.creaearredanegozi.it\/de\/wp-json\/wp\/v2\/product"}],"about":[{"href":"https:\/\/www.creaearredanegozi.it\/de\/wp-json\/wp\/v2\/types\/product"}],"replies":[{"embeddable":true,"href":"https:\/\/www.creaearredanegozi.it\/de\/wp-json\/wp\/v2\/comments?post=119511"}],"wp:featuredmedia":[{"embeddable":true,"href":"https:\/\/www.creaearredanegozi.it\/de\/wp-json\/wp\/v2\/media\/122749"}],"wp:attachment":[{"href":"https:\/\/www.creaearredanegozi.it\/de\/wp-json\/wp\/v2\/media?parent=119511"}],"wp:term":[{"taxonomy":"product_brand","embeddable":true,"href":"https:\/\/www.creaearredanegozi.it\/de\/wp-json\/wp\/v2\/product_brand?post=119511"},{"taxonomy":"product_cat","embeddable":true,"href":"https:\/\/www.creaearredanegozi.it\/de\/wp-json\/wp\/v2\/product_cat?post=119511"},{"taxonomy":"product_tag","embeddable":true,"href":"https:\/\/www.creaearredanegozi.it\/de\/wp-json\/wp\/v2\/product_tag?post=119511"}],"curies":[{"name":"wp","href":"https:\/\/api.w.org\/{rel}","templated":true}]}}