{"id":119553,"date":"2021-06-05T08:37:57","date_gmt":"2021-06-05T06:37:57","guid":{"rendered":"https:\/\/www.creaearredanegozi.it\/?post_type=product&#038;p=119553"},"modified":"2023-07-05T20:17:11","modified_gmt":"2023-07-05T18:17:11","slug":"standgefrierschrank-oben-glas-63-lt-18-23c-pop-365-50","status":"publish","type":"product","link":"https:\/\/www.creaearredanegozi.it\/de\/standgefrierschrank-oben-glas-63-lt-18-23c-pop-365-50\/","title":{"rendered":"Oberer Glas-Standgefrierschrank 63 Lt -18\u00b0\/-23\u00b0C POP 365 50"},"content":{"rendered":"<h4><strong>Bodenstehender Eiscreme-Gefrierschrank oben Glas 63 Lt -18\u00b0\/-23\u00b0C POP 365 50<\/strong><\/h4>\n<p>Kleiner K\u00fchlschrank, ideal f\u00fcr die Auslage von Impulseis auf dem Vorplatz. Glas mit Kompass-\u00d6ffnung und einstellbaren Scharnieren f\u00fcr den Zugang zum gesamten Ausstellungsfach. POP 365 - 50 Anwendungen Gase als umweltfreundlich. Hergestellt in ITALIEN von U5.<\/p>\n<table class=\"table table-striped\" style=\"font-size: 14.4px;\">\n<tbody>\n<tr>\n<td>Temperatur Min<\/td>\n<td><strong>-18\u00b0<\/strong><\/td>\n<\/tr>\n<tr>\n<td>Max. Temperatur<\/td>\n<td><strong>-23\u00b0<\/strong><\/td>\n<\/tr>\n<tr>\n<td>Breite<\/td>\n<td>505 mm<\/td>\n<\/tr>\n<tr>\n<td>Tiefe<\/td>\n<td>555 mm<\/td>\n<\/tr>\n<tr>\n<td>H\u00f6he<\/td>\n<td>980 mm<\/td>\n<\/tr>\n<tr>\n<td>Sichtbarer Bereich<\/td>\n<td>0.159 m2<\/td>\n<\/tr>\n<tr>\n<td>Klima-Klasse<\/td>\n<td>7<\/td>\n<\/tr>\n<tr>\n<td>Energieverbrauch<\/td>\n<td>180W<\/td>\n<\/tr>\n<tr>\n<td>K\u00e4ltetechnik<\/td>\n<td>Statik<\/td>\n<\/tr>\n<tr>\n<td>Bruttokapazit\u00e4t<\/td>\n<td>63 Liter<\/td>\n<\/tr>\n<tr>\n<td>Netto-Kapazit\u00e4t<\/td>\n<td>57 Liter<\/td>\n<\/tr>\n<tr>\n<td>Thermostat<\/td>\n<td>Elektronisch<\/td>\n<\/tr>\n<tr>\n<td>Entfrosten<\/td>\n<td>Handbuch<\/td>\n<\/tr>\n<tr>\n<td>Thermometer<\/td>\n<td>Elektronisch<\/td>\n<\/tr>\n<tr>\n<td>Gas<\/td>\n<td>R600a<\/td>\n<\/tr>\n<tr>\n<td>Beleuchtung<\/td>\n<td>LED-Innenbeleuchtung mit Schalter<\/td>\n<\/tr>\n<tr>\n<td>Mobilit\u00e4t<\/td>\n<td>4 verstellbare F\u00fc\u00dfe<\/td>\n<\/tr>\n<tr>\n<td>Optional<\/td>\n<td>Transparenter Eis am Stiel-Bausatz<\/td>\n<\/tr>\n<\/tbody>\n<\/table>","protected":false},"excerpt":{"rendered":"<p>Congelatore per gelati da pavimento vetro superiore 63 Lt -18\u00b0\/-23\u00b0C POP 365 50 Frigo di ridotte dimensioni, ideale per esporre gelato impulso in avancassa. Vetro apribile a compasso con cerniere frizionate regolabili per un\u2019accessibilit\u00e0 a tutto il vano display. POP 365 \u2013 50 utilizza gas ritenuti non dannosi per l\u2019ambiente. Made in ITALY by U5. [&#8230;]","protected":false},"featured_media":122739,"comment_status":"closed","ping_status":"closed","template":"","meta":{"_monsterinsights_skip_tracking":false,"_monsterinsights_sitenote_active":false,"_monsterinsights_sitenote_note":"","_monsterinsights_sitenote_category":0},"product_brand":[726],"product_cat":[256,290,317,653,28],"product_tag":[],"class_list":{"0":"post-119553","1":"product","2":"type-product","3":"status-publish","4":"has-post-thumbnail","6":"product_brand-u5","7":"product_cat-fredde","8":"product_cat-congelatori-a-pozzetto","9":"product_cat-gelaterie","10":"product_cat-refrigerazione","11":"product_cat-vetrine","12":"product_shipping_class-33","14":"first","15":"instock","16":"taxable","17":"shipping-taxable","18":"purchasable","19":"product-type-simple"},"_links":{"self":[{"href":"https:\/\/www.creaearredanegozi.it\/de\/wp-json\/wp\/v2\/product\/119553","targetHints":{"allow":["GET"]}}],"collection":[{"href":"https:\/\/www.creaearredanegozi.it\/de\/wp-json\/wp\/v2\/product"}],"about":[{"href":"https:\/\/www.creaearredanegozi.it\/de\/wp-json\/wp\/v2\/types\/product"}],"replies":[{"embeddable":true,"href":"https:\/\/www.creaearredanegozi.it\/de\/wp-json\/wp\/v2\/comments?post=119553"}],"wp:featuredmedia":[{"embeddable":true,"href":"https:\/\/www.creaearredanegozi.it\/de\/wp-json\/wp\/v2\/media\/122739"}],"wp:attachment":[{"href":"https:\/\/www.creaearredanegozi.it\/de\/wp-json\/wp\/v2\/media?parent=119553"}],"wp:term":[{"taxonomy":"product_brand","embeddable":true,"href":"https:\/\/www.creaearredanegozi.it\/de\/wp-json\/wp\/v2\/product_brand?post=119553"},{"taxonomy":"product_cat","embeddable":true,"href":"https:\/\/www.creaearredanegozi.it\/de\/wp-json\/wp\/v2\/product_cat?post=119553"},{"taxonomy":"product_tag","embeddable":true,"href":"https:\/\/www.creaearredanegozi.it\/de\/wp-json\/wp\/v2\/product_tag?post=119553"}],"curies":[{"name":"wp","href":"https:\/\/api.w.org\/{rel}","templated":true}]}}