{"id":119555,"date":"2021-06-05T08:48:56","date_gmt":"2021-06-05T06:48:56","guid":{"rendered":"https:\/\/www.creaearredanegozi.it\/?post_type=product&#038;p=119555"},"modified":"2025-12-03T21:57:06","modified_gmt":"2025-12-03T20:57:06","slug":"getrankekuhler-250-l-abschliesbar-2-10c-rb-300","status":"publish","type":"product","link":"https:\/\/www.creaearredanegozi.it\/de\/getrankekuhler-250-l-abschliesbar-2-10c-rb-300\/","title":{"rendered":"Getr\u00e4nkek\u00fchler 250 Lt abschlie\u00dfbar +2\u00b0\/+10\u00b0C RB 300"},"content":{"rendered":"<h4><strong>250 Liter K\u00fchlbox ideal f\u00fcr Getr\u00e4nke abschlie\u00dfbar +2\u00b0\/+10\u00b0C RB 300<\/strong><\/h4>\n<p>Klassischer mittelgro\u00dfer Getr\u00e4nkek\u00fchler mit isoliertem Scharnierdeckel. Hervorragend geeignet zum K\u00fchlen von Getr\u00e4nken in einer anderen verglasten K\u00fchlbox. Abschlie\u00dfbar. RB 300 verwendet Gase, die als umweltfreundlich gelten.<\/p>\n<table class=\"table table-striped\" style=\"font-size: 14.4px;\">\n<tbody>\n<tr>\n<td>Temperatur Min<\/td>\n<td>2\u00b0<\/td>\n<\/tr>\n<tr>\n<td>Max. Temperatur<\/td>\n<td>10\u00b0<\/td>\n<\/tr>\n<tr>\n<td>Breite<\/td>\n<td>1097 mm<\/td>\n<\/tr>\n<tr>\n<td>Tiefe<\/td>\n<td>777 mm<\/td>\n<\/tr>\n<tr>\n<td>H\u00f6he<\/td>\n<td>880 mm<\/td>\n<\/tr>\n<tr>\n<td>Klima-Klasse<\/td>\n<td>4<\/td>\n<\/tr>\n<tr>\n<td>Energieverbrauch<\/td>\n<td>80 W<\/td>\n<\/tr>\n<tr>\n<td>K\u00e4ltetechnik<\/td>\n<td>Statik<\/td>\n<\/tr>\n<tr>\n<td>Bruttokapazit\u00e4t<\/td>\n<td>305 Liter<\/td>\n<\/tr>\n<tr>\n<td>Thermostat<\/td>\n<td>Mechaniker<\/td>\n<\/tr>\n<tr>\n<td>Entfrosten<\/td>\n<td>Handbuch<\/td>\n<\/tr>\n<tr>\n<td>Thermometer<\/td>\n<td>Mechaniker<\/td>\n<\/tr>\n<tr>\n<td>Gas<\/td>\n<td>R600a<\/td>\n<\/tr>\n<tr>\n<td>Sicherheit<\/td>\n<td>Schloss mit Schl\u00fcssel<\/td>\n<\/tr>\n<tr>\n<td>Mobilit\u00e4t<\/td>\n<td>4 unidirektionale F\u00fc\u00dfe<\/td>\n<\/tr>\n<tr>\n<td>Standard<\/td>\n<td>4-Rad-Bausatz<\/td>\n<\/tr>\n<\/tbody>\n<\/table>\n<p>&nbsp;<\/p>","protected":false},"excerpt":{"rendered":"<p>Pozzetto Frigo 250 Lt ideale per bibite chiusura con chiave +2\u00b0\/+10\u00b0C RB 300 Classico raffreddatore per bibite di medie dimensioni con coperchio superiore coibentato incernierato. Ottimo per mantenere fredda la scorta di bibite, esponendo i prodotti con altro frigo vetrato. Chiusura a chiave. RB 300 utilizza gas ritenuti non dannosi per l\u2019ambiente. Temperatura Min 2\u00b0 [&#8230;]","protected":false},"featured_media":128828,"comment_status":"closed","ping_status":"closed","template":"","meta":{"_monsterinsights_skip_tracking":false,"_monsterinsights_sitenote_active":false,"_monsterinsights_sitenote_note":"","_monsterinsights_sitenote_category":0},"product_brand":[726],"product_cat":[290,256,653,28],"product_tag":[],"class_list":{"0":"post-119555","1":"product","2":"type-product","3":"status-publish","4":"has-post-thumbnail","6":"product_brand-u5","7":"product_cat-congelatori-a-pozzetto","8":"product_cat-fredde","9":"product_cat-refrigerazione","10":"product_cat-vetrine","11":"product_shipping_class-33","13":"first","14":"instock","15":"taxable","16":"shipping-taxable","17":"purchasable","18":"product-type-simple"},"_links":{"self":[{"href":"https:\/\/www.creaearredanegozi.it\/de\/wp-json\/wp\/v2\/product\/119555","targetHints":{"allow":["GET"]}}],"collection":[{"href":"https:\/\/www.creaearredanegozi.it\/de\/wp-json\/wp\/v2\/product"}],"about":[{"href":"https:\/\/www.creaearredanegozi.it\/de\/wp-json\/wp\/v2\/types\/product"}],"replies":[{"embeddable":true,"href":"https:\/\/www.creaearredanegozi.it\/de\/wp-json\/wp\/v2\/comments?post=119555"}],"wp:featuredmedia":[{"embeddable":true,"href":"https:\/\/www.creaearredanegozi.it\/de\/wp-json\/wp\/v2\/media\/128828"}],"wp:attachment":[{"href":"https:\/\/www.creaearredanegozi.it\/de\/wp-json\/wp\/v2\/media?parent=119555"}],"wp:term":[{"taxonomy":"product_brand","embeddable":true,"href":"https:\/\/www.creaearredanegozi.it\/de\/wp-json\/wp\/v2\/product_brand?post=119555"},{"taxonomy":"product_cat","embeddable":true,"href":"https:\/\/www.creaearredanegozi.it\/de\/wp-json\/wp\/v2\/product_cat?post=119555"},{"taxonomy":"product_tag","embeddable":true,"href":"https:\/\/www.creaearredanegozi.it\/de\/wp-json\/wp\/v2\/product_tag?post=119555"}],"curies":[{"name":"wp","href":"https:\/\/api.w.org\/{rel}","templated":true}]}}