{"id":119557,"date":"2021-06-05T09:18:55","date_gmt":"2021-06-05T07:18:55","guid":{"rendered":"https:\/\/www.creaearredanegozi.it\/?post_type=product&#038;p=119557"},"modified":"2025-04-16T17:08:51","modified_gmt":"2025-04-16T15:08:51","slug":"getrankekuhler-320-l-abschliesbar-2-10c-rb-400","status":"publish","type":"product","link":"https:\/\/www.creaearredanegozi.it\/de\/getrankekuhler-320-l-abschliesbar-2-10c-rb-400\/","title":{"rendered":"Getr\u00e4nkek\u00fchler 320 Lt abschlie\u00dfbar +2\u00b0\/+10\u00b0C RB 400"},"content":{"rendered":"<h2 style=\"text-align: center;\">Getr\u00e4nkek\u00fchler 320 Lt abschlie\u00dfbar +2\u00b0\/+10\u00b0C RB 400<\/h2>\n<p>Klassischer, mittelgro\u00dfer Sumpf-Getr\u00e4nkek\u00fchler mit isoliertem Klappdeckel. Hervorragend geeignet zum K\u00fchlen von Getr\u00e4nken, die in einem anderen verglasten K\u00fchler ausgestellt werden. Abschlie\u00dfbar. RB 400 verwendet Gase, die als umweltfreundlich gelten.<\/p>\n<table class=\"table table-striped\" style=\"font-size: 14.4px;\">\n<tbody>\n<tr>\n<td>Temperatur Min<\/td>\n<td>+4\u00b0C<\/td>\n<\/tr>\n<tr>\n<td>Max. Temperatur<\/td>\n<td>+10\u00b0C<\/td>\n<\/tr>\n<tr>\n<td>Breite<\/td>\n<td>1379 mm<\/td>\n<\/tr>\n<tr>\n<td>Tiefe<\/td>\n<td>777 mm<\/td>\n<\/tr>\n<tr>\n<td>H\u00f6he<\/td>\n<td>880 mm<\/td>\n<\/tr>\n<tr>\n<td>Klima-Klasse<\/td>\n<td>4<\/td>\n<\/tr>\n<tr>\n<td>Energieverbrauch<\/td>\n<td>80 W<\/td>\n<\/tr>\n<tr>\n<td>K\u00e4ltetechnik<\/td>\n<td>Statik<\/td>\n<\/tr>\n<tr>\n<td>Bruttokapazit\u00e4t<\/td>\n<td>407 Liter<\/td>\n<\/tr>\n<tr>\n<td>Thermostat<\/td>\n<td>Mechaniker<\/td>\n<\/tr>\n<tr>\n<td>Entfrosten<\/td>\n<td>Handbuch<\/td>\n<\/tr>\n<tr>\n<td>Thermometer<\/td>\n<td>Mechaniker<\/td>\n<\/tr>\n<tr>\n<td>Gas<\/td>\n<td>R600a<\/td>\n<\/tr>\n<tr>\n<td>Sicherheit<\/td>\n<td>Schloss mit Schl\u00fcssel<\/td>\n<\/tr>\n<tr>\n<td>Mobilit\u00e4t<\/td>\n<td>4 unidirektionale Rollen<\/td>\n<\/tr>\n<tr>\n<td>Standard<\/td>\n<td>4-Rad-Bausatz<\/td>\n<\/tr>\n<\/tbody>\n<\/table>\n<p>&nbsp;<\/p>","protected":false},"excerpt":{"rendered":"<p>Frigo bibite 320 Lt chiusura con chiave +2\u00b0\/+10\u00b0C RB 400 Classico raffreddatore per bibite a pozzetto di medie dimensioni, con coperchio superiore coibentato incernierato. Ottimo per mantenere fredda la scorta di bibite, esponendo i prodotti con altro frigo vetrato. Chiusura a chiave. RB 400 utilizza gas ritenuti non dannosi per l\u2019ambiente. Temperatura Min +4\u00b0C Temperatura [&#8230;]","protected":false},"featured_media":128828,"comment_status":"closed","ping_status":"closed","template":"","meta":{"_monsterinsights_skip_tracking":false,"_monsterinsights_sitenote_active":false,"_monsterinsights_sitenote_note":"","_monsterinsights_sitenote_category":0},"product_brand":[726],"product_cat":[290,256,28],"product_tag":[],"class_list":{"0":"post-119557","1":"product","2":"type-product","3":"status-publish","4":"has-post-thumbnail","6":"product_brand-u5","7":"product_cat-congelatori-a-pozzetto","8":"product_cat-fredde","9":"product_cat-vetrine","10":"product_shipping_class-c","11":"pa_classe-energetica-classe-b","13":"first","14":"instock","15":"taxable","16":"shipping-taxable","17":"purchasable","18":"product-type-simple"},"_links":{"self":[{"href":"https:\/\/www.creaearredanegozi.it\/de\/wp-json\/wp\/v2\/product\/119557","targetHints":{"allow":["GET"]}}],"collection":[{"href":"https:\/\/www.creaearredanegozi.it\/de\/wp-json\/wp\/v2\/product"}],"about":[{"href":"https:\/\/www.creaearredanegozi.it\/de\/wp-json\/wp\/v2\/types\/product"}],"replies":[{"embeddable":true,"href":"https:\/\/www.creaearredanegozi.it\/de\/wp-json\/wp\/v2\/comments?post=119557"}],"wp:featuredmedia":[{"embeddable":true,"href":"https:\/\/www.creaearredanegozi.it\/de\/wp-json\/wp\/v2\/media\/128828"}],"wp:attachment":[{"href":"https:\/\/www.creaearredanegozi.it\/de\/wp-json\/wp\/v2\/media?parent=119557"}],"wp:term":[{"taxonomy":"product_brand","embeddable":true,"href":"https:\/\/www.creaearredanegozi.it\/de\/wp-json\/wp\/v2\/product_brand?post=119557"},{"taxonomy":"product_cat","embeddable":true,"href":"https:\/\/www.creaearredanegozi.it\/de\/wp-json\/wp\/v2\/product_cat?post=119557"},{"taxonomy":"product_tag","embeddable":true,"href":"https:\/\/www.creaearredanegozi.it\/de\/wp-json\/wp\/v2\/product_tag?post=119557"}],"curies":[{"name":"wp","href":"https:\/\/api.w.org\/{rel}","templated":true}]}}