{"id":119590,"date":"2021-06-23T18:30:38","date_gmt":"2021-06-23T16:30:38","guid":{"rendered":"https:\/\/www.creaearredanegozi.it\/?post_type=product&#038;p=119590"},"modified":"2024-11-07T13:19:39","modified_gmt":"2024-11-07T12:19:39","slug":"vetrina-refrigerata-a-bassa-temperatura-5-21-c-ripiani-in-vetro-odissea-540bt-scaiola","status":"publish","type":"product","link":"https:\/\/www.creaearredanegozi.it\/de\/vetrina-refrigerata-a-bassa-temperatura-5-21-c-ripiani-in-vetro-odissea-540bt-scaiola\/","title":{"rendered":"Tieftemperatur-K\u00fchlvitrine -5\/-21 \u00b0C Glasb\u00f6den Odissea 540BT Scaiola"},"content":{"rendered":"<p><strong>Niedertemperatur-K\u00fchlvitrine f\u00fcr Konditoreien und Eisdielen,<\/strong> geeignet f\u00fcr die Pr\u00e4sentation von Eistorten, Parfaits, verpacktem und handwerklich hergestelltem Speiseeis<\/p>\n<p>Nella sua forma rettangolare \u00e8 dotata di 4 vetri camera e di 5 ripiani rettangolari in vetro per una esposizione ottimale ed elegante. Rinnovata nell&#8217;estetica, Scaiola fornisce i suoi prodotti in 3 diverse colorazioni di serie ed \u00e8 possibile opzionalmente scegliere fino a 200 colori RAL<\/p>\n<table class=\"table table-striped\">\n<tbody>\n<tr>\n<td colspan=\"2\">TECHNISCHE DATEN<\/td>\n<\/tr>\n<tr>\n<td>Beleuchtung<\/td>\n<td>n\u00b0 2 LED<\/td>\n<\/tr>\n<tr>\n<td>Liter<\/td>\n<td>540<\/td>\n<\/tr>\n<tr>\n<td>Regale<\/td>\n<td>5 in Vetro<\/td>\n<\/tr>\n<tr>\n<td>Temperatur<\/td>\n<td>-5 \/ -21 \u00b0C<\/td>\n<\/tr>\n<tr>\n<td>Gas<\/td>\n<td>R 452a<\/td>\n<\/tr>\n<tr>\n<td>K\u00e4ltetechnik<\/td>\n<td>Bel\u00fcftet<\/td>\n<\/tr>\n<tr>\n<td>Spannung V\/Hz<\/td>\n<td>V\/Hz 230\/50<\/td>\n<\/tr>\n<tr>\n<td>Abmessungen<\/td>\n<td>cm 90x70x184 H<\/td>\n<\/tr>\n<tr>\n<td>Gewicht Kg<\/td>\n<td>212<\/td>\n<\/tr>\n<tr>\n<td>Entfrosten<\/td>\n<td>automatico a resistenza<\/td>\n<\/tr>\n<tr>\n<td>Standard-Farben<\/td>\n<td>Wei\u00df, Schwarz, Silber<\/td>\n<\/tr>\n<\/tbody>\n<\/table>","protected":false},"excerpt":{"rendered":"<p>Vetrina Refrigerata a bassa temperatura per pasticceria e gelateria, adatta all&#8217;esposizione di torte gelato, semifreddi e gelati confezionati e artigianali Nella sua forma rettangolare \u00e8 dotata di 4 vetri camera e di 5 ripiani rettangolari in vetro per una esposizione ottimale ed elegante. Rinnovata nell&#8217;estetica, Scaiola fornisce i suoi prodotti in 3 diverse colorazioni di [&#8230;]","protected":false},"featured_media":119596,"comment_status":"closed","ping_status":"closed","template":"","meta":{"_monsterinsights_skip_tracking":false,"_monsterinsights_sitenote_active":false,"_monsterinsights_sitenote_note":"","_monsterinsights_sitenote_category":0},"product_brand":[700],"product_cat":[256],"product_tag":[],"class_list":{"0":"post-119590","1":"product","2":"type-product","3":"status-publish","4":"has-post-thumbnail","6":"product_brand-scaiola","7":"product_cat-fredde","8":"product_shipping_class-e","9":"pa_marca-scaiola","11":"first","12":"instock","13":"taxable","14":"shipping-taxable","15":"purchasable","16":"product-type-variable"},"_links":{"self":[{"href":"https:\/\/www.creaearredanegozi.it\/de\/wp-json\/wp\/v2\/product\/119590","targetHints":{"allow":["GET"]}}],"collection":[{"href":"https:\/\/www.creaearredanegozi.it\/de\/wp-json\/wp\/v2\/product"}],"about":[{"href":"https:\/\/www.creaearredanegozi.it\/de\/wp-json\/wp\/v2\/types\/product"}],"replies":[{"embeddable":true,"href":"https:\/\/www.creaearredanegozi.it\/de\/wp-json\/wp\/v2\/comments?post=119590"}],"wp:featuredmedia":[{"embeddable":true,"href":"https:\/\/www.creaearredanegozi.it\/de\/wp-json\/wp\/v2\/media\/119596"}],"wp:attachment":[{"href":"https:\/\/www.creaearredanegozi.it\/de\/wp-json\/wp\/v2\/media?parent=119590"}],"wp:term":[{"taxonomy":"product_brand","embeddable":true,"href":"https:\/\/www.creaearredanegozi.it\/de\/wp-json\/wp\/v2\/product_brand?post=119590"},{"taxonomy":"product_cat","embeddable":true,"href":"https:\/\/www.creaearredanegozi.it\/de\/wp-json\/wp\/v2\/product_cat?post=119590"},{"taxonomy":"product_tag","embeddable":true,"href":"https:\/\/www.creaearredanegozi.it\/de\/wp-json\/wp\/v2\/product_tag?post=119590"}],"curies":[{"name":"wp","href":"https:\/\/api.w.org\/{rel}","templated":true}]}}