{"id":119875,"date":"2021-11-11T16:46:18","date_gmt":"2021-11-11T15:46:18","guid":{"rendered":"https:\/\/www.creaearredanegozi.it\/?post_type=product&#038;p=119875"},"modified":"2023-07-03T19:58:25","modified_gmt":"2023-07-03T17:58:25","slug":"3-turige-saladette","status":"publish","type":"product","link":"https:\/\/www.creaearredanegozi.it\/de\/3-turige-saladette\/","title":{"rendered":"3-t\u00fcriger Salatschrank mit Gew\u00fcrzhalter 8 x GN1\/6"},"content":{"rendered":"<p><strong>Atosa 3-t\u00fcrige Saladette mit Gew\u00fcrztablett 8 x GN1\/6<\/strong><\/p>\n<ul>\n<li>Innere und \u00e4u\u00dfere Struktur aus rostfreiem Stahl<\/li>\n<li>Leicht austauschbare, ineinander greifende T\u00fcrdichtungen<\/li>\n<li>Geeignet f\u00fcr den Einsatz in Umgebungen mit Temperaturen bis zu 38\u00b0C<\/li>\n<li>Selbstschlie\u00dfende T\u00fcr mit Schloss nach au\u00dfen<\/li>\n<li>Artikel, die bereits mit R\u00e4dern und F\u00fc\u00dfen ausgestattet sind<\/li>\n<li>Abgerundete Kanten f\u00fcr einfache Reinigung<\/li>\n<li>EBM\"-L\u00fcfterbaugruppe<\/li>\n<li>Digitaler Thermostat \"Carel\/Dixell<\/li>\n<li>Automatische Abtauung<\/li>\n<li>Gitterroste und Einlegeb\u00f6den als Zubeh\u00f6r erh\u00e4ltlich<\/li>\n<li>Optionale Schubladen als Zubeh\u00f6r erh\u00e4ltlich<\/li>\n<li>Saladetten konfigurierbar mit GN-Tabletts 150 cm tief<\/li>\n<\/ul>","protected":false},"excerpt":{"rendered":"<p>Saladette 3 ante con portacondimenti 8 x GN1\/6 Atosa Struttura interna ed esterna in acciaio inox Guarnizioni porte a incastro facili da sostitutire Adatto all&#8217;utilizzo in ambienti con temperatura fino a 38\u00b0C Porta a chiusura automatica con bloccaggio verso l&#8217;esterno Articoli gi\u00e0 dotati di ruote e piedi Spigoli arrotondati per una facile pulizia Gruppo ventola [&#8230;]","protected":false},"featured_media":119876,"comment_status":"closed","ping_status":"closed","template":"","meta":{"_monsterinsights_skip_tracking":false,"_monsterinsights_sitenote_active":false,"_monsterinsights_sitenote_note":"","_monsterinsights_sitenote_category":0},"product_brand":[626],"product_cat":[72],"product_tag":[],"class_list":{"0":"post-119875","1":"product","2":"type-product","3":"status-publish","4":"has-post-thumbnail","6":"product_brand-atosa","7":"product_cat-saladette","8":"product_shipping_class-l","9":"pa_marca-atosa","11":"first","12":"instock","13":"taxable","14":"shipping-taxable","15":"purchasable","16":"product-type-simple"},"_links":{"self":[{"href":"https:\/\/www.creaearredanegozi.it\/de\/wp-json\/wp\/v2\/product\/119875","targetHints":{"allow":["GET"]}}],"collection":[{"href":"https:\/\/www.creaearredanegozi.it\/de\/wp-json\/wp\/v2\/product"}],"about":[{"href":"https:\/\/www.creaearredanegozi.it\/de\/wp-json\/wp\/v2\/types\/product"}],"replies":[{"embeddable":true,"href":"https:\/\/www.creaearredanegozi.it\/de\/wp-json\/wp\/v2\/comments?post=119875"}],"wp:featuredmedia":[{"embeddable":true,"href":"https:\/\/www.creaearredanegozi.it\/de\/wp-json\/wp\/v2\/media\/119876"}],"wp:attachment":[{"href":"https:\/\/www.creaearredanegozi.it\/de\/wp-json\/wp\/v2\/media?parent=119875"}],"wp:term":[{"taxonomy":"product_brand","embeddable":true,"href":"https:\/\/www.creaearredanegozi.it\/de\/wp-json\/wp\/v2\/product_brand?post=119875"},{"taxonomy":"product_cat","embeddable":true,"href":"https:\/\/www.creaearredanegozi.it\/de\/wp-json\/wp\/v2\/product_cat?post=119875"},{"taxonomy":"product_tag","embeddable":true,"href":"https:\/\/www.creaearredanegozi.it\/de\/wp-json\/wp\/v2\/product_tag?post=119875"}],"curies":[{"name":"wp","href":"https:\/\/api.w.org\/{rel}","templated":true}]}}