{"id":120752,"date":"2022-09-21T13:07:15","date_gmt":"2022-09-21T11:07:15","guid":{"rendered":"https:\/\/www.creaearredanegozi.it\/?post_type=product&#038;p=120752"},"modified":"2024-12-01T00:00:10","modified_gmt":"2024-11-30T23:00:10","slug":"saft-und-gemusepresse-45-rpm-mit-zubehor-pu008-easyline-fimar","status":"publish","type":"product","link":"https:\/\/www.creaearredanegozi.it\/de\/saft-und-gemusepresse-45-rpm-mit-zubehor-pu008-easyline-fimar\/","title":{"rendered":"Saft- und Gem\u00fcsesauger 45 U\/min mit Zubeh\u00f6r PU008 Easyline Fimar"},"content":{"rendered":"<h2 style=\"text-align: center;\">Edelstahl-Entsafter 45 U\/min Easyline PU008<\/h2>\n<p>Maschinen zum Entsaften von Obst und Gem\u00fcse, wobei die in den Lebensmitteln nat\u00fcrlich vorhandenen N\u00e4hrstoffe dank des Extraktionssystems mit niedriger Geschwindigkeit (Slow Juicer) erhalten bleiben.<\/p>\n<ul>\n<li>Konstruktion aus rostfreiem Stahl und lebensmittelechtem Kunststoff.<\/li>\n<li>Automatischer Zellstoffauswurf.<\/li>\n<li>Lieferung mit 2 Kunststoffbeh\u00e4ltern f\u00fcr Abf\u00e4lle und Saft, 1 Filter, Tofuzubereitungsbox, Reinigungsb\u00fcrste, 3 Edelstahlfilter.<\/li>\n<li>Umkehrfunktionstaste f\u00fcr schnelle und einfache Reinigung.<\/li>\n<li>Maulweite \u00d8 40 mm.<\/li>\n<li>CE-konform.<\/li>\n<\/ul>\n<p><strong>Technische Daten:<\/strong><\/p>\n<table class=\"table table-striped\">\n<tbody>\n<tr>\n<td>\n<p class=\"dati_tecnici_label_1\"><strong>Modell<\/strong><\/p>\n<\/td>\n<td><b>PU008<\/b><\/td>\n<\/tr>\n<tr>\n<td><strong>Strom<\/strong><\/td>\n<td align=\"left\">0,25 kW<\/td>\n<\/tr>\n<tr>\n<td><strong>Stromversorgung<\/strong><\/td>\n<td align=\"left\">220-240V\/1N\/50-60Hz<\/td>\n<\/tr>\n<tr>\n<td><b>Geschwindigkeit<\/b><\/td>\n<td align=\"left\">45 U\/min<\/td>\n<\/tr>\n<tr>\n<td><b>Abmessungen<\/b><\/td>\n<td align=\"left\">150 x 250 x 450h mm<\/td>\n<\/tr>\n<tr>\n<td><b>Nettogewicht<\/b><\/td>\n<td align=\"left\">7,5 kg<\/td>\n<\/tr>\n<tr>\n<td><b>Bruttogewicht<\/b><\/td>\n<td align=\"left\">10 kg<\/td>\n<\/tr>\n<\/tbody>\n<\/table>","protected":false},"excerpt":{"rendered":"<p>Estrattore succo acciaio inox 45 rpm Easyline PU008 Macchine per ottenere succhi di frutta e verdura mantenendo intatti gli elementi nutritivi naturalmente presenti nel cibo grazie al sistema di estrazione a bassa velocit\u00e0 (slow juicer). Struttura in acciaio inox e plastica idonea agli alimenti. Espulsione automatica della polpa. In dotazione 2 contenitori in plastica per [&#8230;]","protected":false},"featured_media":126324,"comment_status":"closed","ping_status":"closed","template":"","meta":{"_monsterinsights_skip_tracking":false,"_monsterinsights_sitenote_active":false,"_monsterinsights_sitenote_note":"","_monsterinsights_sitenote_category":0},"product_brand":[623,628],"product_cat":[65,163],"product_tag":[],"class_list":{"0":"post-120752","1":"product","2":"type-product","3":"status-publish","4":"has-post-thumbnail","6":"product_brand-easyline","7":"product_brand-fimar","8":"product_cat-frullatori","9":"product_cat-frullatori-ristorazione","10":"product_shipping_class-f","11":"pa_marca-easyline-by-fimar","13":"first","14":"instock","15":"taxable","16":"shipping-taxable","17":"purchasable","18":"product-type-simple"},"_links":{"self":[{"href":"https:\/\/www.creaearredanegozi.it\/de\/wp-json\/wp\/v2\/product\/120752","targetHints":{"allow":["GET"]}}],"collection":[{"href":"https:\/\/www.creaearredanegozi.it\/de\/wp-json\/wp\/v2\/product"}],"about":[{"href":"https:\/\/www.creaearredanegozi.it\/de\/wp-json\/wp\/v2\/types\/product"}],"replies":[{"embeddable":true,"href":"https:\/\/www.creaearredanegozi.it\/de\/wp-json\/wp\/v2\/comments?post=120752"}],"wp:featuredmedia":[{"embeddable":true,"href":"https:\/\/www.creaearredanegozi.it\/de\/wp-json\/wp\/v2\/media\/126324"}],"wp:attachment":[{"href":"https:\/\/www.creaearredanegozi.it\/de\/wp-json\/wp\/v2\/media?parent=120752"}],"wp:term":[{"taxonomy":"product_brand","embeddable":true,"href":"https:\/\/www.creaearredanegozi.it\/de\/wp-json\/wp\/v2\/product_brand?post=120752"},{"taxonomy":"product_cat","embeddable":true,"href":"https:\/\/www.creaearredanegozi.it\/de\/wp-json\/wp\/v2\/product_cat?post=120752"},{"taxonomy":"product_tag","embeddable":true,"href":"https:\/\/www.creaearredanegozi.it\/de\/wp-json\/wp\/v2\/product_tag?post=120752"}],"curies":[{"name":"wp","href":"https:\/\/api.w.org\/{rel}","templated":true}]}}