{"id":121866,"date":"2022-11-28T13:22:56","date_gmt":"2022-11-28T12:22:56","guid":{"rendered":"https:\/\/www.creaearredanegozi.it\/?post_type=product&#038;p=121866"},"modified":"2024-01-15T13:08:17","modified_gmt":"2024-01-15T12:08:17","slug":"professionelle-gasofen-fur-pizzeria-digital-edelstahl-2-kammern-92x92x155cm-fgi99-fimar","status":"publish","type":"product","link":"https:\/\/www.creaearredanegozi.it\/de\/professionelle-gasofen-fur-pizzeria-digital-edelstahl-2-kammern-92x92x155cm-fgi99-fimar\/","title":{"rendered":"Professioneller Gasbackofen f\u00fcr Pizzeria Digital Edelstahl 2 Kammern 92x92x15,5cm FGI9+9 Fimar"},"content":{"rendered":"<h3>Gasofen Pizzeria digital Edelstahl 2 Kammern f\u00fcr 92x92x15,5 cm Fimar FGI9+9<\/h3>\n<div class=\"row thumbnails\">\n<div class=\"col-md-3\">Professionelle Gas\u00f6fen zum Backen von Pizza, Focaccia usw.<\/div>\n<ul>\n<li>2 Kammern 920 x 920 x 155(h) mm<\/li>\n<li class=\"col-md-3\">Frontverkleidung aus rostfreiem Stahl.<\/li>\n<li class=\"col-md-3\">Feuerfestes Kochfeld.<\/li>\n<li class=\"col-md-3\">W\u00e4rmed\u00e4mmung durch Verkleidung mit Steinwolle.<\/li>\n<li class=\"col-md-3\">T\u00fcren mit Pyrex-Schauglas.<\/li>\n<li>Piezo-Z\u00fcndung.<\/li>\n<li>CNG-betrieben, LPG-Bausatz enthalten.<\/li>\n<li class=\"col-md-3\">Innenbeleuchtung.<\/li>\n<li class=\"col-md-3\">Digitaler Thermostat.<\/li>\n<li>Gasanschluss 3\/4\u2033G<\/li>\n<\/ul>\n<\/div>\n<p>Optional<\/p>\n<ul>\n<li>St\u00e4nder (Abmessungen 1300 x 1140 x 1000(h) mm).<\/li>\n<li>Winddichte Verbindung.<\/li>\n<li>Beschlag f\u00fcr die \u00dcberlappung von 2 Back\u00f6fen.<\/li>\n<\/ul>\n<p><strong>Technische Daten:<\/strong><\/p>\n<table class=\"table table-striped\">\n<tbody>\n<tr>\n<td>\n<p class=\"dati_tecnici_label_1\"><strong>Modell<\/strong><\/p>\n<\/td>\n<td><b>FGI9+9<\/b><\/td>\n<\/tr>\n<tr>\n<td><b>Strom<\/b><\/td>\n<td align=\"left\">24,5 kW x2<\/td>\n<\/tr>\n<tr>\n<td><strong>Stromversorgung<\/strong><\/td>\n<td align=\"left\">230V\/1N\/50-60Hz x2<\/td>\n<\/tr>\n<tr>\n<td><strong>Arbeitstemperatur<\/strong><\/td>\n<td align=\"left\">50 \u00f7 450 \u00b0C x2<\/td>\n<\/tr>\n<tr>\n<td><b>Abmessungen der Brennkammer<\/b><\/td>\n<td align=\"left\">920x920x155h (mm) x2<\/td>\n<\/tr>\n<tr>\n<td><strong>Abmessungen<\/strong><\/td>\n<td align=\"left\">1300x1140x470h (mm) x2<\/td>\n<\/tr>\n<tr>\n<td><strong>Nettogewicht <\/strong><\/td>\n<td align=\"left\">181 kg x2<\/td>\n<\/tr>\n<tr>\n<td><strong>Bruttogewicht<\/strong><\/td>\n<td align=\"left\">201 kg x2<\/td>\n<\/tr>\n<tr>\n<td><strong>Abmessungen der Verpackung<\/strong><\/td>\n<td align=\"left\">1370x1340x640h (mm) x2<\/td>\n<\/tr>\n<tr>\n<td><strong>Verpackungsvolumen<\/strong><\/td>\n<td align=\"left\">1,17 m\u00b3 x2<\/td>\n<\/tr>\n<tr>\n<td><strong>Kalorien<\/strong><\/td>\n<td align=\"left\">21.070 kcal\/h - 83.611 BTU\/h x2<\/td>\n<\/tr>\n<tr>\n<td><strong>Methanverbrauch<\/strong><\/td>\n<td align=\"left\">G20 = 2.592 m\u00b3\/h - G25 = 3.015 m\u00b3\/h x2<\/td>\n<\/tr>\n<tr>\n<td><strong>LPG-Verbrauch<\/strong><\/td>\n<td align=\"left\">G30\/G31 = 1,917 kg\/h x2<\/td>\n<\/tr>\n<tr>\n<td><strong>Gasanschluss<\/strong><\/td>\n<td align=\"left\">3\/4\" G x2<\/td>\n<\/tr>\n<tr>\n<td><strong>Brenner<\/strong><\/td>\n<td align=\"left\">Nr. 6 x2<\/td>\n<\/tr>\n<\/tbody>\n<\/table>","protected":false},"excerpt":{"rendered":"<p>Forni a gas pizzeria digitale acciaio inox 2 camere per 92x92x15,5 cm Fimar FGI9+9 Forni a gas professionali per la cottura di pizza, focacce, ecc. 2 Camere 920 x 920 x 155(h) mm Rivestimento frontale inox. Piano di cottura refrattario. Isolamento termico mediante rivestimento in lana di roccia. Porte con vetro di ispezione in pirex. [&#8230;]","protected":false},"featured_media":121864,"comment_status":"closed","ping_status":"closed","template":"","meta":{"_monsterinsights_skip_tracking":false,"_monsterinsights_sitenote_active":false,"_monsterinsights_sitenote_note":"","_monsterinsights_sitenote_category":0},"product_brand":[628],"product_cat":[701,110,46,16,64,159,10,25],"product_tag":[],"class_list":{"0":"post-121866","1":"product","2":"type-product","3":"status-publish","4":"has-post-thumbnail","6":"product_brand-fimar","7":"product_cat-forni-a-gas","8":"product_cat-a-gas-forni","9":"product_cat-attrezzature-per-pizzeria-attrezzi-pizzaiolo","10":"product_cat-forni","11":"product_cat-forni-attrezzature-bar","12":"product_cat-forni-ristorazione","13":"product_cat-attrezzature-bar","14":"product_cat-attrezzature-ristoranti-pub-cucine","15":"product_shipping_class-372","16":"pa_marca-fimar","18":"first","19":"instock","20":"taxable","21":"shipping-taxable","22":"purchasable","23":"product-type-simple"},"_links":{"self":[{"href":"https:\/\/www.creaearredanegozi.it\/de\/wp-json\/wp\/v2\/product\/121866","targetHints":{"allow":["GET"]}}],"collection":[{"href":"https:\/\/www.creaearredanegozi.it\/de\/wp-json\/wp\/v2\/product"}],"about":[{"href":"https:\/\/www.creaearredanegozi.it\/de\/wp-json\/wp\/v2\/types\/product"}],"replies":[{"embeddable":true,"href":"https:\/\/www.creaearredanegozi.it\/de\/wp-json\/wp\/v2\/comments?post=121866"}],"wp:featuredmedia":[{"embeddable":true,"href":"https:\/\/www.creaearredanegozi.it\/de\/wp-json\/wp\/v2\/media\/121864"}],"wp:attachment":[{"href":"https:\/\/www.creaearredanegozi.it\/de\/wp-json\/wp\/v2\/media?parent=121866"}],"wp:term":[{"taxonomy":"product_brand","embeddable":true,"href":"https:\/\/www.creaearredanegozi.it\/de\/wp-json\/wp\/v2\/product_brand?post=121866"},{"taxonomy":"product_cat","embeddable":true,"href":"https:\/\/www.creaearredanegozi.it\/de\/wp-json\/wp\/v2\/product_cat?post=121866"},{"taxonomy":"product_tag","embeddable":true,"href":"https:\/\/www.creaearredanegozi.it\/de\/wp-json\/wp\/v2\/product_tag?post=121866"}],"curies":[{"name":"wp","href":"https:\/\/api.w.org\/{rel}","templated":true}]}}