{"id":122216,"date":"2023-01-03T12:03:05","date_gmt":"2023-01-03T11:03:05","guid":{"rendered":"https:\/\/www.creaearredanegozi.it\/?post_type=product&#038;p=122216"},"modified":"2024-01-15T13:28:08","modified_gmt":"2024-01-15T12:28:08","slug":"lilly-pf15e-fimar-professionelle-frische-nudelmaschine-knetet-verschiedene-formen-1-5-kg","status":"publish","type":"product","link":"https:\/\/www.creaearredanegozi.it\/de\/lilly-pf15e-fimar-professionelle-frische-nudelmaschine-knetet-verschiedene-formen-1-5-kg\/","title":{"rendered":"Professionelle Frischteigmaschine Verschiedene Teiggr\u00f6\u00dfen von 1,5 KG Lilly PF15E Fimar"},"content":{"rendered":"<h3>Frischteigwarenmaschine 1,5 kg Fassungsverm\u00f6gen Fimar PF15E<\/h3>\n<p><strong>LILLY PF15E FRISCHNUDELMASCHINE<\/strong><br \/>\nFrischteigwarenmaschine, ideal zum Kneten und Extrudieren von Teig in verschiedenen Formaten.<\/p>\n<ul>\n<li>Knetwerkzeug und Propeller aus rostfreiem Stahl AISI 304.<\/li>\n<li>Sicherheitsmikroschalter am Tankdeckel.<\/li>\n<li>Deckel mit Schlitzen, in die die Zutaten w\u00e4hrend der Verarbeitung eingelegt werden k\u00f6nnen.<\/li>\n<li>vollst\u00e4ndig abnehmbarer Tank f\u00fcr einfaches und schnelles Waschen.<\/li>\n<li>Ziehsteine nicht enthalten<\/li>\n<li>Zubeh\u00f6r: verschiedene Arten von Bronzewerkzeugen, Wagen und Schachteln f\u00fcr frische Nudeln.<\/li>\n<li>A-Normen <strong>EC.<\/strong><\/li>\n<\/ul>\n<p><strong>Optional:<\/strong><\/p>\n<ul>\n<li>Verschiedene Gr\u00f6\u00dfen von Matrizen aus einer Bronze-Messing-Legierung.<\/li>\n<li>Wagen f\u00fcr frische Nudelkartons. (OFFEN 1035x520x940(h)mm \/ GESCHLOSSEN 735x520x940(h)mm).<\/li>\n<li>4 x Boxen f\u00fcr frische Nudeln. (600 x 400 x 70(h) mm).<\/li>\n<\/ul>\n<p><strong>Technische Daten:<\/strong><\/p>\n<p>&nbsp;<\/p>\n<p>&nbsp;<\/p>\n<table class=\"table table-striped\">\n<tbody>\n<tr>\n<td>\n<p class=\"dati_tecnici_label_1\"><strong>Modell<\/strong><\/p>\n<\/td>\n<td><b>PF15E<\/b><\/td>\n<\/tr>\n<tr>\n<td><strong>Strom<\/strong><\/td>\n<td align=\"left\">0,25 kW (0,33 PS)<\/td>\n<\/tr>\n<tr>\n<td><strong>Stromversorgung<\/strong><\/td>\n<td align=\"left\">230V\/1N\/50Hz<\/td>\n<\/tr>\n<tr>\n<td><strong>Abmessungen<\/strong><\/td>\n<td align=\"left\">241x525x317\/450(h)mm<\/td>\n<\/tr>\n<tr>\n<td><b>Nettogewicht<\/b><\/td>\n<td align=\"left\">16 kg<\/td>\n<\/tr>\n<tr>\n<td><strong>Bruttogewicht<\/strong><\/td>\n<td align=\"left\">19 kg<\/td>\n<\/tr>\n<tr>\n<td><strong>Abmessungen der Verpackung<\/strong><\/td>\n<td align=\"left\">280x520x450h (mm)<\/td>\n<\/tr>\n<tr>\n<td><b>Verpackungsvolumen<\/b><\/td>\n<td align=\"left\">0,065 m\u00b3<\/td>\n<\/tr>\n<tr>\n<td><strong>St\u00fcndliche Leistung<\/strong><\/td>\n<td align=\"left\">2,5 \u00f7 5 kg\/h<\/td>\n<\/tr>\n<tr>\n<td><b>Fassungsverm\u00f6gen des Tanks<\/b><\/td>\n<td align=\"left\">1,5 kg<\/td>\n<\/tr>\n<tr>\n<td><b>Trafila<\/b><\/td>\n<td align=\"left\">\u00d8 50 mm<\/td>\n<\/tr>\n<\/tbody>\n<\/table>\n<p><img decoding=\"async\" class=\"size-medium wp-image-17522 aligncenter\" src=\"https:\/\/www.creaearredanegozi.it\/wp-content\/uploads\/2018\/12\/TRAFILE-500x477.jpg\" alt=\"\" width=\"500\" height=\"477\" title=\"\" srcset=\"https:\/\/www.creaearredanegozi.it\/wp-content\/uploads\/2018\/12\/TRAFILE-500x477.jpg 500w, https:\/\/www.creaearredanegozi.it\/wp-content\/uploads\/2018\/12\/TRAFILE-516x492.jpg 516w, https:\/\/www.creaearredanegozi.it\/wp-content\/uploads\/2018\/12\/TRAFILE-64x61.jpg 64w, https:\/\/www.creaearredanegozi.it\/wp-content\/uploads\/2018\/12\/TRAFILE-200x191.jpg 200w, https:\/\/www.creaearredanegozi.it\/wp-content\/uploads\/2018\/12\/TRAFILE-768x732.jpg 768w, https:\/\/www.creaearredanegozi.it\/wp-content\/uploads\/2018\/12\/TRAFILE-806x768.jpg 806w, https:\/\/www.creaearredanegozi.it\/wp-content\/uploads\/2018\/12\/TRAFILE-645x615.jpg 645w, https:\/\/www.creaearredanegozi.it\/wp-content\/uploads\/2018\/12\/TRAFILE-560x534.jpg 560w, https:\/\/www.creaearredanegozi.it\/wp-content\/uploads\/2018\/12\/TRAFILE-750x715.jpg 750w, https:\/\/www.creaearredanegozi.it\/wp-content\/uploads\/2018\/12\/TRAFILE-400x381.jpg 400w, https:\/\/www.creaearredanegozi.it\/wp-content\/uploads\/2018\/12\/TRAFILE-510x486.jpg 510w, https:\/\/www.creaearredanegozi.it\/wp-content\/uploads\/2018\/12\/TRAFILE.jpg 962w\" sizes=\"(max-width: 500px) 100vw, 500px\" \/><\/p>","protected":false},"excerpt":{"rendered":"<p>Macchina per pasta fresca capacit\u00e0 1,5 Kg Fimar PF15E MACCHINA PASTA FRESCA LILLY PF15E Macchina per la pasta fresca ideale per impastare ed estrudere impasti in diversi formati. Utensile impastatore ed elica in acciaio inox AISI 304. microinterruttore di sicurezza su coperchio vasca. coperchio con feritoie per permettere l\u2019inserimento di ingredienti anche durante la lavorazione. [&#8230;]","protected":false},"featured_media":126503,"comment_status":"closed","ping_status":"closed","template":"","meta":{"_monsterinsights_skip_tracking":false,"_monsterinsights_sitenote_active":false,"_monsterinsights_sitenote_note":"","_monsterinsights_sitenote_category":0},"product_brand":[628],"product_cat":[301,17,169],"product_tag":[],"class_list":{"0":"post-122216","1":"product","2":"type-product","3":"status-publish","4":"has-post-thumbnail","6":"product_brand-fimar","7":"product_cat-con-trafile","8":"product_cat-impastatrici","9":"product_cat-impastatrici-ristorazione","10":"product_shipping_class-f","11":"pa_marca-fimar","13":"first","14":"instock","15":"taxable","16":"shipping-taxable","17":"purchasable","18":"product-type-simple"},"_links":{"self":[{"href":"https:\/\/www.creaearredanegozi.it\/de\/wp-json\/wp\/v2\/product\/122216","targetHints":{"allow":["GET"]}}],"collection":[{"href":"https:\/\/www.creaearredanegozi.it\/de\/wp-json\/wp\/v2\/product"}],"about":[{"href":"https:\/\/www.creaearredanegozi.it\/de\/wp-json\/wp\/v2\/types\/product"}],"replies":[{"embeddable":true,"href":"https:\/\/www.creaearredanegozi.it\/de\/wp-json\/wp\/v2\/comments?post=122216"}],"wp:featuredmedia":[{"embeddable":true,"href":"https:\/\/www.creaearredanegozi.it\/de\/wp-json\/wp\/v2\/media\/126503"}],"wp:attachment":[{"href":"https:\/\/www.creaearredanegozi.it\/de\/wp-json\/wp\/v2\/media?parent=122216"}],"wp:term":[{"taxonomy":"product_brand","embeddable":true,"href":"https:\/\/www.creaearredanegozi.it\/de\/wp-json\/wp\/v2\/product_brand?post=122216"},{"taxonomy":"product_cat","embeddable":true,"href":"https:\/\/www.creaearredanegozi.it\/de\/wp-json\/wp\/v2\/product_cat?post=122216"},{"taxonomy":"product_tag","embeddable":true,"href":"https:\/\/www.creaearredanegozi.it\/de\/wp-json\/wp\/v2\/product_tag?post=122216"}],"curies":[{"name":"wp","href":"https:\/\/api.w.org\/{rel}","templated":true}]}}