{"id":122226,"date":"2023-01-03T13:01:36","date_gmt":"2023-01-03T12:01:36","guid":{"rendered":"https:\/\/www.creaearredanegozi.it\/?post_type=product&#038;p=122226"},"modified":"2023-11-29T19:22:56","modified_gmt":"2023-11-29T18:22:56","slug":"professionelle-salami-schneidemaschine-messer-o-30cm-dicke-schneiden-bis-zu-14%c3%b716-mm-eco300l-fimar","status":"publish","type":"product","link":"https:\/\/www.creaearredanegozi.it\/de\/professionelle-salami-schneidemaschine-messer-o-30cm-dicke-schneiden-bis-zu-14%c3%b716-mm-eco300l-fimar\/","title":{"rendered":"Professionelle Salumi-Hobelklinge \u00f8 30cm Schnittst\u00e4rke bis zu 14\u00f716 mm ECO300L Fimar"},"content":{"rendered":"<h3>Professionelle Salamischneider Klinge \u00f8 30 cm ECO Serie Fimar ECO300L<\/h3>\n<p><strong>AUFSCHNITTMASCHINEN ECO300L<\/strong><br \/>\nMaschine zum Schneiden von Aufschnitt, K\u00e4se, Fleisch usw.<\/p>\n<ul>\n<li>Struktur aus lackierter Aluminium-Leichtmetalllegierung.<\/li>\n<li>Segelplattenblock mit 'Easy Clean'-System f\u00fcr einfache Reinigung.<\/li>\n<li>Fester Klingenschutzring.<\/li>\n<li>Schnittdicke bis zu 14\u00f716 mm.<\/li>\n<li>Festes Sch\u00e4rfger\u00e4t mit zwei Schleifk\u00f6rpern zum Sch\u00e4rfen der Klinge.<\/li>\n<li>A-Normen <strong>EC.<\/strong><\/li>\n<\/ul>\n<p><strong>Technische Daten:<\/strong><\/p>\n<table class=\"table table-striped\">\n<tbody>\n<tr>\n<td>\n<p class=\"dati_tecnici_label_1\"><strong>Modell<\/strong><\/p>\n<\/td>\n<td><b>ECO300L<\/b><\/td>\n<\/tr>\n<tr>\n<td><b>Strom<\/b><\/td>\n<td align=\"left\">0,18 kW (0,25 PS)<\/td>\n<\/tr>\n<tr>\n<td><b>Einphasige Stromversorgung<\/b><\/td>\n<td align=\"left\">230V\/1N\/50HZ<\/td>\n<\/tr>\n<tr>\n<td><b>Gr\u00f6\u00dfe der Klinge<\/b><\/td>\n<td align=\"left\">\u00f8 300 mm<\/td>\n<\/tr>\n<tr>\n<td><strong>N\u00fctzlicher Schnitt<\/strong><\/td>\n<td align=\"left\">245 x 195h mm<\/td>\n<\/tr>\n<tr>\n<td><b>Abmessungen der Arbeitsplatte<\/b><\/td>\n<td align=\"left\">265 x 282 mm<\/td>\n<\/tr>\n<tr>\n<td><strong>Abmessungen<\/strong><\/td>\n<td align=\"left\">530x630x480h (mm)<\/td>\n<\/tr>\n<tr>\n<td><b>Nettogewicht<\/b><\/td>\n<td align=\"left\">24 kg<\/td>\n<\/tr>\n<tr>\n<td><strong>Bruttogewicht<\/strong><\/td>\n<td align=\"left\">26 kg<\/td>\n<\/tr>\n<\/tbody>\n<\/table>\n<p style=\"text-align: center;\">","protected":false},"excerpt":{"rendered":"<p>Affettatrice Professionale per salumi lama \u00f8 30 cm serie ECO Fimar ECO300L AFFETTATRICI ECO300L Macchina per affettare salumi, formaggi, carni ecc. Struttura in lega leggera di alluminio verniciato. Blocco piatto vela con sistema &#8220;Easy Clean&#8221; per una facile pulizia. Anello fisso protezione lama. Spessore taglio fino a 14\u00f716 mm. Affilatoio fisso con coppia di smerigli [&#8230;]","protected":false},"featured_media":122228,"comment_status":"closed","ping_status":"closed","template":"","meta":{"_monsterinsights_skip_tracking":false,"_monsterinsights_sitenote_active":false,"_monsterinsights_sitenote_note":"","_monsterinsights_sitenote_category":0},"product_brand":[628],"product_cat":[678,51,677,26],"product_tag":[],"class_list":{"0":"post-122226","1":"product","2":"type-product","3":"status-publish","4":"has-post-thumbnail","6":"product_brand-fimar","7":"product_cat-affettatrici-salumi","8":"product_cat-affettatrici","9":"product_cat-affettatrici-professionali","10":"product_cat-macelleria-e-gastronomia","11":"product_shipping_class-206","12":"pa_diametro-lama-300-mm","13":"pa_marca-fimar","14":"pa_tipo-piatto-salumi","15":"pa_versione-elettrica","17":"first","18":"instock","19":"taxable","20":"shipping-taxable","21":"purchasable","22":"product-type-simple"},"_links":{"self":[{"href":"https:\/\/www.creaearredanegozi.it\/de\/wp-json\/wp\/v2\/product\/122226","targetHints":{"allow":["GET"]}}],"collection":[{"href":"https:\/\/www.creaearredanegozi.it\/de\/wp-json\/wp\/v2\/product"}],"about":[{"href":"https:\/\/www.creaearredanegozi.it\/de\/wp-json\/wp\/v2\/types\/product"}],"replies":[{"embeddable":true,"href":"https:\/\/www.creaearredanegozi.it\/de\/wp-json\/wp\/v2\/comments?post=122226"}],"wp:featuredmedia":[{"embeddable":true,"href":"https:\/\/www.creaearredanegozi.it\/de\/wp-json\/wp\/v2\/media\/122228"}],"wp:attachment":[{"href":"https:\/\/www.creaearredanegozi.it\/de\/wp-json\/wp\/v2\/media?parent=122226"}],"wp:term":[{"taxonomy":"product_brand","embeddable":true,"href":"https:\/\/www.creaearredanegozi.it\/de\/wp-json\/wp\/v2\/product_brand?post=122226"},{"taxonomy":"product_cat","embeddable":true,"href":"https:\/\/www.creaearredanegozi.it\/de\/wp-json\/wp\/v2\/product_cat?post=122226"},{"taxonomy":"product_tag","embeddable":true,"href":"https:\/\/www.creaearredanegozi.it\/de\/wp-json\/wp\/v2\/product_tag?post=122226"}],"curies":[{"name":"wp","href":"https:\/\/api.w.org\/{rel}","templated":true}]}}