{"id":122258,"date":"2023-01-04T12:20:07","date_gmt":"2023-01-04T11:20:07","guid":{"rendered":"https:\/\/www.creaearredanegozi.it\/?post_type=product&#038;p=122258"},"modified":"2024-11-20T13:41:54","modified_gmt":"2024-11-20T12:41:54","slug":"professioneller-edelstahl-geschirrspuler-50cm-quadratischer-korb-fimar-lapi50-lapi50pl","status":"publish","type":"product","link":"https:\/\/www.creaearredanegozi.it\/de\/professioneller-edelstahl-geschirrspuler-50cm-quadratischer-korb-fimar-lapi50-lapi50pl\/","title":{"rendered":"Fimar LAPI50 LAPI50PL Profi-Geschirrsp\u00fcler Front Edelstahl Quadrat 50cm Korb"},"content":{"rendered":"<h3>Profi-Geschirrsp\u00fcler Front Edelstahl Korb 50cm Fimar LAPI50 und LAPI50PL<\/h3>\n<p>LAPI50 und LAPI50PL SP\u00dcLMASCHINEN<\/p>\n<ul>\n<li>Teilweise doppelwandige Struktur aus rostfreiem Stahl AISI 304.<\/li>\n<li>Geformte Wanne mit abgerundeten Ecken.<\/li>\n<li>Geformte Korbf\u00fchrungsschienen.<\/li>\n<li>Doppelwandige T\u00fcr.<\/li>\n<li>Leicht abnehmbare Wasch- und Sp\u00fclarme aus Verbundwerkstoff.<\/li>\n<li>Mikroschalter an der T\u00fcr.<\/li>\n<li>N\u00fctzliche Waschh\u00f6he <strong>34 cm<\/strong>.<\/li>\n<li>M\u00f6glichkeit zum Waschen von GN1\/1 Tabletts mit optionalem Korb.<\/li>\n<li>Klarsp\u00fclerspender.<\/li>\n<li>Automatische Bef\u00fcllung.<\/li>\n<li>Hei\u00df absp\u00fclen.<\/li>\n<li>Thermostopp-Funktion<\/li>\n<li>\u00dcberflutungsschutzventil als Standard.<\/li>\n<li>CE-konform.<\/li>\n<\/ul>\n<p>Das Modell <strong>LAPI50<\/strong> verf\u00fcgt serienm\u00e4\u00dfig \u00fcber den elektrischen Klarsp\u00fclerspender<\/p>\n<p>Das Modell<strong> LAPI50PL<\/strong> umfasst auch einen elektrischen Waschmittelspender und eine Ablaufpumpe.<\/p>\n<p><strong>Mitgeliefert:<\/strong><\/p>\n<ul>\n<li>1 Glaskorb 50\u00d750 cm<\/li>\n<li>1 Geschirrkorb 50\u00d750 cm (12\/18 Pl\u00e4tze)<\/li>\n<li>1 L\u00f6ffelkorb<\/li>\n<li>1 Wasserzulaufschlauch (L\u00e4nge 2 m)<\/li>\n<li>1 Abgasschlauch (L\u00e4nge 2,5 m).<\/li>\n<\/ul>\n<div class=\"short-desc\">\n<p><strong>Optional:<\/strong><\/p>\n<ul>\n<li>Quadratischer Korb 500 x 500 x 106(h)mm<\/li>\n<li>Grundplatten 18 flach - 12 tief.<\/li>\n<li>Tablettboden 9 Tabletts.<\/li>\n<li>Basis f\u00fcr Besteck.<\/li>\n<\/ul>\n<\/div>\n<hr \/>\n<p><strong>Technische Daten<\/strong><\/p>\n<table class=\"table table-striped\" style=\"width: 100%;\">\n<tbody>\n<tr>\n<td width=\"50%\">Modell<\/td>\n<td style=\"text-align: center;\" width=\"25%\"><strong>LAPI50<\/strong><\/td>\n<td style=\"text-align: center;\" width=\"25%\"><strong>LAPI50PL<\/strong><\/td>\n<\/tr>\n<tr>\n<td>Stromversorgung<\/td>\n<td style=\"text-align: center;\" colspan=\"2\">230V\/50Hz - 400V\/3N\/50Hz<\/td>\n<\/tr>\n<tr>\n<td>Leistung Kw<\/td>\n<td style=\"text-align: center;\" colspan=\"2\">3,03 kW (1 PH) - 4,83 kW (3 PH)<\/td>\n<\/tr>\n<tr>\n<td>Waschpumpe<\/td>\n<td style=\"text-align: center;\" colspan=\"2\">0,35 kW<\/td>\n<\/tr>\n<tr>\n<td>Tankinhalt (L)<\/td>\n<td style=\"text-align: center;\" colspan=\"2\">20<\/td>\n<\/tr>\n<tr>\n<td>St\u00fcndliche Produktion (kg\/h)<\/td>\n<td style=\"text-align: center;\" colspan=\"2\">120\u2033-Zyklus \/<br \/>\n30 K\u00f6rbe pro Stunde<\/td>\n<\/tr>\n<tr>\n<td>Widerstand des Kessels<\/td>\n<td style=\"text-align: center;\" colspan=\"2\">2,7kW (1PH) - 4,5kW (3PH)<\/td>\n<\/tr>\n<tr>\n<td>Kesselleistung<\/td>\n<td style=\"text-align: center;\" colspan=\"2\">5 LT<\/td>\n<\/tr>\n<tr>\n<td>Abmessungen der Maschine (BxTxH mm)<\/td>\n<td style=\"text-align: center;\" colspan=\"2\" align=\"left\">572x633x814(h) mm<\/td>\n<\/tr>\n<tr>\n<td>Nettogewicht (kg)<\/td>\n<td style=\"text-align: center;\" colspan=\"2\" align=\"left\">50,5 kg<\/td>\n<\/tr>\n<tr>\n<td>Bruttogewicht (kg)<\/td>\n<td style=\"text-align: center;\" colspan=\"2\">58 Kg<\/td>\n<\/tr>\n<tr>\n<td>Abmessungen der Verpackung (lxbxh mm)<\/td>\n<td style=\"text-align: center;\" colspan=\"2\">660x720x960(h) mm<\/td>\n<\/tr>\n<tr>\n<td>Verpackungsvolumen (m3)<\/td>\n<td style=\"text-align: center;\" colspan=\"2\">0,46 m\u00b3<\/td>\n<\/tr>\n<tr>\n<td>Elektrischer Waschmittelspender<\/td>\n<td style=\"text-align: center;\">NO<\/td>\n<td style=\"text-align: center;\">SI<\/td>\n<\/tr>\n<tr>\n<td>Entleerungspumpe<\/td>\n<td style=\"text-align: center;\">NO<\/td>\n<td style=\"text-align: center;\">SI<\/td>\n<\/tr>\n<\/tbody>\n<\/table>\n<p>&nbsp;<\/p>\n<table style=\"border-collapse: collapse; width: 100%;\">\n<tbody>\n<tr>\n<td style=\"width: 50%;\">BV Zusatzkorb<\/td>\n<td style=\"width: 50%;\"><img decoding=\"async\" class=\"alignnone size-full wp-image-122269 aligncenter\" src=\"https:\/\/www.creaearredanegozi.it\/wp-content\/uploads\/2023\/01\/500-x-500-x-106hmm.jpg\" alt=\"\" width=\"200\" height=\"200\" title=\"\" srcset=\"https:\/\/www.creaearredanegozi.it\/wp-content\/uploads\/2023\/01\/500-x-500-x-106hmm.jpg 200w, https:\/\/www.creaearredanegozi.it\/wp-content\/uploads\/2023\/01\/500-x-500-x-106hmm-100x100.jpg 100w, https:\/\/www.creaearredanegozi.it\/wp-content\/uploads\/2023\/01\/500-x-500-x-106hmm-64x64.jpg 64w\" sizes=\"(max-width: 200px) 100vw, 200px\" \/><\/td>\n<\/tr>\n<tr>\n<td style=\"width: 50%;\"><strong>BP Zus\u00e4tzlicher Geschirrkorb<\/strong><\/p>\n<p>18 Fu\u00dfb\u00f6den<\/p>\n<p>12 Mittel<\/td>\n<td style=\"width: 50%;\"><img decoding=\"async\" class=\"alignnone size-full wp-image-122270 aligncenter\" src=\"https:\/\/www.creaearredanegozi.it\/wp-content\/uploads\/2023\/01\/Base-piatti-18-piani-12-fondi.jpg\" alt=\"\" width=\"200\" height=\"200\" title=\"\" srcset=\"https:\/\/www.creaearredanegozi.it\/wp-content\/uploads\/2023\/01\/Base-piatti-18-piani-12-fondi.jpg 200w, https:\/\/www.creaearredanegozi.it\/wp-content\/uploads\/2023\/01\/Base-piatti-18-piani-12-fondi-100x100.jpg 100w, https:\/\/www.creaearredanegozi.it\/wp-content\/uploads\/2023\/01\/Base-piatti-18-piani-12-fondi-64x64.jpg 64w\" sizes=\"(max-width: 200px) 100vw, 200px\" \/><\/td>\n<\/tr>\n<tr>\n<td style=\"width: 50%;\"><strong>BVM Zus\u00e4tzlicher Besteckkorb<\/strong><\/td>\n<td style=\"width: 50%;\"><img decoding=\"async\" class=\"alignnone size-full wp-image-122271 aligncenter\" src=\"https:\/\/www.creaearredanegozi.it\/wp-content\/uploads\/2023\/01\/Base-posate.jpg\" alt=\"\" width=\"200\" height=\"200\" title=\"\" srcset=\"https:\/\/www.creaearredanegozi.it\/wp-content\/uploads\/2023\/01\/Base-posate.jpg 200w, https:\/\/www.creaearredanegozi.it\/wp-content\/uploads\/2023\/01\/Base-posate-100x100.jpg 100w, https:\/\/www.creaearredanegozi.it\/wp-content\/uploads\/2023\/01\/Base-posate-64x64.jpg 64w\" sizes=\"(max-width: 200px) 100vw, 200px\" \/><\/td>\n<\/tr>\n<\/tbody>\n<\/table>","protected":false},"excerpt":{"rendered":"<p>Lavastoviglie Professionale Frontale in acciaio inox Cesto 50cm Fimar LAPI50 e LAPI50PL LAVASTOVIGLIE LAPI50 e LAPI50PL Struttura a doppia parete parziale in acciaio inox AISI 304. Vasca stampata con angoli arrotondati. Correntini guida cesto stampati. Porta a doppia parete. Bracci di lavaggio e risciacquo in materiale composito facilmente smontabili. Microinterruttore su porta. Altezza utile lavaggio [&#8230;]","protected":false},"featured_media":122260,"comment_status":"closed","ping_status":"closed","template":"","meta":{"_monsterinsights_skip_tracking":false,"_monsterinsights_sitenote_active":false,"_monsterinsights_sitenote_note":"","_monsterinsights_sitenote_category":0},"product_brand":[628],"product_cat":[19],"product_tag":[],"class_list":{"0":"post-122258","1":"product","2":"type-product","3":"status-publish","4":"has-post-thumbnail","6":"product_brand-fimar","7":"product_cat-lavaggio","8":"product_shipping_class-33","9":"pa_marca-fimar","11":"first","12":"instock","13":"sale","14":"taxable","15":"shipping-taxable","16":"purchasable","17":"product-type-variable"},"_links":{"self":[{"href":"https:\/\/www.creaearredanegozi.it\/de\/wp-json\/wp\/v2\/product\/122258","targetHints":{"allow":["GET"]}}],"collection":[{"href":"https:\/\/www.creaearredanegozi.it\/de\/wp-json\/wp\/v2\/product"}],"about":[{"href":"https:\/\/www.creaearredanegozi.it\/de\/wp-json\/wp\/v2\/types\/product"}],"replies":[{"embeddable":true,"href":"https:\/\/www.creaearredanegozi.it\/de\/wp-json\/wp\/v2\/comments?post=122258"}],"wp:featuredmedia":[{"embeddable":true,"href":"https:\/\/www.creaearredanegozi.it\/de\/wp-json\/wp\/v2\/media\/122260"}],"wp:attachment":[{"href":"https:\/\/www.creaearredanegozi.it\/de\/wp-json\/wp\/v2\/media?parent=122258"}],"wp:term":[{"taxonomy":"product_brand","embeddable":true,"href":"https:\/\/www.creaearredanegozi.it\/de\/wp-json\/wp\/v2\/product_brand?post=122258"},{"taxonomy":"product_cat","embeddable":true,"href":"https:\/\/www.creaearredanegozi.it\/de\/wp-json\/wp\/v2\/product_cat?post=122258"},{"taxonomy":"product_tag","embeddable":true,"href":"https:\/\/www.creaearredanegozi.it\/de\/wp-json\/wp\/v2\/product_tag?post=122258"}],"curies":[{"name":"wp","href":"https:\/\/api.w.org\/{rel}","templated":true}]}}