{"id":122301,"date":"2023-01-20T11:51:20","date_gmt":"2023-01-20T10:51:20","guid":{"rendered":"https:\/\/www.creaearredanegozi.it\/?post_type=product&#038;p=122301"},"modified":"2024-11-20T13:41:54","modified_gmt":"2024-11-20T12:41:54","slug":"professioneller-einwandiger-edelstahl-geschirrspuler-fimar-lapi50c-und-lapi50cpl","status":"publish","type":"product","link":"https:\/\/www.creaearredanegozi.it\/de\/professioneller-einwandiger-edelstahl-geschirrspuler-fimar-lapi50c-und-lapi50cpl\/","title":{"rendered":"Fimar LAPI50C und LAPI50CPL Professionelle Einwand-Geschirrsp\u00fcler aus Edelstahl"},"content":{"rendered":"<h3>Professionelle Edelstahl-Geschirrsp\u00fcler mit abgerundeten Ecken Fimar LAPI50C und LAPI50CPL<\/h3>\n<p>LAPI50C und LAPI50CPL SP\u00dcLMASCHINEN<\/p>\n<ul>\n<li>Einwandige Struktur aus rostfreiem Stahl AISI 304, Beh\u00e4lter mit abgerundeten Ecken.<\/li>\n<li>Federbelastetes Haubenhebesystem.<\/li>\n<li>Leicht abnehmbare untere und obere Wasch-\/Sp\u00fclarme aus Verbundwerkstoff.<\/li>\n<li>Mikroschalter an der Kabinenhaube.<\/li>\n<li>Nutzbare Waschh\u00f6he 42,5 cm.<\/li>\n<li>M\u00f6glichkeit zum Waschen von GN1\/1 Tabletts mit optionalem Korb.<\/li>\n<li>Klarsp\u00fclerspender.<\/li>\n<li>M\u00f6glichkeit des automatischen Starts\/Stopps des Waschzyklus durch Schlie\u00dfen\/\u00d6ffnen der Haube.<\/li>\n<li>Automatische Bef\u00fcllung.<\/li>\n<li>Hei\u00df absp\u00fclen.<\/li>\n<li>Thermostopp-Funktion.<\/li>\n<li>\u00dcberflutungsschutzventil als Standard.<\/li>\n<li>Oberfl\u00e4chenfilter aus rostfreiem Stahl.<\/li>\n<li>Lieferumfang: 1 Glaskorb 50\u00d750 cm - 1 Tellerkorb 50\u00d750 cm (12\/18 Pl\u00e4tze) - 1 L\u00f6ffelkorb - 1 Wasserzulaufschlauch (L\u00e4nge 2 m) - 1 Ablaufschlauch (L\u00e4nge 2,5 m).<\/li>\n<li>CE-konform.<\/li>\n<\/ul>\n<ul>\n<li>Das Modell LAPI50CPL ist mit einem elektrischen Waschmittelspender und einer Ablaufpumpe ausgestattet.<\/li>\n<\/ul>\n<p>&nbsp;<\/p>\n<div class=\"short-desc\">\n<p><strong>Optional:<\/strong><\/p>\n<ul>\n<li>Quadratischer Korb: 500 x 500 x 106(h)mm.<\/li>\n<li>Grundplatten 18 flach - 12 tief.<\/li>\n<li>Tablettboden 9 Tabletts.<\/li>\n<li>Basis f\u00fcr Besteck.<\/li>\n<li>Ausfahrtstisch ohne Aufkantung 80cm RIGHT\/SLIGHT (31kg - 810x640x850\/900h mm)<\/li>\n<li>Ausfahrtstisch ohne Aufkantung 100cm RIGHT\/SLIGHT (36Kg - 1010x640x850\/900h mm)<\/li>\n<li>Ausfahrtstisch ohne Aufkantung 120cm RIGHT\/SLIGHT (42Kg - 1210x640x850\/900h mm)<\/li>\n<li>Eingangstisch mit Aufkantung rechts\/links (41Kg - 1210x780x850\/900h mm)<\/li>\n<li>Sortier-Eingangstisch mit rechter\/linker Spritzwand (41 kg - 1210x780x850\/900h mm).<\/li>\n<\/ul>\n<\/div>\n<hr \/>\n<p><strong>Technische Daten<\/strong><\/p>\n<table class=\"table table-striped mtr-table mtr-tr-td\" style=\"width: 100%;\">\n<tbody>\n<tr>\n<td data-mtr-content=\"Modello\" class=\"mtr-td-tag\"><div class=\"mtr-cell-content\">Modell<\/div><\/td>\n<td data-mtr-content=\"LAPI50C\" class=\"mtr-td-tag\"><div class=\"mtr-cell-content\"><strong>LAPI50C<\/strong><\/div><\/td>\n<td data-mtr-content=\"LAPI50CPL\" class=\"mtr-td-tag\"><div class=\"mtr-cell-content\"><strong>LAPI50CPL<\/strong><\/div><\/td>\n<\/tr>\n<tr>\n<td data-mtr-content=\"Modello\" class=\"mtr-td-tag\"><div class=\"mtr-cell-content\">Stromversorgung<\/div><\/td>\n<td data-mtr-content=\"LAPI50C\" class=\"mtr-td-tag\"><div class=\"mtr-cell-content\">400V\/3N\/50Hz<\/div><\/td>\n<td data-mtr-content=\"LAPI50CPL\" class=\"mtr-td-tag\"><div class=\"mtr-cell-content\">400V\/3N\/50Hz<\/div><\/td>\n<\/tr>\n<tr>\n<td data-mtr-content=\"Modello\" class=\"mtr-td-tag\"><div class=\"mtr-cell-content\">Leistung Kw<\/div><\/td>\n<td data-mtr-content=\"LAPI50C\" class=\"mtr-td-tag\"><div class=\"mtr-cell-content\">6,55 kW<\/div><\/td>\n<td data-mtr-content=\"LAPI50CPL\" class=\"mtr-td-tag\"><div class=\"mtr-cell-content\">6,55 kW<\/div><\/td>\n<\/tr>\n<tr>\n<td data-mtr-content=\"Modello\" class=\"mtr-td-tag\"><div class=\"mtr-cell-content\">Waschpumpe<\/div><\/td>\n<td data-mtr-content=\"LAPI50C\" class=\"mtr-td-tag\"><div class=\"mtr-cell-content\">0,55 kW<\/div><\/td>\n<td data-mtr-content=\"LAPI50CPL\" class=\"mtr-td-tag\"><div class=\"mtr-cell-content\">0,55 kW<\/div><\/td>\n<\/tr>\n<tr>\n<td data-mtr-content=\"Modello\" class=\"mtr-td-tag\"><div class=\"mtr-cell-content\">Tankinhalt (L)<\/div><\/td>\n<td data-mtr-content=\"LAPI50C\" class=\"mtr-td-tag\"><div class=\"mtr-cell-content\">20<\/div><\/td>\n<td data-mtr-content=\"LAPI50CPL\" class=\"mtr-td-tag\"><div class=\"mtr-cell-content\">20<\/div><\/td>\n<\/tr>\n<tr>\n<td data-mtr-content=\"Modello\" class=\"mtr-td-tag\"><div class=\"mtr-cell-content\">St\u00fcndliche Produktion (kg\/h)<\/div><\/td>\n<td data-mtr-content=\"LAPI50C\" class=\"mtr-td-tag\"><div class=\"mtr-cell-content\">90\" Zyklus - 40 K\u00f6rbe pro Stunde<\/div><\/td>\n<td data-mtr-content=\"LAPI50CPL\" class=\"mtr-td-tag\"><div class=\"mtr-cell-content\">90\" Zyklus - 40 K\u00f6rbe pro Stunde<\/div><\/td>\n<\/tr>\n<tr>\n<td data-mtr-content=\"Modello\" class=\"mtr-td-tag\"><div class=\"mtr-cell-content\">Widerstand des Kessels<\/div><\/td>\n<td data-mtr-content=\"LAPI50C\" class=\"mtr-td-tag\"><div class=\"mtr-cell-content\">6 kW<\/div><\/td>\n<td data-mtr-content=\"LAPI50CPL\" class=\"mtr-td-tag\"><div class=\"mtr-cell-content\">6 kW<\/div><\/td>\n<\/tr>\n<tr>\n<td data-mtr-content=\"Modello\" class=\"mtr-td-tag\"><div class=\"mtr-cell-content\">Kesselleistung<\/div><\/td>\n<td data-mtr-content=\"LAPI50C\" class=\"mtr-td-tag\"><div class=\"mtr-cell-content\">5 LT<\/div><\/td>\n<td data-mtr-content=\"LAPI50CPL\" class=\"mtr-td-tag\"><div class=\"mtr-cell-content\">5 LT<\/div><\/td>\n<\/tr>\n<tr>\n<td style=\"width: 156px;\" data-mtr-content=\"Modello\" class=\"mtr-td-tag\"><div class=\"mtr-cell-content\">Abmessungen der Maschine (lxbxhmm)<\/div><\/td>\n<td style=\"width: 114px;\" align=\"left\" data-mtr-content=\"LAPI50C\" class=\"mtr-td-tag\"><div class=\"mtr-cell-content\">703 x 757 x 1494(h) mm<\/div><\/td>\n<td style=\"width: 4px;\" data-mtr-content=\"LAPI50CPL\" class=\"mtr-td-tag\"><div class=\"mtr-cell-content\">703 x 757 x 1494(h) mm<\/div><\/td>\n<\/tr>\n<tr>\n<td style=\"width: 156px;\" data-mtr-content=\"Modello\" class=\"mtr-td-tag\"><div class=\"mtr-cell-content\">Nettogewicht (kg)<\/div><\/td>\n<td style=\"width: 114px;\" align=\"left\" data-mtr-content=\"LAPI50C\" class=\"mtr-td-tag\"><div class=\"mtr-cell-content\">81,5 kg<\/div><\/td>\n<td style=\"width: 4px;\" data-mtr-content=\"LAPI50CPL\" class=\"mtr-td-tag\"><div class=\"mtr-cell-content\">81,5 kg<\/div><\/td>\n<\/tr>\n<tr>\n<td style=\"width: 156px;\" data-mtr-content=\"Modello\" class=\"mtr-td-tag\"><div class=\"mtr-cell-content\">Bruttogewicht (kg)<\/div><\/td>\n<td style=\"width: 114px;\" data-mtr-content=\"LAPI50C\" class=\"mtr-td-tag\"><div class=\"mtr-cell-content\">95 kg<\/div><\/td>\n<td style=\"width: 4px;\" data-mtr-content=\"LAPI50CPL\" class=\"mtr-td-tag\"><div class=\"mtr-cell-content\">95 kg<\/div><\/td>\n<\/tr>\n<tr>\n<td style=\"width: 156px;\" data-mtr-content=\"Modello\" class=\"mtr-td-tag\"><div class=\"mtr-cell-content\">Abmessungen der Verpackung (lxbxh mm)<\/div><\/td>\n<td style=\"width: 114px;\" data-mtr-content=\"LAPI50C\" class=\"mtr-td-tag\"><div class=\"mtr-cell-content\">730 x 880 x 1690(h) mm<\/div><\/td>\n<td style=\"width: 4px;\" data-mtr-content=\"LAPI50CPL\" class=\"mtr-td-tag\"><div class=\"mtr-cell-content\">730 x 880 x 1690(h) mm<\/div><\/td>\n<\/tr>\n<tr>\n<td style=\"width: 156px;\" data-mtr-content=\"Modello\" class=\"mtr-td-tag\"><div class=\"mtr-cell-content\">Verpackungsvolumen (m3)<\/div><\/td>\n<td style=\"width: 114px;\" data-mtr-content=\"LAPI50C\" class=\"mtr-td-tag\"><div class=\"mtr-cell-content\">1,09 m\u00b3<\/div><\/td>\n<td style=\"width: 4px;\" data-mtr-content=\"LAPI50CPL\" class=\"mtr-td-tag\"><div class=\"mtr-cell-content\">1,09 m\u00b3<\/div><\/td>\n<\/tr>\n<tr>\n<td style=\"width: 156px;\" data-mtr-content=\"Modello\" class=\"mtr-td-tag\"><div class=\"mtr-cell-content\">Elektrisches Dosierger\u00e4t<\/div><\/td>\n<td style=\"width: 114px;\" data-mtr-content=\"LAPI50C\" class=\"mtr-td-tag\"><div class=\"mtr-cell-content\">NO<\/div><\/td>\n<td style=\"width: 4px;\" data-mtr-content=\"LAPI50CPL\" class=\"mtr-td-tag\"><div class=\"mtr-cell-content\">SI<\/div><\/td>\n<\/tr>\n<tr>\n<td style=\"width: 156px;\" data-mtr-content=\"Modello\" class=\"mtr-td-tag\"><div class=\"mtr-cell-content\">Entleerungspumpe<\/div><\/td>\n<td style=\"width: 114px;\" data-mtr-content=\"LAPI50C\" class=\"mtr-td-tag\"><div class=\"mtr-cell-content\">NO<\/div><\/td>\n<td style=\"width: 4px;\" data-mtr-content=\"LAPI50CPL\" class=\"mtr-td-tag\"><div class=\"mtr-cell-content\">SI<\/div><\/td>\n<\/tr>\n<\/tbody>\n<\/table>\n<p><a href=\"https:\/\/www.creaearredanegozi.it\/wp-content\/uploads\/2023\/01\/tavolo-uscita-c-alzatina-mini.jpg\">\u00a0<\/a><a href=\"https:\/\/www.creaearredanegozi.it\/wp-content\/uploads\/2023\/01\/tavolo-uscita-c-alzatina-mini.jpg\"><img decoding=\"async\" class=\"alignnone wp-image-126508\" src=\"https:\/\/www.creaearredanegozi.it\/wp-content\/uploads\/2023\/01\/tavolo-uscita-c-alzatina-mini.jpg\" alt=\"\" width=\"250\" height=\"200\" title=\"\" srcset=\"https:\/\/www.creaearredanegozi.it\/wp-content\/uploads\/2023\/01\/tavolo-uscita-c-alzatina-mini.jpg 300w, https:\/\/www.creaearredanegozi.it\/wp-content\/uploads\/2023\/01\/tavolo-uscita-c-alzatina-mini-64x51.jpg 64w\" sizes=\"(max-width: 250px) 100vw, 250px\" \/> <\/a><a href=\"https:\/\/www.creaearredanegozi.it\/wp-content\/uploads\/2023\/01\/tavolino-entrata-con-cernita-e-alzatina-mini.jpg\"><img decoding=\"async\" class=\"alignnone wp-image-126509\" src=\"https:\/\/www.creaearredanegozi.it\/wp-content\/uploads\/2023\/01\/tavolino-entrata-con-cernita-e-alzatina-mini.jpg\" alt=\"\" width=\"250\" height=\"200\" title=\"\" srcset=\"https:\/\/www.creaearredanegozi.it\/wp-content\/uploads\/2023\/01\/tavolino-entrata-con-cernita-e-alzatina-mini.jpg 300w, https:\/\/www.creaearredanegozi.it\/wp-content\/uploads\/2023\/01\/tavolino-entrata-con-cernita-e-alzatina-mini-64x51.jpg 64w\" sizes=\"(max-width: 250px) 100vw, 250px\" \/> <\/a><a href=\"https:\/\/www.creaearredanegozi.it\/wp-content\/uploads\/2023\/01\/tavolo-con-vasca-e-alzatina-mini.jpg\"><img decoding=\"async\" class=\"alignnone wp-image-126510\" src=\"https:\/\/www.creaearredanegozi.it\/wp-content\/uploads\/2023\/01\/tavolo-con-vasca-e-alzatina-mini.jpg\" alt=\"\" width=\"250\" height=\"200\" title=\"\" srcset=\"https:\/\/www.creaearredanegozi.it\/wp-content\/uploads\/2023\/01\/tavolo-con-vasca-e-alzatina-mini.jpg 300w, https:\/\/www.creaearredanegozi.it\/wp-content\/uploads\/2023\/01\/tavolo-con-vasca-e-alzatina-mini-64x51.jpg 64w\" sizes=\"(max-width: 250px) 100vw, 250px\" \/><\/a><\/p>\n<table style=\"border-collapse: collapse; width: 100%;\" class=\"mtr-table mtr-tr-td\">\n<tbody>\n<tr>\n<td style=\"width: 33%;\" data-mtr-content=\"CESTI OPTIONAL\" class=\"mtr-td-tag\"><div class=\"mtr-cell-content\"><span style=\"font-size: 14.4px;\">OPTIONALE KISTEN<\/span><\/div><\/td>\n<td style=\"width: 33%;\" data-mtr-content=\"\u00a0\" class=\"mtr-td-tag\"><div class=\"mtr-cell-content\"><span style=\"font-size: 14.4px;\">\u00a0<\/span><\/div><\/td>\n<td style=\"width: 34%;\" data-mtr-content=\"\u00a0\" class=\"mtr-td-tag\"><div class=\"mtr-cell-content\"><span style=\"font-size: 14.4px;\">\u00a0<\/span><\/div><\/td>\n<\/tr>\n<tr>\n<td style=\"width: 25%;\" data-mtr-content=\"CESTI OPTIONAL\" class=\"mtr-td-tag\"><div class=\"mtr-cell-content\"><span style=\"font-size: 14.4px;\"><img decoding=\"async\" class=\"size-full wp-image-122269 aligncenter\" src=\"https:\/\/www.creaearredanegozi.it\/wp-content\/uploads\/2023\/01\/500-x-500-x-106hmm.jpg\" alt=\"\" width=\"200\" height=\"200\" title=\"\" srcset=\"https:\/\/www.creaearredanegozi.it\/wp-content\/uploads\/2023\/01\/500-x-500-x-106hmm.jpg 200w, https:\/\/www.creaearredanegozi.it\/wp-content\/uploads\/2023\/01\/500-x-500-x-106hmm-100x100.jpg 100w, https:\/\/www.creaearredanegozi.it\/wp-content\/uploads\/2023\/01\/500-x-500-x-106hmm-64x64.jpg 64w\" sizes=\"(max-width: 200px) 100vw, 200px\"><\/span><\/div><\/td>\n<td style=\"width: 12.5%;\" data-mtr-content=\"\u00a0\" class=\"mtr-td-tag\"><div class=\"mtr-cell-content\"><span style=\"font-size: 14.4px;\"><img decoding=\"async\" class=\"size-full wp-image-122270 aligncenter\" src=\"https:\/\/www.creaearredanegozi.it\/wp-content\/uploads\/2023\/01\/Base-piatti-18-piani-12-fondi.jpg\" alt=\"\" width=\"200\" height=\"200\" title=\"\" srcset=\"https:\/\/www.creaearredanegozi.it\/wp-content\/uploads\/2023\/01\/Base-piatti-18-piani-12-fondi.jpg 200w, https:\/\/www.creaearredanegozi.it\/wp-content\/uploads\/2023\/01\/Base-piatti-18-piani-12-fondi-100x100.jpg 100w, https:\/\/www.creaearredanegozi.it\/wp-content\/uploads\/2023\/01\/Base-piatti-18-piani-12-fondi-64x64.jpg 64w\" sizes=\"(max-width: 200px) 100vw, 200px\"><br>\n<\/span><\/div><\/td>\n<td style=\"width: 12.5%;\" data-mtr-content=\"\u00a0\" class=\"mtr-td-tag\"><div class=\"mtr-cell-content\"><span style=\"font-size: 14.4px;\"><img decoding=\"async\" class=\"size-full wp-image-122271 aligncenter\" src=\"https:\/\/www.creaearredanegozi.it\/wp-content\/uploads\/2023\/01\/Base-posate.jpg\" alt=\"\" width=\"200\" height=\"200\" title=\"\" srcset=\"https:\/\/www.creaearredanegozi.it\/wp-content\/uploads\/2023\/01\/Base-posate.jpg 200w, https:\/\/www.creaearredanegozi.it\/wp-content\/uploads\/2023\/01\/Base-posate-100x100.jpg 100w, https:\/\/www.creaearredanegozi.it\/wp-content\/uploads\/2023\/01\/Base-posate-64x64.jpg 64w\" sizes=\"(max-width: 200px) 100vw, 200px\"><br>\n<\/span><\/div><\/td>\n<\/tr>\n<\/tbody>\n<\/table>","protected":false},"excerpt":{"rendered":"<p>Lavastoviglie Professionale in acciaio inox con angoli arrotondati Fimar LAPI50C e LAPI50CPL LAVASTOVIGLIE LAPI50C e LAPI50CPL Struttura a singola parete in acciaio inox AISI 304, vasca con angoli arrotondati. Sistema di sollevamento cappotta a molle. Bracci di lavaggio\/risciacquo inferiore e superiori in materiale composito facilmente smontabili. Microinterruttore su cappotta. Altezza utile lavaggio 42,5 cm. Possibilit\u00e0 [&#8230;]","protected":false},"featured_media":122308,"comment_status":"closed","ping_status":"closed","template":"","meta":{"_monsterinsights_skip_tracking":false,"_monsterinsights_sitenote_active":false,"_monsterinsights_sitenote_note":"","_monsterinsights_sitenote_category":0},"product_brand":[628],"product_cat":[19],"product_tag":[],"class_list":{"0":"post-122301","1":"product","2":"type-product","3":"status-publish","4":"has-post-thumbnail","6":"product_brand-fimar","7":"product_cat-lavaggio","8":"product_shipping_class-i","9":"pa_marca-fimar","11":"first","12":"instock","13":"sale","14":"taxable","15":"shipping-taxable","16":"purchasable","17":"product-type-variable"},"_links":{"self":[{"href":"https:\/\/www.creaearredanegozi.it\/de\/wp-json\/wp\/v2\/product\/122301","targetHints":{"allow":["GET"]}}],"collection":[{"href":"https:\/\/www.creaearredanegozi.it\/de\/wp-json\/wp\/v2\/product"}],"about":[{"href":"https:\/\/www.creaearredanegozi.it\/de\/wp-json\/wp\/v2\/types\/product"}],"replies":[{"embeddable":true,"href":"https:\/\/www.creaearredanegozi.it\/de\/wp-json\/wp\/v2\/comments?post=122301"}],"wp:featuredmedia":[{"embeddable":true,"href":"https:\/\/www.creaearredanegozi.it\/de\/wp-json\/wp\/v2\/media\/122308"}],"wp:attachment":[{"href":"https:\/\/www.creaearredanegozi.it\/de\/wp-json\/wp\/v2\/media?parent=122301"}],"wp:term":[{"taxonomy":"product_brand","embeddable":true,"href":"https:\/\/www.creaearredanegozi.it\/de\/wp-json\/wp\/v2\/product_brand?post=122301"},{"taxonomy":"product_cat","embeddable":true,"href":"https:\/\/www.creaearredanegozi.it\/de\/wp-json\/wp\/v2\/product_cat?post=122301"},{"taxonomy":"product_tag","embeddable":true,"href":"https:\/\/www.creaearredanegozi.it\/de\/wp-json\/wp\/v2\/product_tag?post=122301"}],"curies":[{"name":"wp","href":"https:\/\/api.w.org\/{rel}","templated":true}]}}