{"id":122327,"date":"2023-01-23T09:50:23","date_gmt":"2023-01-23T08:50:23","guid":{"rendered":"https:\/\/www.creaearredanegozi.it\/?post_type=product&#038;p=122327"},"modified":"2025-12-03T20:40:06","modified_gmt":"2025-12-03T19:40:06","slug":"professioneller-edelstahl-vollwurfel-eisbereiter-20-kg-24h-wasser-oder-luft-gh20a-gh20w-furauto","status":"publish","type":"product","link":"https:\/\/www.creaearredanegozi.it\/de\/professioneller-edelstahl-vollwurfel-eisbereiter-20-kg-24h-wasser-oder-luft-gh20a-gh20w-furauto\/","title":{"rendered":"Profi-Volleisw\u00fcrfelbereiter INOX 20 kg\/24h mit Wasser oder Luft GH20A - GH20W Forcar"},"content":{"rendered":"<h3>Professioneller Vollw\u00fcrfel-Eisbereiter INOX 20 kg\/24h von Water or Air Forcar<\/h3>\n<p><strong>Luftgek\u00fchlte Version GH20A und wassergek\u00fchlte Version GH20W verf\u00fcgbar<\/strong><\/p>\n<hr \/>\n<p>18 g massive Eisw\u00fcrfelbereiter. Vollst\u00e4ndig aus Edelstahl gefertigt. Die W\u00fcrfel werden gebildet, indem Wasser \u00fcber einen horizontalen Kupferverdampfer gespritzt wird, der beim Abk\u00fchlen reine, kristalline Eisw\u00fcrfel mit hoher Dichte bildet; der Vollw\u00fcrfel eignet sich am besten f\u00fcr eine l\u00e4ngere K\u00fchlung jedes Getr\u00e4nks.<\/p>\n<p>Erh\u00e4ltlich in wassergek\u00fchlter, eingebauter (GH20W-GH30W) oder luftgek\u00fchlter (GH20A-GH30A) Ausf\u00fchrung - Stellf\u00fc\u00dfe 0-20 mm.<\/p>\n<div class=\"box_carat\">\n<hr \/>\n<p><strong>Technische Daten<\/strong><\/p>\n<hr \/>\n<\/div>\n<table class=\"table table-striped\">\n<tbody>\n<tr>\n<td class=\"spazioleft\" align=\"left\" valign=\"top\">Produktion - Anzahl der W\u00fcrfel\/24h<\/td>\n<td class=\"spazioleft\" align=\"left\" valign=\"top\">20 kg*.<\/td>\n<\/tr>\n<tr>\n<td class=\"spazioleft\" align=\"left\" valign=\"top\">Container-Kapazit\u00e4t<\/td>\n<td class=\"spazioleft\" align=\"left\" valign=\"top\">6 kg<\/td>\n<\/tr>\n<tr>\n<td class=\"spazioleft\" align=\"left\" valign=\"top\">Kondenswasser (A=Luft - W=Wasser)<\/td>\n<td class=\"spazioleft\" align=\"left\" valign=\"top\">A - W<\/td>\n<\/tr>\n<tr>\n<td class=\"spazioleft\" align=\"left\" valign=\"top\">Typ des W\u00fcrfels<\/td>\n<td class=\"spazioleft\" align=\"left\" valign=\"top\">18 g<\/td>\n<\/tr>\n<tr>\n<td class=\"spazioleft\" align=\"left\" valign=\"top\">K\u00fchlmittel<\/td>\n<td class=\"spazioleft\" align=\"left\" valign=\"top\">R452A<\/td>\n<\/tr>\n<tr>\n<td class=\"spazioleft\" align=\"left\" valign=\"top\">Standard-Spannung<\/td>\n<td class=\"spazioleft\" align=\"left\" valign=\"top\">230V\/50Hz<\/td>\n<\/tr>\n<tr>\n<td class=\"spazioleft\" align=\"left\" valign=\"top\">Elektrizit\u00e4tsverbrauch<\/td>\n<td class=\"spazioleft\" align=\"left\" valign=\"top\">0,45 kW<\/td>\n<\/tr>\n<tr>\n<td class=\"spazioleft\" align=\"left\" valign=\"top\">Abmessungen [BxTxH]<\/td>\n<td class=\"spazioleft\" align=\"left\" valign=\"top\">365 x 495 x 600(h) mm<\/td>\n<\/tr>\n<tr>\n<td class=\"spazioleft\" align=\"left\" valign=\"top\">Gewicht [netto\/brutto]<\/td>\n<td class=\"spazioleft\" align=\"left\" valign=\"top\">32\/36 kg<\/td>\n<\/tr>\n<tr>\n<td class=\"spazioleft\" align=\"left\" valign=\"top\">Fertigstellung<\/td>\n<td class=\"spazioleft\" align=\"left\" valign=\"top\">rostfreier Stahl<\/td>\n<\/tr>\n<tr>\n<td class=\"spazioleft\" align=\"left\" valign=\"top\">Temperaturkontrolle<\/td>\n<td class=\"spazioleft\" align=\"left\" valign=\"top\">Mechaniker<\/td>\n<\/tr>\n<\/tbody>\n<\/table>\n<p>*bei einer Raumtemperatur von 21\u00b0C und einer Wassertemperatur von 15\u00b0C.<\/p>","protected":false},"excerpt":{"rendered":"<p>Produttore di Ghiaccio Professionale a Cubetto Pieno INOX 20 kg\/24h ad Acqua o Aria Forcar Disponibile versione di raffreddamento ad aria GH20A e versione acqua GH20W Fabbricatori di ghiaccio a cubetto pieno da 18 gr. Struttura completamente in acciaio inox. La formazione dei cubetti avviene attraverso l\u2019aspersione d\u2019acqua su di un evaporatore orizzontale in rame [&#8230;]","protected":false},"featured_media":122330,"comment_status":"closed","ping_status":"closed","template":"","meta":{"_monsterinsights_skip_tracking":false,"_monsterinsights_sitenote_active":false,"_monsterinsights_sitenote_note":"","_monsterinsights_sitenote_category":0},"product_brand":[624],"product_cat":[199,20],"product_tag":[],"class_list":{"0":"post-122327","1":"product","2":"type-product","3":"status-publish","4":"has-post-thumbnail","6":"product_brand-forcar","7":"product_cat-produttore-di-ghiaccio-cubetto-pieno","8":"product_cat-produttori-di-ghiaccio","9":"product_shipping_class-f","11":"first","12":"instock","13":"sale","14":"taxable","15":"shipping-taxable","16":"purchasable","17":"product-type-variable","18":"has-default-attributes"},"_links":{"self":[{"href":"https:\/\/www.creaearredanegozi.it\/de\/wp-json\/wp\/v2\/product\/122327","targetHints":{"allow":["GET"]}}],"collection":[{"href":"https:\/\/www.creaearredanegozi.it\/de\/wp-json\/wp\/v2\/product"}],"about":[{"href":"https:\/\/www.creaearredanegozi.it\/de\/wp-json\/wp\/v2\/types\/product"}],"replies":[{"embeddable":true,"href":"https:\/\/www.creaearredanegozi.it\/de\/wp-json\/wp\/v2\/comments?post=122327"}],"wp:featuredmedia":[{"embeddable":true,"href":"https:\/\/www.creaearredanegozi.it\/de\/wp-json\/wp\/v2\/media\/122330"}],"wp:attachment":[{"href":"https:\/\/www.creaearredanegozi.it\/de\/wp-json\/wp\/v2\/media?parent=122327"}],"wp:term":[{"taxonomy":"product_brand","embeddable":true,"href":"https:\/\/www.creaearredanegozi.it\/de\/wp-json\/wp\/v2\/product_brand?post=122327"},{"taxonomy":"product_cat","embeddable":true,"href":"https:\/\/www.creaearredanegozi.it\/de\/wp-json\/wp\/v2\/product_cat?post=122327"},{"taxonomy":"product_tag","embeddable":true,"href":"https:\/\/www.creaearredanegozi.it\/de\/wp-json\/wp\/v2\/product_tag?post=122327"}],"curies":[{"name":"wp","href":"https:\/\/api.w.org\/{rel}","templated":true}]}}