{"id":122345,"date":"2023-01-23T10:48:07","date_gmt":"2023-01-23T09:48:07","guid":{"rendered":"https:\/\/www.creaearredanegozi.it\/?post_type=product&#038;p=122345"},"modified":"2025-12-03T20:40:06","modified_gmt":"2025-12-03T19:40:06","slug":"professioneller-edelstahl-korniger-scherbeneisbereiter-100-kg-24h-wasser-oder-luft-gc100a-gc100w-furauto","status":"publish","type":"product","link":"https:\/\/www.creaearredanegozi.it\/de\/professioneller-edelstahl-korniger-scherbeneisbereiter-100-kg-24h-wasser-oder-luft-gc100a-gc100w-furauto\/","title":{"rendered":"Professioneller Eisbereiter INOX Granulatflocken 100 kg\/24h Wasser oder Luft GC100A - GC100W Forcar"},"content":{"rendered":"<h3>Professioneller Eisw\u00fcrfelbereiter INOX 100 kg\/24h Wasser- oder Lufteisw\u00fcrfelbereiter Forcar<\/h3>\n<p><strong>GC100A luftgek\u00fchlte Version und GC100W wassergek\u00fchlte Version verf\u00fcgbar<\/strong><\/p>\n<hr \/>\n<p>Granularer Scherbeneisbereiter. Vollst\u00e4ndig aus rostfreiem Stahl gefertigt. Das k\u00f6rnige Eis wird durch einen vertikalen zylindrischen Verdampfer gebildet, der mit einer Schnecke ausgestattet ist, die es von der Innenfl\u00e4che abkratzt und zu einem Eisbrecher bef\u00f6rdert, der es durch Reduzierung der Restwassermenge aussp\u00fclt.<\/p>\n<p>GC100W: wassergek\u00fchlt (eingebaut) - GC100A luftgek\u00fchlt. Verstellbare F\u00fc\u00dfe 40-50 mm.<\/p>\n<div class=\"box_carat\">\n<hr \/>\n<p style=\"text-align: center;\"><strong>Technische Daten<\/strong><\/p>\n<hr \/>\n<\/div>\n<table class=\"table table-striped\">\n<tbody>\n<tr>\n<td class=\"spazioleft\" align=\"left\" valign=\"top\">Produktion - Anzahl der Waagen\/24h<\/td>\n<td class=\"spazioleft\" align=\"left\" valign=\"top\">100 kg*<\/td>\n<\/tr>\n<tr>\n<td class=\"spazioleft\" align=\"left\" valign=\"top\">Container-Kapazit\u00e4t<\/td>\n<td class=\"spazioleft\" align=\"left\" valign=\"top\">15 kg<\/td>\n<\/tr>\n<tr>\n<td class=\"spazioleft\" align=\"left\" valign=\"top\">Kondenswasser (A=Luft - W=Wasser)<\/td>\n<td class=\"spazioleft\" align=\"left\" valign=\"top\">A - W<\/td>\n<\/tr>\n<tr>\n<td class=\"spazioleft\" align=\"left\" valign=\"top\">Art von Eis<\/td>\n<td class=\"spazioleft\" align=\"left\" valign=\"top\">k\u00f6rnige Flocken<\/td>\n<\/tr>\n<tr>\n<td class=\"spazioleft\" align=\"left\" valign=\"top\">K\u00fchlmittel<\/td>\n<td class=\"spazioleft\" align=\"left\" valign=\"top\">R452A<\/td>\n<\/tr>\n<tr>\n<td class=\"spazioleft\" align=\"left\" valign=\"top\">Standard-Spannung<\/td>\n<td class=\"spazioleft\" align=\"left\" valign=\"top\">230V\/50Hz<\/td>\n<\/tr>\n<tr>\n<td class=\"spazioleft\" align=\"left\" valign=\"top\">Elektrizit\u00e4tsverbrauch<\/td>\n<td class=\"spazioleft\" align=\"left\" valign=\"top\">0,70 kW<\/td>\n<\/tr>\n<tr>\n<td class=\"spazioleft\" align=\"left\" valign=\"top\">Abmessungen [BxTxH]<\/td>\n<td class=\"spazioleft\" align=\"left\" valign=\"top\">500 x 670 x 696(h) mm<\/td>\n<\/tr>\n<tr>\n<td class=\"spazioleft\" align=\"left\" valign=\"top\">Gewicht [netto\/brutto]<\/td>\n<td class=\"spazioleft\" align=\"left\" valign=\"top\">58\/65,5 kg<\/td>\n<\/tr>\n<tr>\n<td class=\"spazioleft\" align=\"left\" valign=\"top\">Fertigstellung<\/td>\n<td class=\"spazioleft\" align=\"left\" valign=\"top\">rostfreier Stahl<\/td>\n<\/tr>\n<tr>\n<td class=\"spazioleft\" align=\"left\" valign=\"top\">Temperaturkontrolle<\/td>\n<td class=\"spazioleft\" align=\"left\" valign=\"top\">Mechaniker<\/td>\n<\/tr>\n<\/tbody>\n<\/table>\n<p>*bei einer Raumtemperatur von 21\u00b0C und einer Wassertemperatur von 15\u00b0C.<\/p>","protected":false},"excerpt":{"rendered":"<p>Produttore di Ghiaccio Professionale a Scaglie INOX 100 kg\/24h ad Acqua o Aria Forcar Disponibile versione di raffreddamento ad aria GC100A e versione acqua GC100W Fabbricatore di ghiaccio a scaglie granulari. Struttura completamente in acciaio inox. La formazione del ghiaccio granulare avviene tramite un evaporatore cilindrico verticale dotato di una coclea che lo raschia dalla [&#8230;]","protected":false},"featured_media":122339,"comment_status":"closed","ping_status":"closed","template":"","meta":{"_monsterinsights_skip_tracking":false,"_monsterinsights_sitenote_active":false,"_monsterinsights_sitenote_note":"","_monsterinsights_sitenote_category":0},"product_brand":[624],"product_cat":[20,198],"product_tag":[],"class_list":{"0":"post-122345","1":"product","2":"type-product","3":"status-publish","4":"has-post-thumbnail","6":"product_brand-forcar","7":"product_cat-produttori-di-ghiaccio","8":"product_cat-a-scaglie-produttori-di-ghiaccio-attrezzature-bar","9":"product_shipping_class-681","11":"first","12":"instock","13":"sale","14":"taxable","15":"shipping-taxable","16":"purchasable","17":"product-type-variable","18":"has-default-attributes"},"_links":{"self":[{"href":"https:\/\/www.creaearredanegozi.it\/de\/wp-json\/wp\/v2\/product\/122345","targetHints":{"allow":["GET"]}}],"collection":[{"href":"https:\/\/www.creaearredanegozi.it\/de\/wp-json\/wp\/v2\/product"}],"about":[{"href":"https:\/\/www.creaearredanegozi.it\/de\/wp-json\/wp\/v2\/types\/product"}],"replies":[{"embeddable":true,"href":"https:\/\/www.creaearredanegozi.it\/de\/wp-json\/wp\/v2\/comments?post=122345"}],"wp:featuredmedia":[{"embeddable":true,"href":"https:\/\/www.creaearredanegozi.it\/de\/wp-json\/wp\/v2\/media\/122339"}],"wp:attachment":[{"href":"https:\/\/www.creaearredanegozi.it\/de\/wp-json\/wp\/v2\/media?parent=122345"}],"wp:term":[{"taxonomy":"product_brand","embeddable":true,"href":"https:\/\/www.creaearredanegozi.it\/de\/wp-json\/wp\/v2\/product_brand?post=122345"},{"taxonomy":"product_cat","embeddable":true,"href":"https:\/\/www.creaearredanegozi.it\/de\/wp-json\/wp\/v2\/product_cat?post=122345"},{"taxonomy":"product_tag","embeddable":true,"href":"https:\/\/www.creaearredanegozi.it\/de\/wp-json\/wp\/v2\/product_tag?post=122345"}],"curies":[{"name":"wp","href":"https:\/\/api.w.org\/{rel}","templated":true}]}}