{"id":122349,"date":"2023-01-23T11:15:23","date_gmt":"2023-01-23T10:15:23","guid":{"rendered":"https:\/\/www.creaearredanegozi.it\/?post_type=product&#038;p=122349"},"modified":"2025-12-03T20:40:06","modified_gmt":"2025-12-03T19:40:06","slug":"professionelle-eisvitrine-4-seitige-auslage-innen-led-licht-temperatur-15c-24c-g-vgp420bt-forcar","status":"publish","type":"product","link":"https:\/\/www.creaearredanegozi.it\/de\/professionelle-eisvitrine-4-seitige-auslage-innen-led-licht-temperatur-15c-24c-g-vgp420bt-forcar\/","title":{"rendered":"Professionelle Eiscreme-Vitrine mit 4 Ausstellungsseiten Internes Led-Licht Temperatur -15\u00b0C\/-24\u00b0C G-VGP420BT Forcar"},"content":{"rendered":"<h3>Professionelle Eiscreme-Vitrine mit \u00dcbersicht \u00fcber alle Produkte<\/h3>\n<p><strong>G-VGP420BT Negative Temperatur Forcar<\/strong><\/p>\n<ul>\n<li>Die Vitrinen sind ideal f\u00fcr die Pr\u00e4sentation von Backwaren oder Speiseeis. Vier Schauseiten mit Dreifachverglasung.<\/li>\n<li>\u00dcbersicht \u00fcber alle Produkte.<\/li>\n<li>Thermischer Wirkungsgrad.<\/li>\n<li>LED-Innenbeleuchtung.<\/li>\n<li>Nicht umkehrbar zu \u00f6ffnende Klappe.<\/li>\n<li>Manuelles Abtauen und Verdampfen des Wassers \u00fcber einen Auffangbeh\u00e4lter, der mit 5 festen B\u00f6den und einem Gitter ausgestattet ist.<\/li>\n<\/ul>\n<table class=\"table table-striped\" style=\"width: 100%;\">\n<tbody>\n<tr>\n<td style=\"width: 37.4046%;\">TECHNISCHE DATEN<\/td>\n<td style=\"width: 29.3893%;\">G-VGP420BT<\/td>\n<\/tr>\n<tr>\n<td style=\"width: 37.4046%;\">Beleuchtung<\/td>\n<td style=\"width: 29.3893%;\">LED-Licht<\/td>\n<\/tr>\n<tr>\n<td style=\"width: 37.4046%;\">Liter<\/td>\n<td style=\"width: 29.3893%;\">420<\/td>\n<\/tr>\n<tr>\n<td style=\"width: 37.4046%;\">Regale<\/td>\n<td style=\"width: 29.3893%;\">5 feste Einlegeb\u00f6den 52\u00d744 cm und 1 Gitter 53\u00d745 cm<\/td>\n<\/tr>\n<tr>\n<td style=\"width: 37.4046%;\">Temperatur<\/td>\n<td style=\"width: 29.3893%;\">-15\u00b0C \/ -24\u00b0C<\/td>\n<\/tr>\n<tr>\n<td style=\"width: 37.4046%;\">Gas<\/td>\n<td style=\"width: 29.3893%;\">R290<\/td>\n<\/tr>\n<tr>\n<td style=\"width: 37.4046%;\">K\u00e4ltetechnik<\/td>\n<td style=\"width: 29.3893%;\">Statik<\/td>\n<\/tr>\n<tr>\n<td style=\"width: 37.4046%;\">Kondenswasserverdunstung<\/td>\n<td style=\"width: 29.3893%;\">Sammelbeh\u00e4lter<\/td>\n<\/tr>\n<tr>\n<td style=\"width: 37.4046%;\">Isolierung<\/td>\n<td style=\"width: 29.3893%;\">Dreifachverglasung<\/td>\n<\/tr>\n<tr>\n<td style=\"width: 37.4046%;\">Spannung V\/Hz<\/td>\n<td style=\"width: 29.3893%;\">220V\/50Hz<\/td>\n<\/tr>\n<tr>\n<td style=\"width: 37.4046%;\">Abmessungen<\/td>\n<td style=\"width: 29.3893%;\">700 x 650 x 1900(h) mm<\/td>\n<\/tr>\n<tr>\n<td style=\"width: 37.4046%;\">Gewicht Kg<\/td>\n<td style=\"width: 29.3893%;\">177<\/td>\n<\/tr>\n<tr>\n<td style=\"width: 37.4046%;\">Entfrosten<\/td>\n<td style=\"width: 29.3893%;\">Handbuch<\/td>\n<\/tr>\n<tr>\n<td style=\"width: 37.4046%;\">Absorption<\/td>\n<td style=\"width: 29.3893%;\">650 W<\/td>\n<\/tr>\n<tr>\n<td style=\"width: 37.4046%;\">Energieklasse<\/td>\n<td style=\"width: 29.3893%;\"><span style=\"color: #ffcc00;\"><strong>B<\/strong><\/span><\/td>\n<\/tr>\n<tr>\n<td style=\"width: 37.4046%;\">Temperaturkontrolle<\/td>\n<td style=\"width: 29.3893%;\">elektronisch<\/td>\n<\/tr>\n<tr>\n<td style=\"width: 37.4046%;\">Max. Arbeitstemperatur<\/td>\n<td style=\"width: 29.3893%;\">+30\u00b0C \/ 60%HR<\/td>\n<\/tr>\n<tr>\n<td style=\"width: 37.4046%;\">Material<\/td>\n<td style=\"width: 29.3893%;\">Eloxiertes Aluminium<\/td>\n<\/tr>\n<\/tbody>\n<\/table>","protected":false},"excerpt":{"rendered":"<p>Vetrina Gelateria Professionale con Panoramica di Tutti i Prodotti G-VGP420BT Temperatura Negativa Forcar Vetrine espositive ideali per l\u2019inserimento di prodotti di pasticceria o gelateria. Quattro lati espositivi con triplo vetro camera. Panoramica di tutti i prodotti. Efficienza termica. Luce interna al LED. Sportello apertura non reversibile. Sbrinamento manuale ed evaporazione dell\u2019acqua tramite vasca di raccolta, [&#8230;]","protected":false},"featured_media":122354,"comment_status":"closed","ping_status":"closed","template":"","meta":{"_monsterinsights_skip_tracking":false,"_monsterinsights_sitenote_active":false,"_monsterinsights_sitenote_note":"","_monsterinsights_sitenote_category":0},"product_brand":[624],"product_cat":[317,256,28],"product_tag":[],"class_list":{"0":"post-122349","1":"product","2":"type-product","3":"status-publish","4":"has-post-thumbnail","6":"product_brand-forcar","7":"product_cat-gelaterie","8":"product_cat-fredde","9":"product_cat-vetrine","10":"product_shipping_class-d","11":"pa_classe-energetica-classe-b","12":"pa_marca-forcar","14":"first","15":"instock","16":"sale","17":"taxable","18":"shipping-taxable","19":"purchasable","20":"product-type-simple"},"_links":{"self":[{"href":"https:\/\/www.creaearredanegozi.it\/de\/wp-json\/wp\/v2\/product\/122349","targetHints":{"allow":["GET"]}}],"collection":[{"href":"https:\/\/www.creaearredanegozi.it\/de\/wp-json\/wp\/v2\/product"}],"about":[{"href":"https:\/\/www.creaearredanegozi.it\/de\/wp-json\/wp\/v2\/types\/product"}],"replies":[{"embeddable":true,"href":"https:\/\/www.creaearredanegozi.it\/de\/wp-json\/wp\/v2\/comments?post=122349"}],"wp:featuredmedia":[{"embeddable":true,"href":"https:\/\/www.creaearredanegozi.it\/de\/wp-json\/wp\/v2\/media\/122354"}],"wp:attachment":[{"href":"https:\/\/www.creaearredanegozi.it\/de\/wp-json\/wp\/v2\/media?parent=122349"}],"wp:term":[{"taxonomy":"product_brand","embeddable":true,"href":"https:\/\/www.creaearredanegozi.it\/de\/wp-json\/wp\/v2\/product_brand?post=122349"},{"taxonomy":"product_cat","embeddable":true,"href":"https:\/\/www.creaearredanegozi.it\/de\/wp-json\/wp\/v2\/product_cat?post=122349"},{"taxonomy":"product_tag","embeddable":true,"href":"https:\/\/www.creaearredanegozi.it\/de\/wp-json\/wp\/v2\/product_tag?post=122349"}],"curies":[{"name":"wp","href":"https:\/\/api.w.org\/{rel}","templated":true}]}}