{"id":122446,"date":"2023-01-27T12:31:54","date_gmt":"2023-01-27T11:31:54","guid":{"rendered":"https:\/\/www.creaearredanegozi.it\/?post_type=product&#038;p=122446"},"modified":"2025-12-07T03:41:13","modified_gmt":"2025-12-07T02:41:13","slug":"beluftete-professionelle-kuhltruhe-538-liter-0c-8c-ecovent-g-erv600gss-forcar","status":"publish","type":"product","link":"https:\/\/www.creaearredanegozi.it\/de\/beluftete-professionelle-kuhltruhe-538-liter-0c-8c-ecovent-g-erv600gss-forcar\/","title":{"rendered":"Gek\u00fchlter und bel\u00fcfteter Profi-Schrank 538 Liter 0\u00b0C\/+8\u00b0C ECOVENT ERV600GSS Forcar"},"content":{"rendered":"<h3>Umluftbetriebener Edelstahl Profi-K\u00fchlschrank Glast\u00fcr 538 Liter 0\u00b0C\/+8\u00b0C<\/h3>\n<p><strong>ECOVENT G-ERV600GSS Forcar<\/strong><\/p>\n<p>Gek\u00fchlter Schrank mit bel\u00fcfteter K\u00fchlung.<\/p>\n<ul>\n<li>Au\u00dfen aus rostfreiem Stahl AISI 201, innen aus PS.<\/li>\n<li>Statische K\u00fchlung mit Ventilator f\u00fcr gleichm\u00e4\u00dfige Temperaturen.<\/li>\n<li>Glast\u00fcr.<\/li>\n<li>\u00c4u\u00dferer Boden und R\u00fcckwand aus verzinktem Blech.<\/li>\n<\/ul>\n<hr \/>\n<p><strong>Technische Daten:<\/strong><\/p>\n<table class=\"table table-striped\">\n<tbody>\n<tr>\n<td>\n<div align=\"left\"><strong>Modell<\/strong><\/div>\n<\/td>\n<td>\n<div align=\"left\"><strong>G-ERV600GSS<\/strong><\/div>\n<\/td>\n<\/tr>\n<tr>\n<td>\n<div align=\"left\">Arbeitstemperatur<\/div>\n<\/td>\n<td>\n<div align=\"left\">0\u00b0C \/ +8\u00b0C<\/div>\n<\/td>\n<\/tr>\n<tr>\n<td>\n<div align=\"left\">\u00c4u\u00dfere Abmessungen<\/div>\n<\/td>\n<td>\n<div align=\"left\">775 x 750 x 1860(h) mm<\/div>\n<\/td>\n<\/tr>\n<tr>\n<td>\n<div align=\"left\">Innere Abmessungen<\/div>\n<\/td>\n<td>\n<div align=\"left\">635 x 460 x 1627(h) mm<\/div>\n<\/td>\n<\/tr>\n<tr>\n<td>\n<div align=\"left\">Kapazit\u00e4t<\/div>\n<\/td>\n<td>\n<div align=\"left\">538 L<\/div>\n<\/td>\n<\/tr>\n<tr>\n<td>\n<div align=\"left\">Maximale Arbeitstemperatur<\/div>\n<\/td>\n<td>\n<div align=\"left\">+30\u00b0C \/ 55%HR<\/div>\n<\/td>\n<\/tr>\n<tr>\n<td>\n<div align=\"left\">Art der K\u00fchlung<\/div>\n<\/td>\n<td>\n<div align=\"left\">bel\u00fcftet<\/div>\n<\/td>\n<\/tr>\n<tr>\n<td>\n<div align=\"left\">Art der Abtauung<\/div>\n<\/td>\n<td>\n<div align=\"left\">Automatisch<\/div>\n<\/td>\n<\/tr>\n<tr>\n<td>\n<div align=\"left\">Art des K\u00e4ltemittelgases<\/div>\n<\/td>\n<td>\n<div align=\"left\">R600a<\/div>\n<\/td>\n<\/tr>\n<tr>\n<td>\n<div align=\"left\">Kondenswasserverdunstung<\/div>\n<\/td>\n<td>\n<div align=\"left\">Automatisch<\/div>\n<\/td>\n<\/tr>\n<tr>\n<td>\n<div align=\"left\">Temperaturkontrolle<\/div>\n<\/td>\n<td>\n<div align=\"left\">Elektronisch<\/div>\n<\/td>\n<\/tr>\n<tr>\n<td>\n<div align=\"left\">Isolierung<\/div>\n<\/td>\n<td>\n<div align=\"left\">70 mm<\/div>\n<\/td>\n<\/tr>\n<tr>\n<td>\n<div align=\"left\">Absorption<\/div>\n<\/td>\n<td>\n<div align=\"left\">280 W<\/div>\n<\/td>\n<\/tr>\n<tr>\n<td>\n<div align=\"left\">Spannung<\/div>\n<\/td>\n<td>\n<div align=\"left\">230V \/ 50 Hz<\/div>\n<\/td>\n<\/tr>\n<tr>\n<td>\n<div align=\"left\">Baumaterial<\/div>\n<\/td>\n<td>\n<div align=\"left\">Rostfreier Stahl AISI 201 PS + Doppelverglasung<\/div>\n<\/td>\n<\/tr>\n<tr>\n<td>\n<div align=\"left\">Umkehrung der T\u00fcr<\/div>\n<\/td>\n<td>\n<div align=\"left\">Ja<\/div>\n<\/td>\n<\/tr>\n<tr>\n<td>\n<div align=\"left\">Innenbeleuchtung<\/div>\n<\/td>\n<td>\n<div align=\"left\">SI<\/div>\n<\/td>\n<\/tr>\n<tr>\n<td>\n<div align=\"left\">Mitgeliefertes Zubeh\u00f6r<\/div>\n<\/td>\n<td>\n<div align=\"left\">3 Einlegeb\u00f6den 650 x 527 mm +<\/div>\n<div align=\"left\">1 Fachboden 650 x 297 mm<\/div>\n<\/td>\n<\/tr>\n<tr>\n<td>\n<div align=\"left\">Energieklasse<\/div>\n<\/td>\n<td>\n<div align=\"left\">B<\/div>\n<\/td>\n<\/tr>\n<tr>\n<td>\n<div align=\"left\">Nettogewicht<\/div>\n<\/td>\n<td>\n<div align=\"left\">115 kg<\/div>\n<\/td>\n<\/tr>\n<tr>\n<td>\n<div align=\"left\">Bruttogewicht<\/div>\n<\/td>\n<td>\n<div align=\"left\">135 kg<\/div>\n<\/td>\n<\/tr>\n<\/tbody>\n<\/table>\n<p>&nbsp;<\/p>","protected":false},"excerpt":{"rendered":"<p>Armadio Refrigerato Ventilato Professionale in Acciaio Inox Porta a Vetri 538 Litri 0\u00b0C\/+8\u00b0C ECOVENT G-ERV600GSS Forcar Armadio refrigerato con refrigerazione ventilata. Struttura esterna acciaio inox AISI 201, interno in PS. Refrigerazione statica con ventilatore per uniformare la temperatura. Porta in vetro. Pannelli esterni di fondo e retro in lamiera zincata. Dati tecnici: Modello G-ERV600GSS Temperatura [&#8230;]","protected":false},"featured_media":122449,"comment_status":"closed","ping_status":"closed","template":"","meta":{"_monsterinsights_skip_tracking":false,"_monsterinsights_sitenote_active":false,"_monsterinsights_sitenote_note":"","_monsterinsights_sitenote_category":0},"product_brand":[624],"product_cat":[256,69,27,653,28],"product_tag":[],"class_list":{"0":"post-122446","1":"product","2":"type-product","3":"status-publish","4":"has-post-thumbnail","6":"product_brand-forcar","7":"product_cat-fredde","8":"product_cat-armadi-refrigerati","9":"product_cat-armadi-e-tavoli-refrigerati","10":"product_cat-refrigerazione","11":"product_cat-vetrine","12":"product_shipping_class-m","13":"pa_classe-energetica-classe-b","15":"first","16":"instock","17":"taxable","18":"shipping-taxable","19":"purchasable","20":"product-type-simple"},"_links":{"self":[{"href":"https:\/\/www.creaearredanegozi.it\/de\/wp-json\/wp\/v2\/product\/122446","targetHints":{"allow":["GET"]}}],"collection":[{"href":"https:\/\/www.creaearredanegozi.it\/de\/wp-json\/wp\/v2\/product"}],"about":[{"href":"https:\/\/www.creaearredanegozi.it\/de\/wp-json\/wp\/v2\/types\/product"}],"replies":[{"embeddable":true,"href":"https:\/\/www.creaearredanegozi.it\/de\/wp-json\/wp\/v2\/comments?post=122446"}],"wp:featuredmedia":[{"embeddable":true,"href":"https:\/\/www.creaearredanegozi.it\/de\/wp-json\/wp\/v2\/media\/122449"}],"wp:attachment":[{"href":"https:\/\/www.creaearredanegozi.it\/de\/wp-json\/wp\/v2\/media?parent=122446"}],"wp:term":[{"taxonomy":"product_brand","embeddable":true,"href":"https:\/\/www.creaearredanegozi.it\/de\/wp-json\/wp\/v2\/product_brand?post=122446"},{"taxonomy":"product_cat","embeddable":true,"href":"https:\/\/www.creaearredanegozi.it\/de\/wp-json\/wp\/v2\/product_cat?post=122446"},{"taxonomy":"product_tag","embeddable":true,"href":"https:\/\/www.creaearredanegozi.it\/de\/wp-json\/wp\/v2\/product_tag?post=122446"}],"curies":[{"name":"wp","href":"https:\/\/api.w.org\/{rel}","templated":true}]}}