{"id":122569,"date":"2025-03-10T13:25:54","date_gmt":"2025-03-10T12:25:54","guid":{"rendered":"https:\/\/www.creaearredanegozi.it\/?post_type=product&#038;p=122569"},"modified":"2025-03-11T13:13:51","modified_gmt":"2025-03-11T12:13:51","slug":"verteiler-gefriergetrockneter-ginseng-gerste-und-losliche-2-produkte-b-express-bras","status":"publish","type":"product","link":"https:\/\/www.creaearredanegozi.it\/de\/verteiler-gefriergetrockneter-ginseng-gerste-und-losliche-2-produkte-b-express-bras\/","title":{"rendered":"Gefriergetrockneter Ginseng, Gerste und l\u00f6slicher 2-Produkt-Spender B-EXPRESS BRAS"},"content":{"rendered":"<p>B-express ist der brandneue Spender f\u00fcr l\u00f6sliche Produkte, der Kommunikation und Design zu seinen St\u00e4rken z\u00e4hlt. Ginseng, Gerste und l\u00f6sliche Produkte im Allgemeinen bleiben nicht mehr unbemerkt und werden zum Star Ihres Gesch\u00e4fts.<br \/>\nWerten Sie Ihren Veranstaltungsort und Ihre Produkte durch ein Designobjekt auf, indem Sie Ihren B-express auf einzigartige Weise konfigurieren.<\/p>\n<table class=\"table table-striped mtr-table mtr-tr-td\" border=\"0\" align=\"center\">\n<tbody>\n<tr>\n<td style=\"width: 50%;\" data-mtr-content=\"Caratteristiche tecniche\" class=\"mtr-td-tag\"><div class=\"mtr-cell-content\"><strong>Technische Daten<\/strong><\/div><\/td>\n<td style=\"width: 10%;\" data-mtr-content=\"\" class=\"mtr-td-tag\"><div class=\"mtr-cell-content\"><\/div><\/td>\n<td style=\"width: 40%;\" data-mtr-content=\"B-express 2\" class=\"mtr-td-tag\"><div class=\"mtr-cell-content\"><strong>B-Express 2<\/strong><\/div><\/td>\n<\/tr>\n<tr>\n<td data-mtr-content=\"Caratteristiche tecniche\" class=\"mtr-td-tag\"><div class=\"mtr-cell-content\">Anzahl der Pulverbeh\u00e4lter<\/div><\/td>\n<td data-mtr-content=\"\" class=\"mtr-td-tag\"><div class=\"mtr-cell-content\">n<\/div><\/td>\n<td data-mtr-content=\"B-express 2\" class=\"mtr-td-tag\"><div class=\"mtr-cell-content\">2<\/div><\/td>\n<\/tr>\n<tr>\n<td data-mtr-content=\"Caratteristiche tecniche\" class=\"mtr-td-tag\"><div class=\"mtr-cell-content\">Kapazit\u00e4t eines einzelnen Containers<\/div><\/td>\n<td data-mtr-content=\"\" class=\"mtr-td-tag\"><div class=\"mtr-cell-content\">cc<\/div><\/td>\n<td data-mtr-content=\"B-express 2\" class=\"mtr-td-tag\"><div class=\"mtr-cell-content\">1000<\/div><\/td>\n<\/tr>\n<tr>\n<td data-mtr-content=\"Caratteristiche tecniche\" class=\"mtr-td-tag\"><div class=\"mtr-cell-content\">Fassungsverm\u00f6gen des Wassertanks<\/div><\/td>\n<td data-mtr-content=\"\" class=\"mtr-td-tag\"><div class=\"mtr-cell-content\">L<\/div><\/td>\n<td data-mtr-content=\"B-express 2\" class=\"mtr-td-tag\"><div class=\"mtr-cell-content\">4.5<\/div><\/td>\n<\/tr>\n<tr>\n<td data-mtr-content=\"Caratteristiche tecniche\" class=\"mtr-td-tag\"><div class=\"mtr-cell-content\">Breite<\/div><\/td>\n<td data-mtr-content=\"\" class=\"mtr-td-tag\"><div class=\"mtr-cell-content\">cm<\/div><\/td>\n<td data-mtr-content=\"B-express 2\" class=\"mtr-td-tag\"><div class=\"mtr-cell-content\">19<\/div><\/td>\n<\/tr>\n<tr>\n<td data-mtr-content=\"Caratteristiche tecniche\" class=\"mtr-td-tag\"><div class=\"mtr-cell-content\">Tiefe<\/div><\/td>\n<td data-mtr-content=\"\" class=\"mtr-td-tag\"><div class=\"mtr-cell-content\">cm<\/div><\/td>\n<td data-mtr-content=\"B-express 2\" class=\"mtr-td-tag\"><div class=\"mtr-cell-content\">39<\/div><\/td>\n<\/tr>\n<tr>\n<td data-mtr-content=\"Caratteristiche tecniche\" class=\"mtr-td-tag\"><div class=\"mtr-cell-content\">H\u00f6he<\/div><\/td>\n<td data-mtr-content=\"\" class=\"mtr-td-tag\"><div class=\"mtr-cell-content\">cm<\/div><\/td>\n<td data-mtr-content=\"B-express 2\" class=\"mtr-td-tag\"><div class=\"mtr-cell-content\">52<\/div><\/td>\n<\/tr>\n<tr>\n<td data-mtr-content=\"Caratteristiche tecniche\" class=\"mtr-td-tag\"><div class=\"mtr-cell-content\">Nettogewicht, ca.<\/div><\/td>\n<td data-mtr-content=\"\" class=\"mtr-td-tag\"><div class=\"mtr-cell-content\">Kg<\/div><\/td>\n<td data-mtr-content=\"B-express 2\" class=\"mtr-td-tag\"><div class=\"mtr-cell-content\">20<\/div><\/td>\n<\/tr>\n<tr>\n<td data-mtr-content=\"Caratteristiche tecniche\" class=\"mtr-td-tag\"><div class=\"mtr-cell-content\">Bruttogewicht, ca.<\/div><\/td>\n<td data-mtr-content=\"\" class=\"mtr-td-tag\"><div class=\"mtr-cell-content\">Kg<\/div><\/td>\n<td data-mtr-content=\"B-express 2\" class=\"mtr-td-tag\"><div class=\"mtr-cell-content\">22<\/div><\/td>\n<\/tr>\n<tr>\n<td data-mtr-content=\"Caratteristiche tecniche\" class=\"mtr-td-tag\"><div class=\"mtr-cell-content\">Absorption<\/div><\/td>\n<td data-mtr-content=\"\" class=\"mtr-td-tag\"><div class=\"mtr-cell-content\">W<\/div><\/td>\n<td data-mtr-content=\"B-express 2\" class=\"mtr-td-tag\"><div class=\"mtr-cell-content\">1100<\/div><\/td>\n<\/tr>\n<\/tbody>\n<\/table>","protected":false},"excerpt":{"rendered":"<p>B-express \u00e8 il nuovissimo distributore per prodotti solubili che fa della comunicazione e del design i suoi punti di forza. ginseng, orzo, e prodotti solubili in generale non passeranno pi\u00f9 inosservati, diventando protagonisti del tuo business. Valorizza il tuo locale e i tuoi prodotti con un oggetto di design, configurando la tua B-express in maniera [&#8230;]","protected":false},"featured_media":128718,"comment_status":"closed","ping_status":"closed","template":"","meta":{"_monsterinsights_skip_tracking":false,"_monsterinsights_sitenote_active":false,"_monsterinsights_sitenote_note":"","_monsterinsights_sitenote_category":0},"product_brand":[618],"product_cat":[207],"product_tag":[],"class_list":{"0":"post-122569","1":"product","2":"type-product","3":"status-publish","4":"has-post-thumbnail","6":"product_brand-bras","7":"product_cat-granitori","8":"product_shipping_class-215","9":"pa_marca-bras","11":"first","12":"instock","13":"taxable","14":"shipping-taxable","15":"purchasable","16":"product-type-simple"},"_links":{"self":[{"href":"https:\/\/www.creaearredanegozi.it\/de\/wp-json\/wp\/v2\/product\/122569","targetHints":{"allow":["GET"]}}],"collection":[{"href":"https:\/\/www.creaearredanegozi.it\/de\/wp-json\/wp\/v2\/product"}],"about":[{"href":"https:\/\/www.creaearredanegozi.it\/de\/wp-json\/wp\/v2\/types\/product"}],"replies":[{"embeddable":true,"href":"https:\/\/www.creaearredanegozi.it\/de\/wp-json\/wp\/v2\/comments?post=122569"}],"wp:featuredmedia":[{"embeddable":true,"href":"https:\/\/www.creaearredanegozi.it\/de\/wp-json\/wp\/v2\/media\/128718"}],"wp:attachment":[{"href":"https:\/\/www.creaearredanegozi.it\/de\/wp-json\/wp\/v2\/media?parent=122569"}],"wp:term":[{"taxonomy":"product_brand","embeddable":true,"href":"https:\/\/www.creaearredanegozi.it\/de\/wp-json\/wp\/v2\/product_brand?post=122569"},{"taxonomy":"product_cat","embeddable":true,"href":"https:\/\/www.creaearredanegozi.it\/de\/wp-json\/wp\/v2\/product_cat?post=122569"},{"taxonomy":"product_tag","embeddable":true,"href":"https:\/\/www.creaearredanegozi.it\/de\/wp-json\/wp\/v2\/product_tag?post=122569"}],"curies":[{"name":"wp","href":"https:\/\/api.w.org\/{rel}","templated":true}]}}