{"id":122619,"date":"2023-01-31T19:47:09","date_gmt":"2023-01-31T18:47:09","guid":{"rendered":"https:\/\/www.creaearredanegozi.it\/?post_type=product&#038;p=122619"},"modified":"2024-12-01T00:00:09","modified_gmt":"2024-11-30T23:00:09","slug":"professioneller-planetenmischer-7-liter-45-270-rpm-mit-zubehor-bh7-easyline","status":"publish","type":"product","link":"https:\/\/www.creaearredanegozi.it\/de\/professioneller-planetenmischer-7-liter-45-270-rpm-mit-zubehor-bh7-easyline\/","title":{"rendered":"Profi-Planetenmixer 7 Liter 45-270 U\/min mit Zubeh\u00f6r BH7 Easyline"},"content":{"rendered":"<h3>Planetenmischer Profi-Maschine 7 Liter 45-270 U\/min mit Zubeh\u00f6r<\/h3>\n<p><strong>PLANETENMISCHER BH7<\/strong><\/p>\n<div>Planetenmischer f\u00fcr verschiedene Teigsorten wie Pizza, Brot, Kekse, Croissants, Brioches, Beignets, Biskuit, M\u00fcrbeteig, Baiser, P\u00fcrees, verschiedene So\u00dfen, Schlagsahne.<\/div>\n<ul>\n<li>Wei\u00df lackierte Struktur.<\/li>\n<li>1 7-Liter-Tank.<\/li>\n<li>Inklusive 3 Werkzeuge: Haken, Spatel und Schneebesen, alle aus rostfreiem Stahl.<\/li>\n<li>Geschwindigkeitsregler.<\/li>\n<\/ul>\n<p>Optional: Zus\u00e4tzliche Wanne.<\/p>\n<h3>Benchtop-Planetarium<\/h3>\n<p>Der Planetenmischer ist ein vielseitiges Ger\u00e4t, das dank seiner 3 Werkzeuge f\u00fcr alle Arten von Teigen geeignet ist: fl\u00fcssige, weiche und dicke Teige, aber nicht f\u00fcr Teige, die am Ende des Prozesses sehr hart sein werden.<\/p>\n<hr \/>\n<p><strong>TECHNISCHE MERKMALE<\/strong><\/p>\n<table class=\"table table-striped\" style=\"width: 32.6914%;\">\n<tbody>\n<tr>\n<td>MODELL<\/td>\n<td>BH7<\/td>\n<\/tr>\n<tr>\n<td>POWER<\/td>\n<td>300 W<\/td>\n<\/tr>\n<tr>\n<td>Drehzahl RPM<\/td>\n<td>45-270 U\/min<\/td>\n<\/tr>\n<tr>\n<td>SUPPLY<\/td>\n<td>220-240V\/1N\/50-60Hz<\/td>\n<\/tr>\n<tr>\n<td>WERKZEUGE (NO.)<\/td>\n<td>3<\/td>\n<\/tr>\n<tr>\n<td>TANKKAPAZIT\u00c4T<\/td>\n<td>7 Liter<\/td>\n<\/tr>\n<tr>\n<td>ABMESSUNGEN<\/td>\n<td>400 x 250 x 410(h) mm<\/td>\n<\/tr>\n<tr>\n<td>NETTOGEWICHT<\/td>\n<td>17 kg<\/td>\n<\/tr>\n<tr>\n<td>BRUTTOGEWICHT<\/td>\n<td>19 kg<\/td>\n<\/tr>\n<tr>\n<td>VERPACKUNGSMASSE<\/td>\n<td>440 x 330 x 490(h) mm<\/td>\n<\/tr>\n<tr>\n<td>VERPACKUNGSVOLUMEN<\/td>\n<td>0,0824 m\u00b3<\/td>\n<\/tr>\n<\/tbody>\n<\/table>","protected":false},"excerpt":{"rendered":"<p>Impastatrice Planetaria Macchina Professionale 7 Litri 45-270 rpm Con Accessori IMPASTATRICE PLANETARIA BH7 Planetaria da banco per diversi tipi di impasto quali pizza, pane, biscotti, croissant, brioches, bign\u00e8, pan di spagna, pasta frolla, meringhe, puree, salse varie, panna montata. Struttura verniciata bianca. 1 vasca da 7 Lt. 3 utensili in dotazione: uncino, spatola e frusta, [&#8230;]","protected":false},"featured_media":122620,"comment_status":"closed","ping_status":"closed","template":"","meta":{"_monsterinsights_skip_tracking":false,"_monsterinsights_sitenote_active":false,"_monsterinsights_sitenote_note":"","_monsterinsights_sitenote_category":0},"product_brand":[623,628],"product_cat":[300,17,169,710],"product_tag":[],"class_list":{"0":"post-122619","1":"product","2":"type-product","3":"status-publish","4":"has-post-thumbnail","6":"product_brand-easyline","7":"product_brand-fimar","8":"product_cat-planetarie","9":"product_cat-impastatrici","10":"product_cat-impastatrici-ristorazione","11":"product_cat-impastatrici-pasticcerie","12":"product_shipping_class-206","13":"pa_marca-easyline-by-fimar","15":"first","16":"instock","17":"taxable","18":"shipping-taxable","19":"purchasable","20":"product-type-simple"},"_links":{"self":[{"href":"https:\/\/www.creaearredanegozi.it\/de\/wp-json\/wp\/v2\/product\/122619","targetHints":{"allow":["GET"]}}],"collection":[{"href":"https:\/\/www.creaearredanegozi.it\/de\/wp-json\/wp\/v2\/product"}],"about":[{"href":"https:\/\/www.creaearredanegozi.it\/de\/wp-json\/wp\/v2\/types\/product"}],"replies":[{"embeddable":true,"href":"https:\/\/www.creaearredanegozi.it\/de\/wp-json\/wp\/v2\/comments?post=122619"}],"wp:featuredmedia":[{"embeddable":true,"href":"https:\/\/www.creaearredanegozi.it\/de\/wp-json\/wp\/v2\/media\/122620"}],"wp:attachment":[{"href":"https:\/\/www.creaearredanegozi.it\/de\/wp-json\/wp\/v2\/media?parent=122619"}],"wp:term":[{"taxonomy":"product_brand","embeddable":true,"href":"https:\/\/www.creaearredanegozi.it\/de\/wp-json\/wp\/v2\/product_brand?post=122619"},{"taxonomy":"product_cat","embeddable":true,"href":"https:\/\/www.creaearredanegozi.it\/de\/wp-json\/wp\/v2\/product_cat?post=122619"},{"taxonomy":"product_tag","embeddable":true,"href":"https:\/\/www.creaearredanegozi.it\/de\/wp-json\/wp\/v2\/product_tag?post=122619"}],"curies":[{"name":"wp","href":"https:\/\/api.w.org\/{rel}","templated":true}]}}