{"id":122989,"date":"2023-02-13T14:29:06","date_gmt":"2023-02-13T13:29:06","guid":{"rendered":"https:\/\/www.creaearredanegozi.it\/?post_type=product&#038;p=122989"},"modified":"2025-12-03T20:40:10","modified_gmt":"2025-12-03T19:40:10","slug":"servicewagen-3-etagen-edelstahlrohr-rund-oder-25-furcar-ca-1415-1416-1417","status":"publish","type":"product","link":"https:\/\/www.creaearredanegozi.it\/de\/servicewagen-3-etagen-edelstahlrohr-rund-oder-25-furcar-ca-1415-1416-1417\/","title":{"rendered":"Servicewagen 3 Etagen Edelstahl-Rundrohr \u00d8 25 Forcar CA 1415 1416 1417"},"content":{"rendered":"<div class=\"\">\n<div class=\"\">\n<h3>Servicewagen 3 Etagen Edelstahl Rundrohr \u00d8 25 Forcar<\/h3>\n<p><strong>Servicewagen aus Edelstahl CA1415 \/ CA1416 \/ CA1417<\/strong><\/p>\n<ul>\n<li>Rahmen aus rostfreiem Stahlrohr mit 25 mm \u00f8 <strong>AISI 304<\/strong>.<\/li>\n<li>Einlegeb\u00f6den aus rostfreiem Stahl <strong>AISI 304<\/strong>in Schalenform mit abgerundeten Kanten und hoher St\u00e4rke, schallisoliert und satiniert.<\/li>\n<li>Multidirektionale R\u00e4der \u00f8 125 mm.<\/li>\n<li>Gummi-Sto\u00dff\u00e4nger.<\/li>\n<li>Gesamtbelastbarkeit 100 kg.<\/li>\n<li>Erh\u00e4ltlich in verschiedenen Gr\u00f6\u00dfen:\u00a0<strong>100x70x104h<\/strong>, <strong>110x70x104h<\/strong> e <strong>128x70x104h.<\/strong><\/li>\n<\/ul>\n<table style=\"border-collapse: collapse; width: 100%;\">\n<tbody>\n<tr>\n<th style=\"width: 25%; text-align: left;\">Modell<\/th>\n<td style=\"width: 25%; text-align: center;\"><strong>CA1415<\/strong><\/td>\n<td style=\"width: 25%; text-align: center;\"><strong>CA1416<\/strong><\/td>\n<td style=\"width: 25%; text-align: center;\"><strong>CA1417<\/strong><\/td>\n<\/tr>\n<tr>\n<th style=\"width: 25%; text-align: left;\">Abmessungen<\/th>\n<td style=\"width: 25%; text-align: center;\">100 x 70 x 104(h) cm<\/td>\n<td style=\"width: 25%; text-align: center;\">110 x 70 x 104(h) cm<\/td>\n<td style=\"width: 25%; text-align: center;\">128 x 70 x 104(h) cm<\/td>\n<\/tr>\n<tr>\n<th style=\"width: 25%; text-align: left;\">Regale<\/th>\n<td style=\"width: 25%; text-align: center;\">3<\/td>\n<td style=\"width: 25%; text-align: center;\">3<\/td>\n<td style=\"width: 25%; text-align: center;\">3<\/td>\n<\/tr>\n<tr>\n<th style=\"width: 25%; text-align: left;\">Abmessungen der Arbeitsplatte<\/th>\n<td style=\"width: 25%; text-align: center;\">90 x 60 cm<\/td>\n<td style=\"width: 25%; text-align: center;\">100 x 60 cm<\/td>\n<td style=\"width: 25%; text-align: center;\">120 x 60 cm<\/td>\n<\/tr>\n<tr>\n<th style=\"width: 25%; text-align: left;\">Bruttogewicht<\/th>\n<td style=\"width: 25%; text-align: center;\">23,5 kg<\/td>\n<td style=\"width: 25%; text-align: center;\">23,5 kg<\/td>\n<td style=\"width: 25%; text-align: center;\">36 kg<\/td>\n<\/tr>\n<tr>\n<th style=\"width: 25%; text-align: left;\">Maximale Belastung<\/th>\n<td style=\"width: 25%; text-align: center;\">100kg<\/td>\n<td style=\"width: 25%; text-align: center;\">100kg<\/td>\n<td style=\"width: 25%; text-align: center;\">100kg<\/td>\n<\/tr>\n<\/tbody>\n<\/table>\n<p>Optional<\/p>\n<ul>\n<li>Rad mit Bremse.<\/li>\n<\/ul>\n<p><img decoding=\"async\" class=\"alignnone size-full wp-image-122955\" src=\"https:\/\/www.creaearredanegozi.it\/wp-content\/uploads\/2019\/02\/Ruota-con-freno-Forcar-CA-1000-1050-1070-1071.jpg\" alt=\"\" width=\"234\" height=\"354\" title=\"\" srcset=\"https:\/\/www.creaearredanegozi.it\/wp-content\/uploads\/2019\/02\/Ruota-con-freno-Forcar-CA-1000-1050-1070-1071.jpg 234w, https:\/\/www.creaearredanegozi.it\/wp-content\/uploads\/2019\/02\/Ruota-con-freno-Forcar-CA-1000-1050-1070-1071-64x97.jpg 64w\" sizes=\"(max-width: 234px) 100vw, 234px\" \/><\/p>\n<\/div>\n<\/div>","protected":false},"excerpt":{"rendered":"<p>Carrello di Servizio 3 Ripiani Acciaio Inox Tubolare Tonda \u00d8 25 Forcar Carrelli di servizio in acciaio inox CA1415 \/ CA1416 \/ CA1417 Struttura tubolare \u00f8 25 mm in acciaio inox AISI 304. Ripiani in acciaio inox AISI 304, stampati in forma di vassoio con bordi arrotondati e alto spessore, insonorizzati e con finitura satinata. [&#8230;]","protected":false},"featured_media":123001,"comment_status":"closed","ping_status":"closed","template":"","meta":{"_monsterinsights_skip_tracking":false,"_monsterinsights_sitenote_active":false,"_monsterinsights_sitenote_note":"","_monsterinsights_sitenote_category":0},"product_brand":[624],"product_cat":[276,29],"product_tag":[],"class_list":{"0":"post-122989","1":"product","2":"type-product","3":"status-publish","4":"has-post-thumbnail","6":"product_brand-forcar","7":"product_cat-carrelli-di-servizio","8":"product_cat-cesteria-e-carrelli","9":"product_shipping_class-32","10":"pa_marca-forcar","12":"first","13":"instock","14":"sale","15":"taxable","16":"shipping-taxable","17":"purchasable","18":"product-type-variable"},"_links":{"self":[{"href":"https:\/\/www.creaearredanegozi.it\/de\/wp-json\/wp\/v2\/product\/122989","targetHints":{"allow":["GET"]}}],"collection":[{"href":"https:\/\/www.creaearredanegozi.it\/de\/wp-json\/wp\/v2\/product"}],"about":[{"href":"https:\/\/www.creaearredanegozi.it\/de\/wp-json\/wp\/v2\/types\/product"}],"replies":[{"embeddable":true,"href":"https:\/\/www.creaearredanegozi.it\/de\/wp-json\/wp\/v2\/comments?post=122989"}],"wp:featuredmedia":[{"embeddable":true,"href":"https:\/\/www.creaearredanegozi.it\/de\/wp-json\/wp\/v2\/media\/123001"}],"wp:attachment":[{"href":"https:\/\/www.creaearredanegozi.it\/de\/wp-json\/wp\/v2\/media?parent=122989"}],"wp:term":[{"taxonomy":"product_brand","embeddable":true,"href":"https:\/\/www.creaearredanegozi.it\/de\/wp-json\/wp\/v2\/product_brand?post=122989"},{"taxonomy":"product_cat","embeddable":true,"href":"https:\/\/www.creaearredanegozi.it\/de\/wp-json\/wp\/v2\/product_cat?post=122989"},{"taxonomy":"product_tag","embeddable":true,"href":"https:\/\/www.creaearredanegozi.it\/de\/wp-json\/wp\/v2\/product_tag?post=122989"}],"curies":[{"name":"wp","href":"https:\/\/api.w.org\/{rel}","templated":true}]}}