{"id":123015,"date":"2023-02-14T12:48:09","date_gmt":"2023-02-14T11:48:09","guid":{"rendered":"https:\/\/www.creaearredanegozi.it\/?post_type=product&#038;p=123015"},"modified":"2023-07-03T19:58:37","modified_gmt":"2023-07-03T17:58:37","slug":"neutrale-thekenvitrine-mit-gebogenem-glas-2-einlegeboden-50x35","status":"publish","type":"product","link":"https:\/\/www.creaearredanegozi.it\/de\/neutrale-thekenvitrine-mit-gebogenem-glas-2-einlegeboden-50x35\/","title":{"rendered":"Neutrale Thekenvitrine mit gebogenem Glas 2 Einlegeb\u00f6den 50\u00d735"},"content":{"rendered":"<p><strong>Vitrine f\u00fcr Lebensmittel<\/strong><\/p>\n<p>VITRINE MIT RUNDEN T\u00dcREN. Neutrale Vitrine mit runden T\u00fcren, erh\u00e4ltlich in einer zweistufigen Edelstahl-Ausf\u00fchrung.<\/p>\n<ul>\n<li>2 ausziehbare Einlegeb\u00f6den aus Edelstahl<\/li>\n<li>Neutrale Version<\/li>\n<\/ul>\n<hr \/>\n<p><strong>Technische Daten<\/strong><\/p>\n<table class=\"table table-striped\" style=\"height: 87px;\" width=\"736\">\n<tbody>\n<tr>\n<td width=\"125\">Modell<\/td>\n<td width=\"154\">VEN520R<\/td>\n<\/tr>\n<tr>\n<td width=\"125\"><\/td>\n<td width=\"154\"><\/td>\n<\/tr>\n<tr>\n<td>Abmessungen (BxTxH)<\/td>\n<td>500 x 350 x 340 mm<\/td>\n<\/tr>\n<tr>\n<td width=\"125\">Gewicht<\/td>\n<td width=\"154\">5 kg<\/td>\n<\/tr>\n<\/tbody>\n<\/table>","protected":false},"excerpt":{"rendered":"<p>Vetrina per l\u2019esposizione di alimenti VETRINA CON ANTINE ROTONDE. Vetrina neutra con antine rotonde disponibile nella finitura inox a due piani. 2 Piani d\u2019appoggio estraibili in acciaio inox Versione neutra Dati Tecnici Modello VEN520R Dimensioni (LxPxH) 500 x 350 x 340 mm Peso 5 Kg<\/p>","protected":false},"featured_media":123016,"comment_status":"closed","ping_status":"closed","template":"","meta":{"_monsterinsights_skip_tracking":false,"_monsterinsights_sitenote_active":false,"_monsterinsights_sitenote_note":"","_monsterinsights_sitenote_category":0},"product_brand":[],"product_cat":[257,28],"product_tag":[],"class_list":{"0":"post-123015","1":"product","2":"type-product","3":"status-publish","4":"has-post-thumbnail","6":"product_cat-neutre","7":"product_cat-vetrine","8":"product_shipping_class-f","10":"first","11":"instock","12":"taxable","13":"shipping-taxable","14":"purchasable","15":"product-type-simple"},"_links":{"self":[{"href":"https:\/\/www.creaearredanegozi.it\/de\/wp-json\/wp\/v2\/product\/123015","targetHints":{"allow":["GET"]}}],"collection":[{"href":"https:\/\/www.creaearredanegozi.it\/de\/wp-json\/wp\/v2\/product"}],"about":[{"href":"https:\/\/www.creaearredanegozi.it\/de\/wp-json\/wp\/v2\/types\/product"}],"replies":[{"embeddable":true,"href":"https:\/\/www.creaearredanegozi.it\/de\/wp-json\/wp\/v2\/comments?post=123015"}],"wp:featuredmedia":[{"embeddable":true,"href":"https:\/\/www.creaearredanegozi.it\/de\/wp-json\/wp\/v2\/media\/123016"}],"wp:attachment":[{"href":"https:\/\/www.creaearredanegozi.it\/de\/wp-json\/wp\/v2\/media?parent=123015"}],"wp:term":[{"taxonomy":"product_brand","embeddable":true,"href":"https:\/\/www.creaearredanegozi.it\/de\/wp-json\/wp\/v2\/product_brand?post=123015"},{"taxonomy":"product_cat","embeddable":true,"href":"https:\/\/www.creaearredanegozi.it\/de\/wp-json\/wp\/v2\/product_cat?post=123015"},{"taxonomy":"product_tag","embeddable":true,"href":"https:\/\/www.creaearredanegozi.it\/de\/wp-json\/wp\/v2\/product_tag?post=123015"}],"curies":[{"name":"wp","href":"https:\/\/api.w.org\/{rel}","templated":true}]}}