{"id":123258,"date":"2023-03-02T17:31:59","date_gmt":"2023-03-02T16:31:59","guid":{"rendered":"https:\/\/www.creaearredanegozi.it\/?post_type=product&#038;p=123258"},"modified":"2026-01-26T15:55:54","modified_gmt":"2026-01-26T14:55:54","slug":"schwerkraftschneider-275-mm-klinge-wurstplatte-rote-version-bkl-275-lux-beckers","status":"publish","type":"product","link":"https:\/\/www.creaearredanegozi.it\/de\/schwerkraftschneider-275-mm-klinge-wurstplatte-rote-version-bkl-275-lux-beckers\/","title":{"rendered":"Schwerkraftschneider 275 mm Klinge Wurstplatte rot Version BKL 275 LUX Beckers"},"content":{"rendered":"<h2 style=\"text-align: center;\">Schwerkraft Hobel 27,5 cm Klinge rot lackiert K\u00f6rper Version<\/h2>\n<ul>\n<li>Rahmen aus Aluminiumdruckguss, rot lackiert<\/li>\n<li>Fester Anspitzer<\/li>\n<li>Bel\u00fcfteter Motor<\/li>\n<li>RASSPE-Klinge<\/li>\n<li>Doppelte 24-V-Leuchttaste<\/li>\n<li>Sicherheitssteuerger\u00e4t<\/li>\n<li>Kn\u00f6pfe und F\u00fc\u00dfe aus Aluminium<\/li>\n<li>Trolley-Schloss<\/li>\n<li>Herkunft: Europ\u00e4ische Gemeinschaft<\/li>\n<\/ul>\n<table>\n<tbody>\n<tr>\n<td style=\"width: 50%;\">Modell:<\/td>\n<td style=\"width: 50%;\">BKL 275 R LUX +SUP0275<\/td>\n<\/tr>\n<tr>\n<td style=\"width: 50%;\">Macht:<\/td>\n<td style=\"width: 50%;\">180 Watt<\/td>\n<\/tr>\n<tr>\n<td style=\"width: 50%;\">Gewicht:<\/td>\n<td style=\"width: 50%;\">17,5 kg<\/td>\n<\/tr>\n<tr>\n<td style=\"width: 50%;\">Klinge<\/td>\n<td style=\"width: 50%;\">\u2205 275 mm<\/td>\n<\/tr>\n<tr>\n<td style=\"width: 50%;\">N\u00fctzlicher Schnitt:<\/td>\n<td style=\"width: 50%;\">160\u00d7245 mm<\/td>\n<\/tr>\n<tr>\n<td style=\"width: 50%;\">Schnittst\u00e4rke:<\/td>\n<td style=\"width: 50%;\">0\u223e15 mm<\/td>\n<\/tr>\n<tr>\n<td style=\"width: 50%;\">Reisen mit dem Trolley:<\/td>\n<td style=\"width: 50%;\">235 mm<\/td>\n<\/tr>\n<tr>\n<td style=\"width: 50%;\">Abmessungen:<\/td>\n<td style=\"width: 50%;\">440x540x380 mm<\/td>\n<\/tr>\n<\/tbody>\n<\/table>\n<p style=\"text-align: center;\">","protected":false},"excerpt":{"rendered":"<p>Affettatrice a gravit\u00e0 lama 27,5 cm versione corpo verniciato rosso Telaio in alluminio pressofuso verniciato rosso Affilatoio fisso Motore ventilato Lama RASSPE Doppio pulsante luminoso 24 V Centralina di sicurezza Manopole e piedini in alluminio Blocco carrello Origine: Comunit\u00e0 Europea Modello: BKL 275 R LUX +SUP0275 Potenza: 180 Watt Peso: 17,5 Kg Lama \u2205 275 [&#8230;]","protected":false},"featured_media":123260,"comment_status":"open","ping_status":"closed","template":"","meta":{"_monsterinsights_skip_tracking":false,"_monsterinsights_sitenote_active":false,"_monsterinsights_sitenote_note":"","_monsterinsights_sitenote_category":0},"product_brand":[641],"product_cat":[51,677,678],"product_tag":[],"class_list":{"0":"post-123258","1":"product","2":"type-product","3":"status-publish","4":"has-post-thumbnail","6":"product_brand-beckers","7":"product_cat-affettatrici","8":"product_cat-affettatrici-professionali","9":"product_cat-affettatrici-salumi","10":"product_shipping_class-38","11":"pa_diametro-lama-275-mm","12":"pa_marca-beckers","13":"pa_versione-elettrica","15":"first","16":"instock","17":"taxable","18":"shipping-taxable","19":"purchasable","20":"product-type-simple"},"_links":{"self":[{"href":"https:\/\/www.creaearredanegozi.it\/de\/wp-json\/wp\/v2\/product\/123258","targetHints":{"allow":["GET"]}}],"collection":[{"href":"https:\/\/www.creaearredanegozi.it\/de\/wp-json\/wp\/v2\/product"}],"about":[{"href":"https:\/\/www.creaearredanegozi.it\/de\/wp-json\/wp\/v2\/types\/product"}],"replies":[{"embeddable":true,"href":"https:\/\/www.creaearredanegozi.it\/de\/wp-json\/wp\/v2\/comments?post=123258"}],"wp:featuredmedia":[{"embeddable":true,"href":"https:\/\/www.creaearredanegozi.it\/de\/wp-json\/wp\/v2\/media\/123260"}],"wp:attachment":[{"href":"https:\/\/www.creaearredanegozi.it\/de\/wp-json\/wp\/v2\/media?parent=123258"}],"wp:term":[{"taxonomy":"product_brand","embeddable":true,"href":"https:\/\/www.creaearredanegozi.it\/de\/wp-json\/wp\/v2\/product_brand?post=123258"},{"taxonomy":"product_cat","embeddable":true,"href":"https:\/\/www.creaearredanegozi.it\/de\/wp-json\/wp\/v2\/product_cat?post=123258"},{"taxonomy":"product_tag","embeddable":true,"href":"https:\/\/www.creaearredanegozi.it\/de\/wp-json\/wp\/v2\/product_tag?post=123258"}],"curies":[{"name":"wp","href":"https:\/\/api.w.org\/{rel}","templated":true}]}}