{"id":123268,"date":"2023-03-02T19:21:39","date_gmt":"2023-03-02T18:21:39","guid":{"rendered":"https:\/\/www.creaearredanegozi.it\/?post_type=product&#038;p=123268"},"modified":"2026-01-26T12:22:02","modified_gmt":"2026-01-26T11:22:02","slug":"professioneller-schokoladenspender-5-liter-bain-marie-system-beckers","status":"publish","type":"product","link":"https:\/\/www.creaearredanegozi.it\/de\/professioneller-schokoladenspender-5-liter-bain-marie-system-beckers\/","title":{"rendered":"Profi-Schokoladenspender 5 Liter Bain-Marie-System Beckers"},"content":{"rendered":"<p><strong>Schokoladenspender 5 Liter Schokolade Bain-Marie Heizsystem<\/strong><\/p>\n<p>Eleganter Thekendispenser, der speziell f\u00fcr die Ausgabe und Zubereitung von Schokolade und anderen Hei\u00dfgetr\u00e4nken entwickelt wurde. Maximale Produktpr\u00e4sentation steigert Umsatz und Gewinn.<br \/>\n5-Liter-Beh\u00e4lter aus lebensmittelechtem, sto\u00dffestem Polycarbonat, leicht abnehmbar.<br \/>\nEinstellbare Getr\u00e4nketemperatur mit manuellem Thermostat.<\/p>\n<ul>\n<li>Erforderliche Umgebungstemperatur: +10\u00b0C bis +32\u00b0C<\/li>\n<li>Kontinuierliches R\u00fchren, gew\u00e4hrleistet eine homogene Konsistenz<\/li>\n<li>Anti-Tropf-Spender<\/li>\n<li><strong>Bain-Marie-Heizsystem<\/strong>verhindert das Anbrennen der Schokolade<\/li>\n<li>Beh\u00e4lterboden aus Stahl<\/li>\n<li>Tropfschale mit schwimmender \u00dcberlaufanzeige<\/li>\n<li>\u00dcberhitzungsschutz<\/li>\n<li>Transparenter sto\u00dffester Lebensmittelbeh\u00e4lter aus Polycarbonat<\/li>\n<\/ul>\n<table>\n<tbody>\n<tr>\n<td>Leistung\/Spannung:<\/td>\n<td>1006 Watt - 230V\/50-60 Hz<\/td>\n<\/tr>\n<tr>\n<td>Container-Kapazit\u00e4t<\/td>\n<td>5 Lt<\/td>\n<\/tr>\n<tr>\n<td>Thermostat<\/td>\n<td>65\u00b0C - 85\u00b0C<\/td>\n<\/tr>\n<tr>\n<td>Abmessungen der Maschine<\/td>\n<td>230x230x455h mm<\/td>\n<\/tr>\n<tr>\n<td>Nettogewicht<\/td>\n<td>7,3 kg<\/td>\n<\/tr>\n<\/tbody>\n<\/table>\n<p>&nbsp;<\/p>","protected":false},"excerpt":{"rendered":"<p>Cioccolatiera Dispenser cioccolato 5 litri sistema riscaldamento a bagnomaria Elegante distributore da banco appositamente studiato per la mescita e la cottura di cioccolato e di altre bevande calde pi\u00f9 o meno dense. La massima esposizione del prodotto incrementa le vendite ed i profitti. Contenitore da 5 litri, in policarbonato antiurto per alimenti, facilmente estraibile. Temperatura [&#8230;]","protected":false},"featured_media":123269,"comment_status":"closed","ping_status":"closed","template":"","meta":{"_monsterinsights_skip_tracking":false,"_monsterinsights_sitenote_active":false,"_monsterinsights_sitenote_note":"","_monsterinsights_sitenote_category":0},"product_brand":[641],"product_cat":[207,10],"product_tag":[],"class_list":{"0":"post-123268","1":"product","2":"type-product","3":"status-publish","4":"has-post-thumbnail","6":"product_brand-beckers","7":"product_cat-granitori","8":"product_cat-attrezzature-bar","9":"product_shipping_class-215","10":"pa_marca-beckers","12":"first","13":"instock","14":"taxable","15":"shipping-taxable","16":"purchasable","17":"product-type-simple"},"_links":{"self":[{"href":"https:\/\/www.creaearredanegozi.it\/de\/wp-json\/wp\/v2\/product\/123268","targetHints":{"allow":["GET"]}}],"collection":[{"href":"https:\/\/www.creaearredanegozi.it\/de\/wp-json\/wp\/v2\/product"}],"about":[{"href":"https:\/\/www.creaearredanegozi.it\/de\/wp-json\/wp\/v2\/types\/product"}],"replies":[{"embeddable":true,"href":"https:\/\/www.creaearredanegozi.it\/de\/wp-json\/wp\/v2\/comments?post=123268"}],"wp:featuredmedia":[{"embeddable":true,"href":"https:\/\/www.creaearredanegozi.it\/de\/wp-json\/wp\/v2\/media\/123269"}],"wp:attachment":[{"href":"https:\/\/www.creaearredanegozi.it\/de\/wp-json\/wp\/v2\/media?parent=123268"}],"wp:term":[{"taxonomy":"product_brand","embeddable":true,"href":"https:\/\/www.creaearredanegozi.it\/de\/wp-json\/wp\/v2\/product_brand?post=123268"},{"taxonomy":"product_cat","embeddable":true,"href":"https:\/\/www.creaearredanegozi.it\/de\/wp-json\/wp\/v2\/product_cat?post=123268"},{"taxonomy":"product_tag","embeddable":true,"href":"https:\/\/www.creaearredanegozi.it\/de\/wp-json\/wp\/v2\/product_tag?post=123268"}],"curies":[{"name":"wp","href":"https:\/\/api.w.org\/{rel}","templated":true}]}}