{"id":123364,"date":"2023-03-10T11:20:55","date_gmt":"2023-03-10T10:20:55","guid":{"rendered":"https:\/\/www.creaearredanegozi.it\/?post_type=product&#038;p=123364"},"modified":"2023-07-03T19:58:38","modified_gmt":"2023-07-03T17:58:38","slug":"pizzastation-komplett-pizzatheke-ofen-knetmaschine-kuhlschrank-und-vitrine-auf-radern","status":"publish","type":"product","link":"https:\/\/www.creaearredanegozi.it\/de\/pizzastation-komplett-pizzatheke-ofen-knetmaschine-kuhlschrank-und-vitrine-auf-radern\/","title":{"rendered":"Pizzastation auf R\u00e4dern, komplett mit Pizzatheke, Knetofen, K\u00fchlschrank und Vitrine"},"content":{"rendered":"<h1>Mobile Pizzeria-Station<\/h1>\n<p>Das Mini-Lab ist das perfekte Labor f\u00fcr Pizzab\u00e4cker, die ihre Produktion diversifizieren m\u00fcssen. Es besteht in der Tat aus:<\/p>\n<ul>\n<li>Spinello Modell Elektroofen mechanischer Typ,<\/li>\n<li>K\u00fchlvitrine f\u00fcr \u00bc GN,<\/li>\n<li>Arbeitsplatte aus Marmor,<\/li>\n<li>Spiral-Knetmaschine,<\/li>\n<li>Mini-K\u00fchlschrank und Kommode mit vier Schubladen.<\/li>\n<li>Au\u00dfenma\u00dfe 163X73X150h cm<\/li>\n<li>TONBODEN<\/li>\n<li>MAX-Temperatur 450\u00b0C<\/li>\n<\/ul>\n<p>Dieses Produkt besteht aus Elementen, die den Pizzab\u00e4cker w\u00e4hrend des gesamten Produktionsprozesses begleiten.<br \/>\nDas Mini-Lab wird h\u00e4ufig f\u00fcr die separate Herstellung von glutenfreiem Teig ben\u00f6tigt.<\/p>\n<blockquote>\n<p style=\"text-align: center;\"><strong>Ideal f\u00fcr<\/strong><\/p>\n<p><img decoding=\"async\" class=\"aligncenter wp-image-123373 size-full\" src=\"https:\/\/www.creaearredanegozi.it\/wp-content\/uploads\/2023\/03\/gluten_free-e1678443510142.png\" alt=\"\" width=\"405\" height=\"169\" title=\"\" srcset=\"https:\/\/www.creaearredanegozi.it\/wp-content\/uploads\/2023\/03\/gluten_free-e1678443510142.png 405w, https:\/\/www.creaearredanegozi.it\/wp-content\/uploads\/2023\/03\/gluten_free-e1678443510142-64x27.png 64w\" sizes=\"(max-width: 405px) 100vw, 405px\" \/><\/p><\/blockquote>\n<hr \/>\n<p style=\"text-align: center;\"><strong>Der Mini-Workshop umfasst<\/strong><\/p>\n<table style=\"border-collapse: collapse; width: 100%;\">\n<tbody>\n<tr>\n<td style=\"width: 50%;\">\u00a0<img decoding=\"async\" class=\"alignnone size-full wp-image-123366\" src=\"https:\/\/www.creaearredanegozi.it\/wp-content\/uploads\/2023\/03\/particolari_mini_lab1.png\" alt=\"\" width=\"100%\" height=\"auto\" title=\"\" srcset=\"https:\/\/www.creaearredanegozi.it\/wp-content\/uploads\/2023\/03\/particolari_mini_lab1.png 530w, https:\/\/www.creaearredanegozi.it\/wp-content\/uploads\/2023\/03\/particolari_mini_lab1-516x284.png 516w, https:\/\/www.creaearredanegozi.it\/wp-content\/uploads\/2023\/03\/particolari_mini_lab1-64x35.png 64w\" sizes=\"(max-width: 530px) 100vw, 530px\" \/><\/td>\n<td style=\"width: 50%; text-align: center;\"><strong>Elektro-Ofen Modell Spinello<\/strong><br \/>\nFassungsverm\u00f6gen der Kammer 1 Pizzadurchmesser 33<br \/>\nInnenma\u00dfe: 38x40x15h cm<br \/>\nAu\u00dfenma\u00dfe: 60x56x40h cm<br \/>\nSpannung: 240V - 3000W<\/td>\n<\/tr>\n<tr>\n<td style=\"width: 50%;\"><img decoding=\"async\" class=\"alignnone size-full wp-image-123371\" src=\"https:\/\/www.creaearredanegozi.it\/wp-content\/uploads\/2023\/03\/particolari_mini_lab6.png\" alt=\"\" width=\"100%\" height=\"auto\" title=\"\" srcset=\"https:\/\/www.creaearredanegozi.it\/wp-content\/uploads\/2023\/03\/particolari_mini_lab6.png 530w, https:\/\/www.creaearredanegozi.it\/wp-content\/uploads\/2023\/03\/particolari_mini_lab6-516x284.png 516w, https:\/\/www.creaearredanegozi.it\/wp-content\/uploads\/2023\/03\/particolari_mini_lab6-64x35.png 64w\" sizes=\"(max-width: 530px) 100vw, 530px\" \/><\/td>\n<td style=\"width: 50%; text-align: center;\"><strong>Kommode mit 4 Schubladen<\/strong><br \/>\nNeutral, nicht gek\u00fchlt<\/td>\n<\/tr>\n<tr>\n<td style=\"width: 50%;\"><img decoding=\"async\" class=\"alignnone size-full wp-image-123370\" src=\"https:\/\/www.creaearredanegozi.it\/wp-content\/uploads\/2023\/03\/particolari_mini_lab5.png\" alt=\"\" width=\"100%\" height=\"auto\" title=\"\" srcset=\"https:\/\/www.creaearredanegozi.it\/wp-content\/uploads\/2023\/03\/particolari_mini_lab5.png 530w, https:\/\/www.creaearredanegozi.it\/wp-content\/uploads\/2023\/03\/particolari_mini_lab5-516x284.png 516w, https:\/\/www.creaearredanegozi.it\/wp-content\/uploads\/2023\/03\/particolari_mini_lab5-64x35.png 64w\" sizes=\"(max-width: 530px) 100vw, 530px\" \/><\/td>\n<td style=\"width: 50%; text-align: center;\"><strong>Marmorplatte<\/strong><\/p>\n<p>Abmessungen 100\u00d760 cm<br \/>\nzum Bearbeiten des Teigs<\/td>\n<\/tr>\n<tr>\n<td style=\"width: 50%;\"><img decoding=\"async\" class=\"alignnone size-full wp-image-123369\" src=\"https:\/\/www.creaearredanegozi.it\/wp-content\/uploads\/2023\/03\/particolari_mini_lab4.png\" alt=\"\" width=\"100%\" height=\"auto\" title=\"\" srcset=\"https:\/\/www.creaearredanegozi.it\/wp-content\/uploads\/2023\/03\/particolari_mini_lab4.png 530w, https:\/\/www.creaearredanegozi.it\/wp-content\/uploads\/2023\/03\/particolari_mini_lab4-516x284.png 516w, https:\/\/www.creaearredanegozi.it\/wp-content\/uploads\/2023\/03\/particolari_mini_lab4-64x35.png 64w\" sizes=\"(max-width: 530px) 100vw, 530px\" \/><\/td>\n<td style=\"width: 50%; text-align: center;\"><strong>Mini-K\u00fchlschrank<\/strong><br \/>\nAbmessungen: 40x47x67h cm<br \/>\nFassungsverm\u00f6gen: 50 Liter<br \/>\nTemp. +5 +12 \u00b0C<br \/>\nSpannung: 240V - 100W<\/td>\n<\/tr>\n<tr>\n<td style=\"width: 50%;\"><img decoding=\"async\" class=\"alignnone size-full wp-image-123368\" src=\"https:\/\/www.creaearredanegozi.it\/wp-content\/uploads\/2023\/03\/particolari_mini_lab3.png\" alt=\"\" width=\"100%\" height=\"auto\" title=\"\" srcset=\"https:\/\/www.creaearredanegozi.it\/wp-content\/uploads\/2023\/03\/particolari_mini_lab3.png 530w, https:\/\/www.creaearredanegozi.it\/wp-content\/uploads\/2023\/03\/particolari_mini_lab3-516x284.png 516w, https:\/\/www.creaearredanegozi.it\/wp-content\/uploads\/2023\/03\/particolari_mini_lab3-64x35.png 64w\" sizes=\"(max-width: 530px) 100vw, 530px\" \/><\/td>\n<td style=\"width: 50%; text-align: center;\"><strong>Spiralkneter<\/strong><br \/>\nFassungsverm\u00f6gen des Teigs 18 kg<br \/>\nSpannung: 240V - 750W<\/td>\n<\/tr>\n<tr>\n<td style=\"width: 50%;\"><img decoding=\"async\" class=\"alignnone size-full wp-image-123367\" src=\"https:\/\/www.creaearredanegozi.it\/wp-content\/uploads\/2023\/03\/particolari_mini_lab2.png\" alt=\"\" width=\"100%\" height=\"auto\" title=\"\" srcset=\"https:\/\/www.creaearredanegozi.it\/wp-content\/uploads\/2023\/03\/particolari_mini_lab2.png 530w, https:\/\/www.creaearredanegozi.it\/wp-content\/uploads\/2023\/03\/particolari_mini_lab2-516x284.png 516w, https:\/\/www.creaearredanegozi.it\/wp-content\/uploads\/2023\/03\/particolari_mini_lab2-64x35.png 64w\" sizes=\"(max-width: 530px) 100vw, 530px\" \/><\/td>\n<td style=\"width: 50%; text-align: center;\"><strong>Gek\u00fchlte Vitrine<\/strong><\/p>\n<p>L\u00e4nge 100 cm<br \/>\nFassungsverm\u00f6gen 4 1\/4 GN (nicht mitgeliefert)<br \/>\nSpannung: 240V - 150W<\/td>\n<\/tr>\n<\/tbody>\n<\/table>\n<p><img decoding=\"async\" class=\"alignnone size-full wp-image-123375\" src=\"https:\/\/www.creaearredanegozi.it\/wp-content\/uploads\/2023\/03\/Minilab-Ideal-gluten-free.jpg\" alt=\"\" width=\"100%\" height=\"auto\" title=\"\" srcset=\"https:\/\/www.creaearredanegozi.it\/wp-content\/uploads\/2023\/03\/Minilab-Ideal-gluten-free.jpg 880w, https:\/\/www.creaearredanegozi.it\/wp-content\/uploads\/2023\/03\/Minilab-Ideal-gluten-free-516x290.jpg 516w, https:\/\/www.creaearredanegozi.it\/wp-content\/uploads\/2023\/03\/Minilab-Ideal-gluten-free-64x36.jpg 64w, https:\/\/www.creaearredanegozi.it\/wp-content\/uploads\/2023\/03\/Minilab-Ideal-gluten-free-711x400.jpg 711w, https:\/\/www.creaearredanegozi.it\/wp-content\/uploads\/2023\/03\/Minilab-Ideal-gluten-free-768x432.jpg 768w\" sizes=\"(max-width: 880px) 100vw, 880px\" \/><\/p>","protected":false},"excerpt":{"rendered":"<p>Stazione mobile per pizzeria Il Mini-Lab \u00e8 il laboratorio perfetto per i pizzaioli che hanno bisogno di diversificare la propria produzione. \u00c8 composto, infatti, da: forno elettrico modello Spinello tipo meccanico, vetrina refrigerata per GN da \u00bc, piano di lavoro in marmo, impastatrice a spirale, mini frigo e cassettiera a quattro cassetti. Dimensioni esterne 163X73X150h [&#8230;]","protected":false},"featured_media":123365,"comment_status":"closed","ping_status":"closed","template":"","meta":{"_monsterinsights_skip_tracking":false,"_monsterinsights_sitenote_active":false,"_monsterinsights_sitenote_note":"","_monsterinsights_sitenote_category":0},"product_brand":[],"product_cat":[46,295,78,188,189],"product_tag":[211],"class_list":{"0":"post-123364","1":"product","2":"type-product","3":"status-publish","4":"has-post-thumbnail","6":"product_cat-attrezzature-per-pizzeria-attrezzi-pizzaiolo","7":"product_cat-a-spirale","8":"product_cat-forni-elettrici","9":"product_cat-impastatrici-attrezzature-per-pizzeria","10":"product_cat-vetrine-refrigerate-porta-ingredienti-pizzeria","11":"product_tag-spedizione-gratuita","13":"first","14":"instock","15":"taxable","16":"shipping-taxable","17":"purchasable","18":"product-type-simple"},"_links":{"self":[{"href":"https:\/\/www.creaearredanegozi.it\/de\/wp-json\/wp\/v2\/product\/123364","targetHints":{"allow":["GET"]}}],"collection":[{"href":"https:\/\/www.creaearredanegozi.it\/de\/wp-json\/wp\/v2\/product"}],"about":[{"href":"https:\/\/www.creaearredanegozi.it\/de\/wp-json\/wp\/v2\/types\/product"}],"replies":[{"embeddable":true,"href":"https:\/\/www.creaearredanegozi.it\/de\/wp-json\/wp\/v2\/comments?post=123364"}],"wp:featuredmedia":[{"embeddable":true,"href":"https:\/\/www.creaearredanegozi.it\/de\/wp-json\/wp\/v2\/media\/123365"}],"wp:attachment":[{"href":"https:\/\/www.creaearredanegozi.it\/de\/wp-json\/wp\/v2\/media?parent=123364"}],"wp:term":[{"taxonomy":"product_brand","embeddable":true,"href":"https:\/\/www.creaearredanegozi.it\/de\/wp-json\/wp\/v2\/product_brand?post=123364"},{"taxonomy":"product_cat","embeddable":true,"href":"https:\/\/www.creaearredanegozi.it\/de\/wp-json\/wp\/v2\/product_cat?post=123364"},{"taxonomy":"product_tag","embeddable":true,"href":"https:\/\/www.creaearredanegozi.it\/de\/wp-json\/wp\/v2\/product_tag?post=123364"}],"curies":[{"name":"wp","href":"https:\/\/api.w.org\/{rel}","templated":true}]}}