{"id":123433,"date":"2023-03-14T18:45:06","date_gmt":"2023-03-14T17:45:06","guid":{"rendered":"https:\/\/www.creaearredanegozi.it\/?post_type=product&#038;p=123433"},"modified":"2023-07-03T19:58:38","modified_gmt":"2023-07-03T17:58:38","slug":"professionelle-elektronische-tischwaage-mit-quittung","status":"publish","type":"product","link":"https:\/\/www.creaearredanegozi.it\/de\/professionelle-elektronische-tischwaage-mit-quittung\/","title":{"rendered":"Professionelle elektronische Tischwaage mit mitgelieferten Quittungsbatterien"},"content":{"rendered":"<h2>Elektronische Waage mit Bon<\/h2>\n<p>Waagen mit mechanischer Quittung und Tastatur, zwei LCD-Displays f\u00fcr die Anzeige von Gewicht\/Preis\/Preis-Transaktionen, schnellem Drucker, nicht klebendem oder tr\u00e4gerlosem Thermopapier (Kleber ohne Folie), internen Batterien, sind eine Kombination aus Qualit\u00e4t und Zuverl\u00e4ssigkeit.<\/p>\n<div><strong>MERKMALE UND LEISTUNG<\/strong><\/div>\n<ul>\n<li>Beleuchtetes Gewicht-Preis-Menge-Tara-Display<\/li>\n<li>40-Tasten-Tastatur<\/li>\n<li>automatische Uhr- und Datumsanzeige<\/li>\n<li>wiederaufladbare interne Batterien<\/li>\n<li>6 Tasten f\u00fcr direkten Funktionsaufruf<\/li>\n<li>2 Betreiber<\/li>\n<li>Name des einzelnen Betreibers<\/li>\n<li>Belegkopf bestehend aus 5 Zeilen mit 26 Zeichen<\/li>\n<li>halbautomatisch, manuelles Tarieren<\/li>\n<li>Preisblock - Tara-Block<\/li>\n<li>Wiederer\u00f6ffnung der Quittung f\u00fcr den Betreiber<\/li>\n<li>Kopie der Quittung pro Betreiber<\/li>\n<li>Direkte PLUs - Tastaturartikel 8\u00d72<\/li>\n<li>100 Artikel - \u00fcber die Tastatur aufrufbar<\/li>\n<li>Druck eines EAN 13-Strichcodes<\/li>\n<li>Artikelsummen drucken<\/li>\n<li>Druckgeschwindigkeit 80mm\/s<\/li>\n<li>Geeignet f\u00fcr nicht selbstklebende oder tr\u00e4gerbandlose Thermobons<\/li>\n<\/ul>\n<div class=\"span4\">\n<div><strong>ABMESSUNGEN<\/strong><\/div>\n<div>Abmessungen: BxTxH 390x370x610h mm (H. Sockel 190mm)<\/div>\n<div>Plattengr\u00f6\u00dfe: 360\u00d7270 mm<\/div>\n<\/div>\n<div><\/div>\n<div><strong>Option Division<\/strong><\/div>\n<div>Es ist m\u00f6glich, die Skalenteilung in den folgenden Optionen zu w\u00e4hlen:<\/div>\n<div>\n<div><\/div>\n<\/div>\n<div>\n<table style=\"border-collapse: collapse; width: 100%;\">\n<tbody>\n<tr>\n<td style=\"width: 15%;\"><strong>6\/15 Kg <\/strong><br \/>\n<strong>div. 2\/5g<\/strong><\/td>\n<td style=\"width: 85%;\">Die Waage rundet auf das n\u00e4chste Vielfache von 2 Gramm auf, von 0,02 bis 6 kg, von 6,05 bis 15 kg rundet sie auf 5 Gramm auf, H\u00f6chstgewicht 15 kg<\/td>\n<\/tr>\n<tr>\n<td style=\"width: 15%;\"><strong>15\/30 kg <\/strong><br \/>\n<strong>div. 5\/10g<\/strong><\/td>\n<td style=\"width: 85%;\">Die Waage rundet auf das n\u00e4chste Vielfache von 5 Gramm von 0,05 bis 15 kg auf, ab 15,10 kg rundet sie auf 10 Gramm auf, H\u00f6chstgewicht 30 kg<\/td>\n<\/tr>\n<tr>\n<td style=\"width: 50%;\" colspan=\"2\">Beispiel: Wenn das zu wiegende Produkt\/Gegenstand 3 g wiegt, wird die Waage mit der Teilung 2\/5 g ein Gewicht von 4 g anzeigen, w\u00e4hrend die Waage mit der Teilung 5\/10 g ein Gewicht von 5 g anzeigen wird. \u00c4hnlich verh\u00e4lt es sich, wenn ein Produkt 15,01 kg wiegt, die Teilung 2\/5g ergibt ein Gewicht von 15,05g.<\/td>\n<\/tr>\n<\/tbody>\n<\/table>\n<\/div>\n<div>\n<div><\/div>\n<\/div>\n<div>\n<hr \/>\n<div style=\"text-align: center;\">LCD-DISPLAY<\/div>\n<div>\n<p><img decoding=\"async\" class=\"aligncenter wp-image-6838 size-full\" src=\"https:\/\/www.creaearredanegozi.it\/wp-content\/uploads\/2016\/04\/20150525_172344.jpg\" alt=\"Anzeige Eisenwaage\" width=\"467\" height=\"350\" title=\"\" srcset=\"https:\/\/www.creaearredanegozi.it\/wp-content\/uploads\/2016\/04\/20150525_172344.jpg 467w, https:\/\/www.creaearredanegozi.it\/wp-content\/uploads\/2016\/04\/20150525_172344-64x48.jpg 64w, https:\/\/www.creaearredanegozi.it\/wp-content\/uploads\/2016\/04\/20150525_172344-400x300.jpg 400w\" sizes=\"(max-width: 467px) 100vw, 467px\" \/><\/p>\n<\/div>\n<\/div>\n<hr \/>\n<p style=\"text-align: center;\">MECHANISCHE TASTATUR<\/p>\n<div class=\"span4\">\n<p><img decoding=\"async\" class=\"aligncenter wp-image-6837 size-full\" src=\"https:\/\/www.creaearredanegozi.it\/wp-content\/uploads\/2016\/04\/20150525_172334.jpg\" alt=\"Eisenwaage-Tastatur\" width=\"467\" height=\"350\" title=\"\" srcset=\"https:\/\/www.creaearredanegozi.it\/wp-content\/uploads\/2016\/04\/20150525_172334.jpg 467w, https:\/\/www.creaearredanegozi.it\/wp-content\/uploads\/2016\/04\/20150525_172334-64x48.jpg 64w, https:\/\/www.creaearredanegozi.it\/wp-content\/uploads\/2016\/04\/20150525_172334-400x300.jpg 400w\" sizes=\"(max-width: 467px) 100vw, 467px\" \/><\/p>\n<hr \/>\n<p style=\"text-align: center;\"><strong>Waagen mit Kassenbon k\u00f6nnen verwenden<\/strong><\/p>\n<p style=\"text-align: center;\"><strong>Nicht klebendes THERMALPAPIER oder LINERLESS<\/strong><br \/>\n<span style=\"color: #808080;\">57X30X12<\/span><\/p>\n<p><img decoding=\"async\" class=\"alignnone size-full wp-image-123435 aligncenter\" src=\"https:\/\/www.creaearredanegozi.it\/wp-content\/uploads\/2023\/03\/NORI_stampante.jpg\" alt=\"\" width=\"547\" height=\"547\" title=\"\" srcset=\"https:\/\/www.creaearredanegozi.it\/wp-content\/uploads\/2023\/03\/NORI_stampante.jpg 547w, https:\/\/www.creaearredanegozi.it\/wp-content\/uploads\/2023\/03\/NORI_stampante-250x250.jpg 250w, https:\/\/www.creaearredanegozi.it\/wp-content\/uploads\/2023\/03\/NORI_stampante-100x100.jpg 100w, https:\/\/www.creaearredanegozi.it\/wp-content\/uploads\/2023\/03\/NORI_stampante-516x516.jpg 516w, https:\/\/www.creaearredanegozi.it\/wp-content\/uploads\/2023\/03\/NORI_stampante-64x64.jpg 64w, https:\/\/www.creaearredanegozi.it\/wp-content\/uploads\/2023\/03\/NORI_stampante-400x400.jpg 400w, https:\/\/www.creaearredanegozi.it\/wp-content\/uploads\/2023\/03\/NORI_stampante-280x280.jpg 280w\" sizes=\"(max-width: 547px) 100vw, 547px\" \/><\/p>\n<\/div>","protected":false},"excerpt":{"rendered":"<p>Bilancia elettronica con scontrino Bilancia con scontrino e tastiera meccanica, doppio display LCD per la visualizzazione delle transazioni peso-prezzo-imposta-tara, stampante veloce, carta termica non adesiva o linerless (adesiva senza pellicola), batterie interne, sono un connubio di qualit\u00e0 e affidabilit\u00e0. CARATTERISTICHE E PRESTAZIONI Display retro illuminato con la visualizzazione del peso-prezzo-importo-tara tastiera composta da 40 tasti [&#8230;]","protected":false},"featured_media":123434,"comment_status":"closed","ping_status":"closed","template":"","meta":{"_monsterinsights_skip_tracking":false,"_monsterinsights_sitenote_active":false,"_monsterinsights_sitenote_note":"","_monsterinsights_sitenote_category":0},"product_brand":[735],"product_cat":[130],"product_tag":[211],"class_list":{"0":"post-123433","1":"product","2":"type-product","3":"status-publish","4":"has-post-thumbnail","6":"product_brand-waage","7":"product_cat-bilance","8":"product_tag-spedizione-gratuita","10":"first","11":"instock","12":"taxable","13":"shipping-taxable","14":"purchasable","15":"product-type-simple"},"_links":{"self":[{"href":"https:\/\/www.creaearredanegozi.it\/de\/wp-json\/wp\/v2\/product\/123433","targetHints":{"allow":["GET"]}}],"collection":[{"href":"https:\/\/www.creaearredanegozi.it\/de\/wp-json\/wp\/v2\/product"}],"about":[{"href":"https:\/\/www.creaearredanegozi.it\/de\/wp-json\/wp\/v2\/types\/product"}],"replies":[{"embeddable":true,"href":"https:\/\/www.creaearredanegozi.it\/de\/wp-json\/wp\/v2\/comments?post=123433"}],"wp:featuredmedia":[{"embeddable":true,"href":"https:\/\/www.creaearredanegozi.it\/de\/wp-json\/wp\/v2\/media\/123434"}],"wp:attachment":[{"href":"https:\/\/www.creaearredanegozi.it\/de\/wp-json\/wp\/v2\/media?parent=123433"}],"wp:term":[{"taxonomy":"product_brand","embeddable":true,"href":"https:\/\/www.creaearredanegozi.it\/de\/wp-json\/wp\/v2\/product_brand?post=123433"},{"taxonomy":"product_cat","embeddable":true,"href":"https:\/\/www.creaearredanegozi.it\/de\/wp-json\/wp\/v2\/product_cat?post=123433"},{"taxonomy":"product_tag","embeddable":true,"href":"https:\/\/www.creaearredanegozi.it\/de\/wp-json\/wp\/v2\/product_tag?post=123433"}],"curies":[{"name":"wp","href":"https:\/\/api.w.org\/{rel}","templated":true}]}}