{"id":123440,"date":"2023-03-14T20:24:01","date_gmt":"2023-03-14T19:24:01","guid":{"rendered":"https:\/\/www.creaearredanegozi.it\/?post_type=product&#038;p=123440"},"modified":"2023-07-03T19:58:42","modified_gmt":"2023-07-03T17:58:42","slug":"professionelle-elektronische-tischwaage-farbdisplay-polarus-klebebon","status":"publish","type":"product","link":"https:\/\/www.creaearredanegozi.it\/de\/professionelle-elektronische-tischwaage-farbdisplay-polarus-klebebon\/","title":{"rendered":"Professionelle elektronische Tischwaage Farbdisplay Klebebon Polarius"},"content":{"rendered":"<h1>Elektronische Waage Polarius<\/h1>\n<p>POLARIUS-Waage mit 7\"-Grafikdisplay, grafische Bilder pro Artikel, Online-Bediener, Anzeige aller Transaktionen, auch f\u00fcr alle Bediener geeignet, die im Etikettiermodus arbeiten.<\/p>\n<p>Elektronische Waage f\u00fcr alle Bediener, die schnell und einfach arbeiten m\u00fcssen<br \/>\nArbeitsmodi: Bon, Einzelposten, Etikett<br \/>\ndie\u00a0<b>Polarius<\/b> ist eine Waage, die f\u00fcr Superm\u00e4rkte, Gesch\u00e4fte und Produktionst\u00e4tigkeiten geeignet ist<\/p>\n<div><strong>MERKMALE UND LEISTUNG<\/strong><\/div>\n<ul>\n<li>7\u2033-Farbdisplay mit Gewichts-, Preis-, Mengen- und Tarifanzeige, dazugeh\u00f6riges Produktbild, Logo<\/li>\n<li>65-Tasten-Tastatur<\/li>\n<li>automatische Uhr- und Datumsanzeige<\/li>\n<li>Wiederaufladbare interne Batterien<\/li>\n<li>6 Tasten f\u00fcr direkten Funktionsaufruf<\/li>\n<li>8 Betreiber<\/li>\n<li>Name des einzelnen Betreibers<\/li>\n<li>Belegkopf bestehend aus 5 Zeilen mit 26 Zeichen<\/li>\n<li>Logo auf der Quittung<\/li>\n<li>halbautomatisch, manuelles Tarieren<\/li>\n<li>Preisblock - Tara-Block<\/li>\n<li>Wiederer\u00f6ffnung der Quittung f\u00fcr den Betreiber<\/li>\n<li>Direkte PLUs - Tastaturpositionen 30\u00d72 (30 direkte PLUs + 30 abrufbar mit doppeltem Tastendruck)<\/li>\n<li>2000 Artikel\/Plu \u00fcber die Tastatur abrufbar<\/li>\n<li>500 programmierbare R\u00fcckverfolgbarkeit<\/li>\n<li>500 Chargencodes<\/li>\n<li>500 verschachtelte 10\u00d72 Tabellen f\u00fcr 16 Zeichen<\/li>\n<li>2000 Rezepte - programmierbare Zutaten 1000 Zeichen<\/li>\n<li>Aufdruck von Verpackungsdatum und Verfallsdatum<\/li>\n<li>Druck eines EAN 13-Strichcodes<\/li>\n<li>Belegdruck - Einzelposten<\/li>\n<li>Druck von Etiketten von 57\u00d745 bis 57\u00d7100<\/li>\n<li>Artikelsummen drucken<\/li>\n<li>Operator-Summen drucken<\/li>\n<li>individuelles Etikett<\/li>\n<li>Druckgeschwindigkeit 140 mm\/s<\/li>\n<li>Geeignet f\u00fcr selbstklebende Thermobons oder Etikettenpapier<\/li>\n<\/ul>\n<div class=\"span4\">\n<div><strong>ABMESSUNGEN<\/strong><\/div>\n<div>Abmessungen: BxTxH 390x370x610h mm (H. Sockel 190mm)<\/div>\n<div>Plattengr\u00f6\u00dfe: 360\u00d7270 mm<\/div>\n<\/div>\n<div><\/div>\n<div><strong>Abteilung<\/strong><\/div>\n<div>La <strong>waage polar balance<\/strong>\u00a0ist Mehrbereich<\/div>\n<div>\n<div><\/div>\n<\/div>\n<div>\n<table style=\"border-collapse: collapse; width: 100%;\">\n<tbody>\n<tr>\n<td style=\"width: 15%;\"><strong>bis zu 12 kg <\/strong><br \/>\n<strong>div. 2g<\/strong><\/td>\n<td style=\"width: 85%;\">Die Waage rundet auf das n\u00e4chste Vielfache von 2 Gramm auf, von 0,02 bis zu 12 kg<\/td>\n<\/tr>\n<tr>\n<td style=\"width: 15%;\"><strong>ab 12,01 kg <\/strong><br \/>\n<strong>div. 5g<\/strong><\/td>\n<td style=\"width: 85%;\">Die Waage rundet auf das n\u00e4chste Vielfache von 5 Gramm von 12,05 bis 30kg auf.<\/td>\n<\/tr>\n<tr>\n<td style=\"width: 50%;\" colspan=\"2\">Beispiel: Wenn das zu wiegende Produkt\/Gegenstand 3 Gramm wiegt, zeigt die Waage ein Gewicht von 4 Gramm an, wenn ein Produkt 12,01 kg wiegt, zeigt sie ein Gewicht von 12,05 Gramm an.<\/td>\n<\/tr>\n<\/tbody>\n<\/table>\n<\/div>\n<div>\n<div><\/div>\n<\/div>\n<div>\n<hr \/>\n<div style=\"text-align: center;\"><strong>FRONT-FARB-LCD-DISPLAY<\/strong><\/div>\n<div style=\"text-align: center;\"><strong>R\u00dcCKSEITIGES FARBIGES LCD-DISPLAY<\/strong><\/div>\n<\/div>\n<hr \/>\n<p style=\"text-align: center;\"><strong>FOLIENTASTATUR AUF MIKROSCHALTER<\/strong><\/p>\n<div class=\"span4\">\n<hr \/>\n<p style=\"text-align: center;\"><strong>SELBSTKLEBENDES THERMOPAPIER<\/strong><br \/>\nETIKETTENDRUCKER<br \/>\nLABEL auf einem Endlosformular<br \/>\nselbstklebendes Thermopapier 57x40mt x24<br \/>\nLABEL-Format von 57\u00d745 mm bis 57X100 mm<br \/>\nNr. 3 LAYOUT FORMATEN, die mit dem einzelnen Artikel verbunden sind<br \/>\n<b><\/b><\/p>\n<hr \/>\n<p style=\"text-align: center;\"><b>ANSCHLUSSF\u00c4HIGKEIT<\/b>'<br \/>\nRS 232-Schnittstelle zum Anschluss an einen PC<br \/>\nETHERNET-Schnittstelle zum Anschluss der Waage an ein lokales Netzwerk<\/p>\n<\/div>","protected":false},"excerpt":{"rendered":"<div class=\"icon-box featured-box icon-box-right text-right\"  >\n\t\t\t\t\t<div class=\"icon-box-img\" style=\"width: 50px\">\n\t\t\t\t<div class=\"icon\">\n\t\t\t\t\t<div class=\"icon-inner\" >\n\t\t\t\t\t\t<img decoding=\"async\" src=\"https:\/\/www.creaearredanegozi.it\/wp-content\/uploads\/2018\/01\/free_truck.png\" alt=\"Kostenloser Versand nur innerhalb Italiens\"\/>\t\t\t\t\t<\/div>\n\t\t\t\t<\/div>\n\t\t\t<\/div>\n\t\t\t\t<div class=\"icon-box-text last-reset\">\n\t\t\t<h5 class=\"uppercase\">Kostenloser Versand nur innerhalb Italiens<\/h5>\t\t\t\t\t\t\t\t<\/div>\n\t<\/div>","protected":false},"featured_media":123442,"comment_status":"closed","ping_status":"closed","template":"","meta":{"_monsterinsights_skip_tracking":false,"_monsterinsights_sitenote_active":false,"_monsterinsights_sitenote_note":"","_monsterinsights_sitenote_category":0},"product_brand":[735],"product_cat":[130],"product_tag":[211],"class_list":{"0":"post-123440","1":"product","2":"type-product","3":"status-publish","4":"has-post-thumbnail","6":"product_brand-waage","7":"product_cat-bilance","8":"product_tag-spedizione-gratuita","10":"first","11":"instock","12":"taxable","13":"shipping-taxable","14":"purchasable","15":"product-type-simple"},"_links":{"self":[{"href":"https:\/\/www.creaearredanegozi.it\/de\/wp-json\/wp\/v2\/product\/123440","targetHints":{"allow":["GET"]}}],"collection":[{"href":"https:\/\/www.creaearredanegozi.it\/de\/wp-json\/wp\/v2\/product"}],"about":[{"href":"https:\/\/www.creaearredanegozi.it\/de\/wp-json\/wp\/v2\/types\/product"}],"replies":[{"embeddable":true,"href":"https:\/\/www.creaearredanegozi.it\/de\/wp-json\/wp\/v2\/comments?post=123440"}],"wp:featuredmedia":[{"embeddable":true,"href":"https:\/\/www.creaearredanegozi.it\/de\/wp-json\/wp\/v2\/media\/123442"}],"wp:attachment":[{"href":"https:\/\/www.creaearredanegozi.it\/de\/wp-json\/wp\/v2\/media?parent=123440"}],"wp:term":[{"taxonomy":"product_brand","embeddable":true,"href":"https:\/\/www.creaearredanegozi.it\/de\/wp-json\/wp\/v2\/product_brand?post=123440"},{"taxonomy":"product_cat","embeddable":true,"href":"https:\/\/www.creaearredanegozi.it\/de\/wp-json\/wp\/v2\/product_cat?post=123440"},{"taxonomy":"product_tag","embeddable":true,"href":"https:\/\/www.creaearredanegozi.it\/de\/wp-json\/wp\/v2\/product_tag?post=123440"}],"curies":[{"name":"wp","href":"https:\/\/api.w.org\/{rel}","templated":true}]}}