{"id":124198,"date":"2023-04-28T10:54:22","date_gmt":"2023-04-28T08:54:22","guid":{"rendered":"https:\/\/www.creaearredanegozi.it\/?post_type=product&#038;p=124198"},"modified":"2025-12-03T20:40:11","modified_gmt":"2025-12-03T19:40:11","slug":"professioneller-koffer-und-kleiderwagen-110x62x198cm-furcar-pv2021-und-pv2021i","status":"publish","type":"product","link":"https:\/\/www.creaearredanegozi.it\/de\/professioneller-koffer-und-kleiderwagen-110x62x198cm-furcar-pv2021-und-pv2021i\/","title":{"rendered":"Professioneller Gep\u00e4ck- und Verbandwagen 110x62x198cm f\u00fcr PV2021 und PV2021I"},"content":{"rendered":"<h2>Professioneller Gep\u00e4ck- und Garderobenwagen f\u00fcr Hotel und B&amp;B 110x62x198(h) cm Forcar PV2021 und PV2021I<\/h2>\n<p>PV2021 und PV2021I Koffer und Kleiderwagen<\/p>\n<p><strong>Gep\u00e4ck- und Kleiderwagen f\u00fcr Hotels und B&amp;Bs<\/strong><\/p>\n<ul>\n<li class=\"p1\">Holzsockel mit farbigem Teppichboden, erh\u00e4ltlich in Rot oder Schwarz.<\/li>\n<li class=\"p1\">Stangenhalterung aus vermessingtem oder verchromtem Stahlrohr \u00f8 40 mm.<\/li>\n<li class=\"p1\">Gummipufferkante am Rand.<\/li>\n<li class=\"p1\">Multidirektionale R\u00e4der \u00f8 200 mm.<\/li>\n<li>Au\u00dfenma\u00dfe: 110 x 62 x 198(h) cm.<\/li>\n<li>Maximale Last 150KG.<\/li>\n<\/ul>\n<p><strong>PV2021 (roter Sockel und Messingstruktur)<\/strong><\/p>\n<p><strong>PV2021I (schwarzer Sockel und verchromter Rahmen)<\/strong><\/p>\n<p>Demontiert geliefert<\/p>","protected":false},"excerpt":{"rendered":"<p>Carrello Porta Valigie e Abiti Professionale per Hotel e B&amp;B 110x62x198(h) cm Forcar PV2021 e PV2021I Carrello porta valigie e portabiti PV2021 e PV2021I Carrelli portavaligie e porta abiti per hotel e B&amp;B Base in legno ricoperta da moquette colorata, disponibile nei colori rosso o nera. Supporto asta in tubolare di acciaio ottonato o cromato [&#8230;]","protected":false},"featured_media":124203,"comment_status":"closed","ping_status":"closed","template":"","meta":{"_monsterinsights_skip_tracking":false,"_monsterinsights_sitenote_active":false,"_monsterinsights_sitenote_note":"","_monsterinsights_sitenote_category":0},"product_brand":[624],"product_cat":[29,276],"product_tag":[],"class_list":{"0":"post-124198","1":"product","2":"type-product","3":"status-publish","4":"has-post-thumbnail","6":"product_brand-forcar","7":"product_cat-cesteria-e-carrelli","8":"product_cat-carrelli-di-servizio","9":"product_shipping_class-32","10":"pa_marca-forcar","12":"first","13":"instock","14":"sale","15":"taxable","16":"shipping-taxable","17":"purchasable","18":"product-type-variable"},"_links":{"self":[{"href":"https:\/\/www.creaearredanegozi.it\/de\/wp-json\/wp\/v2\/product\/124198","targetHints":{"allow":["GET"]}}],"collection":[{"href":"https:\/\/www.creaearredanegozi.it\/de\/wp-json\/wp\/v2\/product"}],"about":[{"href":"https:\/\/www.creaearredanegozi.it\/de\/wp-json\/wp\/v2\/types\/product"}],"replies":[{"embeddable":true,"href":"https:\/\/www.creaearredanegozi.it\/de\/wp-json\/wp\/v2\/comments?post=124198"}],"wp:featuredmedia":[{"embeddable":true,"href":"https:\/\/www.creaearredanegozi.it\/de\/wp-json\/wp\/v2\/media\/124203"}],"wp:attachment":[{"href":"https:\/\/www.creaearredanegozi.it\/de\/wp-json\/wp\/v2\/media?parent=124198"}],"wp:term":[{"taxonomy":"product_brand","embeddable":true,"href":"https:\/\/www.creaearredanegozi.it\/de\/wp-json\/wp\/v2\/product_brand?post=124198"},{"taxonomy":"product_cat","embeddable":true,"href":"https:\/\/www.creaearredanegozi.it\/de\/wp-json\/wp\/v2\/product_cat?post=124198"},{"taxonomy":"product_tag","embeddable":true,"href":"https:\/\/www.creaearredanegozi.it\/de\/wp-json\/wp\/v2\/product_tag?post=124198"}],"curies":[{"name":"wp","href":"https:\/\/api.w.org\/{rel}","templated":true}]}}