{"id":124206,"date":"2023-04-28T11:22:19","date_gmt":"2023-04-28T09:22:19","guid":{"rendered":"https:\/\/www.creaearredanegozi.it\/?post_type=product&#038;p=124206"},"modified":"2025-12-03T20:40:11","modified_gmt":"2025-12-03T19:40:11","slug":"professioneller-gepackwagen-56x83x123cm-furcar-pv-2002-und-pv-2002i","status":"publish","type":"product","link":"https:\/\/www.creaearredanegozi.it\/de\/professioneller-gepackwagen-56x83x123cm-furcar-pv-2002-und-pv-2002i\/","title":{"rendered":"Professioneller Gep\u00e4cktr\u00e4ger 56x83x123cm F\u00fcrcar PV 2002 und PV 2002I"},"content":{"rendered":"<h3>Professioneller Gep\u00e4cktr\u00e4ger 56x83x123cm F\u00fcrcar PV 2002 und PV 2002I<\/h3>\n<p><strong>PV 2002 - PV 2002I Gep\u00e4cktransportwagen<\/strong><\/p>\n<p>Gep\u00e4ckwagen f\u00fcr Hotels und B&amp;Bs<\/p>\n<ul>\n<li class=\"p1\">Klappbarer Sockel und Holzregale mit rotem Teppichboden.<\/li>\n<li class=\"p1\">Struktur aus vermessingtem oder rostfreiem Stahl erh\u00e4ltlich.<\/li>\n<li class=\"p1\">2 St\u00fctzf\u00fc\u00dfe.<\/li>\n<li class=\"p1\">R\u00e4der \u00f8 250 mm.<\/li>\n<li>Au\u00dfenma\u00dfe: 56 x 83 x 123(h) cm.<\/li>\n<li>Maximale Last 100KG.<\/li>\n<\/ul>\n<p><strong>PV2002 (roter Sockel und Messingstruktur)<\/strong><\/p>\n<p><strong>PV2002I (roter Sockel und Rahmen aus Edelstahl)<\/strong><\/p>","protected":false},"excerpt":{"rendered":"<p>Carrello Porta Valigie Professionale 56x83x123cm Forcar PV 2002 e PV 2002I Carrelli porta valigie PV 2002 &#8211; PV 2002I Carrelli portavaligie per hotel e B&amp;B Base pieghevole e pianali in legno ricoperti di moquette colorata rossa. Struttura disponibile in acciaio ottonato o inox. 2 piedi di appoggio. Ruote \u00f8 250 mm. Dimensioni esterne: 56 x [&#8230;]","protected":false},"featured_media":124211,"comment_status":"closed","ping_status":"closed","template":"","meta":{"_monsterinsights_skip_tracking":false,"_monsterinsights_sitenote_active":false,"_monsterinsights_sitenote_note":"","_monsterinsights_sitenote_category":0},"product_brand":[624],"product_cat":[29,276],"product_tag":[],"class_list":{"0":"post-124206","1":"product","2":"type-product","3":"status-publish","4":"has-post-thumbnail","6":"product_brand-forcar","7":"product_cat-cesteria-e-carrelli","8":"product_cat-carrelli-di-servizio","9":"product_shipping_class-38","10":"pa_marca-forcar","12":"first","13":"instock","14":"sale","15":"taxable","16":"shipping-taxable","17":"purchasable","18":"product-type-variable"},"_links":{"self":[{"href":"https:\/\/www.creaearredanegozi.it\/de\/wp-json\/wp\/v2\/product\/124206","targetHints":{"allow":["GET"]}}],"collection":[{"href":"https:\/\/www.creaearredanegozi.it\/de\/wp-json\/wp\/v2\/product"}],"about":[{"href":"https:\/\/www.creaearredanegozi.it\/de\/wp-json\/wp\/v2\/types\/product"}],"replies":[{"embeddable":true,"href":"https:\/\/www.creaearredanegozi.it\/de\/wp-json\/wp\/v2\/comments?post=124206"}],"wp:featuredmedia":[{"embeddable":true,"href":"https:\/\/www.creaearredanegozi.it\/de\/wp-json\/wp\/v2\/media\/124211"}],"wp:attachment":[{"href":"https:\/\/www.creaearredanegozi.it\/de\/wp-json\/wp\/v2\/media?parent=124206"}],"wp:term":[{"taxonomy":"product_brand","embeddable":true,"href":"https:\/\/www.creaearredanegozi.it\/de\/wp-json\/wp\/v2\/product_brand?post=124206"},{"taxonomy":"product_cat","embeddable":true,"href":"https:\/\/www.creaearredanegozi.it\/de\/wp-json\/wp\/v2\/product_cat?post=124206"},{"taxonomy":"product_tag","embeddable":true,"href":"https:\/\/www.creaearredanegozi.it\/de\/wp-json\/wp\/v2\/product_tag?post=124206"}],"curies":[{"name":"wp","href":"https:\/\/api.w.org\/{rel}","templated":true}]}}