{"id":124236,"date":"2023-04-28T12:45:34","date_gmt":"2023-04-28T10:45:34","guid":{"rendered":"https:\/\/www.creaearredanegozi.it\/?post_type=product&#038;p=124236"},"modified":"2025-12-03T20:40:12","modified_gmt":"2025-12-03T19:40:12","slug":"reggi-valigie-professionale-50x46x58cm-forcar-re-4016-e-re-4017","status":"publish","type":"product","link":"https:\/\/www.creaearredanegozi.it\/de\/reggi-valigie-professionale-50x46x58cm-forcar-re-4016-e-re-4017\/","title":{"rendered":"Professioneller Gep\u00e4cktr\u00e4ger 50x46x58cm Forcar RE 4016 und RE 4017"},"content":{"rendered":"<h3>Professioneller Gep\u00e4cktr\u00e4ger 50x46x58cm Forcar RE 4016 und RE 4017<\/h3>\n<p>RE4016 (Buche) und RE4017 (Nussbaum) Gep\u00e4cktr\u00e4ger<\/p>\n<p><strong>Sgabello reggi valigie<\/strong><\/p>\n<ul>\n<li class=\"p1\">Struktur aus Holz.<\/li>\n<li class=\"p1\">Telo in cotone.<\/li>\n<li>Dimensioni esterne: 50 x 46 x 58(h) cm.<\/li>\n<li>Disponibile nei colori faggio e noce.<\/li>\n<\/ul>","protected":false},"excerpt":{"rendered":"<p>Reggi Valigie Professionale 50x46x58cm Forcar RE 4016 e RE 4017 Reggivaligie RE4016 (faggio) e RE4017 (noce) Sgabello reggi valigie Struttura in legno. Telo in cotone. Dimensioni esterne: 50 x 46 x 58(h) cm. Disponibile nei colori faggio e noce.<\/p>","protected":false},"featured_media":124242,"comment_status":"closed","ping_status":"closed","template":"","meta":{"_monsterinsights_skip_tracking":false,"_monsterinsights_sitenote_active":false,"_monsterinsights_sitenote_note":"","_monsterinsights_sitenote_category":0},"product_brand":[624],"product_cat":[29,276],"product_tag":[],"class_list":{"0":"post-124236","1":"product","2":"type-product","3":"status-publish","4":"has-post-thumbnail","6":"product_brand-forcar","7":"product_cat-cesteria-e-carrelli","8":"product_cat-carrelli-di-servizio","9":"product_shipping_class-215","10":"pa_marca-forcar","12":"first","13":"outofstock","14":"taxable","15":"shipping-taxable","16":"purchasable","17":"product-type-variable"},"_links":{"self":[{"href":"https:\/\/www.creaearredanegozi.it\/de\/wp-json\/wp\/v2\/product\/124236","targetHints":{"allow":["GET"]}}],"collection":[{"href":"https:\/\/www.creaearredanegozi.it\/de\/wp-json\/wp\/v2\/product"}],"about":[{"href":"https:\/\/www.creaearredanegozi.it\/de\/wp-json\/wp\/v2\/types\/product"}],"replies":[{"embeddable":true,"href":"https:\/\/www.creaearredanegozi.it\/de\/wp-json\/wp\/v2\/comments?post=124236"}],"wp:featuredmedia":[{"embeddable":true,"href":"https:\/\/www.creaearredanegozi.it\/de\/wp-json\/wp\/v2\/media\/124242"}],"wp:attachment":[{"href":"https:\/\/www.creaearredanegozi.it\/de\/wp-json\/wp\/v2\/media?parent=124236"}],"wp:term":[{"taxonomy":"product_brand","embeddable":true,"href":"https:\/\/www.creaearredanegozi.it\/de\/wp-json\/wp\/v2\/product_brand?post=124236"},{"taxonomy":"product_cat","embeddable":true,"href":"https:\/\/www.creaearredanegozi.it\/de\/wp-json\/wp\/v2\/product_cat?post=124236"},{"taxonomy":"product_tag","embeddable":true,"href":"https:\/\/www.creaearredanegozi.it\/de\/wp-json\/wp\/v2\/product_tag?post=124236"}],"curies":[{"name":"wp","href":"https:\/\/api.w.org\/{rel}","templated":true}]}}