{"id":124897,"date":"2023-06-22T11:13:31","date_gmt":"2023-06-22T09:13:31","guid":{"rendered":"https:\/\/www.creaearredanegozi.it\/?post_type=product&#038;p=124897"},"modified":"2025-11-25T12:21:39","modified_gmt":"2025-11-25T11:21:39","slug":"elektronische-tischwaage-mit-selbstklebendem-beleg-und-abziehbarem-aufkleber-supreme-libra","status":"publish","type":"product","link":"https:\/\/www.creaearredanegozi.it\/de\/elektronische-tischwaage-mit-selbstklebendem-beleg-und-abziehbarem-aufkleber-supreme-libra\/","title":{"rendered":"Elektronische Tischwaage mit selbstklebendem Beleg und abziehbarem Aufkleber Suprema Libra"},"content":{"rendered":"<h2 style=\"text-align: center;\">Elektronische Tischwaage mit Klebebeleg<\/h2>\n<p>Libra ist die neue professionelle elektronische Waage von Suprema, robust und elegant, geeignet f\u00fcr Verkaufsstellen, an denen mehrere Stationen vernetzt werden sollen, aber auch f\u00fcr einzelne Verkaufsstellen.<br \/>\nLibra-Ethernet-Modelle k\u00f6nnen miteinander verbunden werden, um Netzwerke zu bilden, die in verschiedenen Abteilungen oder an verschiedenen Verkaufstheken im Gesch\u00e4ft arbeiten.<br \/>\nDurch die Master-Slave-Verbindung des Systems ist dies von einem einzigen Standort aus m\u00f6glich:<\/p>\n<ul>\n<li>Verwaltung des Produktarchivs<\/li>\n<li>Zusammenfassende Daten \u00fcber Verk\u00e4ufe erwerben,<\/li>\n<li>Aktualisierung der Stammdaten in Echtzeit auf allen Skalen \u00fcber das Verwaltungssystem des Kunden.<\/li>\n<\/ul>\n<p>Die mechanische Tastatur gew\u00e4hrleistet ein einfaches und pr\u00e4zises Tippen durch den Bediener. Dank der wasserdichten Membran ist sie leicht zu reinigen.<\/p>\n<p>Das hintergrundbeleuchtete, helle LCD-Display ist sowohl f\u00fcr den Bediener als auch f\u00fcr den Kunden gut sichtbar und leicht ablesbar.<\/p>\n<p>Die Libra-Waage verf\u00fcgt au\u00dferdem \u00fcber einen schnellen und zuverl\u00e4ssigen Drucker f\u00fcr Belege auf Klebe- oder normalem Thermopapier.<\/p>\n<p>Der Kunde kann von einem PC aus \u00fcber eine Ethernet-Verbindung mit der Waage kommunizieren.<\/p>\n<p>Libra ist vielseitig und multifunktional und kann je nach den spezifischen Anforderungen der Verkaufsstelle auf unterschiedliche Weise eingesetzt werden:<\/p>\n<ul>\n<li>Im Modus NUR GEWICHT ist die Waage nur zum Wiegen aktiviert und f\u00fcr die Preiseinstellung und den Druck gesperrt.<\/li>\n<li>Wenn Sie stattdessen den SCONTRINO-Modus aktivieren, werden alle Daten der W\u00e4geserie, die der Bediener f\u00fcr seinen Kunden durchf\u00fchrt, am Ende des Dienstes auf einem Beleg ausgedruckt.<\/li>\n<\/ul>\n<p>Bei der Waage Libra ist es auch m\u00f6glich, die W\u00e4gedaten im Etikettenformat auszudrucken (nur auf einer Endlosrolle Klebepapier), indem die Betriebsart LABEL aktiviert wird.<\/p>\n<p>Im CHECK-OUT-Modus schlie\u00dflich ist die Waage nur f\u00fcr das Wiegen aktiviert, um die Daten an ein ECR Ditron, Sarema, Sweda, Distribution Systems, Suprema, Vis elettronica (das f\u00fcr den Verkauf eines Artikels nach Gewicht die Ablesung mittels entsprechender, zuvor programmierter Funktionstasten vornimmt) oder an ein DITRONETWORK POS-System mit XPOS PC-Software zu senden.<\/p>\n<hr \/>\n<p style=\"text-align: center;\"><strong>Technik, Druck und Funktionalit\u00e4t<\/strong><\/p>\n<table id=\"Funzioni base\" style=\"width: 100%;\" border=\"1\">\n<tbody>\n<tr>\n<td style=\"width: 30%;\" align=\"right\" bgcolor=\"#DCDCDC\">SCOPE<\/td>\n<td style=\"width: 70%;\">Mehrbereich 12-30Kg<\/td>\n<\/tr>\n<tr>\n<td style=\"width: 25.3363%;\" align=\"right\" bgcolor=\"#DCDCDC\">DIVISION<\/td>\n<td style=\"width: 73.3184%;\">2-5g<\/td>\n<\/tr>\n<tr>\n<td style=\"width: 25.3363%;\" align=\"right\" bgcolor=\"#DCDCDC\">VISIERE<\/td>\n<td style=\"width: 73.3184%;\">Hintergrundbeleuchtetes alphanumerisches LCD-Display mit 4 Feldern f\u00fcr die Funktionen GEWICHT, TARA, PREIS und BETRAG. Alphanumerische Zeile mit 32 Zeichen f\u00fcr die Programmierung<\/td>\n<\/tr>\n<tr>\n<td style=\"width: 25.3363%;\" align=\"right\" bgcolor=\"#DCDCDC\">DRUCKER<\/td>\n<td style=\"width: 73.3184%;\">Drucker f\u00fcr selbstklebende oder normale Thermopapier-Quittungen. Hochaufl\u00f6sender Thermokopf: 2'' Druckbreite: max. 58mm<\/td>\n<\/tr>\n<tr>\n<td style=\"width: 25.3363%;\" align=\"right\" bgcolor=\"#DCDCDC\">KEYBOARD<\/td>\n<td style=\"width: 73.3184%;\">50 mechanische Tasten, darunter 6 Operatoren Wasserdichte und ergonomische Membran, mit direktem Abruf von Artikeln und Operatoren.<br \/>\nElektronischer Schl\u00fcssel<\/td>\n<\/tr>\n<tr>\n<td style=\"width: 25.3363%;\" align=\"right\" bgcolor=\"#DCDCDC\">BODY<\/td>\n<td style=\"width: 73.3184%;\">Stahl\/ABS<\/td>\n<\/tr>\n<tr>\n<td style=\"width: 25.3363%;\" align=\"right\" bgcolor=\"#DCDCDC\">VERBINDUNGEN<\/td>\n<td style=\"width: 73.3184%;\">1 serielle RS232-Schnittstelle f\u00fcr den Anschluss an den PC (Firmware-Update) und f\u00fcr den Anschluss an ECR (Abteilungsverkauf und Kassiermodus)<br \/>\n1 Ethernet-Anschluss f\u00fcr die Verbindung zwischen den Waagen und zum PC (Waagen-Setup)<\/td>\n<\/tr>\n<tr>\n<td style=\"width: 25.3363%;\" align=\"right\" bgcolor=\"#DCDCDC\">ABMESSUNGEN<\/td>\n<td style=\"width: 73.3184%;\">(H 589 x B 332 x T 514)<\/td>\n<\/tr>\n<tr>\n<td style=\"width: 25.3363%;\" align=\"right\" bgcolor=\"#DCDCDC\">OPTIONAL<\/td>\n<td style=\"width: 73.3184%;\">Beckenplatte - Tastaturbeschwerungssatz<\/td>\n<\/tr>\n<tr>\n<td style=\"width: 25.3363%;\" align=\"right\" bgcolor=\"#DCDCDC\">ZUBEH\u00d6R, DAS SEPARAT ERWORBEN WERDEN KANN<\/td>\n<td style=\"width: 73.3184%;\">Sch\u00fcsselteller mit quadratischem Unterteller<\/td>\n<\/tr>\n<tr>\n<td style=\"width: 25.3363%;\" align=\"right\" bgcolor=\"#DCDCDC\">TEMPERATURBEREICH<\/td>\n<td style=\"width: 73.3184%;\">-10\u00b0C\/+40\u00b0C<\/td>\n<\/tr>\n<tr>\n<td style=\"width: 25.3363%;\" align=\"right\" bgcolor=\"#DCDCDC\">SUPPLY<\/td>\n<td style=\"width: 73.3184%;\">110-230V AC mit externem 9Vdc-Adapter - 2,5A<br \/>\n12\/24V mit Zigarettenanz\u00fcnder-Adapter<\/td>\n<\/tr>\n<tr>\n<td style=\"width: 25.3363%;\" align=\"right\" bgcolor=\"#DCDCDC\">VERBRAUCH<\/td>\n<td style=\"width: 73.3184%;\">25VV<\/td>\n<\/tr>\n<\/tbody>\n<\/table>\n<hr \/>\n<p style=\"text-align: center;\"><strong>Funktionelle Merkmale<\/strong><\/p>\n<table id=\"Funzioni base\" style=\"width: 98.9994%;\" border=\"1\">\n<tbody>\n<tr>\n<td style=\"width: 30%;\" align=\"right\" bgcolor=\"#DCDCDC\">BEDIENER<\/td>\n<td style=\"width: 70%;\">6 zeitgen\u00f6ssische Akteure<\/td>\n<\/tr>\n<tr>\n<td style=\"width: 178.4px;\" align=\"right\" bgcolor=\"#DCDCDC\">PLU<\/td>\n<td style=\"width: 704.68px;\">Datenbank innerhalb der Speichergrenzen beliebig konfigurierbar 3000 programmierbare PLUs (max. Wert), davon 20 direkt abrufbar und 20 halbdirekt abrufbar<\/td>\n<\/tr>\n<tr>\n<td style=\"width: 178.4px;\" align=\"right\" bgcolor=\"#DCDCDC\">BETRIEBSMODUS<\/td>\n<td style=\"width: 704.68px;\">Quittung, Etiketten, Kasse, nur Gewicht.<\/td>\n<\/tr>\n<tr>\n<td style=\"width: 178.4px;\" align=\"right\" bgcolor=\"#DCDCDC\">ETIKETTENMODUS AUF ENDLOSROLLE<\/td>\n<td style=\"width: 704.68px;\">Manuell, automatisch, vorverpackt<\/td>\n<\/tr>\n<tr>\n<td style=\"width: 178.4px;\" align=\"right\" bgcolor=\"#DCDCDC\">TARA<\/td>\n<td style=\"width: 704.68px;\">Verwaltung von 20 voreingestellten Taren. Tara-Verwaltung pro Bediener (Verwendung von Backwaren)<\/td>\n<\/tr>\n<tr>\n<td style=\"width: 178.4px;\" align=\"right\" bgcolor=\"#DCDCDC\">ZUTATENLISTEN<\/td>\n<td style=\"width: 704.68px;\">400 Zutatenlisten mit 5 Zeilen - Maximal 5000 Zeilen ( = Anzahl der Listen x Anzahl der Zeilen pro Liste. Durch eine Neukonfiguration des Archivs kann ich z.B. 1000 Listen mit 5 Zeilen oder 178 Listen mit 28 Zeilen haben)<\/td>\n<\/tr>\n<tr>\n<td style=\"width: 178.4px;\" align=\"right\" bgcolor=\"#DCDCDC\">VERFOLGBARKEIT<\/td>\n<td style=\"width: 704.68px;\">99 Produktverfolgungslisten mit 5 Zeilen ( max. 99 Listen mit 5 Zeilen pro Liste )<\/td>\n<\/tr>\n<tr>\n<td style=\"width: 178.4px;\" align=\"right\" bgcolor=\"#DCDCDC\">ABTEILUNGEN<\/td>\n<td style=\"width: 704.68px;\">20 Abteilungen<\/td>\n<\/tr>\n<tr>\n<td style=\"width: 178.4px;\" align=\"right\" bgcolor=\"#DCDCDC\">PASSWORT<\/td>\n<td style=\"width: 704.68px;\">Programmierbares Passwort<\/td>\n<\/tr>\n<tr>\n<td style=\"width: 178.4px;\" align=\"right\" bgcolor=\"#DCDCDC\">WIR RISKIEREN EINE QUITTUNG<\/td>\n<td style=\"width: 704.68px;\">In der Umsetzung: Speichern und erneutes \u00d6ffnen der letzten Quittungen im Speicher<\/td>\n<\/tr>\n<tr>\n<td style=\"width: 178.4px;\" align=\"right\" bgcolor=\"#DCDCDC\">DISCOUNTS<\/td>\n<td style=\"width: 704.68px;\">Verwaltung von Stornierungen, Rabatten bei Gewichts- und Preisschwellen. Tastatur-Makros<\/td>\n<\/tr>\n<tr>\n<td style=\"width: 178.4px;\" align=\"right\" bgcolor=\"#DCDCDC\">GESAMTBETRAG<\/td>\n<td style=\"width: 704.68px;\">Bediener-Gesamtwerte, PLU-Gesamtwerte, Chargen-Gesamtwerte, Abteilungs-Gesamtwerte, MwSt.-Satz-Gesamtwerte<\/td>\n<\/tr>\n<tr>\n<td style=\"width: 178.4px;\" align=\"right\" bgcolor=\"#DCDCDC\">LOGOS UND STRICHCODES<\/td>\n<td style=\"width: 704.68px;\">Standarddruck 2 Logos (max. 5 Logos Verwaltung), EAN13 Barcodes, QR-CODE<\/td>\n<\/tr>\n<tr>\n<td style=\"width: 178.4px;\" align=\"right\" bgcolor=\"#DCDCDC\">AKTUALISIERUNG UND WARTUNG<\/td>\n<td style=\"width: 704.68px;\">Aktualisierung und Wartung der Scale Setup Software<\/td>\n<\/tr>\n<\/tbody>\n<\/table>\n<p><b><i><br \/>\nKostenlose Software f\u00fcr das Produkt verf\u00fcgbar<\/i><\/b><i>: Scale Setup f\u00fcr vereinfachte Programmierung und Datenverwaltung<\/i><\/p>","protected":false},"excerpt":{"rendered":"<p>Bilancia Elettronica da banco con scontrino adesivo Libra \u00e8 la nuova bilancia elettronica professionale Suprema, robusta ed elegante, indicata per quei punti vendita in cui si vuole collegare pi\u00f9 postazioni in rete ma anche per punti vendita singoli. I modelli Libra Ethernet possono essere interconnessi tra loro in modo da formare reti operanti in reparti [&#8230;]","protected":false},"featured_media":124899,"comment_status":"closed","ping_status":"closed","template":"","meta":{"_monsterinsights_skip_tracking":false,"_monsterinsights_sitenote_active":false,"_monsterinsights_sitenote_note":"","_monsterinsights_sitenote_category":0},"product_brand":[758],"product_cat":[130,23],"product_tag":[],"class_list":{"0":"post-124897","1":"product","2":"type-product","3":"status-publish","4":"has-post-thumbnail","6":"product_brand-suprema","7":"product_cat-bilance","8":"product_cat-bilance-bilici","10":"first","11":"outofstock","12":"taxable","13":"shipping-taxable","14":"purchasable","15":"product-type-simple"},"_links":{"self":[{"href":"https:\/\/www.creaearredanegozi.it\/de\/wp-json\/wp\/v2\/product\/124897","targetHints":{"allow":["GET"]}}],"collection":[{"href":"https:\/\/www.creaearredanegozi.it\/de\/wp-json\/wp\/v2\/product"}],"about":[{"href":"https:\/\/www.creaearredanegozi.it\/de\/wp-json\/wp\/v2\/types\/product"}],"replies":[{"embeddable":true,"href":"https:\/\/www.creaearredanegozi.it\/de\/wp-json\/wp\/v2\/comments?post=124897"}],"wp:featuredmedia":[{"embeddable":true,"href":"https:\/\/www.creaearredanegozi.it\/de\/wp-json\/wp\/v2\/media\/124899"}],"wp:attachment":[{"href":"https:\/\/www.creaearredanegozi.it\/de\/wp-json\/wp\/v2\/media?parent=124897"}],"wp:term":[{"taxonomy":"product_brand","embeddable":true,"href":"https:\/\/www.creaearredanegozi.it\/de\/wp-json\/wp\/v2\/product_brand?post=124897"},{"taxonomy":"product_cat","embeddable":true,"href":"https:\/\/www.creaearredanegozi.it\/de\/wp-json\/wp\/v2\/product_cat?post=124897"},{"taxonomy":"product_tag","embeddable":true,"href":"https:\/\/www.creaearredanegozi.it\/de\/wp-json\/wp\/v2\/product_tag?post=124897"}],"curies":[{"name":"wp","href":"https:\/\/api.w.org\/{rel}","templated":true}]}}