{"id":124936,"date":"2023-06-23T19:50:05","date_gmt":"2023-06-23T17:50:05","guid":{"rendered":"https:\/\/www.creaearredanegozi.it\/?post_type=product&#038;p=124936"},"modified":"2024-07-10T11:24:53","modified_gmt":"2024-07-10T09:24:53","slug":"profi-tischknetmaschine-fur-frische-nudeln-mit-10-liter-schussel","status":"publish","type":"product","link":"https:\/\/www.creaearredanegozi.it\/de\/profi-tischknetmaschine-fur-frische-nudeln-mit-10-liter-schussel\/","title":{"rendered":"Professionelle 10-Liter-Tischmaschine f\u00fcr frische Nudeln mit 10-Liter-Sch\u00fcssel"},"content":{"rendered":"<h2 style=\"text-align: center;\">Frischteigwaren-Knetmaschine mit Matrizen<\/h2>\n<p>Die Frischteigwarenmaschine MPF750 ist eine robuste und effiziente Maschine, die f\u00fcr die Bed\u00fcrfnisse kleiner bis mittelgro\u00dfer Restaurants entwickelt wurde, die frische Pasta auf ihrer Speisekarte haben. Sie ist leicht zu reinigen und kann mit einer breiten Palette von Matrizen mit einem Durchmesser von 70 mm ausgestattet werden, um verschiedene Formen herzustellen.<\/p>\n<ul>\n<li>Geeignet f\u00fcr die Bed\u00fcrfnisse eines mittelgro\u00dfen Restaurants.<\/li>\n<li>Praktisch, schnell und extrem einfach zu reinigen und zu desinfizieren.<\/li>\n<li>Konstruktion aus rostfreiem Stahl AISI 304.<\/li>\n<li>Leistungsstarker, bel\u00fcfteter Motor mit Untersetzungsgetriebe im \u00d6lbad.<\/li>\n<li>Leicht abnehmbare Knetschaufel.<\/li>\n<li>Deckel aus rostfreiem Stahl mit Verriegelung.<\/li>\n<li>Praktischer, abnehmbarer Trichter zum optimalen Ausgie\u00dfen des fl\u00fcssigen Teils.<\/li>\n<li>Schnecke, Ausguss und Zwinge aus Edelstahl.<\/li>\n<li>Eloxierte Aluminiumwanne.<\/li>\n<li>Breite Verf\u00fcgbarkeit von Bronzeformen.<\/li>\n<li>Nudelschneidemotor mit optionalem Variator.<\/li>\n<li>Bedienelemente aus rostfreiem Stahl IP 67.<\/li>\n<li>Zeitgesteuertes Zwangsbel\u00fcftungssystem auch bei ausgeschaltetem Motor.<\/li>\n<li class=\"mb-2\">Ziehdurchmesser: 70 mm.<\/li>\n<\/ul>\n<p><strong>Optionales Zubeh\u00f6r<\/strong><\/p>\n<ul>\n<li>Nudelschneidemotor mit Variator.<\/li>\n<li>Stift-Zeichenset.<\/li>\n<li>Zeichnung<\/li>\n<\/ul>\n<hr \/>\n<p><strong>Technische Daten<\/strong><\/p>\n<table class=\"table table-striped\" style=\"width: 100%; height: 336px;\">\n<tbody>\n<tr style=\"height: 21px;\">\n<td style=\"height: 21px;\">Modell<\/td>\n<td style=\"height: 21px;\" colspan=\"2\">MPF 750<\/td>\n<\/tr>\n<tr style=\"height: 21px;\">\n<td style=\"height: 21px;\">Strom<\/td>\n<td style=\"height: 21px;\" colspan=\"2\">Wattzahl 750\/HP 1<\/td>\n<\/tr>\n<tr style=\"height: 21px;\">\n<td style=\"height: 21px;\">Stromversorgung<\/td>\n<td style=\"height: 21px;\" colspan=\"2\">1ph (230V\/50hz)<\/td>\n<\/tr>\n<tr style=\"height: 21px;\">\n<td style=\"height: 21px;\">Tankinhalt<\/td>\n<td style=\"height: 21px;\" colspan=\"2\">lt 10<\/td>\n<\/tr>\n<tr style=\"height: 21px;\">\n<td style=\"height: 21px;\">Kapazit\u00e4t des Teigs<\/td>\n<td style=\"height: 21px;\" colspan=\"2\">kg 4<\/td>\n<\/tr>\n<tr style=\"height: 21px;\">\n<td style=\"height: 21px;\">Produktion\/h.<\/td>\n<td style=\"height: 21px;\" colspan=\"2\">kg\/h. 8<\/td>\n<\/tr>\n<tr style=\"height: 21px;\">\n<td style=\"height: 21px;\">\u00f8 stirbt<\/td>\n<td style=\"height: 21px;\" colspan=\"2\">\u00f8 mm 70<\/td>\n<\/tr>\n<tr style=\"height: 21px;\">\n<td style=\"text-align: center; height: 21px;\">A<\/td>\n<td style=\"text-align: center; height: 21px;\">226 mm<\/td>\n<td style=\"text-align: center; vertical-align: middle; height: 168px;\" rowspan=\"8\"><a href=\"https:\/\/www.creaearredanegozi.it\/wp-content\/uploads\/2015\/07\/ingombri_concerto5i.jpg\"><img decoding=\"async\" class=\"alignnone wp-image-11238 size-full\" src=\"https:\/\/www.creaearredanegozi.it\/wp-content\/uploads\/2015\/07\/ingombri_concerto5i.jpg\" alt=\"\" width=\"355\" height=\"200\" title=\"\" srcset=\"https:\/\/www.creaearredanegozi.it\/wp-content\/uploads\/2015\/07\/ingombri_concerto5i.jpg 355w, https:\/\/www.creaearredanegozi.it\/wp-content\/uploads\/2015\/07\/ingombri_concerto5i-64x36.jpg 64w, https:\/\/www.creaearredanegozi.it\/wp-content\/uploads\/2015\/07\/ingombri_concerto5i-200x113.jpg 200w\" sizes=\"(max-width: 355px) 100vw, 355px\" \/><\/a><\/td>\n<\/tr>\n<tr style=\"height: 21px;\">\n<td style=\"text-align: center; height: 21px;\">B<\/td>\n<td style=\"text-align: center; height: 21px;\">mm 476<\/td>\n<\/tr>\n<tr style=\"height: 21px;\">\n<td style=\"text-align: center; height: 21px;\">C<\/td>\n<td style=\"text-align: center; height: 21px;\">305 mm<\/td>\n<\/tr>\n<tr style=\"height: 21px;\">\n<td style=\"text-align: center; height: 21px;\">D<\/td>\n<td style=\"text-align: center; height: 21px;\">mm 665<\/td>\n<\/tr>\n<tr style=\"height: 21px;\">\n<td style=\"text-align: center; height: 21px;\">E<\/td>\n<td style=\"text-align: center; height: 21px;\">442 mm<\/td>\n<\/tr>\n<tr style=\"height: 21px;\">\n<td style=\"text-align: center; height: 21px;\">F<\/td>\n<td style=\"text-align: center; height: 21px;\">630 mm<\/td>\n<\/tr>\n<tr style=\"height: 21px;\">\n<td style=\"text-align: center; height: 21px;\">G<\/td>\n<td style=\"text-align: center; height: 21px;\">50 mm<\/td>\n<\/tr>\n<tr style=\"height: 21px;\">\n<td style=\"text-align: center; height: 21px;\">H<\/td>\n<td style=\"text-align: center; height: 21px;\">391 mm<\/td>\n<\/tr>\n<tr style=\"height: 21px;\">\n<td style=\"height: 21px;\">Nettogewicht<\/td>\n<td style=\"height: 21px;\" colspan=\"2\">kg 42<\/td>\n<\/tr>\n<\/tbody>\n<\/table>","protected":false},"excerpt":{"rendered":"<p>Impastatrice per pasta fresca con trafile La macchina per pasta fresca modello MPF750 \u00e8 una macchina robusta ed efficiente, pensata per le esigenze dei ristoranti medio-piccoli che annoverano la pasta fresca nel proprio menu. Facile da pulire, pu\u00f2 dotarsi di un\u2019ampia gamma di trafile, del diametro da 70 mm, per realizzare diversi formati. Adatta alle [&#8230;]","protected":false},"featured_media":128341,"comment_status":"closed","ping_status":"closed","template":"","meta":{"_monsterinsights_skip_tracking":false,"_monsterinsights_sitenote_active":false,"_monsterinsights_sitenote_note":"","_monsterinsights_sitenote_category":0},"product_brand":[],"product_cat":[301,17,169,655],"product_tag":[819],"class_list":{"0":"post-124936","1":"product","2":"type-product","3":"status-publish","4":"has-post-thumbnail","6":"product_cat-con-trafile","7":"product_cat-impastatrici","8":"product_cat-impastatrici-ristorazione","9":"product_cat-lavorazione","10":"product_tag-concerto-5","12":"first","13":"instock","14":"taxable","15":"shipping-taxable","16":"purchasable","17":"product-type-simple"},"_links":{"self":[{"href":"https:\/\/www.creaearredanegozi.it\/de\/wp-json\/wp\/v2\/product\/124936","targetHints":{"allow":["GET"]}}],"collection":[{"href":"https:\/\/www.creaearredanegozi.it\/de\/wp-json\/wp\/v2\/product"}],"about":[{"href":"https:\/\/www.creaearredanegozi.it\/de\/wp-json\/wp\/v2\/types\/product"}],"replies":[{"embeddable":true,"href":"https:\/\/www.creaearredanegozi.it\/de\/wp-json\/wp\/v2\/comments?post=124936"}],"wp:featuredmedia":[{"embeddable":true,"href":"https:\/\/www.creaearredanegozi.it\/de\/wp-json\/wp\/v2\/media\/128341"}],"wp:attachment":[{"href":"https:\/\/www.creaearredanegozi.it\/de\/wp-json\/wp\/v2\/media?parent=124936"}],"wp:term":[{"taxonomy":"product_brand","embeddable":true,"href":"https:\/\/www.creaearredanegozi.it\/de\/wp-json\/wp\/v2\/product_brand?post=124936"},{"taxonomy":"product_cat","embeddable":true,"href":"https:\/\/www.creaearredanegozi.it\/de\/wp-json\/wp\/v2\/product_cat?post=124936"},{"taxonomy":"product_tag","embeddable":true,"href":"https:\/\/www.creaearredanegozi.it\/de\/wp-json\/wp\/v2\/product_tag?post=124936"}],"curies":[{"name":"wp","href":"https:\/\/api.w.org\/{rel}","templated":true}]}}