{"id":124971,"date":"2023-06-27T13:22:34","date_gmt":"2023-06-27T11:22:34","guid":{"rendered":"https:\/\/www.creaearredanegozi.it\/?post_type=product&#038;p=124971"},"modified":"2023-07-11T12:46:55","modified_gmt":"2023-07-11T10:46:55","slug":"impastatrice-planetaria-10-litri-professionale-da-banco","status":"publish","type":"product","link":"https:\/\/www.creaearredanegozi.it\/de\/impastatrice-planetaria-10-litri-professionale-da-banco\/","title":{"rendered":"Professioneller 10-Liter-Tisch-Planetenmischer"},"content":{"rendered":"<p>La <strong>planetaria 10 litri<\/strong> wurde speziell f\u00fcr den Zweck des Homogenisierens, Emulgierens und Aufschlagens von Lebensmitteln wie Eiern, Mehl, Sahne und allem anderen, was nicht besonders hart oder konsistent ist, entwickelt und hergestellt:<\/p>\n<ul>\n<li>maximale Sicherheit bei Gebrauch, Reinigung und Wartung;<\/li>\n<li>Maximale Hygiene durch sorgf\u00e4ltige Auswahl der Materialien, die mit den Lebensmitteln in Ber\u00fchrung kommen, und durch die Beseitigung von Kanten an den Teilen der Maschine, die mit dem Produkt in Ber\u00fchrung kommen, um eine leichte und vollst\u00e4ndige Reinigung sowie eine einfache Demontage zu erreichen;<\/li>\n<li>maximaler Ertrag;<\/li>\n<li>Robustheit und Stabilit\u00e4t aller Komponenten;<\/li>\n<li>maximale Ruhe;<\/li>\n<li>gro\u00dfe Man\u00f6vrierf\u00e4higkeit.<\/li>\n<\/ul>\n<p>Der Planetenmischer besteht aus folgenden Materialien: Geh\u00e4use aus lackiertem Aluminium und Gusseisen, leicht abnehmbare Sch\u00fcssel aus rostfreiem Stahl, Arbeitsger\u00e4te aus rostfreiem Stahl und Aluminium, Schutzgitter aus verchromtem Stahl.<\/p>\n<ul>\n<li class=\"mb-2\">Solide lackierte Gussstruktur.<\/li>\n<li class=\"mb-2\">Schutz des Drahtbeckens.<\/li>\n<li class=\"mb-2\">Leicht abnehmbarer 304-Edelstahltank.<\/li>\n<li class=\"mb-2\">Sicherheitsvorrichtung beim \u00d6ffnen des Schutzes und Absenken des Tanks.<\/li>\n<li class=\"mb-2\">3 leicht austauschbare Zubeh\u00f6rteile f\u00fcr die Verarbeitung: Spatel und Haken aus Aluminiumguss, Schneebesen aus Aluminiumguss und Stahl.<\/li>\n<li class=\"mb-2\">Mechanisches 3-Gang-Getriebe.<\/li>\n<li class=\"mb-2\">Untersetzungssystem mit Stahlzahnr\u00e4dern.<\/li>\n<li class=\"mb-2\">Bel\u00fcfteter Motor.<\/li>\n<\/ul>\n<table class=\"table table-striped\" width=\"100%\">\n<tbody>\n<tr>\n<td width=\"50%\">Breite in mm<\/td>\n<td width=\"50%\">500<\/td>\n<\/tr>\n<tr>\n<td>Tiefe in mm<\/td>\n<td>440<\/td>\n<\/tr>\n<tr>\n<td>H\u00f6he in mm<\/td>\n<td>630<\/td>\n<\/tr>\n<tr>\n<td>Gewicht (kg)<\/td>\n<td>40<\/td>\n<\/tr>\n<tr>\n<td>Kapazit\u00e4t in Lt<\/td>\n<td>10<\/td>\n<\/tr>\n<tr>\n<td>Motorleistung in Watt<\/td>\n<td>450<\/td>\n<\/tr>\n<tr>\n<td>Drehzahl rpm<\/td>\n<td>108-195-355<\/td>\n<\/tr>\n<tr>\n<td>Frequenz Hz<\/td>\n<td>50<\/td>\n<\/tr>\n<tr>\n<td>Spannung Volts<\/td>\n<td>230<\/td>\n<\/tr>\n<\/tbody>\n<\/table>\n<p><a href=\"https:\/\/www.creaearredanegozi.it\/wp-content\/uploads\/2023\/06\/Planetaria10_ST.jpg\"><img decoding=\"async\" class=\"wp-image-124978 size-full aligncenter\" src=\"https:\/\/www.creaearredanegozi.it\/wp-content\/uploads\/2023\/06\/Planetaria10_ST.jpg\" alt=\"\" width=\"873\" height=\"300\" title=\"\" srcset=\"https:\/\/www.creaearredanegozi.it\/wp-content\/uploads\/2023\/06\/Planetaria10_ST.jpg 873w, https:\/\/www.creaearredanegozi.it\/wp-content\/uploads\/2023\/06\/Planetaria10_ST-516x177.jpg 516w, https:\/\/www.creaearredanegozi.it\/wp-content\/uploads\/2023\/06\/Planetaria10_ST-64x22.jpg 64w, https:\/\/www.creaearredanegozi.it\/wp-content\/uploads\/2023\/06\/Planetaria10_ST-800x275.jpg 800w, https:\/\/www.creaearredanegozi.it\/wp-content\/uploads\/2023\/06\/Planetaria10_ST-768x264.jpg 768w\" sizes=\"(max-width: 873px) 100vw, 873px\" \/><\/a><\/p>","protected":false},"excerpt":{"rendered":"<p>La planetaria 10 litri \u00e8 stata progettata e realizzata con il preciso scopo di omogeneizzare, emulsionare, montare prodotti alimentari tipo uova, farina, panna e comunque non particolarmente duri o consistenti, e garantire: massima sicurezza nell\u2019uso, pulizia e manutenzione; massima igiene, ottenuta grazie ad una minuziosa selezione dei materiali che vengono a contatto con gli alimenti, [&#8230;]","protected":false},"featured_media":124975,"comment_status":"closed","ping_status":"closed","template":"","meta":{"_monsterinsights_skip_tracking":false,"_monsterinsights_sitenote_active":false,"_monsterinsights_sitenote_note":"","_monsterinsights_sitenote_category":0},"product_brand":[],"product_cat":[300,17,169,710],"product_tag":[],"class_list":{"0":"post-124971","1":"product","2":"type-product","3":"status-publish","4":"has-post-thumbnail","6":"product_cat-planetarie","7":"product_cat-impastatrici","8":"product_cat-impastatrici-ristorazione","9":"product_cat-impastatrici-pasticcerie","11":"first","12":"instock","13":"taxable","14":"shipping-taxable","15":"purchasable","16":"product-type-simple"},"_links":{"self":[{"href":"https:\/\/www.creaearredanegozi.it\/de\/wp-json\/wp\/v2\/product\/124971","targetHints":{"allow":["GET"]}}],"collection":[{"href":"https:\/\/www.creaearredanegozi.it\/de\/wp-json\/wp\/v2\/product"}],"about":[{"href":"https:\/\/www.creaearredanegozi.it\/de\/wp-json\/wp\/v2\/types\/product"}],"replies":[{"embeddable":true,"href":"https:\/\/www.creaearredanegozi.it\/de\/wp-json\/wp\/v2\/comments?post=124971"}],"wp:featuredmedia":[{"embeddable":true,"href":"https:\/\/www.creaearredanegozi.it\/de\/wp-json\/wp\/v2\/media\/124975"}],"wp:attachment":[{"href":"https:\/\/www.creaearredanegozi.it\/de\/wp-json\/wp\/v2\/media?parent=124971"}],"wp:term":[{"taxonomy":"product_brand","embeddable":true,"href":"https:\/\/www.creaearredanegozi.it\/de\/wp-json\/wp\/v2\/product_brand?post=124971"},{"taxonomy":"product_cat","embeddable":true,"href":"https:\/\/www.creaearredanegozi.it\/de\/wp-json\/wp\/v2\/product_cat?post=124971"},{"taxonomy":"product_tag","embeddable":true,"href":"https:\/\/www.creaearredanegozi.it\/de\/wp-json\/wp\/v2\/product_tag?post=124971"}],"curies":[{"name":"wp","href":"https:\/\/api.w.org\/{rel}","templated":true}]}}