{"id":124985,"date":"2023-06-27T17:52:17","date_gmt":"2023-06-27T15:52:17","guid":{"rendered":"https:\/\/www.creaearredanegozi.it\/?post_type=product&#038;p=124985"},"modified":"2023-07-11T12:46:53","modified_gmt":"2023-07-11T10:46:53","slug":"professioneller-7-liter-planetenmischer-fur-den-tisch","status":"publish","type":"product","link":"https:\/\/www.creaearredanegozi.it\/de\/professioneller-7-liter-planetenmischer-fur-den-tisch\/","title":{"rendered":"Professioneller 7-Liter-Tisch-Planetenmischer"},"content":{"rendered":"<p>La <strong>7-Liter-Planetenmischer<\/strong> wurde speziell f\u00fcr den Zweck des Homogenisierens, Emulgierens und Aufschlagens von Lebensmitteln wie Eiern, Mehl, Sahne und allem anderen, was nicht besonders hart oder konsistent ist, entwickelt und hergestellt:<\/p>\n<ul>\n<li>maximale Sicherheit bei Gebrauch, Reinigung und Wartung;<\/li>\n<li>Maximale Hygiene durch sorgf\u00e4ltige Auswahl der Materialien, die mit den Lebensmitteln in Ber\u00fchrung kommen, und durch die Beseitigung von Kanten an den Teilen der Maschine, die mit dem Produkt in Ber\u00fchrung kommen, um eine leichte und vollst\u00e4ndige Reinigung sowie eine einfache Demontage zu erreichen;<\/li>\n<li>maximaler Ertrag;<\/li>\n<li>Robustheit und Stabilit\u00e4t aller Komponenten;<\/li>\n<li>maximale Ruhe;<\/li>\n<li>gro\u00dfe Man\u00f6vrierf\u00e4higkeit.<\/li>\n<\/ul>\n<p>Der Planetenmischer besteht aus folgenden Materialien: Geh\u00e4use aus lackiertem Aluminium, leicht abnehmbare Sch\u00fcssel aus Edelstahl, Werkzeuge aus Edelstahl und Aluminium, Schutzgitter aus Plexiglas<\/p>\n<ul>\n<li>Ganzmetall-Planetenmischer<\/li>\n<li>Anhebbarer Kopf f\u00fcr die Demontage der Sch\u00fcssel, den Werkzeugwechsel und die allgemeine Reinigung.<\/li>\n<li>7-Liter-Tank aus rostfreiem Stahl, zerlegbar.<\/li>\n<li>3 Werkzeuge aus Aluminium.<\/li>\n<li>Drehschalter f\u00fcr Geschwindigkeits\u00e4nderung<\/li>\n<li>Getriebe mit Fettschmierung.<\/li>\n<li>Mikroschalter am Kopflift.<\/li>\n<li>NVR-Ger\u00e4t.<\/li>\n<li>Die Maschine ist f\u00fcr mittelharten Teig (z.B. Brot) und ca. 1 kg Mehl geeignet; sie ist NICHT f\u00fcr sehr harten Teig (z.B. Taralli) geeignet.<\/li>\n<\/ul>\n<table class=\"table table-striped\" width=\"100%\">\n<tbody>\n<tr>\n<td width=\"50%\">Breite in mm<\/td>\n<td width=\"50%\">410<\/td>\n<\/tr>\n<tr>\n<td>Tiefe in mm<\/td>\n<td>240<\/td>\n<\/tr>\n<tr>\n<td>H\u00f6he in mm<\/td>\n<td>437<\/td>\n<\/tr>\n<tr>\n<td>Gewicht (kg)<\/td>\n<td>18<\/td>\n<\/tr>\n<tr>\n<td>Kapazit\u00e4t in Lt<\/td>\n<td>7<\/td>\n<\/tr>\n<tr>\n<td>Motorleistung in Watt<\/td>\n<td>280<\/td>\n<\/tr>\n<tr>\n<td>Drehzahl rpm<\/td>\n<td>75-&gt;660<\/td>\n<\/tr>\n<tr>\n<td>Frequenz Hz<\/td>\n<td>50<\/td>\n<\/tr>\n<tr>\n<td>Spannung Volts<\/td>\n<td>230<\/td>\n<\/tr>\n<\/tbody>\n<\/table>\n<p><a href=\"https:\/\/www.creaearredanegozi.it\/wp-content\/uploads\/2023\/06\/Planetaria7_ST.jpg\"><img decoding=\"async\" class=\"alignnone wp-image-124992 size-full\" src=\"https:\/\/www.creaearredanegozi.it\/wp-content\/uploads\/2023\/06\/Planetaria7_ST.jpg\" alt=\"\" width=\"100%\" height=\"auto\" title=\"\" srcset=\"https:\/\/www.creaearredanegozi.it\/wp-content\/uploads\/2023\/06\/Planetaria7_ST.jpg 1083w, https:\/\/www.creaearredanegozi.it\/wp-content\/uploads\/2023\/06\/Planetaria7_ST-516x143.jpg 516w, https:\/\/www.creaearredanegozi.it\/wp-content\/uploads\/2023\/06\/Planetaria7_ST-64x18.jpg 64w, https:\/\/www.creaearredanegozi.it\/wp-content\/uploads\/2023\/06\/Planetaria7_ST-800x222.jpg 800w, https:\/\/www.creaearredanegozi.it\/wp-content\/uploads\/2023\/06\/Planetaria7_ST-768x213.jpg 768w\" sizes=\"(max-width: 1083px) 100vw, 1083px\" \/><\/a><\/p>","protected":false},"excerpt":{"rendered":"<p>La planetaria 7 litri \u00e8 stata progettata e realizzata con il preciso scopo di omogeneizzare, emulsionare, montare prodotti alimentari tipo uova, farina, panna e comunque non particolarmente duri o consistenti, e garantire: massima sicurezza nell\u2019uso, pulizia e manutenzione; massima igiene, ottenuta grazie ad una minuziosa selezione dei materiali che vengono a contatto con gli alimenti, [&#8230;]","protected":false},"featured_media":124986,"comment_status":"closed","ping_status":"closed","template":"","meta":{"_monsterinsights_skip_tracking":false,"_monsterinsights_sitenote_active":false,"_monsterinsights_sitenote_note":"","_monsterinsights_sitenote_category":0},"product_brand":[],"product_cat":[300,17,169,710,708],"product_tag":[],"class_list":{"0":"post-124985","1":"product","2":"type-product","3":"status-publish","4":"has-post-thumbnail","6":"product_cat-planetarie","7":"product_cat-impastatrici","8":"product_cat-impastatrici-ristorazione","9":"product_cat-impastatrici-pasticcerie","10":"product_cat-pasticcerie","11":"product_shipping_class-38","12":"pa_marca-karel","14":"first","15":"instock","16":"taxable","17":"shipping-taxable","18":"purchasable","19":"product-type-simple"},"_links":{"self":[{"href":"https:\/\/www.creaearredanegozi.it\/de\/wp-json\/wp\/v2\/product\/124985","targetHints":{"allow":["GET"]}}],"collection":[{"href":"https:\/\/www.creaearredanegozi.it\/de\/wp-json\/wp\/v2\/product"}],"about":[{"href":"https:\/\/www.creaearredanegozi.it\/de\/wp-json\/wp\/v2\/types\/product"}],"replies":[{"embeddable":true,"href":"https:\/\/www.creaearredanegozi.it\/de\/wp-json\/wp\/v2\/comments?post=124985"}],"wp:featuredmedia":[{"embeddable":true,"href":"https:\/\/www.creaearredanegozi.it\/de\/wp-json\/wp\/v2\/media\/124986"}],"wp:attachment":[{"href":"https:\/\/www.creaearredanegozi.it\/de\/wp-json\/wp\/v2\/media?parent=124985"}],"wp:term":[{"taxonomy":"product_brand","embeddable":true,"href":"https:\/\/www.creaearredanegozi.it\/de\/wp-json\/wp\/v2\/product_brand?post=124985"},{"taxonomy":"product_cat","embeddable":true,"href":"https:\/\/www.creaearredanegozi.it\/de\/wp-json\/wp\/v2\/product_cat?post=124985"},{"taxonomy":"product_tag","embeddable":true,"href":"https:\/\/www.creaearredanegozi.it\/de\/wp-json\/wp\/v2\/product_tag?post=124985"}],"curies":[{"name":"wp","href":"https:\/\/api.w.org\/{rel}","templated":true}]}}