{"id":125026,"date":"2023-06-28T18:19:48","date_gmt":"2023-06-28T16:19:48","guid":{"rendered":"https:\/\/www.creaearredanegozi.it\/?post_type=product&#038;p=125026"},"modified":"2024-02-29T18:24:32","modified_gmt":"2024-02-29T17:24:32","slug":"kit-forno-elettrico-12-pizze-4-teglie-60x40-supporto-ruote","status":"publish","type":"product","link":"https:\/\/www.creaearredanegozi.it\/de\/kit-forno-elettrico-12-pizze-4-teglie-60x40-supporto-ruote\/","title":{"rendered":"Elektrobackofen Bausatz Pizzeria und Rotisserie12 Pizzen 4 Bleche 60\u00d740 mit St\u00e4nder und R\u00e4dern"},"content":{"rendered":"<h2>Forno elettrico per Pizzeria e Pasticceria a 2 camere per 12 pizze (6+6).<\/h2>\n<ul>\n<li>Versione acciaio inox (a richiesta frontale rustico).<\/li>\n<li>Camera di cottura in lamiera acciaio alluminata.<\/li>\n<li>Piano in refrattario.<\/li>\n<li>Sportello ad apertura controbilanciata con finestra in vetro temperato.<\/li>\n<li>Scarico vapori.<\/li>\n<li>Illuminazione interna protetta.<\/li>\n<li>Resistenze corazzate in acciaio inox.<\/li>\n<li>Camere indipendenti con regolazione termostatica della temperatura separata cielo\/piano.<\/li>\n<li>450\u00b0C DI TEMPERATURA MASSIMA DI COTTURA<\/li>\n<\/ul>\n<p>* THERMISCHE INSOLIERUNG GARANTIERT durch die Auswahl der besten Materialien auf dem Markt und \u00fcber 30 Jahre Erfahrung in der Entwicklung und Konstruktion von Hochtemperatur\u00f6fen.<\/p>\n<table class=\"table table-striped\" style=\"width: 100%;\">\n<tbody>\n<tr>\n<td style=\"width: 50%;\">N\u00b0 teglie 60&#215;40<\/td>\n<td style=\"width: 50%;\">4<\/td>\n<\/tr>\n<tr>\n<td style=\"width: 50%;\">Numero pizze (\u00d8 33)<\/td>\n<td style=\"width: 50%;\">12<\/td>\n<\/tr>\n<tr>\n<td style=\"width: 50%;\">Assorbimento massimo<\/td>\n<td style=\"width: 50%;\">13 Kw<\/td>\n<\/tr>\n<tr>\n<td style=\"width: 50%;\">Assorbimento medio<\/td>\n<td style=\"width: 50%;\">6,5 Kw<\/td>\n<\/tr>\n<tr>\n<td style=\"width: 50%;\">Stromversorgung<\/td>\n<td style=\"width: 50%;\">400V\/3F\/50-60Hz 20A<\/td>\n<\/tr>\n<tr>\n<td style=\"width: 50%;\">Dimensioni Esterne (LxPxH mm)*<\/td>\n<td style=\"width: 50%;\">1240 x 940 x 700<\/td>\n<\/tr>\n<tr>\n<td style=\"width: 50%;\">Dimensioni Camera (LxPxH mm)<\/td>\n<td style=\"width: 50%;\">990 x 660 x 150<\/td>\n<\/tr>\n<tr>\n<td style=\"width: 50%;\">Gewicht<\/td>\n<td style=\"width: 50%;\">170 kg<\/td>\n<\/tr>\n<\/tbody>\n<\/table>\n<p><em>*altezza escluso supporto (altezza totale con supporto e ruote: ~153 cm o ~170 cm)<\/em><\/p>\n<hr \/>\n<p><strong>Accessori Inclusi:<\/strong><\/p>\n<p>4-Rad-Bausatz<\/p>\n<p>Supporto (Incluso nell&#8217;offerta)<\/p>\n<table class=\"table table-striped\">\n<tbody>\n<tr>\n<td style=\"width: 50%;\" rowspan=\"2\"><a href=\"https:\/\/www.creaearredanegozi.it\/de\/shop\/ofen\/supporto-skd-italforni\/\" target=\"_blank\" rel=\"noopener noreferrer\"><img decoding=\"async\" class=\"alignnone wp-image-4097\" src=\"https:\/\/www.creaearredanegozi.it\/wp-content\/uploads\/2015\/07\/PIETEMENT_ITALFORNI_1324978793-300x298.jpg\" alt=\"PIETEMENT_ITALFORNI_1324978793\" width=\"219\" height=\"217\" title=\"\"><\/a><\/td>\n<td style=\"text-align: center;\">Specifiche Tecniche Supporto<\/td>\n<\/tr>\n<tr>\n<td style=\"width: 50%;\">Dimensioni: 125x90x70 o 86h cm<\/p>\n<p>(specificare in fase d&#8217;ordine l&#8217;altezza desiderata)<\/p>\n<p>Peso: Kg 23<\/td>\n<\/tr>\n<\/tbody>\n<\/table>\n<div style=\"width: 640px;\" class=\"wp-video\"><video class=\"wp-video-shortcode\" id=\"video-125026-1\" width=\"640\" height=\"360\" preload=\"metadata\" controls=\"controls\"><source type=\"video\/mp4\" src=\"https:\/\/www.creaearredanegozi.it\/wp-content\/uploads\/2023\/06\/Forno-per-Pizza-TKA1-I-R.mp4?_=1\" \/><a href=\"https:\/\/www.creaearredanegozi.it\/wp-content\/uploads\/2023\/06\/Forno-per-Pizza-TKA1-I-R.mp4\">https:\/\/www.creaearredanegozi.it\/wp-content\/uploads\/2023\/06\/Forno-per-Pizza-TKA1-I-R.mp4<\/a><\/video><\/div>","protected":false},"excerpt":{"rendered":"<p>Forno elettrico per Pizzeria e Pasticceria a 2 camere per 12 pizze (6+6). Versione acciaio inox (a richiesta frontale rustico). Camera di cottura in lamiera acciaio alluminata. Piano in refrattario. Sportello ad apertura controbilanciata con finestra in vetro temperato. Scarico vapori. Illuminazione interna protetta. Resistenze corazzate in acciaio inox. Camere indipendenti con regolazione termostatica della [&#8230;]","protected":false},"featured_media":125027,"comment_status":"closed","ping_status":"closed","template":"","meta":{"_monsterinsights_skip_tracking":false,"_monsterinsights_sitenote_active":false,"_monsterinsights_sitenote_note":"","_monsterinsights_sitenote_category":0},"product_brand":[734],"product_cat":[78,111,16],"product_tag":[],"class_list":{"0":"post-125026","1":"product","2":"type-product","3":"status-publish","4":"has-post-thumbnail","6":"product_brand-italforni","7":"product_cat-forni-elettrici","8":"product_cat-elettrici","9":"product_cat-forni","10":"pa_marca-italforni","12":"first","13":"instock","14":"taxable","15":"shipping-taxable","16":"purchasable","17":"product-type-simple"},"_links":{"self":[{"href":"https:\/\/www.creaearredanegozi.it\/de\/wp-json\/wp\/v2\/product\/125026","targetHints":{"allow":["GET"]}}],"collection":[{"href":"https:\/\/www.creaearredanegozi.it\/de\/wp-json\/wp\/v2\/product"}],"about":[{"href":"https:\/\/www.creaearredanegozi.it\/de\/wp-json\/wp\/v2\/types\/product"}],"replies":[{"embeddable":true,"href":"https:\/\/www.creaearredanegozi.it\/de\/wp-json\/wp\/v2\/comments?post=125026"}],"wp:featuredmedia":[{"embeddable":true,"href":"https:\/\/www.creaearredanegozi.it\/de\/wp-json\/wp\/v2\/media\/125027"}],"wp:attachment":[{"href":"https:\/\/www.creaearredanegozi.it\/de\/wp-json\/wp\/v2\/media?parent=125026"}],"wp:term":[{"taxonomy":"product_brand","embeddable":true,"href":"https:\/\/www.creaearredanegozi.it\/de\/wp-json\/wp\/v2\/product_brand?post=125026"},{"taxonomy":"product_cat","embeddable":true,"href":"https:\/\/www.creaearredanegozi.it\/de\/wp-json\/wp\/v2\/product_cat?post=125026"},{"taxonomy":"product_tag","embeddable":true,"href":"https:\/\/www.creaearredanegozi.it\/de\/wp-json\/wp\/v2\/product_tag?post=125026"}],"curies":[{"name":"wp","href":"https:\/\/api.w.org\/{rel}","templated":true}]}}