{"id":125140,"date":"2023-07-17T13:58:23","date_gmt":"2023-07-17T11:58:23","guid":{"rendered":"https:\/\/www.creaearredanegozi.it\/?post_type=product&#038;p=125140"},"modified":"2025-01-30T10:40:33","modified_gmt":"2025-01-30T09:40:33","slug":"tischknetmaschine-10-l-tuff-10","status":"publish","type":"product","link":"https:\/\/www.creaearredanegozi.it\/de\/tischknetmaschine-10-l-tuff-10\/","title":{"rendered":"TUFF 10-Liter-Tisch-Kolbenmischer"},"content":{"rendered":"<div>L'<strong>Knetmaschine mit Taucharmen 10 l<\/strong> ist ein professionelles Produkt f\u00fcr den moderaten Gebrauch. Der Beh\u00e4lter hat einen verst\u00e4rkten Rand aus AISI 304 Stahl und einen transparenten PET-Deckel mit einer \u00d6ffnung zum Einf\u00fcllen von Produkten w\u00e4hrend der Verarbeitung. Die Arme aus rostfreiem Stahl sind zur Reinigung abnehmbar und haben einen leicht abnehmbaren Stahlschutz mit Bajonettverschluss. Die Geschwindigkeit der Arme variiert zwischen 35 und 70 H\u00fcben pro Minute.<\/div>\n<div>Das Fassungsverm\u00f6gen des Beh\u00e4lters betr\u00e4gt 10 Liter, mit einer nutzbaren Kapazit\u00e4t von 6-7 kg. Die Abmessungen der Wanne sind 320 mm im Durchmesser und 165 mm in der H\u00f6he.<\/div>\n<div>\n<div>Der Tuff 10 Kolbenmixer hat eine Leistung von 750 Watt \/ 1 PS und eine Einphasen-Stromversorgung. Die Rotationsgeschwindigkeit der Sch\u00fcssel variiert von 6 bis 14 Umdrehungen pro Minute.<\/div>\n<\/div>\n<ul>\n<li>Konstruktion aus schwerem C40-Stahl<\/li>\n<li>Kratzfeste Epoxid-Pulverbeschichtung in Lebensmittelqualit\u00e4t<\/li>\n<li>Tank mit verst\u00e4rktem Rand aus AISI 304 Stahl<\/li>\n<li>Transparenter PET-Tankdeckel mit \u00d6ffnung zum Einf\u00fcllen des zu verarbeitenden Produkts<\/li>\n<li>Arme aus rostfreiem Stahl, die zur Reinigung leicht zerlegt werden k\u00f6nnen, mit Bajonettverschluss<\/li>\n<li>Armgeschwindigkeit von 35 bis 70 Schl\u00e4gen pro Minute<\/li>\n<\/ul>\n<hr \/>\n<div class=\"css-1dzvp9j\">\n<table width=\"100%\">\n<tbody>\n<tr>\n<td>Modell:<\/td>\n<td>TUFF 10<\/td>\n<\/tr>\n<tr>\n<td>Macht:<\/td>\n<td>Watt 750 \/ PS 1<\/td>\n<\/tr>\n<tr>\n<td>Stromversorgung:<\/td>\n<td>230V 1ph<\/td>\n<\/tr>\n<tr>\n<td>Die Wanne dreht sich:<\/td>\n<td>Umdrehungen pro Minute 6\u00f714<\/td>\n<\/tr>\n<tr>\n<td>Fassungsverm\u00f6gen des Tanks:<\/td>\n<td>\u00a0lt 10<\/td>\n<\/tr>\n<tr>\n<td>Nutzbares Tankvolumen:<\/td>\n<td>\u00a0kg 6 - 7<\/td>\n<\/tr>\n<tr>\n<td>Abmessungen des Tanks:<\/td>\n<td>mm \u00f8 320\u00d7165 h.<\/td>\n<\/tr>\n<tr>\n<td>A: mm 318<\/td>\n<td rowspan=\"6\"><img decoding=\"async\" class=\"alignnone size-full wp-image-125141 aligncenter\" src=\"https:\/\/www.creaearredanegozi.it\/wp-content\/uploads\/2023\/07\/ingombri_Tuffante10.jpeg\" alt=\"\" width=\"246\" height=\"200\" title=\"\" srcset=\"https:\/\/www.creaearredanegozi.it\/wp-content\/uploads\/2023\/07\/ingombri_Tuffante10.jpeg 246w, https:\/\/www.creaearredanegozi.it\/wp-content\/uploads\/2023\/07\/ingombri_Tuffante10-64x52.jpeg 64w\" sizes=\"(max-width: 246px) 100vw, 246px\" \/><\/td>\n<\/tr>\n<tr>\n<td>B: mm 456<\/td>\n<\/tr>\n<tr>\n<td>C: mm 379<\/td>\n<\/tr>\n<tr>\n<td>D: mm 582<\/td>\n<\/tr>\n<tr>\n<td>E: mm 658<\/td>\n<\/tr>\n<tr>\n<td>F: mm 933<\/td>\n<\/tr>\n<\/tbody>\n<\/table>\n<\/div>","protected":false},"excerpt":{"rendered":"<p>L&#8217;impastatrice a braccia tuffanti 10 lt \u00e8 un prodotto professionale per uso moderato. La vasca ha un bordo rinforzato in acciaio AISI 304 e un coperchio in PET trasparente con un foro per l&#8217;aggiunta di prodotti durante la lavorazione. Le braccia inox sono smontabili per la pulizia e hanno una protezione in acciaio facilmente smontabile, [&#8230;]","protected":false},"featured_media":125144,"comment_status":"closed","ping_status":"closed","template":"","meta":{"_monsterinsights_skip_tracking":false,"_monsterinsights_sitenote_active":false,"_monsterinsights_sitenote_note":"","_monsterinsights_sitenote_category":0},"product_brand":[],"product_cat":[299,17,710],"product_tag":[821],"class_list":{"0":"post-125140","1":"product","2":"type-product","3":"status-publish","4":"has-post-thumbnail","6":"product_cat-a-bracci-impastatrici","7":"product_cat-impastatrici","8":"product_cat-impastatrici-pasticcerie","9":"product_tag-impastatrice-a-braccia-tuffanti-10-kg","10":"pa_marca-karel","12":"first","13":"instock","14":"taxable","15":"shipping-taxable","16":"purchasable","17":"product-type-simple"},"_links":{"self":[{"href":"https:\/\/www.creaearredanegozi.it\/de\/wp-json\/wp\/v2\/product\/125140","targetHints":{"allow":["GET"]}}],"collection":[{"href":"https:\/\/www.creaearredanegozi.it\/de\/wp-json\/wp\/v2\/product"}],"about":[{"href":"https:\/\/www.creaearredanegozi.it\/de\/wp-json\/wp\/v2\/types\/product"}],"replies":[{"embeddable":true,"href":"https:\/\/www.creaearredanegozi.it\/de\/wp-json\/wp\/v2\/comments?post=125140"}],"wp:featuredmedia":[{"embeddable":true,"href":"https:\/\/www.creaearredanegozi.it\/de\/wp-json\/wp\/v2\/media\/125144"}],"wp:attachment":[{"href":"https:\/\/www.creaearredanegozi.it\/de\/wp-json\/wp\/v2\/media?parent=125140"}],"wp:term":[{"taxonomy":"product_brand","embeddable":true,"href":"https:\/\/www.creaearredanegozi.it\/de\/wp-json\/wp\/v2\/product_brand?post=125140"},{"taxonomy":"product_cat","embeddable":true,"href":"https:\/\/www.creaearredanegozi.it\/de\/wp-json\/wp\/v2\/product_cat?post=125140"},{"taxonomy":"product_tag","embeddable":true,"href":"https:\/\/www.creaearredanegozi.it\/de\/wp-json\/wp\/v2\/product_tag?post=125140"}],"curies":[{"name":"wp","href":"https:\/\/api.w.org\/{rel}","templated":true}]}}